{"id":4643,"date":"2019-06-02T19:05:00","date_gmt":"2019-06-02T17:05:00","guid":{"rendered":"https:\/\/abconcretedesign.com\/shop\/nem-kategorizalt\/terrazzo-szurke-beton-mandzsettagomb\/"},"modified":"2021-11-15T19:33:05","modified_gmt":"2021-11-15T18:33:05","slug":"beton-mandzsettagomb-elegans-szurke","status":"publish","type":"product","link":"https:\/\/abconcretedesign.com\/hu\/uzlet\/beton-ekszer\/ferfi\/beton-mandzsettagomb-elegans-szurke\/","title":{"rendered":"TERRAZZO Sz\u00fcrke Beton Mandzsettagomb"},"content":{"rendered":"<div class=\"row\"  id=\"row-1927965977\">\n\n\t<div id=\"col-577033375\" class=\"col small-12 large-12\"  >\n\t\t\t\t<div class=\"col-inner\"  >\n\t\t\t\n\t\t\t\n<h3>TERRAZZO Beton Design Mandzsettagombok<\/h3>\n<p>A terrazzo technik\u00e1val k\u00e9sz\u00fclt kieg\u00e9sz\u00edt\u0151k a beton sz\u00fcrke, sima fel\u00fclet\u00e9t teszik izgalmass\u00e1 az anyagba kevert vid\u00e1m v\u00f6r\u00f6s szemcs\u00e9kkel. A k\u00fcl\u00f6nb\u00f6z\u0151 mint\u00e1zatoknak \u00e9s csiszolt fel\u00fcleteknek k\u00f6sz\u00f6nhet\u0151en elt\u00e9r\u0151 karakter\u0171 darabok k\u00f6z\u00fcl v\u00e1laszthatnak a design \u00e9s a beton p\u00e1ros\u00edt\u00e1s\u00e1nak rajong\u00f3i \u2013 az \u00fajdons\u00e1gokra \u00e9s extr\u00e9m megold\u00e1sokra nyitott kreat\u00edv f\u00e9rfiak t\u00f6k\u00e9letes kieg\u00e9sz\u00edt\u0151je.<\/p>\n<div class=\"row\"  id=\"row-1873941787\">\n\n\t<div id=\"col-1258945355\" class=\"col medium-6 small-12 large-6\"  >\n\t\t\t\t<div class=\"col-inner\"  >\n\t\t\t\n\t\t\t\n<h3>Karton dobozban<\/h3>\n<p>Minden mandzsettagombunkat egyedi dobozban sz\u00e1ll\u00edtjuk, melyet Muray Eszter grafikusm\u0171v\u00e9sz minimalista munk\u00e1ja d\u00edsz\u00edt. A doboz pr\u00e9mium alapanyaga \u00e9s a mandzsettagombok fel\u00fclete finoman utalnak egym\u00e1sra.<\/p>\n<p>Az eleg\u00e1ns \u00e9s letisztult csomagol\u00e1snak k\u00f6sz\u00f6nhet\u0151en a kieg\u00e9sz\u00edt\u0151k nem csup\u00e1n biztons\u00e1gban meg\u00e9rkeznek, de aj\u00e1nd\u00e9kk\u00e9nt is t\u00f6k\u00e9letesek.<\/p>\n\t\t<\/div>\n\t\t\t\t\t<\/div>\n\n\t\n\n\t<div id=\"col-566976185\" class=\"col medium-6 small-12 large-6\"  >\n\t\t\t\t<div class=\"col-inner\"  >\n\t\t\t\n\t\t\t\n\t<div class=\"img has-hover x md-x lg-x y md-y lg-y\" id=\"image_1997073322\">\n\t\t\t\t\t\t\t\t<div class=\"img-inner dark\" >\n\t\t\t<img loading=\"lazy\" decoding=\"async\" width=\"1000\" height=\"800\" src=\"https:\/\/abconcretedesign.com\/wp-content\/uploads\/2019\/06\/DSC_8236-1000x800.jpg\" class=\"attachment-large size-large\" alt=\"\" srcset=\"https:\/\/abconcretedesign.com\/wp-content\/uploads\/2019\/06\/DSC_8236-1000x800.jpg 1000w, https:\/\/abconcretedesign.com\/wp-content\/uploads\/2019\/06\/DSC_8236-510x408.jpg 510w, https:\/\/abconcretedesign.com\/wp-content\/uploads\/2019\/06\/DSC_8236-500x400.jpg 500w, https:\/\/abconcretedesign.com\/wp-content\/uploads\/2019\/06\/DSC_8236-768x614.jpg 768w, https:\/\/abconcretedesign.com\/wp-content\/uploads\/2019\/06\/DSC_8236-420x336.jpg 420w, https:\/\/abconcretedesign.com\/wp-content\/uploads\/2019\/06\/DSC_8236-600x480.jpg 600w, https:\/\/abconcretedesign.com\/wp-content\/uploads\/2019\/06\/DSC_8236.jpg 1920w\" sizes=\"auto, (max-width: 1000px) 100vw, 1000px\" \/>\t\t\t\t\t\t\n\t\t\t\t\t<\/div>\n\t\t\t\t\t\t\t\t\n<style>\n#image_1997073322 {\n  width: 100%;\n}\n<\/style>\n\t<\/div>\n\t\n\t\t<\/div>\n\t\t\t\t\t<\/div>\n\n\t\n<\/div>\n\t\t<\/div>\n\t\t\t\t\t<\/div>\n\n\t\n<\/div>\n<h3>A tervez\u0151 gondolatai<\/h3>\n<p>\u201cA mandzsettagombokhoz k\u00e9sz\u00edtett anyagk\u00eds\u00e9rletek sor\u00e1n kezdtem el megismerkedni a terrazzo technik\u00e1val, ami tervez\u0151k\u00e9nt nagyon meghat\u00e1roz\u00f3 \u00e9lm\u00e9ny volt. R\u00f6gt\u00f6n mag\u00e1val ragadott a minden esetben egyszeri \u00e9s megism\u00e9telhetetlen mint\u00e1zat. Metszetet l\u00e1tunk egy olyan anyagb\u00f3l, aminek sz\u00e1mtalan egyedi alkot\u00f3eleme van, ehhez t\u00e1rsulnak az apr\u00f3 m\u0171anyag szemcs\u00e9k. A sz\u00fcrke alapsz\u00ednen v\u00e9letlenszer\u0171en felbukkan\u00f3 piros szemcs\u00e9k teszik igaz\u00e1n egyediv\u00e9 a csiszolt s\u00edkokat. A mandzsettagombok a legnagyobb precizit\u00e1st ig\u00e9nyl\u0151 term\u00e9keink, ez az oka annak, hogy minden egyes darabot saj\u00e1t kez\u0171leg \u00f6nt\u00f6k \u00e9s csiszolok.\u201d<\/p>\n<p><i>Boldog Anita, tervez\u0151, a m\u00e1rka alap\u00edt\u00f3ja<\/i><\/p>\n\t<div class=\"img has-hover x md-x lg-x y md-y lg-y\" id=\"image_1017885695\">\n\t\t<a class=\"image-lightbox lightbox-gallery\" title=\"\" href=\"https:\/\/abconcretedesign.com\/wp-content\/uploads\/2019\/06\/DSC_8242-1-1400x682.jpg\">\t\t\t\t\t\t<div class=\"img-inner dark\" >\n\t\t\t<img loading=\"lazy\" decoding=\"async\" width=\"1600\" height=\"780\" src=\"https:\/\/abconcretedesign.com\/wp-content\/uploads\/2019\/06\/DSC_8242-1.jpg\" class=\"attachment-original size-original\" alt=\"\" srcset=\"https:\/\/abconcretedesign.com\/wp-content\/uploads\/2019\/06\/DSC_8242-1.jpg 1600w, https:\/\/abconcretedesign.com\/wp-content\/uploads\/2019\/06\/DSC_8242-1-510x249.jpg 510w, https:\/\/abconcretedesign.com\/wp-content\/uploads\/2019\/06\/DSC_8242-1-800x390.jpg 800w, https:\/\/abconcretedesign.com\/wp-content\/uploads\/2019\/06\/DSC_8242-1-768x374.jpg 768w, https:\/\/abconcretedesign.com\/wp-content\/uploads\/2019\/06\/DSC_8242-1-1400x682.jpg 1400w, https:\/\/abconcretedesign.com\/wp-content\/uploads\/2019\/06\/DSC_8242-1-600x292.jpg 600w\" sizes=\"auto, (max-width: 1600px) 100vw, 1600px\" \/>\t\t\t\t\t\t\n\t\t\t\t\t<\/div>\n\t\t\t\t\t\t<\/a>\t\t\n<style>\n#image_1017885695 {\n  width: 100%;\n}\n<\/style>\n\t<\/div>\n\t\n","protected":false},"excerpt":{"rendered":"<p>Kieg\u00e9sz\u00edt\u0151 f\u00e9rfiaknak, hogy a fontos alkalmak m\u00e9g k\u00fcl\u00f6nlegesebbek legyenek.<\/p>\n","protected":false},"featured_media":5084,"comment_status":"open","ping_status":"closed","template":"","meta":{"footnotes":""},"product_brand":[],"product_cat":[160,235,364],"product_tag":[254,246,313,312,248],"class_list":{"0":"post-4643","1":"product","2":"type-product","3":"status-publish","4":"has-post-thumbnail","6":"product_cat-beton-ekszer","7":"product_cat-ferfi","8":"product_cat-terrazzo-hu","9":"product_tag-giftbox-hu","10":"product_tag-jewel-hu","11":"product_tag-ferfiaknak","12":"product_tag-mandzsettagombok","13":"product_tag-terrazzo-hu","15":"first","16":"outofstock","17":"taxable","18":"shipping-taxable","19":"purchasable","20":"product-type-variable"},"yoast_head":"<!-- This site is optimized with the Yoast SEO Premium plugin v26.2 (Yoast SEO v27.4) - https:\/\/yoast.com\/product\/yoast-seo-premium-wordpress\/ -->\n<title>TERRAZZO Sz\u00fcrke Beton Mandzsettagomb &#187; AB Concrete Design<\/title>\n<meta name=\"description\" content=\"A TERRAZZO beton mandzsettagombokat az anyagba kevert piros r\u00e9szek v\u00e9letlenszer\u0171 elhelyezked\u00e9se teszi igaz\u00e1n egyedi \u00e9s st\u00edlusos kieg\u00e9sz\u00edt\u0151v\u00e9.\" \/>\n<meta name=\"robots\" content=\"index, follow, max-snippet:-1, max-image-preview:large, max-video-preview:-1\" \/>\n<link rel=\"canonical\" href=\"https:\/\/abconcretedesign.com\/hu\/uzlet\/beton-ekszer\/ferfi\/beton-mandzsettagomb-elegans-szurke\/\" \/>\n<meta property=\"og:locale\" content=\"hu_HU\" \/>\n<meta property=\"og:type\" content=\"article\" \/>\n<meta property=\"og:title\" content=\"TERRAZZO Sz\u00fcrke Beton Mandzsettagomb\" \/>\n<meta property=\"og:description\" content=\"Kieg\u00e9sz\u00edt\u0151 f\u00e9rfiaknak, hogy a fontos alkalmak m\u00e9g k\u00fcl\u00f6nlegesebbek legyenek.\" \/>\n<meta property=\"og:url\" content=\"https:\/\/abconcretedesign.com\/hu\/uzlet\/beton-ekszer\/ferfi\/beton-mandzsettagomb-elegans-szurke\/\" \/>\n<meta property=\"og:site_name\" content=\"AB Concrete Design\" \/>\n<meta property=\"article:modified_time\" content=\"2021-11-15T18:33:05+00:00\" \/>\n<meta property=\"og:image\" content=\"https:\/\/abconcretedesign.com\/wp-content\/uploads\/2019\/06\/concrete-cufflink-gray-terrazzo-envelope-detailed.jpg\" \/>\n\t<meta property=\"og:image:width\" content=\"1344\" \/>\n\t<meta property=\"og:image:height\" content=\"912\" \/>\n\t<meta property=\"og:image:type\" content=\"image\/jpeg\" \/>\n<meta name=\"twitter:card\" content=\"summary_large_image\" \/>\n<script type=\"application\/ld+json\" class=\"yoast-schema-graph\">{\"@context\":\"https:\\\/\\\/schema.org\",\"@graph\":[{\"@type\":\"WebPage\",\"@id\":\"https:\\\/\\\/abconcretedesign.com\\\/hu\\\/uzlet\\\/beton-ekszer\\\/ferfi\\\/beton-mandzsettagomb-elegans-szurke\\\/\",\"url\":\"https:\\\/\\\/abconcretedesign.com\\\/hu\\\/uzlet\\\/beton-ekszer\\\/ferfi\\\/beton-mandzsettagomb-elegans-szurke\\\/\",\"name\":\"TERRAZZO Sz\u00fcrke Beton Mandzsettagomb &#187; AB Concrete Design\",\"isPartOf\":{\"@id\":\"https:\\\/\\\/abconcretedesign.com\\\/hu\\\/#website\"},\"primaryImageOfPage\":{\"@id\":\"https:\\\/\\\/abconcretedesign.com\\\/hu\\\/uzlet\\\/beton-ekszer\\\/ferfi\\\/beton-mandzsettagomb-elegans-szurke\\\/#primaryimage\"},\"image\":{\"@id\":\"https:\\\/\\\/abconcretedesign.com\\\/hu\\\/uzlet\\\/beton-ekszer\\\/ferfi\\\/beton-mandzsettagomb-elegans-szurke\\\/#primaryimage\"},\"thumbnailUrl\":\"https:\\\/\\\/abconcretedesign.com\\\/wp-content\\\/uploads\\\/2019\\\/06\\\/concrete-cufflink-gray-terrazzo-envelope-detailed.jpg\",\"datePublished\":\"2019-06-02T17:05:00+00:00\",\"dateModified\":\"2021-11-15T18:33:05+00:00\",\"description\":\"A TERRAZZO beton mandzsettagombokat az anyagba kevert piros r\u00e9szek v\u00e9letlenszer\u0171 elhelyezked\u00e9se teszi igaz\u00e1n egyedi \u00e9s st\u00edlusos kieg\u00e9sz\u00edt\u0151v\u00e9.\",\"breadcrumb\":{\"@id\":\"https:\\\/\\\/abconcretedesign.com\\\/hu\\\/uzlet\\\/beton-ekszer\\\/ferfi\\\/beton-mandzsettagomb-elegans-szurke\\\/#breadcrumb\"},\"inLanguage\":\"hu\",\"potentialAction\":[{\"@type\":\"ReadAction\",\"target\":[\"https:\\\/\\\/abconcretedesign.com\\\/hu\\\/uzlet\\\/beton-ekszer\\\/ferfi\\\/beton-mandzsettagomb-elegans-szurke\\\/\"]}]},{\"@type\":\"ImageObject\",\"inLanguage\":\"hu\",\"@id\":\"https:\\\/\\\/abconcretedesign.com\\\/hu\\\/uzlet\\\/beton-ekszer\\\/ferfi\\\/beton-mandzsettagomb-elegans-szurke\\\/#primaryimage\",\"url\":\"https:\\\/\\\/abconcretedesign.com\\\/wp-content\\\/uploads\\\/2019\\\/06\\\/concrete-cufflink-gray-terrazzo-envelope-detailed.jpg\",\"contentUrl\":\"https:\\\/\\\/abconcretedesign.com\\\/wp-content\\\/uploads\\\/2019\\\/06\\\/concrete-cufflink-gray-terrazzo-envelope-detailed.jpg\",\"width\":1344,\"height\":912,\"caption\":\"TERRAZZO Beton Mandzsettagomb Envelope szurke piros\"},{\"@type\":\"BreadcrumbList\",\"@id\":\"https:\\\/\\\/abconcretedesign.com\\\/hu\\\/uzlet\\\/beton-ekszer\\\/ferfi\\\/beton-mandzsettagomb-elegans-szurke\\\/#breadcrumb\",\"itemListElement\":[{\"@type\":\"ListItem\",\"position\":1,\"name\":\"F\u0151oldal\",\"item\":\"https:\\\/\\\/abconcretedesign.com\\\/hu\\\/\"},{\"@type\":\"ListItem\",\"position\":2,\"name\":\"Shop\",\"item\":\"https:\\\/\\\/abconcretedesign.com\\\/hu\\\/uzlet\\\/\"},{\"@type\":\"ListItem\",\"position\":3,\"name\":\"TERRAZZO Sz\u00fcrke Beton Mandzsettagomb\"}]},{\"@type\":\"WebSite\",\"@id\":\"https:\\\/\\\/abconcretedesign.com\\\/hu\\\/#website\",\"url\":\"https:\\\/\\\/abconcretedesign.com\\\/hu\\\/\",\"name\":\"AB Concrete Design and Business Gifts\",\"description\":\"Beton Design T\u00e1rgyak, \u00c9kszer \u00e9s \u00dczleti Aj\u00e1nd\u00e9k, Beton Tr\u00f3fe\u00e1k\",\"publisher\":{\"@id\":\"https:\\\/\\\/abconcretedesign.com\\\/hu\\\/#organization\"},\"potentialAction\":[{\"@type\":\"SearchAction\",\"target\":{\"@type\":\"EntryPoint\",\"urlTemplate\":\"https:\\\/\\\/abconcretedesign.com\\\/hu\\\/?s={search_term_string}\"},\"query-input\":{\"@type\":\"PropertyValueSpecification\",\"valueRequired\":true,\"valueName\":\"search_term_string\"}}],\"inLanguage\":\"hu\"},{\"@type\":\"Organization\",\"@id\":\"https:\\\/\\\/abconcretedesign.com\\\/hu\\\/#organization\",\"name\":\"AB Concrete Design\",\"url\":\"https:\\\/\\\/abconcretedesign.com\\\/hu\\\/\",\"logo\":{\"@type\":\"ImageObject\",\"inLanguage\":\"hu\",\"@id\":\"https:\\\/\\\/abconcretedesign.com\\\/hu\\\/#\\\/schema\\\/logo\\\/image\\\/\",\"url\":\"https:\\\/\\\/abconcretedesign.com\\\/wp-content\\\/uploads\\\/2019\\\/04\\\/ab-concrete-design-logo.jpg\",\"contentUrl\":\"https:\\\/\\\/abconcretedesign.com\\\/wp-content\\\/uploads\\\/2019\\\/04\\\/ab-concrete-design-logo.jpg\",\"width\":351,\"height\":89,\"caption\":\"AB Concrete Design\"},\"image\":{\"@id\":\"https:\\\/\\\/abconcretedesign.com\\\/hu\\\/#\\\/schema\\\/logo\\\/image\\\/\"}}]}<\/script>\n<!-- \/ Yoast SEO Premium plugin. -->","yoast_head_json":{"title":"TERRAZZO Sz\u00fcrke Beton Mandzsettagomb &#187; AB Concrete Design","description":"A TERRAZZO beton mandzsettagombokat az anyagba kevert piros r\u00e9szek v\u00e9letlenszer\u0171 elhelyezked\u00e9se teszi igaz\u00e1n egyedi \u00e9s st\u00edlusos kieg\u00e9sz\u00edt\u0151v\u00e9.","robots":{"index":"index","follow":"follow","max-snippet":"max-snippet:-1","max-image-preview":"max-image-preview:large","max-video-preview":"max-video-preview:-1"},"canonical":"https:\/\/abconcretedesign.com\/hu\/uzlet\/beton-ekszer\/ferfi\/beton-mandzsettagomb-elegans-szurke\/","og_locale":"hu_HU","og_type":"article","og_title":"TERRAZZO Sz\u00fcrke Beton Mandzsettagomb","og_description":"Kieg\u00e9sz\u00edt\u0151 f\u00e9rfiaknak, hogy a fontos alkalmak m\u00e9g k\u00fcl\u00f6nlegesebbek legyenek.","og_url":"https:\/\/abconcretedesign.com\/hu\/uzlet\/beton-ekszer\/ferfi\/beton-mandzsettagomb-elegans-szurke\/","og_site_name":"AB Concrete Design","article_modified_time":"2021-11-15T18:33:05+00:00","og_image":[{"width":1344,"height":912,"url":"https:\/\/abconcretedesign.com\/wp-content\/uploads\/2019\/06\/concrete-cufflink-gray-terrazzo-envelope-detailed.jpg","type":"image\/jpeg"}],"twitter_card":"summary_large_image","schema":{"@context":"https:\/\/schema.org","@graph":[{"@type":"WebPage","@id":"https:\/\/abconcretedesign.com\/hu\/uzlet\/beton-ekszer\/ferfi\/beton-mandzsettagomb-elegans-szurke\/","url":"https:\/\/abconcretedesign.com\/hu\/uzlet\/beton-ekszer\/ferfi\/beton-mandzsettagomb-elegans-szurke\/","name":"TERRAZZO Sz\u00fcrke Beton Mandzsettagomb &#187; AB Concrete Design","isPartOf":{"@id":"https:\/\/abconcretedesign.com\/hu\/#website"},"primaryImageOfPage":{"@id":"https:\/\/abconcretedesign.com\/hu\/uzlet\/beton-ekszer\/ferfi\/beton-mandzsettagomb-elegans-szurke\/#primaryimage"},"image":{"@id":"https:\/\/abconcretedesign.com\/hu\/uzlet\/beton-ekszer\/ferfi\/beton-mandzsettagomb-elegans-szurke\/#primaryimage"},"thumbnailUrl":"https:\/\/abconcretedesign.com\/wp-content\/uploads\/2019\/06\/concrete-cufflink-gray-terrazzo-envelope-detailed.jpg","datePublished":"2019-06-02T17:05:00+00:00","dateModified":"2021-11-15T18:33:05+00:00","description":"A TERRAZZO beton mandzsettagombokat az anyagba kevert piros r\u00e9szek v\u00e9letlenszer\u0171 elhelyezked\u00e9se teszi igaz\u00e1n egyedi \u00e9s st\u00edlusos kieg\u00e9sz\u00edt\u0151v\u00e9.","breadcrumb":{"@id":"https:\/\/abconcretedesign.com\/hu\/uzlet\/beton-ekszer\/ferfi\/beton-mandzsettagomb-elegans-szurke\/#breadcrumb"},"inLanguage":"hu","potentialAction":[{"@type":"ReadAction","target":["https:\/\/abconcretedesign.com\/hu\/uzlet\/beton-ekszer\/ferfi\/beton-mandzsettagomb-elegans-szurke\/"]}]},{"@type":"ImageObject","inLanguage":"hu","@id":"https:\/\/abconcretedesign.com\/hu\/uzlet\/beton-ekszer\/ferfi\/beton-mandzsettagomb-elegans-szurke\/#primaryimage","url":"https:\/\/abconcretedesign.com\/wp-content\/uploads\/2019\/06\/concrete-cufflink-gray-terrazzo-envelope-detailed.jpg","contentUrl":"https:\/\/abconcretedesign.com\/wp-content\/uploads\/2019\/06\/concrete-cufflink-gray-terrazzo-envelope-detailed.jpg","width":1344,"height":912,"caption":"TERRAZZO Beton Mandzsettagomb Envelope szurke piros"},{"@type":"BreadcrumbList","@id":"https:\/\/abconcretedesign.com\/hu\/uzlet\/beton-ekszer\/ferfi\/beton-mandzsettagomb-elegans-szurke\/#breadcrumb","itemListElement":[{"@type":"ListItem","position":1,"name":"F\u0151oldal","item":"https:\/\/abconcretedesign.com\/hu\/"},{"@type":"ListItem","position":2,"name":"Shop","item":"https:\/\/abconcretedesign.com\/hu\/uzlet\/"},{"@type":"ListItem","position":3,"name":"TERRAZZO Sz\u00fcrke Beton Mandzsettagomb"}]},{"@type":"WebSite","@id":"https:\/\/abconcretedesign.com\/hu\/#website","url":"https:\/\/abconcretedesign.com\/hu\/","name":"AB Concrete Design and Business Gifts","description":"Beton Design T\u00e1rgyak, \u00c9kszer \u00e9s \u00dczleti Aj\u00e1nd\u00e9k, Beton Tr\u00f3fe\u00e1k","publisher":{"@id":"https:\/\/abconcretedesign.com\/hu\/#organization"},"potentialAction":[{"@type":"SearchAction","target":{"@type":"EntryPoint","urlTemplate":"https:\/\/abconcretedesign.com\/hu\/?s={search_term_string}"},"query-input":{"@type":"PropertyValueSpecification","valueRequired":true,"valueName":"search_term_string"}}],"inLanguage":"hu"},{"@type":"Organization","@id":"https:\/\/abconcretedesign.com\/hu\/#organization","name":"AB Concrete Design","url":"https:\/\/abconcretedesign.com\/hu\/","logo":{"@type":"ImageObject","inLanguage":"hu","@id":"https:\/\/abconcretedesign.com\/hu\/#\/schema\/logo\/image\/","url":"https:\/\/abconcretedesign.com\/wp-content\/uploads\/2019\/04\/ab-concrete-design-logo.jpg","contentUrl":"https:\/\/abconcretedesign.com\/wp-content\/uploads\/2019\/04\/ab-concrete-design-logo.jpg","width":351,"height":89,"caption":"AB Concrete Design"},"image":{"@id":"https:\/\/abconcretedesign.com\/hu\/#\/schema\/logo\/image\/"}}]}},"_links":{"self":[{"href":"https:\/\/abconcretedesign.com\/hu\/wp-json\/wp\/v2\/product\/4643","targetHints":{"allow":["GET"]}}],"collection":[{"href":"https:\/\/abconcretedesign.com\/hu\/wp-json\/wp\/v2\/product"}],"about":[{"href":"https:\/\/abconcretedesign.com\/hu\/wp-json\/wp\/v2\/types\/product"}],"replies":[{"embeddable":true,"href":"https:\/\/abconcretedesign.com\/hu\/wp-json\/wp\/v2\/comments?post=4643"}],"version-history":[{"count":0,"href":"https:\/\/abconcretedesign.com\/hu\/wp-json\/wp\/v2\/product\/4643\/revisions"}],"wp:featuredmedia":[{"embeddable":true,"href":"https:\/\/abconcretedesign.com\/hu\/wp-json\/wp\/v2\/media\/5084"}],"wp:attachment":[{"href":"https:\/\/abconcretedesign.com\/hu\/wp-json\/wp\/v2\/media?parent=4643"}],"wp:term":[{"taxonomy":"product_brand","embeddable":true,"href":"https:\/\/abconcretedesign.com\/hu\/wp-json\/wp\/v2\/product_brand?post=4643"},{"taxonomy":"product_cat","embeddable":true,"href":"https:\/\/abconcretedesign.com\/hu\/wp-json\/wp\/v2\/product_cat?post=4643"},{"taxonomy":"product_tag","embeddable":true,"href":"https:\/\/abconcretedesign.com\/hu\/wp-json\/wp\/v2\/product_tag?post=4643"}],"curies":[{"name":"wp","href":"https:\/\/api.w.org\/{rel}","templated":true}]}}