{"id":4639,"date":"2019-06-02T19:07:48","date_gmt":"2019-06-02T17:07:48","guid":{"rendered":"https:\/\/abconcretedesign.com\/shop\/nem-kategorizalt\/terrazzo-sotet-beton-mandzsettagomb\/"},"modified":"2021-05-25T18:36:12","modified_gmt":"2021-05-25T16:36:12","slug":"designer-mandzsettagomb-terrazzo-sotet","status":"publish","type":"product","link":"https:\/\/abconcretedesign.com\/hu\/uzlet\/beton-ekszer\/ferfi\/designer-mandzsettagomb-terrazzo-sotet\/","title":{"rendered":"TERRAZZO S\u00f6t\u00e9t Beton Mandzsettagomb"},"content":{"rendered":"<div class=\"row\"  id=\"row-1830939865\">\n\n\t<div id=\"col-1301124965\" class=\"col small-12 large-12\"  >\n\t\t\t\t<div class=\"col-inner\"  >\n\t\t\t\n\t\t\t\n<h3>TERRAZZO Concrete Cufflinks Design Principles<\/h3>\n<p>The TERRAZZO concrete cufflinks make the dark, smooth concrete surface vibrant by mixing yellow particles into the material. The different patterns and polished surfaces provide fans of design and concrete different possibilities \u2013 they are the perfect finish to creative man\u2019s outfit who is open to novelties and extreme solutions.<\/p>\n\t\t<\/div>\n\t\t\t\t\t<\/div>\n\n\t\n<\/div>\n<div class=\"row\"  id=\"row-1601200869\">\n\n\t<div id=\"col-1649217403\" class=\"col medium-6 small-12 large-6\"  >\n\t\t\t\t<div class=\"col-inner\"  >\n\t\t\t\n\t\t\t\n<h3>With Cardboard box<\/h3>\n<p>All of our cufflinks are delivered in a unique box decorated with the minimalist graphic design by Eszter Muray graphic design artist. The box&#8217;s premium material and cufflinks\u2019 surface gently refer to each other.<\/p>\n<p>Thanks to its elegant and clean packaging, accessories are not only safe during delivery, but are also perfect as gifts.<\/p>\n\t\t<\/div>\n\t\t\t\t\t<\/div>\n\n\t\n\n\t<div id=\"col-227510673\" class=\"col medium-6 small-12 large-6\"  >\n\t\t\t\t<div class=\"col-inner\"  >\n\t\t\t\n\t\t\t\n\t<div class=\"img has-hover x md-x lg-x y md-y lg-y\" id=\"image_1613285179\">\n\t\t<a class=\"image-lightbox lightbox-gallery\" title=\"\" href=\"https:\/\/abconcretedesign.com\/wp-content\/uploads\/2019\/06\/designer-cufflink-in-cardboard-giftbox-1000x800.jpg\">\t\t\t\t\t\t<div class=\"img-inner dark\" >\n\t\t\t<img loading=\"lazy\" decoding=\"async\" width=\"1600\" height=\"1280\" src=\"https:\/\/abconcretedesign.com\/wp-content\/uploads\/2019\/06\/designer-cufflink-in-cardboard-giftbox.jpg\" class=\"attachment-original size-original\" alt=\"Designer terrazzo cufflinks with unique packaging perfect gift idea for business men\" srcset=\"https:\/\/abconcretedesign.com\/wp-content\/uploads\/2019\/06\/designer-cufflink-in-cardboard-giftbox.jpg 1600w, https:\/\/abconcretedesign.com\/wp-content\/uploads\/2019\/06\/designer-cufflink-in-cardboard-giftbox-510x408.jpg 510w, https:\/\/abconcretedesign.com\/wp-content\/uploads\/2019\/06\/designer-cufflink-in-cardboard-giftbox-500x400.jpg 500w, https:\/\/abconcretedesign.com\/wp-content\/uploads\/2019\/06\/designer-cufflink-in-cardboard-giftbox-768x615.jpg 768w, https:\/\/abconcretedesign.com\/wp-content\/uploads\/2019\/06\/designer-cufflink-in-cardboard-giftbox-1000x800.jpg 1000w, https:\/\/abconcretedesign.com\/wp-content\/uploads\/2019\/06\/designer-cufflink-in-cardboard-giftbox-420x336.jpg 420w, https:\/\/abconcretedesign.com\/wp-content\/uploads\/2019\/06\/designer-cufflink-in-cardboard-giftbox-600x480.jpg 600w\" sizes=\"auto, (max-width: 1600px) 100vw, 1600px\" \/>\t\t\t\t\t\t\n\t\t\t\t\t<\/div>\n\t\t\t\t\t\t<\/a>\t\t\n<style>\n#image_1613285179 {\n  width: 100%;\n}\n<\/style>\n\t<\/div>\n\t\n\t\t<\/div>\n\t\t\t\t\t<\/div>\n\n\t\n<\/div>\n\t<div id=\"gap-285421334\" class=\"gap-element clearfix\" style=\"display:block; height:auto;\">\n\t\t\n<style>\n#gap-285421334 {\n  padding-top: 30px;\n}\n<\/style>\n\t<\/div>\n\t\n<div class=\"is-divider divider clearfix\" style=\"max-width:1000px;\"><\/div>\n\t<div id=\"gap-2054430124\" class=\"gap-element clearfix\" style=\"display:block; height:auto;\">\n\t\t\n<style>\n#gap-2054430124 {\n  padding-top: 30px;\n}\n<\/style>\n\t<\/div>\n\t\n<div class=\"row\"  id=\"row-1615975864\">\n\n\t<div id=\"col-350629151\" class=\"col medium-6 small-12 large-6\"  >\n\t\t\t\t<div class=\"col-inner\"  >\n\t\t\t\n\t\t\t\n<h3>Memorable gift for your business partners<\/h3>\n<p>Our men\u2019s accessory can be the perfect gift for your key partners, important clients or your colleagues. If you are looking for a product that does not end wasted, you have found the right one! Our cufflinks are available in a variety of packages to suit the customer\u2019s requirements and the occasion.<\/p>\n<a href=\"https:\/\/abconcretedesign.com\/corporate-gifts\/custom-made-concrete-cufflinks\/\" target=\"_blank\" class=\"button primary is-outline\" rel=\"noopener\"  style=\"border-radius:10px;\">\n\t\t<span>megn\u00e9zem a c\u00e9ges aj\u00e1nd\u00e9kokat<\/span>\n\t<\/a>\n\n\t\t<\/div>\n\t\t\t\t\t<\/div>\n\n\t\n\n\t<div id=\"col-320408259\" class=\"col medium-6 small-12 large-6\"  >\n\t\t\t\t<div class=\"col-inner\"  >\n\t\t\t\n\t\t\t\n\t<div class=\"img has-hover x md-x lg-x y md-y lg-y\" id=\"image_2105000495\">\n\t\t\t\t\t\t\t\t<div class=\"img-inner dark\" >\n\t\t\t<img loading=\"lazy\" decoding=\"async\" width=\"1020\" height=\"681\" src=\"https:\/\/abconcretedesign.com\/wp-content\/uploads\/2019\/10\/custom-logo-cufflink-variations-from-concrete-1-1198x800.jpg\" class=\"attachment-large size-large\" alt=\"Concrete cufflink variations with custom shape, color, texture and logo options by AB Concrete Design\" srcset=\"https:\/\/abconcretedesign.com\/wp-content\/uploads\/2019\/10\/custom-logo-cufflink-variations-from-concrete-1-1198x800.jpg 1198w, https:\/\/abconcretedesign.com\/wp-content\/uploads\/2019\/10\/custom-logo-cufflink-variations-from-concrete-1-510x341.jpg 510w, https:\/\/abconcretedesign.com\/wp-content\/uploads\/2019\/10\/custom-logo-cufflink-variations-from-concrete-1-599x400.jpg 599w, https:\/\/abconcretedesign.com\/wp-content\/uploads\/2019\/10\/custom-logo-cufflink-variations-from-concrete-1-768x513.jpg 768w, https:\/\/abconcretedesign.com\/wp-content\/uploads\/2019\/10\/custom-logo-cufflink-variations-from-concrete-1-600x401.jpg 600w, https:\/\/abconcretedesign.com\/wp-content\/uploads\/2019\/10\/custom-logo-cufflink-variations-from-concrete-1.jpg 1920w\" sizes=\"auto, (max-width: 1020px) 100vw, 1020px\" \/>\t\t\t\t\t\t\n\t\t\t\t\t<\/div>\n\t\t\t\t\t\t\t\t\n<style>\n#image_2105000495 {\n  width: 100%;\n}\n<\/style>\n\t<\/div>\n\t\n\t\t<\/div>\n\t\t\t\t\t<\/div>\n\n\t\n<\/div>\n\t<div id=\"gap-288776797\" class=\"gap-element clearfix\" style=\"display:block; height:auto;\">\n\t\t\n<style>\n#gap-288776797 {\n  padding-top: 30px;\n}\n<\/style>\n\t<\/div>\n\t\n\t<div class=\"img has-hover x md-x lg-x y md-y lg-y\" id=\"image_1376951668\">\n\t\t<a class=\"image-lightbox lightbox-gallery\" title=\"\" href=\"https:\/\/abconcretedesign.com\/wp-content\/uploads\/2019\/05\/cool-cufflinks-made-of-concrete-1-1400x534.jpg\">\t\t\t\t\t\t<div class=\"img-inner dark\" style=\"margin:0px 0px 40px 0px;\">\n\t\t\t<img loading=\"lazy\" decoding=\"async\" width=\"1600\" height=\"611\" src=\"https:\/\/abconcretedesign.com\/wp-content\/uploads\/2019\/05\/cool-cufflinks-made-of-concrete-1.jpg\" class=\"attachment-original size-original\" alt=\"High end cuff buttons made of concrete.\" srcset=\"https:\/\/abconcretedesign.com\/wp-content\/uploads\/2019\/05\/cool-cufflinks-made-of-concrete-1.jpg 1600w, https:\/\/abconcretedesign.com\/wp-content\/uploads\/2019\/05\/cool-cufflinks-made-of-concrete-1-510x195.jpg 510w, https:\/\/abconcretedesign.com\/wp-content\/uploads\/2019\/05\/cool-cufflinks-made-of-concrete-1-800x305.jpg 800w, https:\/\/abconcretedesign.com\/wp-content\/uploads\/2019\/05\/cool-cufflinks-made-of-concrete-1-768x293.jpg 768w, https:\/\/abconcretedesign.com\/wp-content\/uploads\/2019\/05\/cool-cufflinks-made-of-concrete-1-1400x534.jpg 1400w, https:\/\/abconcretedesign.com\/wp-content\/uploads\/2019\/05\/cool-cufflinks-made-of-concrete-1-600x229.jpg 600w\" sizes=\"auto, (max-width: 1600px) 100vw, 1600px\" \/>\t\t\t\t\t\t\n\t\t\t\t\t<\/div>\n\t\t\t\t\t\t<\/a>\t\t\n<style>\n#image_1376951668 {\n  width: 100%;\n}\n<\/style>\n\t<\/div>\n\t\n\t<div id=\"gap-398775196\" class=\"gap-element clearfix\" style=\"display:block; height:auto;\">\n\t\t\n<style>\n#gap-398775196 {\n  padding-top: 30px;\n}\n<\/style>\n\t<\/div>\n\t\n<div class=\"row\"  id=\"row-1855888096\">\n\n\t<div id=\"col-1915674991\" class=\"col small-12 large-12\"  >\n\t\t\t\t<div class=\"col-inner\"  >\n\t\t\t\n\t\t\t\n<blockquote><p><span style=\"font-size: 90%\"><i><span style=\"font-weight: 400\">\u201cThe cufflinks are our most demanding products \u2013 that&#8217;s why each piece is molded and burnished by myself. During the material experiments I started to get acquainted with the terrazzo technique, which was a very important experience as a designer. I was immediately captivated by unrepeatable and once-in-a-lifetime pattern: the random shape and appearance of the tiny plastic particles makes the polished planes even more special. The most exciting part of their production is when colored parts appear during burnishing. Because of the sharp contrast, the pair of anthracite and lemon yellow are my favorite.\u201d\u00a0<strong> &#8211;\u00a0 <\/strong><\/span><\/i><\/span><strong><span style=\"font-size: 90%\"><i>Anita Boldog, designer, CEO founder<\/i><\/span><\/strong><\/p><\/blockquote>\n\t\t<\/div>\n\t\t\t\t\t<\/div>\n\n\t\n<\/div>\n","protected":false},"excerpt":{"rendered":"<p>Kifinomult, st\u00edlusos \u00e9s biztosan felt\u0171n\u00e9st kelt\u0151 kieg\u00e9sz\u00edt\u0151 f\u00e9rfiaknak.<\/p>\n","protected":false},"featured_media":4778,"comment_status":"open","ping_status":"closed","template":"","meta":{"footnotes":""},"product_brand":[],"product_cat":[160,235,364],"product_tag":[254,246,313,312,248],"class_list":{"0":"post-4639","1":"product","2":"type-product","3":"status-publish","4":"has-post-thumbnail","6":"product_cat-beton-ekszer","7":"product_cat-ferfi","8":"product_cat-terrazzo-hu","9":"product_tag-giftbox-hu","10":"product_tag-jewel-hu","11":"product_tag-ferfiaknak","12":"product_tag-mandzsettagombok","13":"product_tag-terrazzo-hu","15":"first","16":"outofstock","17":"taxable","18":"shipping-taxable","19":"purchasable","20":"product-type-variable"},"yoast_head":"<!-- This site is optimized with the Yoast SEO Premium plugin v26.2 (Yoast SEO v27.4) - https:\/\/yoast.com\/product\/yoast-seo-premium-wordpress\/ -->\n<title>TERRAZZO S\u00f6t\u00e9t Beton Mandzsettagomb &#187; AB Concrete Design<\/title>\n<meta name=\"description\" content=\"Concrete cufflinks made with exciting and colorful particles makes \u2013 really unique, sophisticated and stylish designer accessories for men.\" \/>\n<meta name=\"robots\" content=\"index, follow, max-snippet:-1, max-image-preview:large, max-video-preview:-1\" \/>\n<link rel=\"canonical\" href=\"https:\/\/abconcretedesign.com\/hu\/uzlet\/beton-ekszer\/ferfi\/designer-mandzsettagomb-terrazzo-sotet\/\" \/>\n<meta property=\"og:locale\" content=\"hu_HU\" \/>\n<meta property=\"og:type\" content=\"article\" \/>\n<meta property=\"og:title\" content=\"TERRAZZO S\u00f6t\u00e9t Beton Mandzsettagomb\" \/>\n<meta property=\"og:description\" content=\"Kifinomult, st\u00edlusos \u00e9s biztosan felt\u0171n\u00e9st kelt\u0151 kieg\u00e9sz\u00edt\u0151 f\u00e9rfiaknak.\" \/>\n<meta property=\"og:url\" content=\"https:\/\/abconcretedesign.com\/hu\/uzlet\/beton-ekszer\/ferfi\/designer-mandzsettagomb-terrazzo-sotet\/\" \/>\n<meta property=\"og:site_name\" content=\"AB Concrete Design\" \/>\n<meta property=\"article:modified_time\" content=\"2021-05-25T16:36:12+00:00\" \/>\n<meta property=\"og:image\" content=\"https:\/\/abconcretedesign.com\/wp-content\/uploads\/2019\/02\/concrete-cufflink-dark-yellow.jpg\" \/>\n\t<meta property=\"og:image:width\" content=\"1920\" \/>\n\t<meta property=\"og:image:height\" content=\"1080\" \/>\n\t<meta property=\"og:image:type\" content=\"image\/jpeg\" \/>\n<meta name=\"twitter:card\" content=\"summary_large_image\" \/>\n<script type=\"application\/ld+json\" class=\"yoast-schema-graph\">{\"@context\":\"https:\\\/\\\/schema.org\",\"@graph\":[{\"@type\":\"WebPage\",\"@id\":\"https:\\\/\\\/abconcretedesign.com\\\/hu\\\/uzlet\\\/beton-ekszer\\\/ferfi\\\/designer-mandzsettagomb-terrazzo-sotet\\\/\",\"url\":\"https:\\\/\\\/abconcretedesign.com\\\/hu\\\/uzlet\\\/beton-ekszer\\\/ferfi\\\/designer-mandzsettagomb-terrazzo-sotet\\\/\",\"name\":\"TERRAZZO S\u00f6t\u00e9t Beton Mandzsettagomb &#187; AB Concrete Design\",\"isPartOf\":{\"@id\":\"https:\\\/\\\/abconcretedesign.com\\\/hu\\\/#website\"},\"primaryImageOfPage\":{\"@id\":\"https:\\\/\\\/abconcretedesign.com\\\/hu\\\/uzlet\\\/beton-ekszer\\\/ferfi\\\/designer-mandzsettagomb-terrazzo-sotet\\\/#primaryimage\"},\"image\":{\"@id\":\"https:\\\/\\\/abconcretedesign.com\\\/hu\\\/uzlet\\\/beton-ekszer\\\/ferfi\\\/designer-mandzsettagomb-terrazzo-sotet\\\/#primaryimage\"},\"thumbnailUrl\":\"https:\\\/\\\/abconcretedesign.com\\\/wp-content\\\/uploads\\\/2019\\\/02\\\/concrete-cufflink-dark-yellow.jpg\",\"datePublished\":\"2019-06-02T17:07:48+00:00\",\"dateModified\":\"2021-05-25T16:36:12+00:00\",\"description\":\"Concrete cufflinks made with exciting and colorful particles makes \u2013 really unique, sophisticated and stylish designer accessories for men.\",\"breadcrumb\":{\"@id\":\"https:\\\/\\\/abconcretedesign.com\\\/hu\\\/uzlet\\\/beton-ekszer\\\/ferfi\\\/designer-mandzsettagomb-terrazzo-sotet\\\/#breadcrumb\"},\"inLanguage\":\"hu\",\"potentialAction\":[{\"@type\":\"ReadAction\",\"target\":[\"https:\\\/\\\/abconcretedesign.com\\\/hu\\\/uzlet\\\/beton-ekszer\\\/ferfi\\\/designer-mandzsettagomb-terrazzo-sotet\\\/\"]}]},{\"@type\":\"ImageObject\",\"inLanguage\":\"hu\",\"@id\":\"https:\\\/\\\/abconcretedesign.com\\\/hu\\\/uzlet\\\/beton-ekszer\\\/ferfi\\\/designer-mandzsettagomb-terrazzo-sotet\\\/#primaryimage\",\"url\":\"https:\\\/\\\/abconcretedesign.com\\\/wp-content\\\/uploads\\\/2019\\\/02\\\/concrete-cufflink-dark-yellow.jpg\",\"contentUrl\":\"https:\\\/\\\/abconcretedesign.com\\\/wp-content\\\/uploads\\\/2019\\\/02\\\/concrete-cufflink-dark-yellow.jpg\",\"width\":1920,\"height\":1080,\"caption\":\"Beton Mandzsettagomb sotetszurke sarga\"},{\"@type\":\"BreadcrumbList\",\"@id\":\"https:\\\/\\\/abconcretedesign.com\\\/hu\\\/uzlet\\\/beton-ekszer\\\/ferfi\\\/designer-mandzsettagomb-terrazzo-sotet\\\/#breadcrumb\",\"itemListElement\":[{\"@type\":\"ListItem\",\"position\":1,\"name\":\"F\u0151oldal\",\"item\":\"https:\\\/\\\/abconcretedesign.com\\\/hu\\\/\"},{\"@type\":\"ListItem\",\"position\":2,\"name\":\"Shop\",\"item\":\"https:\\\/\\\/abconcretedesign.com\\\/hu\\\/uzlet\\\/\"},{\"@type\":\"ListItem\",\"position\":3,\"name\":\"TERRAZZO S\u00f6t\u00e9t Beton Mandzsettagomb\"}]},{\"@type\":\"WebSite\",\"@id\":\"https:\\\/\\\/abconcretedesign.com\\\/hu\\\/#website\",\"url\":\"https:\\\/\\\/abconcretedesign.com\\\/hu\\\/\",\"name\":\"AB Concrete Design and Business Gifts\",\"description\":\"Beton Design T\u00e1rgyak, \u00c9kszer \u00e9s \u00dczleti Aj\u00e1nd\u00e9k, Beton Tr\u00f3fe\u00e1k\",\"publisher\":{\"@id\":\"https:\\\/\\\/abconcretedesign.com\\\/hu\\\/#organization\"},\"potentialAction\":[{\"@type\":\"SearchAction\",\"target\":{\"@type\":\"EntryPoint\",\"urlTemplate\":\"https:\\\/\\\/abconcretedesign.com\\\/hu\\\/?s={search_term_string}\"},\"query-input\":{\"@type\":\"PropertyValueSpecification\",\"valueRequired\":true,\"valueName\":\"search_term_string\"}}],\"inLanguage\":\"hu\"},{\"@type\":\"Organization\",\"@id\":\"https:\\\/\\\/abconcretedesign.com\\\/hu\\\/#organization\",\"name\":\"AB Concrete Design\",\"url\":\"https:\\\/\\\/abconcretedesign.com\\\/hu\\\/\",\"logo\":{\"@type\":\"ImageObject\",\"inLanguage\":\"hu\",\"@id\":\"https:\\\/\\\/abconcretedesign.com\\\/hu\\\/#\\\/schema\\\/logo\\\/image\\\/\",\"url\":\"https:\\\/\\\/abconcretedesign.com\\\/wp-content\\\/uploads\\\/2019\\\/04\\\/ab-concrete-design-logo.jpg\",\"contentUrl\":\"https:\\\/\\\/abconcretedesign.com\\\/wp-content\\\/uploads\\\/2019\\\/04\\\/ab-concrete-design-logo.jpg\",\"width\":351,\"height\":89,\"caption\":\"AB Concrete Design\"},\"image\":{\"@id\":\"https:\\\/\\\/abconcretedesign.com\\\/hu\\\/#\\\/schema\\\/logo\\\/image\\\/\"}}]}<\/script>\n<!-- \/ Yoast SEO Premium plugin. -->","yoast_head_json":{"title":"TERRAZZO S\u00f6t\u00e9t Beton Mandzsettagomb &#187; AB Concrete Design","description":"Concrete cufflinks made with exciting and colorful particles makes \u2013 really unique, sophisticated and stylish designer accessories for men.","robots":{"index":"index","follow":"follow","max-snippet":"max-snippet:-1","max-image-preview":"max-image-preview:large","max-video-preview":"max-video-preview:-1"},"canonical":"https:\/\/abconcretedesign.com\/hu\/uzlet\/beton-ekszer\/ferfi\/designer-mandzsettagomb-terrazzo-sotet\/","og_locale":"hu_HU","og_type":"article","og_title":"TERRAZZO S\u00f6t\u00e9t Beton Mandzsettagomb","og_description":"Kifinomult, st\u00edlusos \u00e9s biztosan felt\u0171n\u00e9st kelt\u0151 kieg\u00e9sz\u00edt\u0151 f\u00e9rfiaknak.","og_url":"https:\/\/abconcretedesign.com\/hu\/uzlet\/beton-ekszer\/ferfi\/designer-mandzsettagomb-terrazzo-sotet\/","og_site_name":"AB Concrete Design","article_modified_time":"2021-05-25T16:36:12+00:00","og_image":[{"width":1920,"height":1080,"url":"https:\/\/abconcretedesign.com\/wp-content\/uploads\/2019\/02\/concrete-cufflink-dark-yellow.jpg","type":"image\/jpeg"}],"twitter_card":"summary_large_image","schema":{"@context":"https:\/\/schema.org","@graph":[{"@type":"WebPage","@id":"https:\/\/abconcretedesign.com\/hu\/uzlet\/beton-ekszer\/ferfi\/designer-mandzsettagomb-terrazzo-sotet\/","url":"https:\/\/abconcretedesign.com\/hu\/uzlet\/beton-ekszer\/ferfi\/designer-mandzsettagomb-terrazzo-sotet\/","name":"TERRAZZO S\u00f6t\u00e9t Beton Mandzsettagomb &#187; AB Concrete Design","isPartOf":{"@id":"https:\/\/abconcretedesign.com\/hu\/#website"},"primaryImageOfPage":{"@id":"https:\/\/abconcretedesign.com\/hu\/uzlet\/beton-ekszer\/ferfi\/designer-mandzsettagomb-terrazzo-sotet\/#primaryimage"},"image":{"@id":"https:\/\/abconcretedesign.com\/hu\/uzlet\/beton-ekszer\/ferfi\/designer-mandzsettagomb-terrazzo-sotet\/#primaryimage"},"thumbnailUrl":"https:\/\/abconcretedesign.com\/wp-content\/uploads\/2019\/02\/concrete-cufflink-dark-yellow.jpg","datePublished":"2019-06-02T17:07:48+00:00","dateModified":"2021-05-25T16:36:12+00:00","description":"Concrete cufflinks made with exciting and colorful particles makes \u2013 really unique, sophisticated and stylish designer accessories for men.","breadcrumb":{"@id":"https:\/\/abconcretedesign.com\/hu\/uzlet\/beton-ekszer\/ferfi\/designer-mandzsettagomb-terrazzo-sotet\/#breadcrumb"},"inLanguage":"hu","potentialAction":[{"@type":"ReadAction","target":["https:\/\/abconcretedesign.com\/hu\/uzlet\/beton-ekszer\/ferfi\/designer-mandzsettagomb-terrazzo-sotet\/"]}]},{"@type":"ImageObject","inLanguage":"hu","@id":"https:\/\/abconcretedesign.com\/hu\/uzlet\/beton-ekszer\/ferfi\/designer-mandzsettagomb-terrazzo-sotet\/#primaryimage","url":"https:\/\/abconcretedesign.com\/wp-content\/uploads\/2019\/02\/concrete-cufflink-dark-yellow.jpg","contentUrl":"https:\/\/abconcretedesign.com\/wp-content\/uploads\/2019\/02\/concrete-cufflink-dark-yellow.jpg","width":1920,"height":1080,"caption":"Beton Mandzsettagomb sotetszurke sarga"},{"@type":"BreadcrumbList","@id":"https:\/\/abconcretedesign.com\/hu\/uzlet\/beton-ekszer\/ferfi\/designer-mandzsettagomb-terrazzo-sotet\/#breadcrumb","itemListElement":[{"@type":"ListItem","position":1,"name":"F\u0151oldal","item":"https:\/\/abconcretedesign.com\/hu\/"},{"@type":"ListItem","position":2,"name":"Shop","item":"https:\/\/abconcretedesign.com\/hu\/uzlet\/"},{"@type":"ListItem","position":3,"name":"TERRAZZO S\u00f6t\u00e9t Beton Mandzsettagomb"}]},{"@type":"WebSite","@id":"https:\/\/abconcretedesign.com\/hu\/#website","url":"https:\/\/abconcretedesign.com\/hu\/","name":"AB Concrete Design and Business Gifts","description":"Beton Design T\u00e1rgyak, \u00c9kszer \u00e9s \u00dczleti Aj\u00e1nd\u00e9k, Beton Tr\u00f3fe\u00e1k","publisher":{"@id":"https:\/\/abconcretedesign.com\/hu\/#organization"},"potentialAction":[{"@type":"SearchAction","target":{"@type":"EntryPoint","urlTemplate":"https:\/\/abconcretedesign.com\/hu\/?s={search_term_string}"},"query-input":{"@type":"PropertyValueSpecification","valueRequired":true,"valueName":"search_term_string"}}],"inLanguage":"hu"},{"@type":"Organization","@id":"https:\/\/abconcretedesign.com\/hu\/#organization","name":"AB Concrete Design","url":"https:\/\/abconcretedesign.com\/hu\/","logo":{"@type":"ImageObject","inLanguage":"hu","@id":"https:\/\/abconcretedesign.com\/hu\/#\/schema\/logo\/image\/","url":"https:\/\/abconcretedesign.com\/wp-content\/uploads\/2019\/04\/ab-concrete-design-logo.jpg","contentUrl":"https:\/\/abconcretedesign.com\/wp-content\/uploads\/2019\/04\/ab-concrete-design-logo.jpg","width":351,"height":89,"caption":"AB Concrete Design"},"image":{"@id":"https:\/\/abconcretedesign.com\/hu\/#\/schema\/logo\/image\/"}}]}},"_links":{"self":[{"href":"https:\/\/abconcretedesign.com\/hu\/wp-json\/wp\/v2\/product\/4639","targetHints":{"allow":["GET"]}}],"collection":[{"href":"https:\/\/abconcretedesign.com\/hu\/wp-json\/wp\/v2\/product"}],"about":[{"href":"https:\/\/abconcretedesign.com\/hu\/wp-json\/wp\/v2\/types\/product"}],"replies":[{"embeddable":true,"href":"https:\/\/abconcretedesign.com\/hu\/wp-json\/wp\/v2\/comments?post=4639"}],"version-history":[{"count":1,"href":"https:\/\/abconcretedesign.com\/hu\/wp-json\/wp\/v2\/product\/4639\/revisions"}],"predecessor-version":[{"id":9364,"href":"https:\/\/abconcretedesign.com\/hu\/wp-json\/wp\/v2\/product\/4639\/revisions\/9364"}],"wp:featuredmedia":[{"embeddable":true,"href":"https:\/\/abconcretedesign.com\/hu\/wp-json\/wp\/v2\/media\/4778"}],"wp:attachment":[{"href":"https:\/\/abconcretedesign.com\/hu\/wp-json\/wp\/v2\/media?parent=4639"}],"wp:term":[{"taxonomy":"product_brand","embeddable":true,"href":"https:\/\/abconcretedesign.com\/hu\/wp-json\/wp\/v2\/product_brand?post=4639"},{"taxonomy":"product_cat","embeddable":true,"href":"https:\/\/abconcretedesign.com\/hu\/wp-json\/wp\/v2\/product_cat?post=4639"},{"taxonomy":"product_tag","embeddable":true,"href":"https:\/\/abconcretedesign.com\/hu\/wp-json\/wp\/v2\/product_tag?post=4639"}],"curies":[{"name":"wp","href":"https:\/\/api.w.org\/{rel}","templated":true}]}}