{"id":4637,"date":"2019-02-23T23:28:33","date_gmt":"2019-02-23T22:28:33","guid":{"rendered":"https:\/\/abconcretedesign.com\/shop\/nem-kategorizalt\/terrazzo-vilagos-beton-mandzsettagomb\/"},"modified":"2023-04-28T08:54:23","modified_gmt":"2023-04-28T06:54:23","slug":"terrazzo-vilagos-beton-mandzsettagombok","status":"publish","type":"product","link":"https:\/\/abconcretedesign.com\/hu\/uzlet\/beton-ekszer\/ferfi\/terrazzo-vilagos-beton-mandzsettagombok\/","title":{"rendered":"TERRAZZO Vil\u00e1gos Beton Mandzsettagombok"},"content":{"rendered":"<div class=\"row\"  id=\"row-1483521737\">\n\n\t<div id=\"col-2100861840\" class=\"col medium-6 small-12 large-6\"  >\n\t\t\t\t<div class=\"col-inner\"  >\n\t\t\t\n\t\t\t\n<h3>A TERRAZZO Beton Design Mandzsettagombokr\u00f3l<\/h3>\n<p>A terrazzo technik\u00e1val k\u00e9sz\u00fclt kieg\u00e9sz\u00edt\u0151k a beton feh\u00e9r, sima fel\u00fclet\u00e9t teszik izgalmass\u00e1 az anyagba kevert k\u00e9k szemcs\u00e9kkel. A k\u00fcl\u00f6nb\u00f6z\u0151 mint\u00e1zatoknak \u00e9s csiszolt fel\u00fcleteknek k\u00f6sz\u00f6nhet\u0151en elt\u00e9r\u0151 karakter\u0171 darabok k\u00f6z\u00fcl v\u00e1laszthatnak a design \u00e9s a beton p\u00e1ros\u00edt\u00e1s\u00e1nak rajong\u00f3i \u2013 az \u00fajdons\u00e1gokra \u00e9s extr\u00e9m megold\u00e1sokra nyitott kreat\u00edv f\u00e9rfiak t\u00f6k\u00e9letes kieg\u00e9sz\u00edt\u0151je.<\/p>\n\t\t<\/div>\n\t\t\t\t\t<\/div>\n\n\t\n\n\t<div id=\"col-504784010\" class=\"col medium-6 small-12 large-6\"  >\n\t\t\t\t<div class=\"col-inner\"  >\n\t\t\t\n\t\t\t\n\t<div class=\"img has-hover x md-x lg-x y md-y lg-y\" id=\"image_969580025\">\n\t\t\t\t\t\t\t\t<div class=\"img-inner dark\" >\n\t\t\t<img loading=\"lazy\" decoding=\"async\" width=\"503\" height=\"336\" src=\"https:\/\/abconcretedesign.com\/wp-content\/uploads\/2019\/02\/elegant-concrete-cufflink-bright.gif\" class=\"attachment-large size-large\" alt=\"Elegant concrete cufflinks in bright tones\" \/>\t\t\t\t\t\t\n\t\t\t\t\t<\/div>\n\t\t\t\t\t\t\t\t\n<style>\n#image_969580025 {\n  width: 100%;\n}\n<\/style>\n\t<\/div>\n\t\n\t\t<\/div>\n\t\t\t\t\t<\/div>\n\n\t\n<\/div>\n\t<div id=\"gap-1943919853\" class=\"gap-element clearfix\" style=\"display:block; height:auto;\">\n\t\t\n<style>\n#gap-1943919853 {\n  padding-top: 30px;\n}\n<\/style>\n\t<\/div>\n\t\n<h3>Aj\u00e1nd\u00e9kk\u00e9nt eleg\u00e1ns karton dobozban. A siker garant\u00e1lt!<\/h3>\n<p>Minden mandzsettagombunkat egyedi dobozban sz\u00e1ll\u00edtjuk, melyet Muray Eszter grafikusm\u0171v\u00e9sz minimalista munk\u00e1ja d\u00edsz\u00edt. A doboz pr\u00e9mium alapanyaga \u00e9s a mandzsettagombok fel\u00fclete finoman utalnak egym\u00e1sra. Az eleg\u00e1ns \u00e9s letisztult csomagol\u00e1snak k\u00f6sz\u00f6nhet\u0151en a kieg\u00e9sz\u00edt\u0151k nem csup\u00e1n biztons\u00e1gban meg\u00e9rkeznek, de aj\u00e1nd\u00e9kk\u00e9nt is t\u00f6k\u00e9letesek.<\/p>\n<div class=\"row\"  id=\"row-1850622887\">\n\n\t<div id=\"col-148571929\" class=\"col medium-6 small-12 large-6\"  >\n\t\t\t\t<div class=\"col-inner\"  >\n\t\t\t\n\t\t\t\n\t<div class=\"img has-hover x md-x lg-x y md-y lg-y\" id=\"image_345932112\">\n\t\t\t\t\t\t\t\t<div class=\"img-inner dark\" >\n\t\t\t<img loading=\"lazy\" decoding=\"async\" width=\"1000\" height=\"800\" src=\"https:\/\/abconcretedesign.com\/wp-content\/uploads\/2019\/06\/unique-cufflink-giftbox-1-1000x800.jpg\" class=\"attachment-large size-large\" alt=\"Cool designer cufflinks with unique cardboard giftbox\" srcset=\"https:\/\/abconcretedesign.com\/wp-content\/uploads\/2019\/06\/unique-cufflink-giftbox-1-1000x800.jpg 1000w, https:\/\/abconcretedesign.com\/wp-content\/uploads\/2019\/06\/unique-cufflink-giftbox-1-510x408.jpg 510w, https:\/\/abconcretedesign.com\/wp-content\/uploads\/2019\/06\/unique-cufflink-giftbox-1-500x400.jpg 500w, https:\/\/abconcretedesign.com\/wp-content\/uploads\/2019\/06\/unique-cufflink-giftbox-1-768x615.jpg 768w, https:\/\/abconcretedesign.com\/wp-content\/uploads\/2019\/06\/unique-cufflink-giftbox-1-420x336.jpg 420w, https:\/\/abconcretedesign.com\/wp-content\/uploads\/2019\/06\/unique-cufflink-giftbox-1-600x480.jpg 600w, https:\/\/abconcretedesign.com\/wp-content\/uploads\/2019\/06\/unique-cufflink-giftbox-1.jpg 1600w\" sizes=\"auto, (max-width: 1000px) 100vw, 1000px\" \/>\t\t\t\t\t\t\n\t\t\t\t\t<\/div>\n\t\t\t\t\t\t\t\t\n<style>\n#image_345932112 {\n  width: 100%;\n}\n<\/style>\n\t<\/div>\n\t\n\t\t<\/div>\n\t\t\t\t\t<\/div>\n\n\t\n\n\t<div id=\"col-1446656138\" class=\"col medium-6 small-12 large-6\"  >\n\t\t\t\t<div class=\"col-inner\"  >\n\t\t\t\n\t\t\t\n\t<div class=\"img has-hover x md-x lg-x y md-y lg-y\" id=\"image_37776960\">\n\t\t\t\t\t\t\t\t<div class=\"img-inner dark\" >\n\t\t\t<img loading=\"lazy\" decoding=\"async\" width=\"1000\" height=\"800\" src=\"https:\/\/abconcretedesign.com\/wp-content\/uploads\/2019\/06\/cufflink-white-perfect-gift-for-man-1000x800.jpg\" class=\"attachment-large size-large\" alt=\"Bright concrete cufflinks perfect christmas gifts for gentlemen\" srcset=\"https:\/\/abconcretedesign.com\/wp-content\/uploads\/2019\/06\/cufflink-white-perfect-gift-for-man-1000x800.jpg 1000w, https:\/\/abconcretedesign.com\/wp-content\/uploads\/2019\/06\/cufflink-white-perfect-gift-for-man-510x408.jpg 510w, https:\/\/abconcretedesign.com\/wp-content\/uploads\/2019\/06\/cufflink-white-perfect-gift-for-man-500x400.jpg 500w, https:\/\/abconcretedesign.com\/wp-content\/uploads\/2019\/06\/cufflink-white-perfect-gift-for-man-768x614.jpg 768w, https:\/\/abconcretedesign.com\/wp-content\/uploads\/2019\/06\/cufflink-white-perfect-gift-for-man-420x336.jpg 420w, https:\/\/abconcretedesign.com\/wp-content\/uploads\/2019\/06\/cufflink-white-perfect-gift-for-man-600x480.jpg 600w, https:\/\/abconcretedesign.com\/wp-content\/uploads\/2019\/06\/cufflink-white-perfect-gift-for-man.jpg 1920w\" sizes=\"auto, (max-width: 1000px) 100vw, 1000px\" \/>\t\t\t\t\t\t\n\t\t\t\t\t<\/div>\n\t\t\t\t\t\t\t\t\n<style>\n#image_37776960 {\n  width: 100%;\n}\n<\/style>\n\t<\/div>\n\t\n\t\t<\/div>\n\t\t\t\t\t<\/div>\n\n\t\n<\/div>\n\t<div id=\"gap-637728633\" class=\"gap-element clearfix\" style=\"display:block; height:auto;\">\n\t\t\n<style>\n#gap-637728633 {\n  padding-top: 60px;\n}\n<\/style>\n\t<\/div>\n\t\n<div class=\"row\"  id=\"row-1341858608\">\n\n\t<div id=\"col-1110135715\" class=\"col medium-6 small-12 large-6\"  >\n\t\t\t\t<div class=\"col-inner\"  >\n\t\t\t\n\t\t\t\n<h3>T\u00f6k\u00e9letes \u00fczleti aj\u00e1nd\u00e9k partnereid r\u00e9sz\u00e9re<\/h3>\n<p>F\u00e9rfi kieg\u00e9sz\u00edt\u0151nk t\u00f6k\u00e9letes aj\u00e1nd\u00e9k lehet kiemelt partnerei, fontos \u00fcgyfelei, vagy \u00e9ppen c\u00e9ge munkat\u00e1rsai sz\u00e1m\u00e1ra. Ha olyan term\u00e9ket keres, ami nem egy fi\u00f3k m\u00e9ly\u00e9n v\u00e9gzi, akkor megtal\u00e1ltad a megfelel\u0151t! Magas min\u0151s\u00e9g\u0171 kartonokkal \u00e9s k\u00fcl\u00f6nb\u00f6z\u0151 technik\u00e1kkal dolgozunk, \u00edgy log\u00f3dat finoman \u00e9s eleg\u00e1nsan tudjuk megjelen\u00edteni.<\/p>\n<a href=\"https:\/\/abconcretedesign.com\/corporate-gifts\/custom-made-concrete-cufflinks\/\" target=\"_blank\" class=\"button primary is-outline\" rel=\"noopener\"  style=\"border-radius:10px;\">\n\t\t<span>megn\u00e9zem a c\u00e9ges aj\u00e1nd\u00e9kokat<\/span>\n\t<\/a>\n\n\t\t<\/div>\n\t\t\t\t\t<\/div>\n\n\t\n\n\t<div id=\"col-569579365\" class=\"col medium-6 small-12 large-6\"  >\n\t\t\t\t<div class=\"col-inner\"  >\n\t\t\t\n\t\t\t\n\t<div class=\"img has-hover x md-x lg-x y md-y lg-y\" id=\"image_760213397\">\n\t\t\t\t\t\t\t\t<div class=\"img-inner dark\" >\n\t\t\t<img loading=\"lazy\" decoding=\"async\" width=\"1020\" height=\"681\" src=\"https:\/\/abconcretedesign.com\/wp-content\/uploads\/2019\/10\/custom-logo-cufflink-variations-from-concrete-1-1198x800.jpg\" class=\"attachment-large size-large\" alt=\"Concrete cufflink variations with custom shape, color, texture and logo options by AB Concrete Design\" srcset=\"https:\/\/abconcretedesign.com\/wp-content\/uploads\/2019\/10\/custom-logo-cufflink-variations-from-concrete-1-1198x800.jpg 1198w, https:\/\/abconcretedesign.com\/wp-content\/uploads\/2019\/10\/custom-logo-cufflink-variations-from-concrete-1-510x341.jpg 510w, https:\/\/abconcretedesign.com\/wp-content\/uploads\/2019\/10\/custom-logo-cufflink-variations-from-concrete-1-599x400.jpg 599w, https:\/\/abconcretedesign.com\/wp-content\/uploads\/2019\/10\/custom-logo-cufflink-variations-from-concrete-1-768x513.jpg 768w, https:\/\/abconcretedesign.com\/wp-content\/uploads\/2019\/10\/custom-logo-cufflink-variations-from-concrete-1-600x401.jpg 600w, https:\/\/abconcretedesign.com\/wp-content\/uploads\/2019\/10\/custom-logo-cufflink-variations-from-concrete-1.jpg 1920w\" sizes=\"auto, (max-width: 1020px) 100vw, 1020px\" \/>\t\t\t\t\t\t\n\t\t\t\t\t<\/div>\n\t\t\t\t\t\t\t\t\n<style>\n#image_760213397 {\n  width: 100%;\n}\n<\/style>\n\t<\/div>\n\t\n\t\t<\/div>\n\t\t\t\t\t<\/div>\n\n\t\n<\/div>\n\t<div id=\"gap-1392992085\" class=\"gap-element clearfix\" style=\"display:block; height:auto;\">\n\t\t\n<style>\n#gap-1392992085 {\n  padding-top: 60px;\n}\n<\/style>\n\t<\/div>\n\t\n<blockquote>\n<p><span style=\"font-size: 90%;\"><i>\u201cA TERRAZZO mandzsettagombok a legnagyobb precizit\u00e1st ig\u00e9nyl\u0151 term\u00e9keink, ez az oka annak, hogy minden egyes darabj\u00e1t saj\u00e1t kez\u0171leg \u00f6nt\u00f6m \u00e9s csiszolom. A gombokhoz k\u00e9sz\u00edtett anyagk\u00eds\u00e9rletek sor\u00e1n kezdtem el megismerkedni a terrazzo technik\u00e1val, ami tervez\u0151k\u00e9nt nagyon meghat\u00e1roz\u00f3 \u00e9lm\u00e9ny volt. R\u00f6gt\u00f6n mag\u00e1val ragadott a minden esetben egyszeri \u00e9s megism\u00e9telhetetlen mint\u00e1zat.L\u00e9nyeg\u00e9ben egy metszetet l\u00e1tunk egy olyan anyagb\u00f3l, aminek sz\u00e1mtalan egyedi alkot\u00f3eleme van. Ezt a hat\u00e1st eg\u00e9sz\u00edtettem ki az apr\u00f3 m\u0171anyag szemcs\u00e9kkel, amik v\u00e9letlenszer\u0171 form\u00e1ja \u00e9s felbukkan\u00e1sa m\u00e9g egyedibb\u00e9 teszi a csiszolt s\u00edkokat. Gy\u00e1rt\u00e1suk sor\u00e1n az a legizgalmasabb r\u00e9sz, amikor csiszol\u00e1skor el\u0151bukkannak a sz\u00ednes r\u00e9szek.\u201d\u00a0 <strong>&#8211; Boldog Anita, tervez\u0151, a m\u00e1rka alap\u00edt\u00f3ja<\/strong><\/i><i>.<\/i><\/span><\/p>\n<\/blockquote>\n\t<div id=\"gap-1402456720\" class=\"gap-element clearfix\" style=\"display:block; height:auto;\">\n\t\t\n<style>\n#gap-1402456720 {\n  padding-top: 30px;\n}\n<\/style>\n\t<\/div>\n\t\n<div class=\"row\"  id=\"row-1272641866\">\n\n\t<div id=\"col-619649266\" class=\"col medium-6 small-12 large-6\"  >\n\t\t\t\t<div class=\"col-inner text-left\"  >\n\t\t\t\n\t\t\t\n\t<div class=\"img has-hover x md-x lg-x y md-y lg-y\" id=\"image_677600596\">\n\t\t\t\t\t\t\t\t<div class=\"img-inner dark\" >\n\t\t\t<img loading=\"lazy\" decoding=\"async\" width=\"478\" height=\"268\" src=\"https:\/\/abconcretedesign.com\/wp-content\/uploads\/2019\/06\/cufflinks-blue-confetti-giphy.gif\" class=\"attachment-large size-large\" alt=\"Cufflinks blue confetti celebration\" \/>\t\t\t\t\t\t\n\t\t\t\t\t<\/div>\n\t\t\t\t\t\t\t\t\n<style>\n#image_677600596 {\n  width: 100%;\n}\n<\/style>\n\t<\/div>\n\t\n\t\t<\/div>\n\t\t\t\t\t<\/div>\n\n\t\n<\/div>\n\t<div class=\"img has-hover hidden x md-x lg-x y md-y lg-y\" id=\"image_1298758491\">\n\t\t<a class=\"image-lightbox lightbox-gallery\" title=\"\" href=\"https:\/\/abconcretedesign.com\/wp-content\/uploads\/2019\/05\/cool-cufflinks-made-of-concrete-1-1400x534.jpg\">\t\t\t\t\t\t<div class=\"img-inner dark\" >\n\t\t\t<img loading=\"lazy\" decoding=\"async\" width=\"1600\" height=\"611\" src=\"https:\/\/abconcretedesign.com\/wp-content\/uploads\/2019\/05\/cool-cufflinks-made-of-concrete-1.jpg\" class=\"attachment-original size-original\" alt=\"High end cuff buttons made of concrete.\" srcset=\"https:\/\/abconcretedesign.com\/wp-content\/uploads\/2019\/05\/cool-cufflinks-made-of-concrete-1.jpg 1600w, https:\/\/abconcretedesign.com\/wp-content\/uploads\/2019\/05\/cool-cufflinks-made-of-concrete-1-510x195.jpg 510w, https:\/\/abconcretedesign.com\/wp-content\/uploads\/2019\/05\/cool-cufflinks-made-of-concrete-1-800x305.jpg 800w, https:\/\/abconcretedesign.com\/wp-content\/uploads\/2019\/05\/cool-cufflinks-made-of-concrete-1-768x293.jpg 768w, https:\/\/abconcretedesign.com\/wp-content\/uploads\/2019\/05\/cool-cufflinks-made-of-concrete-1-1400x534.jpg 1400w, https:\/\/abconcretedesign.com\/wp-content\/uploads\/2019\/05\/cool-cufflinks-made-of-concrete-1-600x229.jpg 600w\" sizes=\"auto, (max-width: 1600px) 100vw, 1600px\" \/>\t\t\t\t\t\t\n\t\t\t\t\t<\/div>\n\t\t\t\t\t\t<\/a>\t\t\n<style>\n#image_1298758491 {\n  width: 100%;\n}\n<\/style>\n\t<\/div>\n\t\n","protected":false},"excerpt":{"rendered":"<p>Eleg\u00e1ns f\u00e9rfi kieg\u00e9sz\u00edt\u0151k egy csipet extravaganci\u00e1val f\u0171szerezve.<\/p>\n","protected":false},"featured_media":4775,"comment_status":"open","ping_status":"closed","template":"","meta":{"footnotes":""},"product_brand":[],"product_cat":[160,235,364],"product_tag":[254,246,313,312,248],"class_list":{"0":"post-4637","1":"product","2":"type-product","3":"status-publish","4":"has-post-thumbnail","6":"product_cat-beton-ekszer","7":"product_cat-ferfi","8":"product_cat-terrazzo-hu","9":"product_tag-giftbox-hu","10":"product_tag-jewel-hu","11":"product_tag-ferfiaknak","12":"product_tag-mandzsettagombok","13":"product_tag-terrazzo-hu","15":"first","16":"outofstock","17":"taxable","18":"shipping-taxable","19":"purchasable","20":"product-type-variable"},"yoast_head":"<!-- This site is optimized with the Yoast SEO Premium plugin v26.2 (Yoast SEO v27.4) - https:\/\/yoast.com\/product\/yoast-seo-premium-wordpress\/ -->\n<title>TERRAZZO Vil\u00e1gos Beton Mandzsettagombok &#187; AB Concrete Design<\/title>\n<meta name=\"description\" content=\"Beton mandzsettagomb, melyet izgalmas, sz\u00ednes, csiszolt m\u0171anyag szemcs\u00e9k tesznek igaz\u00e1n egyediv\u00e9 \u2013 kifinomult, st\u00edlusos \u00e9s biztosan felt\u0171n\u00e9st kelt\u0151 kieg\u00e9sz\u00edt\u0151 f\u00e9rfiaknak.\" \/>\n<meta name=\"robots\" content=\"index, follow, max-snippet:-1, max-image-preview:large, max-video-preview:-1\" \/>\n<link rel=\"canonical\" href=\"https:\/\/abconcretedesign.com\/hu\/uzlet\/beton-ekszer\/ferfi\/terrazzo-vilagos-beton-mandzsettagombok\/\" \/>\n<meta property=\"og:locale\" content=\"hu_HU\" \/>\n<meta property=\"og:type\" content=\"article\" \/>\n<meta property=\"og:title\" content=\"TERRAZZO Vil\u00e1gos Beton Mandzsettagombok\" \/>\n<meta property=\"og:description\" content=\"Eleg\u00e1ns f\u00e9rfi kieg\u00e9sz\u00edt\u0151k egy csipet extravaganci\u00e1val f\u0171szerezve.\" \/>\n<meta property=\"og:url\" content=\"https:\/\/abconcretedesign.com\/hu\/uzlet\/beton-ekszer\/ferfi\/terrazzo-vilagos-beton-mandzsettagombok\/\" \/>\n<meta property=\"og:site_name\" content=\"AB Concrete Design\" \/>\n<meta property=\"article:modified_time\" content=\"2023-04-28T06:54:23+00:00\" \/>\n<meta property=\"og:image\" content=\"https:\/\/abconcretedesign.com\/wp-content\/uploads\/2019\/02\/concrete-cufflink-blue-white.jpg\" \/>\n\t<meta property=\"og:image:width\" content=\"1600\" \/>\n\t<meta property=\"og:image:height\" content=\"900\" \/>\n\t<meta property=\"og:image:type\" content=\"image\/jpeg\" \/>\n<meta name=\"twitter:card\" content=\"summary_large_image\" \/>\n<script type=\"application\/ld+json\" class=\"yoast-schema-graph\">{\"@context\":\"https:\\\/\\\/schema.org\",\"@graph\":[{\"@type\":\"WebPage\",\"@id\":\"https:\\\/\\\/abconcretedesign.com\\\/hu\\\/uzlet\\\/beton-ekszer\\\/ferfi\\\/terrazzo-vilagos-beton-mandzsettagombok\\\/\",\"url\":\"https:\\\/\\\/abconcretedesign.com\\\/hu\\\/uzlet\\\/beton-ekszer\\\/ferfi\\\/terrazzo-vilagos-beton-mandzsettagombok\\\/\",\"name\":\"TERRAZZO Vil\u00e1gos Beton Mandzsettagombok &#187; AB Concrete Design\",\"isPartOf\":{\"@id\":\"https:\\\/\\\/abconcretedesign.com\\\/hu\\\/#website\"},\"primaryImageOfPage\":{\"@id\":\"https:\\\/\\\/abconcretedesign.com\\\/hu\\\/uzlet\\\/beton-ekszer\\\/ferfi\\\/terrazzo-vilagos-beton-mandzsettagombok\\\/#primaryimage\"},\"image\":{\"@id\":\"https:\\\/\\\/abconcretedesign.com\\\/hu\\\/uzlet\\\/beton-ekszer\\\/ferfi\\\/terrazzo-vilagos-beton-mandzsettagombok\\\/#primaryimage\"},\"thumbnailUrl\":\"https:\\\/\\\/abconcretedesign.com\\\/wp-content\\\/uploads\\\/2019\\\/02\\\/concrete-cufflink-blue-white.jpg\",\"datePublished\":\"2019-02-23T22:28:33+00:00\",\"dateModified\":\"2023-04-28T06:54:23+00:00\",\"description\":\"Beton mandzsettagomb, melyet izgalmas, sz\u00ednes, csiszolt m\u0171anyag szemcs\u00e9k tesznek igaz\u00e1n egyediv\u00e9 \u2013 kifinomult, st\u00edlusos \u00e9s biztosan felt\u0171n\u00e9st kelt\u0151 kieg\u00e9sz\u00edt\u0151 f\u00e9rfiaknak.\",\"breadcrumb\":{\"@id\":\"https:\\\/\\\/abconcretedesign.com\\\/hu\\\/uzlet\\\/beton-ekszer\\\/ferfi\\\/terrazzo-vilagos-beton-mandzsettagombok\\\/#breadcrumb\"},\"inLanguage\":\"hu\",\"potentialAction\":[{\"@type\":\"ReadAction\",\"target\":[\"https:\\\/\\\/abconcretedesign.com\\\/hu\\\/uzlet\\\/beton-ekszer\\\/ferfi\\\/terrazzo-vilagos-beton-mandzsettagombok\\\/\"]}]},{\"@type\":\"ImageObject\",\"inLanguage\":\"hu\",\"@id\":\"https:\\\/\\\/abconcretedesign.com\\\/hu\\\/uzlet\\\/beton-ekszer\\\/ferfi\\\/terrazzo-vilagos-beton-mandzsettagombok\\\/#primaryimage\",\"url\":\"https:\\\/\\\/abconcretedesign.com\\\/wp-content\\\/uploads\\\/2019\\\/02\\\/concrete-cufflink-blue-white.jpg\",\"contentUrl\":\"https:\\\/\\\/abconcretedesign.com\\\/wp-content\\\/uploads\\\/2019\\\/02\\\/concrete-cufflink-blue-white.jpg\",\"width\":1600,\"height\":900,\"caption\":\"Beton Mandzsettagomb kek-feher stilusos ferfiaknak\"},{\"@type\":\"BreadcrumbList\",\"@id\":\"https:\\\/\\\/abconcretedesign.com\\\/hu\\\/uzlet\\\/beton-ekszer\\\/ferfi\\\/terrazzo-vilagos-beton-mandzsettagombok\\\/#breadcrumb\",\"itemListElement\":[{\"@type\":\"ListItem\",\"position\":1,\"name\":\"F\u0151oldal\",\"item\":\"https:\\\/\\\/abconcretedesign.com\\\/hu\\\/\"},{\"@type\":\"ListItem\",\"position\":2,\"name\":\"Shop\",\"item\":\"https:\\\/\\\/abconcretedesign.com\\\/hu\\\/uzlet\\\/\"},{\"@type\":\"ListItem\",\"position\":3,\"name\":\"TERRAZZO Vil\u00e1gos Beton Mandzsettagombok\"}]},{\"@type\":\"WebSite\",\"@id\":\"https:\\\/\\\/abconcretedesign.com\\\/hu\\\/#website\",\"url\":\"https:\\\/\\\/abconcretedesign.com\\\/hu\\\/\",\"name\":\"AB Concrete Design and Business Gifts\",\"description\":\"Beton Design T\u00e1rgyak, \u00c9kszer \u00e9s \u00dczleti Aj\u00e1nd\u00e9k, Beton Tr\u00f3fe\u00e1k\",\"publisher\":{\"@id\":\"https:\\\/\\\/abconcretedesign.com\\\/hu\\\/#organization\"},\"potentialAction\":[{\"@type\":\"SearchAction\",\"target\":{\"@type\":\"EntryPoint\",\"urlTemplate\":\"https:\\\/\\\/abconcretedesign.com\\\/hu\\\/?s={search_term_string}\"},\"query-input\":{\"@type\":\"PropertyValueSpecification\",\"valueRequired\":true,\"valueName\":\"search_term_string\"}}],\"inLanguage\":\"hu\"},{\"@type\":\"Organization\",\"@id\":\"https:\\\/\\\/abconcretedesign.com\\\/hu\\\/#organization\",\"name\":\"AB Concrete Design\",\"url\":\"https:\\\/\\\/abconcretedesign.com\\\/hu\\\/\",\"logo\":{\"@type\":\"ImageObject\",\"inLanguage\":\"hu\",\"@id\":\"https:\\\/\\\/abconcretedesign.com\\\/hu\\\/#\\\/schema\\\/logo\\\/image\\\/\",\"url\":\"https:\\\/\\\/abconcretedesign.com\\\/wp-content\\\/uploads\\\/2019\\\/04\\\/ab-concrete-design-logo.jpg\",\"contentUrl\":\"https:\\\/\\\/abconcretedesign.com\\\/wp-content\\\/uploads\\\/2019\\\/04\\\/ab-concrete-design-logo.jpg\",\"width\":351,\"height\":89,\"caption\":\"AB Concrete Design\"},\"image\":{\"@id\":\"https:\\\/\\\/abconcretedesign.com\\\/hu\\\/#\\\/schema\\\/logo\\\/image\\\/\"}}]}<\/script>\n<!-- \/ Yoast SEO Premium plugin. -->","yoast_head_json":{"title":"TERRAZZO Vil\u00e1gos Beton Mandzsettagombok &#187; AB Concrete Design","description":"Beton mandzsettagomb, melyet izgalmas, sz\u00ednes, csiszolt m\u0171anyag szemcs\u00e9k tesznek igaz\u00e1n egyediv\u00e9 \u2013 kifinomult, st\u00edlusos \u00e9s biztosan felt\u0171n\u00e9st kelt\u0151 kieg\u00e9sz\u00edt\u0151 f\u00e9rfiaknak.","robots":{"index":"index","follow":"follow","max-snippet":"max-snippet:-1","max-image-preview":"max-image-preview:large","max-video-preview":"max-video-preview:-1"},"canonical":"https:\/\/abconcretedesign.com\/hu\/uzlet\/beton-ekszer\/ferfi\/terrazzo-vilagos-beton-mandzsettagombok\/","og_locale":"hu_HU","og_type":"article","og_title":"TERRAZZO Vil\u00e1gos Beton Mandzsettagombok","og_description":"Eleg\u00e1ns f\u00e9rfi kieg\u00e9sz\u00edt\u0151k egy csipet extravaganci\u00e1val f\u0171szerezve.","og_url":"https:\/\/abconcretedesign.com\/hu\/uzlet\/beton-ekszer\/ferfi\/terrazzo-vilagos-beton-mandzsettagombok\/","og_site_name":"AB Concrete Design","article_modified_time":"2023-04-28T06:54:23+00:00","og_image":[{"width":1600,"height":900,"url":"https:\/\/abconcretedesign.com\/wp-content\/uploads\/2019\/02\/concrete-cufflink-blue-white.jpg","type":"image\/jpeg"}],"twitter_card":"summary_large_image","schema":{"@context":"https:\/\/schema.org","@graph":[{"@type":"WebPage","@id":"https:\/\/abconcretedesign.com\/hu\/uzlet\/beton-ekszer\/ferfi\/terrazzo-vilagos-beton-mandzsettagombok\/","url":"https:\/\/abconcretedesign.com\/hu\/uzlet\/beton-ekszer\/ferfi\/terrazzo-vilagos-beton-mandzsettagombok\/","name":"TERRAZZO Vil\u00e1gos Beton Mandzsettagombok &#187; AB Concrete Design","isPartOf":{"@id":"https:\/\/abconcretedesign.com\/hu\/#website"},"primaryImageOfPage":{"@id":"https:\/\/abconcretedesign.com\/hu\/uzlet\/beton-ekszer\/ferfi\/terrazzo-vilagos-beton-mandzsettagombok\/#primaryimage"},"image":{"@id":"https:\/\/abconcretedesign.com\/hu\/uzlet\/beton-ekszer\/ferfi\/terrazzo-vilagos-beton-mandzsettagombok\/#primaryimage"},"thumbnailUrl":"https:\/\/abconcretedesign.com\/wp-content\/uploads\/2019\/02\/concrete-cufflink-blue-white.jpg","datePublished":"2019-02-23T22:28:33+00:00","dateModified":"2023-04-28T06:54:23+00:00","description":"Beton mandzsettagomb, melyet izgalmas, sz\u00ednes, csiszolt m\u0171anyag szemcs\u00e9k tesznek igaz\u00e1n egyediv\u00e9 \u2013 kifinomult, st\u00edlusos \u00e9s biztosan felt\u0171n\u00e9st kelt\u0151 kieg\u00e9sz\u00edt\u0151 f\u00e9rfiaknak.","breadcrumb":{"@id":"https:\/\/abconcretedesign.com\/hu\/uzlet\/beton-ekszer\/ferfi\/terrazzo-vilagos-beton-mandzsettagombok\/#breadcrumb"},"inLanguage":"hu","potentialAction":[{"@type":"ReadAction","target":["https:\/\/abconcretedesign.com\/hu\/uzlet\/beton-ekszer\/ferfi\/terrazzo-vilagos-beton-mandzsettagombok\/"]}]},{"@type":"ImageObject","inLanguage":"hu","@id":"https:\/\/abconcretedesign.com\/hu\/uzlet\/beton-ekszer\/ferfi\/terrazzo-vilagos-beton-mandzsettagombok\/#primaryimage","url":"https:\/\/abconcretedesign.com\/wp-content\/uploads\/2019\/02\/concrete-cufflink-blue-white.jpg","contentUrl":"https:\/\/abconcretedesign.com\/wp-content\/uploads\/2019\/02\/concrete-cufflink-blue-white.jpg","width":1600,"height":900,"caption":"Beton Mandzsettagomb kek-feher stilusos ferfiaknak"},{"@type":"BreadcrumbList","@id":"https:\/\/abconcretedesign.com\/hu\/uzlet\/beton-ekszer\/ferfi\/terrazzo-vilagos-beton-mandzsettagombok\/#breadcrumb","itemListElement":[{"@type":"ListItem","position":1,"name":"F\u0151oldal","item":"https:\/\/abconcretedesign.com\/hu\/"},{"@type":"ListItem","position":2,"name":"Shop","item":"https:\/\/abconcretedesign.com\/hu\/uzlet\/"},{"@type":"ListItem","position":3,"name":"TERRAZZO Vil\u00e1gos Beton Mandzsettagombok"}]},{"@type":"WebSite","@id":"https:\/\/abconcretedesign.com\/hu\/#website","url":"https:\/\/abconcretedesign.com\/hu\/","name":"AB Concrete Design and Business Gifts","description":"Beton Design T\u00e1rgyak, \u00c9kszer \u00e9s \u00dczleti Aj\u00e1nd\u00e9k, Beton Tr\u00f3fe\u00e1k","publisher":{"@id":"https:\/\/abconcretedesign.com\/hu\/#organization"},"potentialAction":[{"@type":"SearchAction","target":{"@type":"EntryPoint","urlTemplate":"https:\/\/abconcretedesign.com\/hu\/?s={search_term_string}"},"query-input":{"@type":"PropertyValueSpecification","valueRequired":true,"valueName":"search_term_string"}}],"inLanguage":"hu"},{"@type":"Organization","@id":"https:\/\/abconcretedesign.com\/hu\/#organization","name":"AB Concrete Design","url":"https:\/\/abconcretedesign.com\/hu\/","logo":{"@type":"ImageObject","inLanguage":"hu","@id":"https:\/\/abconcretedesign.com\/hu\/#\/schema\/logo\/image\/","url":"https:\/\/abconcretedesign.com\/wp-content\/uploads\/2019\/04\/ab-concrete-design-logo.jpg","contentUrl":"https:\/\/abconcretedesign.com\/wp-content\/uploads\/2019\/04\/ab-concrete-design-logo.jpg","width":351,"height":89,"caption":"AB Concrete Design"},"image":{"@id":"https:\/\/abconcretedesign.com\/hu\/#\/schema\/logo\/image\/"}}]}},"_links":{"self":[{"href":"https:\/\/abconcretedesign.com\/hu\/wp-json\/wp\/v2\/product\/4637","targetHints":{"allow":["GET"]}}],"collection":[{"href":"https:\/\/abconcretedesign.com\/hu\/wp-json\/wp\/v2\/product"}],"about":[{"href":"https:\/\/abconcretedesign.com\/hu\/wp-json\/wp\/v2\/types\/product"}],"replies":[{"embeddable":true,"href":"https:\/\/abconcretedesign.com\/hu\/wp-json\/wp\/v2\/comments?post=4637"}],"version-history":[{"count":0,"href":"https:\/\/abconcretedesign.com\/hu\/wp-json\/wp\/v2\/product\/4637\/revisions"}],"wp:featuredmedia":[{"embeddable":true,"href":"https:\/\/abconcretedesign.com\/hu\/wp-json\/wp\/v2\/media\/4775"}],"wp:attachment":[{"href":"https:\/\/abconcretedesign.com\/hu\/wp-json\/wp\/v2\/media?parent=4637"}],"wp:term":[{"taxonomy":"product_brand","embeddable":true,"href":"https:\/\/abconcretedesign.com\/hu\/wp-json\/wp\/v2\/product_brand?post=4637"},{"taxonomy":"product_cat","embeddable":true,"href":"https:\/\/abconcretedesign.com\/hu\/wp-json\/wp\/v2\/product_cat?post=4637"},{"taxonomy":"product_tag","embeddable":true,"href":"https:\/\/abconcretedesign.com\/hu\/wp-json\/wp\/v2\/product_tag?post=4637"}],"curies":[{"name":"wp","href":"https:\/\/api.w.org\/{rel}","templated":true}]}}