{"id":3651,"date":"2019-02-24T00:02:33","date_gmt":"2019-02-23T23:02:33","guid":{"rendered":"https:\/\/abconcretedesign.com\/shop\/nem-kategorizalt\/blub-beton-mecses-tarto-nr-02\/"},"modified":"2023-11-15T08:17:51","modified_gmt":"2023-11-15T07:17:51","slug":"blub-beton-mecses-tarto-nr-02","status":"publish","type":"product","link":"https:\/\/abconcretedesign.com\/hu\/uzlet\/beton-lakas-dekoracio\/blub-beton-mecses-tarto-nr-02\/","title":{"rendered":"BLUB Beton M\u00e9csestart\u00f3 &#8211; Nr.02"},"content":{"rendered":"<h4>Puha, kerekded form\u00e1jukkal, sima, f\u00e9nyes fel\u00fclet\u00fckkel \u00e9s a m\u00e9cses l\u00e1gy f\u00e9ny\u00e9vel a BLUB csal\u00e1d beton sz\u00e9ps\u00e9gei az otthonod sz\u00edvmelenget\u0151 \u00e9s st\u00edlusos kieg\u00e9sz\u00edt\u0151i lesznek. Legyen sz\u00f3 b\u00e1rmilyen t\u00e9rr\u0151l, a romantikust\u00f3l a skandin\u00e1v minim\u00e1l enteri\u0151r\u00f6kig minden t\u00e9rbe illeszkednek \u2013 ak\u00e1r \u00f6n\u00e1ll\u00f3an, ak\u00e1r egy\u00fctt a sorozat t\u00f6bbi darabj\u00e1val.<\/h4>\n<div class=\"is-divider divider clearfix\" style=\"max-width:20px;height:20px;background-color:rgb(255, 255, 255);\"><\/div>\n\t<div id=\"gap-1594228905\" class=\"gap-element clearfix\" style=\"display:block; height:auto;\">\n\t\t\n<style>\n#gap-1594228905 {\n  padding-top: 30px;\n}\n<\/style>\n\t<\/div>\n\t\n<div class=\"row\"  id=\"row-564348782\">\n\n\t<div id=\"col-2147041625\" class=\"col medium-7 small-12 large-7\"  >\n\t\t\t\t<div class=\"col-inner\"  >\n\t\t\t\n\t\t\t\n<h2><strong>Mit jelent a BLUB elnevez\u00e9s?<\/strong><\/h2>\n\t<div id=\"gap-1727144480\" class=\"gap-element clearfix\" style=\"display:block; height:auto;\">\n\t\t\n<style>\n#gap-1727144480 {\n  padding-top: 30px;\n}\n<\/style>\n\t<\/div>\n\t\n<p>Elj\u00e1tszottunk a gondolattal, milyen hangja lenne ezeknek a designer beton lak\u00e1skieg\u00e9sz\u00edt\u0151knek. \u00cdgy tal\u00e1ltunk r\u00e1 a BLUB sz\u00f3ra, amely szerint\u00fcnk t\u00f6k\u00e9letesen visszaadja az apr\u00f3, j\u00e1t\u00e9kos, de minimalista eleganci\u00e1t is t\u00fckr\u00f6z\u0151 t\u00e1rgy lelk\u00e9t.<\/p>\n\t\t<\/div>\n\t\t\t\t\t<\/div>\n\n\t\n\n\t<div id=\"col-1412003824\" class=\"col medium-1 small-12 large-1\"  >\n\t\t\t\t<div class=\"col-inner\"  >\n\t\t\t\n\t\t\t\n\t\t<\/div>\n\t\t\t\t\t<\/div>\n\n\t\n\n\t<div id=\"col-1907346358\" class=\"col medium-4 small-12 large-4\"  >\n\t\t\t\t<div class=\"col-inner\"  >\n\t\t\t\n\t\t\t\n\t<div class=\"img has-hover x md-x lg-x y md-y lg-y\" id=\"image_1259906332\">\n\t\t\t\t\t\t\t\t<div class=\"img-inner dark\" >\n\t\t\t<img loading=\"lazy\" decoding=\"async\" width=\"800\" height=\"800\" src=\"https:\/\/abconcretedesign.com\/wp-content\/uploads\/2020\/09\/soft-concrete-experiment-800x800.jpg\" class=\"attachment-large size-large\" alt=\"concrete experiments for soft concrete shapes\" srcset=\"https:\/\/abconcretedesign.com\/wp-content\/uploads\/2020\/09\/soft-concrete-experiment-800x800.jpg 800w, https:\/\/abconcretedesign.com\/wp-content\/uploads\/2020\/09\/soft-concrete-experiment-100x100.jpg 100w, https:\/\/abconcretedesign.com\/wp-content\/uploads\/2020\/09\/soft-concrete-experiment-510x510.jpg 510w, https:\/\/abconcretedesign.com\/wp-content\/uploads\/2020\/09\/soft-concrete-experiment-400x400.jpg 400w, https:\/\/abconcretedesign.com\/wp-content\/uploads\/2020\/09\/soft-concrete-experiment-280x280.jpg 280w, https:\/\/abconcretedesign.com\/wp-content\/uploads\/2020\/09\/soft-concrete-experiment-768x768.jpg 768w, https:\/\/abconcretedesign.com\/wp-content\/uploads\/2020\/09\/soft-concrete-experiment-600x600.jpg 600w, https:\/\/abconcretedesign.com\/wp-content\/uploads\/2020\/09\/soft-concrete-experiment.jpg 1920w\" sizes=\"auto, (max-width: 800px) 100vw, 800px\" \/>\t\t\t\t\t\t\n\t\t\t\t\t<\/div>\n\t\t\t\t\t\t\t\t\n<style>\n#image_1259906332 {\n  width: 100%;\n}\n<\/style>\n\t<\/div>\n\t\n\t\t<\/div>\n\t\t\t\t\t<\/div>\n\n\t\n<\/div>\n<h2><b>Minden darab egyedi, \u00e9pp \u00fagy, ahogy Te!<\/b><\/h2>\n\t<div id=\"gap-777371719\" class=\"gap-element clearfix\" style=\"display:block; height:auto;\">\n\t\t\n<style>\n#gap-777371719 {\n  padding-top: 30px;\n}\n<\/style>\n\t<\/div>\n\t\n<div class=\"row\"  id=\"row-1873708316\">\n\n\t<div id=\"col-2057534352\" class=\"col medium-5 small-12 large-5\"  >\n\t\t\t\t<div class=\"col-inner\"  >\n\t\t\t\n\t\t\t\n\t<div class=\"img has-hover x md-x lg-x y md-y lg-y\" id=\"image_1089313498\">\n\t\t\t\t\t\t\t\t<div class=\"img-inner dark\" >\n\t\t\t<img loading=\"lazy\" decoding=\"async\" width=\"549\" height=\"408\" src=\"https:\/\/abconcretedesign.com\/wp-content\/uploads\/2020\/09\/concrete-design-tealight-holder.jpg\" class=\"attachment-large size-large\" alt=\"close-up concrete surface photo\" srcset=\"https:\/\/abconcretedesign.com\/wp-content\/uploads\/2020\/09\/concrete-design-tealight-holder.jpg 549w, https:\/\/abconcretedesign.com\/wp-content\/uploads\/2020\/09\/concrete-design-tealight-holder-510x379.jpg 510w, https:\/\/abconcretedesign.com\/wp-content\/uploads\/2020\/09\/concrete-design-tealight-holder-538x400.jpg 538w\" sizes=\"auto, (max-width: 549px) 100vw, 549px\" \/>\t\t\t\t\t\t\n\t\t\t\t\t<\/div>\n\t\t\t\t\t\t\t\t\n<style>\n#image_1089313498 {\n  width: 100%;\n}\n<\/style>\n\t<\/div>\n\t\n\t\t<\/div>\n\t\t\t\t\t<\/div>\n\n\t\n\n\t<div id=\"col-842709484\" class=\"col medium-1 small-12 large-1\"  >\n\t\t\t\t<div class=\"col-inner\"  >\n\t\t\t\n\t\t\t\n\t\t<\/div>\n\t\t\t\t\t<\/div>\n\n\t\n\n\t<div id=\"col-395720513\" class=\"col medium-6 small-12 large-6\"  >\n\t\t\t\t<div class=\"col-inner\"  >\n\t\t\t\n\t\t\t\n<p>A term\u00e9kfejleszt\u00e9s \u00e9s gy\u00e1rt\u00e1s sor\u00e1n minden term\u00e9k\u00fcnk eset\u00e9n kifejezetten figyel\u00fcnk arra, hogy az anyag term\u00e9szetes text\u00far\u00e1j\u00e1t megtartsuk, ez\u00e9rt a beton sz\u00e9ps\u00e9g\u00e9t kiemelve lyukacsos anyaggal dolgozunk.<br \/>\n\u00cdgy a v\u00e9letlenszer\u0171en elhelyezked\u0151 l\u00e9gbubor\u00e9koknak k\u00f6sz\u00f6nhet\u0151en a v\u00e9geredm\u00e9ny minden esetben egyedi \u00e9s megism\u00e9telhetetlen lesz.<\/p>\n\t\t<\/div>\n\t\t\t\t\t<\/div>\n\n\t\n<\/div>\n\t<div id=\"gap-856324382\" class=\"gap-element clearfix\" style=\"display:block; height:auto;\">\n\t\t\n<style>\n#gap-856324382 {\n  padding-top: 30px;\n}\n<\/style>\n\t<\/div>\n\t\n<h2><b>Az ikonikus BLUB kollekci\u00f3 sz\u00fclet\u00e9se<\/b><\/h2>\n\t<div id=\"gap-1681733325\" class=\"gap-element clearfix\" style=\"display:block; height:auto;\">\n\t\t\n<style>\n#gap-1681733325 {\n  padding-top: 30px;\n}\n<\/style>\n\t<\/div>\n\t\n<p>A BLUB kollekci\u00f3 els\u0151 tesztdarabjai k\u00f6zel 10 \u00e9ve sz\u00fclettek meg egy formai k\u00eds\u00e9rletsorozat eredm\u00e9nyek\u00e9nt. Akkoriban a beton a k\u00f6ztudatban m\u00e9g rideg, indusztri\u00e1lis anyagk\u00e9nt \u00e9lt. Boldog Anita alap\u00edt\u00f3 tervez\u0151nk azonban egy olyan t\u00e1rgyr\u00f3l \u00e1lmodott, amely kedves, szerethet\u0151 \u00e9s egy \u00fajfajta beton\u00e9lm\u00e9nyt ny\u00fajt.<\/p>\n<div class=\"row\"  id=\"row-1455137749\">\n\n\t<div id=\"col-616652149\" class=\"col medium-6 small-12 large-6\"  >\n\t\t\t\t<div class=\"col-inner\"  >\n\t\t\t\n\t\t\t\n<p>Ez\u00e9rt a betont direkt egy olyan funkci\u00f3val p\u00e1ros\u00edtotta, amivel a t\u00e1rgyak a meghitt otthoni l\u00e9gk\u00f6r kieg\u00e9sz\u00edt\u0151i lehetnek. A sorozat a nemzetk\u00f6zi design sajt\u00f3ban is nagy sikert aratott, sz\u00e1mos cikk jelent meg r\u00f3la, az\u00f3ta is sokakat inspir\u00e1l.<\/p>\n<p>Hissz\u00fck, hogy ezek a t\u00e1rgyak nagyban hozz\u00e1j\u00e1rultak ahhoz, hogy a beton mint alapanyag \u00faj megvil\u00e1g\u00edt\u00e1sba ker\u00fclt az elm\u00falt \u00e9vek sor\u00e1n, \u00e9s imm\u00e1r a designkult\u00fara kiker\u00fclhetetlen szerepl\u0151je.<\/p>\n\t\t<\/div>\n\t\t\t\t\t<\/div>\n\n\t\n\n\t<div id=\"col-1175317470\" class=\"col medium-6 small-12 large-6\"  >\n\t\t\t\t<div class=\"col-inner\"  >\n\t\t\t\n\t\t\t\n\t<div class=\"img has-hover x md-x lg-x y md-y lg-y\" id=\"image_1877270574\">\n\t\t\t\t\t\t\t\t<div class=\"img-inner dark\" >\n\t\t\t<img loading=\"lazy\" decoding=\"async\" width=\"1020\" height=\"765\" src=\"https:\/\/abconcretedesign.com\/wp-content\/uploads\/2020\/09\/pink-concrete-home-accessorie-1067x800.jpg\" class=\"attachment-large size-large\" alt=\"powder-pink home decoration\" srcset=\"https:\/\/abconcretedesign.com\/wp-content\/uploads\/2020\/09\/pink-concrete-home-accessorie-1067x800.jpg 1067w, https:\/\/abconcretedesign.com\/wp-content\/uploads\/2020\/09\/pink-concrete-home-accessorie-510x383.jpg 510w, https:\/\/abconcretedesign.com\/wp-content\/uploads\/2020\/09\/pink-concrete-home-accessorie-533x400.jpg 533w, https:\/\/abconcretedesign.com\/wp-content\/uploads\/2020\/09\/pink-concrete-home-accessorie-768x576.jpg 768w, https:\/\/abconcretedesign.com\/wp-content\/uploads\/2020\/09\/pink-concrete-home-accessorie-600x450.jpg 600w, https:\/\/abconcretedesign.com\/wp-content\/uploads\/2020\/09\/pink-concrete-home-accessorie.jpg 1600w\" sizes=\"auto, (max-width: 1020px) 100vw, 1020px\" \/>\t\t\t\t\t\t\n\t\t\t\t\t<\/div>\n\t\t\t\t\t\t\t\t\n<style>\n#image_1877270574 {\n  width: 100%;\n}\n<\/style>\n\t<\/div>\n\t\n\t\t<\/div>\n\t\t\t\t\t<\/div>\n\n\t\n<\/div>\n\t<div id=\"gap-56322632\" class=\"gap-element clearfix\" style=\"display:block; height:auto;\">\n\t\t\n<style>\n#gap-56322632 {\n  padding-top: 30px;\n}\n<\/style>\n\t<\/div>\n\t\n<h3><b>Nemcsak otthonra, hanem c\u00e9ges aj\u00e1nd\u00e9kk\u00e9nt vagy rendezv\u00e9nydekor\u00e1ci\u00f3k\u00e9nt is t\u00f6k\u00e9letes v\u00e1laszt\u00e1s a BLUB sorozat!<\/b><\/h3>\n\t<div id=\"gap-137204963\" class=\"gap-element clearfix\" style=\"display:block; height:auto;\">\n\t\t\n<style>\n#gap-137204963 {\n  padding-top: 30px;\n}\n<\/style>\n\t<\/div>\n\t\n<p>Kedves \u00e9s sz\u00edvetmelenget\u0151 r\u00e9sze lehet egy c\u00e9ges aj\u00e1nd\u00e9kcsomagnak \u2013 k\u00fcl\u00f6n\u00f6sen az \u00e9v v\u00e9gi \u00fcnnepek alkalm\u00e1val. Ha Neked is fontos, hogy az aj\u00e1nd\u00e9k ne v\u00e9gezze azonnal a szem\u00e9tben, hanem \u00e9vekig haszn\u00e1latban maradjon, akkor megtal\u00e1ltad a megold\u00e1st! A BLUB beton m\u00e9csestart\u00f3k hossz\u00fa ideig eml\u00e9keztetik majd az \u00fcgyfeleket, partnereket az esem\u00e9nyre \u00e9s az aj\u00e1nd\u00e9koz\u00f3ra is.<\/p>\n<p>A m\u00e9csestart\u00f3k nagyszer\u0171 \u00e9s egyedi kieg\u00e9sz\u00edt\u0151i lehetnek egy c\u00e9ges vacsor\u00e1nak, d\u00edj\u00e1tad\u00f3nak vagy egy \u00e9ppen sv\u00e9dasztalnak is. Igaz\u00edtsd a m\u00e9cses vagy ak\u00e1r a beton sz\u00edn\u00e9t az esem\u00e9ny arculat\u00e1hoz \u2013 a vari\u00e1ci\u00f3k sz\u00e1ma hat\u00e1rtalan.<\/p>\n<p>Rendelj nagyobb t\u00e9telben, kedvezm\u00e9nyes \u00e1ron! Vedd fel vel\u00fcnk a kapcsolatot a <a href=\"mailto:sales@abconcretedesign.com\">sales@abconcretedesign.com<\/a> c\u00edmen!<\/p>\n<p>&nbsp;<\/p>\n","protected":false},"excerpt":{"rendered":"<p>Egy apr\u00f3 t\u00e1rgy, amely l\u00e1gy, sima fel\u00fclet\u00e9vel \u00e9s asszimetrikus vonalaival mag\u00e1ra vonzza a tekintetet \u2013 a Nr.02. a BLUB beton m\u00e9csestart\u00f3 sorozat k\u00f6zepes m\u00e9ret\u0171 tagja.<\/p>\n","protected":false},"featured_media":5578,"comment_status":"open","ping_status":"closed","template":"","meta":{"footnotes":""},"product_brand":[],"product_cat":[237],"product_tag":[253,251,252],"class_list":{"0":"post-3651","1":"product","2":"type-product","3":"status-publish","4":"has-post-thumbnail","6":"product_cat-beton-lakas-dekoracio","7":"product_tag-indoor-hu","8":"product_tag-decoration-hu","9":"product_tag-hangulatvilagitas","11":"first","12":"outofstock","13":"taxable","14":"shipping-taxable","15":"purchasable","16":"product-type-variable"},"yoast_head":"<!-- This site is optimized with the Yoast SEO Premium plugin v27.5 (Yoast SEO v27.5) - https:\/\/yoast.com\/product\/yoast-seo-premium-wordpress\/ -->\n<title>BLUB Beton M\u00e9csestart\u00f3 - Nr.02 &#187; AB Concrete Design<\/title>\n<meta name=\"description\" content=\"A puha form\u00e1jukkal \u00e9s a m\u00e9cses meleg f\u00e9ny\u00e9vel ezek a beton sz\u00e9ps\u00e9gek az otthonod sz\u00edvmelenget\u0151 \u00e9s st\u00edlusos kieg\u00e9sz\u00edt\u0151i lesznek.\" \/>\n<meta name=\"robots\" content=\"index, follow, max-snippet:-1, max-image-preview:large, max-video-preview:-1\" \/>\n<link rel=\"canonical\" href=\"https:\/\/abconcretedesign.com\/hu\/uzlet\/beton-lakas-dekoracio\/blub-beton-mecses-tarto-nr-02\/\" \/>\n<meta property=\"og:locale\" content=\"hu_HU\" \/>\n<meta property=\"og:type\" content=\"article\" \/>\n<meta property=\"og:title\" content=\"BLUB Beton M\u00e9csestart\u00f3 - Nr.02\" \/>\n<meta property=\"og:description\" content=\"Egy apr\u00f3 t\u00e1rgy, amely l\u00e1gy, sima fel\u00fclet\u00e9vel \u00e9s asszimetrikus vonalaival mag\u00e1ra vonzza a tekintetet \u2013 a Nr.02. a BLUB beton m\u00e9csestart\u00f3 sorozat k\u00f6zepes m\u00e9ret\u0171 tagja.\" \/>\n<meta property=\"og:url\" content=\"https:\/\/abconcretedesign.com\/hu\/uzlet\/beton-lakas-dekoracio\/blub-beton-mecses-tarto-nr-02\/\" \/>\n<meta property=\"og:site_name\" content=\"AB Concrete Design\" \/>\n<meta property=\"article:modified_time\" content=\"2023-11-15T07:17:51+00:00\" \/>\n<meta property=\"og:image\" content=\"https:\/\/abconcretedesign.com\/wp-content\/uploads\/2019\/02\/designer-tealightholder-blub-gray-white.jpg\" \/>\n\t<meta property=\"og:image:width\" content=\"1600\" \/>\n\t<meta property=\"og:image:height\" content=\"1280\" \/>\n\t<meta property=\"og:image:type\" content=\"image\/jpeg\" \/>\n<meta name=\"twitter:card\" content=\"summary_large_image\" \/>\n<script type=\"application\/ld+json\" class=\"yoast-schema-graph\">{\"@context\":\"https:\\\/\\\/schema.org\",\"@graph\":[{\"@type\":\"WebPage\",\"@id\":\"https:\\\/\\\/abconcretedesign.com\\\/hu\\\/uzlet\\\/beton-lakas-dekoracio\\\/blub-beton-mecses-tarto-nr-02\\\/\",\"url\":\"https:\\\/\\\/abconcretedesign.com\\\/hu\\\/uzlet\\\/beton-lakas-dekoracio\\\/blub-beton-mecses-tarto-nr-02\\\/\",\"name\":\"BLUB Beton M\u00e9csestart\u00f3 - Nr.02 &#187; AB Concrete Design\",\"isPartOf\":{\"@id\":\"https:\\\/\\\/abconcretedesign.com\\\/hu\\\/#website\"},\"primaryImageOfPage\":{\"@id\":\"https:\\\/\\\/abconcretedesign.com\\\/hu\\\/uzlet\\\/beton-lakas-dekoracio\\\/blub-beton-mecses-tarto-nr-02\\\/#primaryimage\"},\"image\":{\"@id\":\"https:\\\/\\\/abconcretedesign.com\\\/hu\\\/uzlet\\\/beton-lakas-dekoracio\\\/blub-beton-mecses-tarto-nr-02\\\/#primaryimage\"},\"thumbnailUrl\":\"https:\\\/\\\/abconcretedesign.com\\\/wp-content\\\/uploads\\\/2019\\\/02\\\/designer-tealightholder-blub-gray-white.jpg\",\"datePublished\":\"2019-02-23T23:02:33+00:00\",\"dateModified\":\"2023-11-15T07:17:51+00:00\",\"description\":\"A puha form\u00e1jukkal \u00e9s a m\u00e9cses meleg f\u00e9ny\u00e9vel ezek a beton sz\u00e9ps\u00e9gek az otthonod sz\u00edvmelenget\u0151 \u00e9s st\u00edlusos kieg\u00e9sz\u00edt\u0151i lesznek.\",\"breadcrumb\":{\"@id\":\"https:\\\/\\\/abconcretedesign.com\\\/hu\\\/uzlet\\\/beton-lakas-dekoracio\\\/blub-beton-mecses-tarto-nr-02\\\/#breadcrumb\"},\"inLanguage\":\"hu\",\"potentialAction\":[{\"@type\":\"ReadAction\",\"target\":[\"https:\\\/\\\/abconcretedesign.com\\\/hu\\\/uzlet\\\/beton-lakas-dekoracio\\\/blub-beton-mecses-tarto-nr-02\\\/\"]}]},{\"@type\":\"ImageObject\",\"inLanguage\":\"hu\",\"@id\":\"https:\\\/\\\/abconcretedesign.com\\\/hu\\\/uzlet\\\/beton-lakas-dekoracio\\\/blub-beton-mecses-tarto-nr-02\\\/#primaryimage\",\"url\":\"https:\\\/\\\/abconcretedesign.com\\\/wp-content\\\/uploads\\\/2019\\\/02\\\/designer-tealightholder-blub-gray-white.jpg\",\"contentUrl\":\"https:\\\/\\\/abconcretedesign.com\\\/wp-content\\\/uploads\\\/2019\\\/02\\\/designer-tealightholder-blub-gray-white.jpg\",\"width\":1600,\"height\":1280,\"caption\":\"Designer beton m\u00e9csestart\u00f3k sz\u00fcrke \u00e9s feh\u00e9r sz\u00ednben\"},{\"@type\":\"BreadcrumbList\",\"@id\":\"https:\\\/\\\/abconcretedesign.com\\\/hu\\\/uzlet\\\/beton-lakas-dekoracio\\\/blub-beton-mecses-tarto-nr-02\\\/#breadcrumb\",\"itemListElement\":[{\"@type\":\"ListItem\",\"position\":1,\"name\":\"F\u0151oldal\",\"item\":\"https:\\\/\\\/abconcretedesign.com\\\/hu\\\/\"},{\"@type\":\"ListItem\",\"position\":2,\"name\":\"Shop\",\"item\":\"https:\\\/\\\/abconcretedesign.com\\\/hu\\\/uzlet\\\/\"},{\"@type\":\"ListItem\",\"position\":3,\"name\":\"BLUB Beton M\u00e9csestart\u00f3 &#8211; Nr.02\"}]},{\"@type\":\"WebSite\",\"@id\":\"https:\\\/\\\/abconcretedesign.com\\\/hu\\\/#website\",\"url\":\"https:\\\/\\\/abconcretedesign.com\\\/hu\\\/\",\"name\":\"AB Concrete Design and Business Gifts\",\"description\":\"Beton Design T\u00e1rgyak, \u00c9kszer \u00e9s \u00dczleti Aj\u00e1nd\u00e9k, Beton Tr\u00f3fe\u00e1k\",\"publisher\":{\"@id\":\"https:\\\/\\\/abconcretedesign.com\\\/hu\\\/#organization\"},\"potentialAction\":[{\"@type\":\"SearchAction\",\"target\":{\"@type\":\"EntryPoint\",\"urlTemplate\":\"https:\\\/\\\/abconcretedesign.com\\\/hu\\\/?s={search_term_string}\"},\"query-input\":{\"@type\":\"PropertyValueSpecification\",\"valueRequired\":true,\"valueName\":\"search_term_string\"}}],\"inLanguage\":\"hu\"},{\"@type\":\"Organization\",\"@id\":\"https:\\\/\\\/abconcretedesign.com\\\/hu\\\/#organization\",\"name\":\"AB Concrete Design\",\"url\":\"https:\\\/\\\/abconcretedesign.com\\\/hu\\\/\",\"logo\":{\"@type\":\"ImageObject\",\"inLanguage\":\"hu\",\"@id\":\"https:\\\/\\\/abconcretedesign.com\\\/hu\\\/#\\\/schema\\\/logo\\\/image\\\/\",\"url\":\"https:\\\/\\\/abconcretedesign.com\\\/wp-content\\\/uploads\\\/2019\\\/04\\\/ab-concrete-design-logo.jpg\",\"contentUrl\":\"https:\\\/\\\/abconcretedesign.com\\\/wp-content\\\/uploads\\\/2019\\\/04\\\/ab-concrete-design-logo.jpg\",\"width\":351,\"height\":89,\"caption\":\"AB Concrete Design\"},\"image\":{\"@id\":\"https:\\\/\\\/abconcretedesign.com\\\/hu\\\/#\\\/schema\\\/logo\\\/image\\\/\"}}]}<\/script>\n<!-- \/ Yoast SEO Premium plugin. -->","yoast_head_json":{"title":"BLUB Beton M\u00e9csestart\u00f3 - Nr.02 &#187; AB Concrete Design","description":"A puha form\u00e1jukkal \u00e9s a m\u00e9cses meleg f\u00e9ny\u00e9vel ezek a beton sz\u00e9ps\u00e9gek az otthonod sz\u00edvmelenget\u0151 \u00e9s st\u00edlusos kieg\u00e9sz\u00edt\u0151i lesznek.","robots":{"index":"index","follow":"follow","max-snippet":"max-snippet:-1","max-image-preview":"max-image-preview:large","max-video-preview":"max-video-preview:-1"},"canonical":"https:\/\/abconcretedesign.com\/hu\/uzlet\/beton-lakas-dekoracio\/blub-beton-mecses-tarto-nr-02\/","og_locale":"hu_HU","og_type":"article","og_title":"BLUB Beton M\u00e9csestart\u00f3 - Nr.02","og_description":"Egy apr\u00f3 t\u00e1rgy, amely l\u00e1gy, sima fel\u00fclet\u00e9vel \u00e9s asszimetrikus vonalaival mag\u00e1ra vonzza a tekintetet \u2013 a Nr.02. a BLUB beton m\u00e9csestart\u00f3 sorozat k\u00f6zepes m\u00e9ret\u0171 tagja.","og_url":"https:\/\/abconcretedesign.com\/hu\/uzlet\/beton-lakas-dekoracio\/blub-beton-mecses-tarto-nr-02\/","og_site_name":"AB Concrete Design","article_modified_time":"2023-11-15T07:17:51+00:00","og_image":[{"width":1600,"height":1280,"url":"https:\/\/abconcretedesign.com\/wp-content\/uploads\/2019\/02\/designer-tealightholder-blub-gray-white.jpg","type":"image\/jpeg"}],"twitter_card":"summary_large_image","schema":{"@context":"https:\/\/schema.org","@graph":[{"@type":"WebPage","@id":"https:\/\/abconcretedesign.com\/hu\/uzlet\/beton-lakas-dekoracio\/blub-beton-mecses-tarto-nr-02\/","url":"https:\/\/abconcretedesign.com\/hu\/uzlet\/beton-lakas-dekoracio\/blub-beton-mecses-tarto-nr-02\/","name":"BLUB Beton M\u00e9csestart\u00f3 - Nr.02 &#187; AB Concrete Design","isPartOf":{"@id":"https:\/\/abconcretedesign.com\/hu\/#website"},"primaryImageOfPage":{"@id":"https:\/\/abconcretedesign.com\/hu\/uzlet\/beton-lakas-dekoracio\/blub-beton-mecses-tarto-nr-02\/#primaryimage"},"image":{"@id":"https:\/\/abconcretedesign.com\/hu\/uzlet\/beton-lakas-dekoracio\/blub-beton-mecses-tarto-nr-02\/#primaryimage"},"thumbnailUrl":"https:\/\/abconcretedesign.com\/wp-content\/uploads\/2019\/02\/designer-tealightholder-blub-gray-white.jpg","datePublished":"2019-02-23T23:02:33+00:00","dateModified":"2023-11-15T07:17:51+00:00","description":"A puha form\u00e1jukkal \u00e9s a m\u00e9cses meleg f\u00e9ny\u00e9vel ezek a beton sz\u00e9ps\u00e9gek az otthonod sz\u00edvmelenget\u0151 \u00e9s st\u00edlusos kieg\u00e9sz\u00edt\u0151i lesznek.","breadcrumb":{"@id":"https:\/\/abconcretedesign.com\/hu\/uzlet\/beton-lakas-dekoracio\/blub-beton-mecses-tarto-nr-02\/#breadcrumb"},"inLanguage":"hu","potentialAction":[{"@type":"ReadAction","target":["https:\/\/abconcretedesign.com\/hu\/uzlet\/beton-lakas-dekoracio\/blub-beton-mecses-tarto-nr-02\/"]}]},{"@type":"ImageObject","inLanguage":"hu","@id":"https:\/\/abconcretedesign.com\/hu\/uzlet\/beton-lakas-dekoracio\/blub-beton-mecses-tarto-nr-02\/#primaryimage","url":"https:\/\/abconcretedesign.com\/wp-content\/uploads\/2019\/02\/designer-tealightholder-blub-gray-white.jpg","contentUrl":"https:\/\/abconcretedesign.com\/wp-content\/uploads\/2019\/02\/designer-tealightholder-blub-gray-white.jpg","width":1600,"height":1280,"caption":"Designer beton m\u00e9csestart\u00f3k sz\u00fcrke \u00e9s feh\u00e9r sz\u00ednben"},{"@type":"BreadcrumbList","@id":"https:\/\/abconcretedesign.com\/hu\/uzlet\/beton-lakas-dekoracio\/blub-beton-mecses-tarto-nr-02\/#breadcrumb","itemListElement":[{"@type":"ListItem","position":1,"name":"F\u0151oldal","item":"https:\/\/abconcretedesign.com\/hu\/"},{"@type":"ListItem","position":2,"name":"Shop","item":"https:\/\/abconcretedesign.com\/hu\/uzlet\/"},{"@type":"ListItem","position":3,"name":"BLUB Beton M\u00e9csestart\u00f3 &#8211; Nr.02"}]},{"@type":"WebSite","@id":"https:\/\/abconcretedesign.com\/hu\/#website","url":"https:\/\/abconcretedesign.com\/hu\/","name":"AB Concrete Design and Business Gifts","description":"Beton Design T\u00e1rgyak, \u00c9kszer \u00e9s \u00dczleti Aj\u00e1nd\u00e9k, Beton Tr\u00f3fe\u00e1k","publisher":{"@id":"https:\/\/abconcretedesign.com\/hu\/#organization"},"potentialAction":[{"@type":"SearchAction","target":{"@type":"EntryPoint","urlTemplate":"https:\/\/abconcretedesign.com\/hu\/?s={search_term_string}"},"query-input":{"@type":"PropertyValueSpecification","valueRequired":true,"valueName":"search_term_string"}}],"inLanguage":"hu"},{"@type":"Organization","@id":"https:\/\/abconcretedesign.com\/hu\/#organization","name":"AB Concrete Design","url":"https:\/\/abconcretedesign.com\/hu\/","logo":{"@type":"ImageObject","inLanguage":"hu","@id":"https:\/\/abconcretedesign.com\/hu\/#\/schema\/logo\/image\/","url":"https:\/\/abconcretedesign.com\/wp-content\/uploads\/2019\/04\/ab-concrete-design-logo.jpg","contentUrl":"https:\/\/abconcretedesign.com\/wp-content\/uploads\/2019\/04\/ab-concrete-design-logo.jpg","width":351,"height":89,"caption":"AB Concrete Design"},"image":{"@id":"https:\/\/abconcretedesign.com\/hu\/#\/schema\/logo\/image\/"}}]}},"_links":{"self":[{"href":"https:\/\/abconcretedesign.com\/hu\/wp-json\/wp\/v2\/product\/3651","targetHints":{"allow":["GET"]}}],"collection":[{"href":"https:\/\/abconcretedesign.com\/hu\/wp-json\/wp\/v2\/product"}],"about":[{"href":"https:\/\/abconcretedesign.com\/hu\/wp-json\/wp\/v2\/types\/product"}],"replies":[{"embeddable":true,"href":"https:\/\/abconcretedesign.com\/hu\/wp-json\/wp\/v2\/comments?post=3651"}],"version-history":[{"count":9,"href":"https:\/\/abconcretedesign.com\/hu\/wp-json\/wp\/v2\/product\/3651\/revisions"}],"predecessor-version":[{"id":30714,"href":"https:\/\/abconcretedesign.com\/hu\/wp-json\/wp\/v2\/product\/3651\/revisions\/30714"}],"wp:featuredmedia":[{"embeddable":true,"href":"https:\/\/abconcretedesign.com\/hu\/wp-json\/wp\/v2\/media\/5578"}],"wp:attachment":[{"href":"https:\/\/abconcretedesign.com\/hu\/wp-json\/wp\/v2\/media?parent=3651"}],"wp:term":[{"taxonomy":"product_brand","embeddable":true,"href":"https:\/\/abconcretedesign.com\/hu\/wp-json\/wp\/v2\/product_brand?post=3651"},{"taxonomy":"product_cat","embeddable":true,"href":"https:\/\/abconcretedesign.com\/hu\/wp-json\/wp\/v2\/product_cat?post=3651"},{"taxonomy":"product_tag","embeddable":true,"href":"https:\/\/abconcretedesign.com\/hu\/wp-json\/wp\/v2\/product_tag?post=3651"}],"curies":[{"name":"wp","href":"https:\/\/api.w.org\/{rel}","templated":true}]}}