{"id":28948,"date":"2023-05-05T07:21:55","date_gmt":"2023-05-05T05:21:55","guid":{"rendered":"https:\/\/abconcretedesign.com\/shop\/nem-kategorizalt\/concrete-fanatic-magnes-kollekcio\/"},"modified":"2023-11-15T07:51:14","modified_gmt":"2023-11-15T06:51:14","slug":"concrete-fanatic-magnes-kollekcio","status":"publish","type":"product","link":"https:\/\/abconcretedesign.com\/hu\/uzlet\/beton-lakas-dekoracio\/concrete-fanatic-magnes-kollekcio\/","title":{"rendered":"Concrete Fanatic M\u00e1gnes Kollekci\u00f3"},"content":{"rendered":"<h3>Ezekkel a m\u00e1gnesekkel \u00fcnnepelj\u00fck m\u00e1rk\u00e1nk tizedik sz\u00fclet\u00e9snapj\u00e1t! A kollekci\u00f3t Muray Eszter grafikus tervezte, az AB Concrete Design szlogeneinek felhaszn\u00e1l\u00e1s\u00e1val. A csomag szem\u00e9lyre szabhat\u00f3 &#8211; a h\u00e1rom t\u00edpust h\u00e1rom alapsz\u00ednben gy\u00e1rtjuk, \u00edgy te magad v\u00e1laszthatod ki, hogy milyen sz\u00edn\u00f6ssze\u00e1ll\u00edt\u00e1s\u00fa legyen a szetted.<\/h3>\n\t<div id=\"gap-1097292165\" class=\"gap-element clearfix\" style=\"display:block; height:auto;\">\n\t\t\n<style>\n#gap-1097292165 {\n  padding-top: 30px;\n}\n<\/style>\n\t<\/div>\n\t\n<div class=\"row\"  id=\"row-257389830\">\n\n\t<div id=\"col-41901730\" class=\"col medium-4 small-12 large-4\"  >\n\t\t\t\t<div class=\"col-inner\"  >\n\t\t\t\n\t\t\t\n\t<div class=\"box has-hover   has-hover box-text-bottom\" >\n\n\t\t<div class=\"box-image\" >\n\t\t\t\t\t\t<div class=\"\" >\n\t\t\t\t<img loading=\"lazy\" decoding=\"async\" width=\"1600\" height=\"1200\" src=\"https:\/\/abconcretedesign.com\/wp-content\/uploads\/2023\/04\/graphic-design-concrete-crossword.jpg\" class=\"attachment- size-\" alt=\"\" srcset=\"https:\/\/abconcretedesign.com\/wp-content\/uploads\/2023\/04\/graphic-design-concrete-crossword.jpg 1600w, https:\/\/abconcretedesign.com\/wp-content\/uploads\/2023\/04\/graphic-design-concrete-crossword-510x383.jpg 510w, https:\/\/abconcretedesign.com\/wp-content\/uploads\/2023\/04\/graphic-design-concrete-crossword-533x400.jpg 533w, https:\/\/abconcretedesign.com\/wp-content\/uploads\/2023\/04\/graphic-design-concrete-crossword-1067x800.jpg 1067w, https:\/\/abconcretedesign.com\/wp-content\/uploads\/2023\/04\/graphic-design-concrete-crossword-768x576.jpg 768w, https:\/\/abconcretedesign.com\/wp-content\/uploads\/2023\/04\/graphic-design-concrete-crossword-600x450.jpg 600w\" sizes=\"auto, (max-width: 1600px) 100vw, 1600px\" \/>\t\t\t\t\t\t\t\t\t\t\t<\/div>\n\t\t\t\t\t<\/div>\n\n\t\t<div class=\"box-text text-center\" >\n\t\t\t<div class=\"box-text-inner\">\n\t\t\t\t\n<h4><span style=\"font-size: 120%;\">Crossword Puzzle<\/span><\/h4>\n\t\t\t<\/div>\n\t\t<\/div>\n\t<\/div>\n\t\n\t\t<\/div>\n\t\t\t\t\t<\/div>\n\n\t\n\n\t<div id=\"col-881517548\" class=\"col medium-4 small-12 large-4\"  >\n\t\t\t\t<div class=\"col-inner\"  >\n\t\t\t\n\t\t\t\n\t<div class=\"box has-hover   has-hover box-text-bottom\" >\n\n\t\t<div class=\"box-image\" >\n\t\t\t\t\t\t<div class=\"\" >\n\t\t\t\t<img loading=\"lazy\" decoding=\"async\" width=\"1600\" height=\"1200\" src=\"https:\/\/abconcretedesign.com\/wp-content\/uploads\/2023\/04\/concrete-design-brand-slogen.jpg\" class=\"attachment- size-\" alt=\"\" srcset=\"https:\/\/abconcretedesign.com\/wp-content\/uploads\/2023\/04\/concrete-design-brand-slogen.jpg 1600w, https:\/\/abconcretedesign.com\/wp-content\/uploads\/2023\/04\/concrete-design-brand-slogen-510x383.jpg 510w, https:\/\/abconcretedesign.com\/wp-content\/uploads\/2023\/04\/concrete-design-brand-slogen-533x400.jpg 533w, https:\/\/abconcretedesign.com\/wp-content\/uploads\/2023\/04\/concrete-design-brand-slogen-1067x800.jpg 1067w, https:\/\/abconcretedesign.com\/wp-content\/uploads\/2023\/04\/concrete-design-brand-slogen-768x576.jpg 768w, https:\/\/abconcretedesign.com\/wp-content\/uploads\/2023\/04\/concrete-design-brand-slogen-600x450.jpg 600w\" sizes=\"auto, (max-width: 1600px) 100vw, 1600px\" \/>\t\t\t\t\t\t\t\t\t\t\t<\/div>\n\t\t\t\t\t<\/div>\n\n\t\t<div class=\"box-text text-center\" >\n\t\t\t<div class=\"box-text-inner\">\n\t\t\t\t\n<h4><span style=\"font-size: 120%;\">No Stereotypes<\/span><\/h4>\n\t\t\t<\/div>\n\t\t<\/div>\n\t<\/div>\n\t\n\t\t<\/div>\n\t\t\t\t\t<\/div>\n\n\t\n\n\t<div id=\"col-1300776536\" class=\"col medium-4 small-12 large-4\"  >\n\t\t\t\t<div class=\"col-inner\"  >\n\t\t\t\n\t\t\t\n\t<div class=\"box has-hover   has-hover box-text-bottom\" >\n\n\t\t<div class=\"box-image\" >\n\t\t\t\t\t\t<div class=\"\" >\n\t\t\t\t<img loading=\"lazy\" decoding=\"async\" width=\"1600\" height=\"1200\" src=\"https:\/\/abconcretedesign.com\/wp-content\/uploads\/2023\/04\/gold-bar-concrete-magnet.jpg\" class=\"attachment- size-\" alt=\"\" srcset=\"https:\/\/abconcretedesign.com\/wp-content\/uploads\/2023\/04\/gold-bar-concrete-magnet.jpg 1600w, https:\/\/abconcretedesign.com\/wp-content\/uploads\/2023\/04\/gold-bar-concrete-magnet-510x383.jpg 510w, https:\/\/abconcretedesign.com\/wp-content\/uploads\/2023\/04\/gold-bar-concrete-magnet-533x400.jpg 533w, https:\/\/abconcretedesign.com\/wp-content\/uploads\/2023\/04\/gold-bar-concrete-magnet-1067x800.jpg 1067w, https:\/\/abconcretedesign.com\/wp-content\/uploads\/2023\/04\/gold-bar-concrete-magnet-768x576.jpg 768w, https:\/\/abconcretedesign.com\/wp-content\/uploads\/2023\/04\/gold-bar-concrete-magnet-600x450.jpg 600w\" sizes=\"auto, (max-width: 1600px) 100vw, 1600px\" \/>\t\t\t\t\t\t\t\t\t\t\t<\/div>\n\t\t\t\t\t<\/div>\n\n\t\t<div class=\"box-text text-center\" >\n\t\t\t<div class=\"box-text-inner\">\n\t\t\t\t\n<h4><span style=\"font-size: 120%;\">Gold Bar<\/span><\/h4>\n\t\t\t<\/div>\n\t\t<\/div>\n\t<\/div>\n\t\n\t\t<\/div>\n\t\t\t\t\t<\/div>\n\n\t\n<\/div>\n<p>Fontos sz\u00e1munkra, hogy egyedi, saj\u00e1t fejleszt\u00e9s\u0171 techn\u00f3gi\u00e1nkkal megmutassuk, mennyire sokoldal\u00fa a beton, mint alapanyag, ami a lakberendez\u00e9s \u00e9s a divat vil\u00e1g\u00e1ban is helyet \u00e9rdemel. A m\u00e1gnesekben tal\u00e1lkozik az AB Concrete Design k\u00e9t legfontosabb jellemz\u0151je &#8211; a grafika finom r\u00e9szleteinek megjelen\u00edt\u00e9se a beton fel\u00fclet\u00e9n, \u00e9s a lak\u00e1sba vagy irod\u00e1ba t\u00f6k\u00e9letesen illeszked\u0151 kieg\u00e9sz\u00edt\u0151k. A legapr\u00f3bb dekor\u00e1ci\u00f3s t\u00e1rgyak is megmutathatjuk a st\u00edlusunkat &#8211; ezek a r\u00e9szletek teljess\u00e9 az \u00f6sszk\u00e9pet.<\/p>\n<p>A Concrete Fanatic szett t\u00f6k\u00e9letes aj\u00e1nd\u00e9k mindenkinek, aki kedveli az egyedi design t\u00e1rgyakat, a meglep\u0151 anyaghaszn\u00e1latot, \u00e9s az eleg\u00e1ns grafikai megold\u00e1sokat &#8211; \u00e9s azonosulni tud a m\u00e1gnesek \u00fczeneteivel. J\u00f3 v\u00e1laszt\u00e1s az \u00e9p\u00edt\u0151iparral vagy bels\u0151\u00e9p\u00edt\u00e9szettel foglalkoz\u00f3 \u00e9p\u00edt\u00e9sz vagy m\u00e9rn\u00f6k koll\u00e9g\u00e1idnak \u00e9s bar\u00e1taidnak.<\/p>\n\t<div id=\"gap-1546224789\" class=\"gap-element clearfix\" style=\"display:block; height:auto;\">\n\t\t\n<style>\n#gap-1546224789 {\n  padding-top: 30px;\n}\n<\/style>\n\t<\/div>\n\t\n\t<div class=\"img has-hover x md-x lg-x y md-y lg-y\" id=\"image_818730007\">\n\t\t\t\t\t\t\t\t<div class=\"img-inner dark\" >\n\t\t\t<img loading=\"lazy\" decoding=\"async\" width=\"1020\" height=\"765\" src=\"https:\/\/abconcretedesign.com\/wp-content\/uploads\/2023\/04\/concrete-magnet-gold-bar-1067x800.jpg\" class=\"attachment-large size-large\" alt=\"\" srcset=\"https:\/\/abconcretedesign.com\/wp-content\/uploads\/2023\/04\/concrete-magnet-gold-bar-1067x800.jpg 1067w, https:\/\/abconcretedesign.com\/wp-content\/uploads\/2023\/04\/concrete-magnet-gold-bar-510x383.jpg 510w, https:\/\/abconcretedesign.com\/wp-content\/uploads\/2023\/04\/concrete-magnet-gold-bar-533x400.jpg 533w, https:\/\/abconcretedesign.com\/wp-content\/uploads\/2023\/04\/concrete-magnet-gold-bar-768x576.jpg 768w, https:\/\/abconcretedesign.com\/wp-content\/uploads\/2023\/04\/concrete-magnet-gold-bar-600x450.jpg 600w, https:\/\/abconcretedesign.com\/wp-content\/uploads\/2023\/04\/concrete-magnet-gold-bar.jpg 1600w\" sizes=\"auto, (max-width: 1020px) 100vw, 1020px\" \/>\t\t\t\t\t\t\n\t\t\t\t\t<\/div>\n\t\t\t\t\t\t\t\t\n<style>\n#image_818730007 {\n  width: 100%;\n}\n<\/style>\n\t<\/div>\n\t\n\t<div id=\"gap-112346153\" class=\"gap-element clearfix\" style=\"display:block; height:auto;\">\n\t\t\n<style>\n#gap-112346153 {\n  padding-top: 60px;\n}\n<\/style>\n\t<\/div>\n\t\n","protected":false},"excerpt":{"rendered":"<p>Ezekkel a m\u00e1gnesekkel \u00fcnnepelj\u00fck m\u00e1rk\u00e1nk tizedik sz\u00fclet\u00e9snapj\u00e1t! A kollekci\u00f3t Muray Eszter grafikus tervezte, az AB Concrete Design szlogeneinek felhaszn\u00e1l\u00e1s\u00e1val. A csomag szem\u00e9lyre szabhat\u00f3 &#8211; a h\u00e1rom t\u00edpust h\u00e1rom alapsz\u00ednben gy\u00e1rtjuk, \u00edgy te magad v\u00e1laszthatod ki, hogy milyen sz\u00edn\u00f6ssze\u00e1ll\u00edt\u00e1s\u00fa legyen a szetted. Fontos sz\u00e1munkra, hogy egyedi, saj\u00e1t fejleszt\u00e9s\u0171 techn\u00f3gi\u00e1nkkal megmutassuk, mennyire sokoldal\u00fa a beton, mint alapanyag, [&#8230;]\n","protected":false},"featured_media":28933,"comment_status":"closed","ping_status":"closed","template":"","meta":{"footnotes":""},"product_brand":[],"product_cat":[237,239],"product_tag":[251,426,425],"class_list":{"0":"post-28948","1":"product","2":"type-product","3":"status-publish","4":"has-post-thumbnail","6":"product_cat-beton-lakas-dekoracio","7":"product_cat-irodai-kiegeszitok","8":"product_tag-decoration-hu","9":"product_tag-esztermuray-hu","10":"product_tag-magnes","12":"first","13":"outofstock","14":"sale","15":"virtual","16":"taxable","17":"purchasable","18":"product-type-simple"},"yoast_head":"<!-- This site is optimized with the Yoast SEO Premium plugin v27.5 (Yoast SEO v27.5) - https:\/\/yoast.com\/product\/yoast-seo-premium-wordpress\/ -->\n<title>Concrete Fanatic M\u00e1gnes Kollekci\u00f3 &#187; AB Concrete Design<\/title>\n<meta name=\"robots\" content=\"index, follow, max-snippet:-1, max-image-preview:large, max-video-preview:-1\" \/>\n<link rel=\"canonical\" href=\"https:\/\/abconcretedesign.com\/hu\/uzlet\/beton-lakas-dekoracio\/concrete-fanatic-magnes-kollekcio\/\" \/>\n<meta property=\"og:locale\" content=\"hu_HU\" \/>\n<meta property=\"og:type\" content=\"article\" \/>\n<meta property=\"og:title\" content=\"Concrete Fanatic M\u00e1gnes Kollekci\u00f3\" \/>\n<meta property=\"og:description\" content=\"Ezekkel a m\u00e1gnesekkel \u00fcnnepelj\u00fck m\u00e1rk\u00e1nk tizedik sz\u00fclet\u00e9snapj\u00e1t! A kollekci\u00f3t Muray Eszter grafikus tervezte, az AB Concrete Design szlogeneinek\" \/>\n<meta property=\"og:url\" content=\"https:\/\/abconcretedesign.com\/hu\/uzlet\/beton-lakas-dekoracio\/concrete-fanatic-magnes-kollekcio\/\" \/>\n<meta property=\"og:site_name\" content=\"AB Concrete Design\" \/>\n<meta property=\"article:modified_time\" content=\"2023-11-15T06:51:14+00:00\" \/>\n<meta property=\"og:image\" content=\"https:\/\/abconcretedesign.com\/wp-content\/uploads\/2023\/05\/concrete-fanatic-magnets-1.jpg\" \/>\n\t<meta property=\"og:image:width\" content=\"1600\" \/>\n\t<meta property=\"og:image:height\" content=\"1200\" \/>\n\t<meta property=\"og:image:type\" content=\"image\/jpeg\" \/>\n<meta name=\"twitter:card\" content=\"summary_large_image\" \/>\n<script type=\"application\/ld+json\" class=\"yoast-schema-graph\">{\"@context\":\"https:\\\/\\\/schema.org\",\"@graph\":[{\"@type\":\"WebPage\",\"@id\":\"https:\\\/\\\/abconcretedesign.com\\\/hu\\\/uzlet\\\/beton-lakas-dekoracio\\\/concrete-fanatic-magnes-kollekcio\\\/\",\"url\":\"https:\\\/\\\/abconcretedesign.com\\\/hu\\\/uzlet\\\/beton-lakas-dekoracio\\\/concrete-fanatic-magnes-kollekcio\\\/\",\"name\":\"Concrete Fanatic M\u00e1gnes Kollekci\u00f3 &#187; AB Concrete Design\",\"isPartOf\":{\"@id\":\"https:\\\/\\\/abconcretedesign.com\\\/hu\\\/#website\"},\"primaryImageOfPage\":{\"@id\":\"https:\\\/\\\/abconcretedesign.com\\\/hu\\\/uzlet\\\/beton-lakas-dekoracio\\\/concrete-fanatic-magnes-kollekcio\\\/#primaryimage\"},\"image\":{\"@id\":\"https:\\\/\\\/abconcretedesign.com\\\/hu\\\/uzlet\\\/beton-lakas-dekoracio\\\/concrete-fanatic-magnes-kollekcio\\\/#primaryimage\"},\"thumbnailUrl\":\"https:\\\/\\\/abconcretedesign.com\\\/wp-content\\\/uploads\\\/2023\\\/05\\\/concrete-fanatic-magnets-1.jpg\",\"datePublished\":\"2023-05-05T05:21:55+00:00\",\"dateModified\":\"2023-11-15T06:51:14+00:00\",\"breadcrumb\":{\"@id\":\"https:\\\/\\\/abconcretedesign.com\\\/hu\\\/uzlet\\\/beton-lakas-dekoracio\\\/concrete-fanatic-magnes-kollekcio\\\/#breadcrumb\"},\"inLanguage\":\"hu\",\"potentialAction\":[{\"@type\":\"ReadAction\",\"target\":[\"https:\\\/\\\/abconcretedesign.com\\\/hu\\\/uzlet\\\/beton-lakas-dekoracio\\\/concrete-fanatic-magnes-kollekcio\\\/\"]}]},{\"@type\":\"ImageObject\",\"inLanguage\":\"hu\",\"@id\":\"https:\\\/\\\/abconcretedesign.com\\\/hu\\\/uzlet\\\/beton-lakas-dekoracio\\\/concrete-fanatic-magnes-kollekcio\\\/#primaryimage\",\"url\":\"https:\\\/\\\/abconcretedesign.com\\\/wp-content\\\/uploads\\\/2023\\\/05\\\/concrete-fanatic-magnets-1.jpg\",\"contentUrl\":\"https:\\\/\\\/abconcretedesign.com\\\/wp-content\\\/uploads\\\/2023\\\/05\\\/concrete-fanatic-magnets-1.jpg\",\"width\":1600,\"height\":1200},{\"@type\":\"BreadcrumbList\",\"@id\":\"https:\\\/\\\/abconcretedesign.com\\\/hu\\\/uzlet\\\/beton-lakas-dekoracio\\\/concrete-fanatic-magnes-kollekcio\\\/#breadcrumb\",\"itemListElement\":[{\"@type\":\"ListItem\",\"position\":1,\"name\":\"F\u0151oldal\",\"item\":\"https:\\\/\\\/abconcretedesign.com\\\/hu\\\/\"},{\"@type\":\"ListItem\",\"position\":2,\"name\":\"Shop\",\"item\":\"https:\\\/\\\/abconcretedesign.com\\\/hu\\\/uzlet\\\/\"},{\"@type\":\"ListItem\",\"position\":3,\"name\":\"Concrete Fanatic M\u00e1gnes Kollekci\u00f3\"}]},{\"@type\":\"WebSite\",\"@id\":\"https:\\\/\\\/abconcretedesign.com\\\/hu\\\/#website\",\"url\":\"https:\\\/\\\/abconcretedesign.com\\\/hu\\\/\",\"name\":\"AB Concrete Design and Business Gifts\",\"description\":\"Beton Design T\u00e1rgyak, \u00c9kszer \u00e9s \u00dczleti Aj\u00e1nd\u00e9k, Beton Tr\u00f3fe\u00e1k\",\"publisher\":{\"@id\":\"https:\\\/\\\/abconcretedesign.com\\\/hu\\\/#organization\"},\"potentialAction\":[{\"@type\":\"SearchAction\",\"target\":{\"@type\":\"EntryPoint\",\"urlTemplate\":\"https:\\\/\\\/abconcretedesign.com\\\/hu\\\/?s={search_term_string}\"},\"query-input\":{\"@type\":\"PropertyValueSpecification\",\"valueRequired\":true,\"valueName\":\"search_term_string\"}}],\"inLanguage\":\"hu\"},{\"@type\":\"Organization\",\"@id\":\"https:\\\/\\\/abconcretedesign.com\\\/hu\\\/#organization\",\"name\":\"AB Concrete Design\",\"url\":\"https:\\\/\\\/abconcretedesign.com\\\/hu\\\/\",\"logo\":{\"@type\":\"ImageObject\",\"inLanguage\":\"hu\",\"@id\":\"https:\\\/\\\/abconcretedesign.com\\\/hu\\\/#\\\/schema\\\/logo\\\/image\\\/\",\"url\":\"https:\\\/\\\/abconcretedesign.com\\\/wp-content\\\/uploads\\\/2019\\\/04\\\/ab-concrete-design-logo.jpg\",\"contentUrl\":\"https:\\\/\\\/abconcretedesign.com\\\/wp-content\\\/uploads\\\/2019\\\/04\\\/ab-concrete-design-logo.jpg\",\"width\":351,\"height\":89,\"caption\":\"AB Concrete Design\"},\"image\":{\"@id\":\"https:\\\/\\\/abconcretedesign.com\\\/hu\\\/#\\\/schema\\\/logo\\\/image\\\/\"}}]}<\/script>\n<!-- \/ Yoast SEO Premium plugin. -->","yoast_head_json":{"title":"Concrete Fanatic M\u00e1gnes Kollekci\u00f3 &#187; AB Concrete Design","robots":{"index":"index","follow":"follow","max-snippet":"max-snippet:-1","max-image-preview":"max-image-preview:large","max-video-preview":"max-video-preview:-1"},"canonical":"https:\/\/abconcretedesign.com\/hu\/uzlet\/beton-lakas-dekoracio\/concrete-fanatic-magnes-kollekcio\/","og_locale":"hu_HU","og_type":"article","og_title":"Concrete Fanatic M\u00e1gnes Kollekci\u00f3","og_description":"Ezekkel a m\u00e1gnesekkel \u00fcnnepelj\u00fck m\u00e1rk\u00e1nk tizedik sz\u00fclet\u00e9snapj\u00e1t! A kollekci\u00f3t Muray Eszter grafikus tervezte, az AB Concrete Design szlogeneinek","og_url":"https:\/\/abconcretedesign.com\/hu\/uzlet\/beton-lakas-dekoracio\/concrete-fanatic-magnes-kollekcio\/","og_site_name":"AB Concrete Design","article_modified_time":"2023-11-15T06:51:14+00:00","og_image":[{"width":1600,"height":1200,"url":"https:\/\/abconcretedesign.com\/wp-content\/uploads\/2023\/05\/concrete-fanatic-magnets-1.jpg","type":"image\/jpeg"}],"twitter_card":"summary_large_image","schema":{"@context":"https:\/\/schema.org","@graph":[{"@type":"WebPage","@id":"https:\/\/abconcretedesign.com\/hu\/uzlet\/beton-lakas-dekoracio\/concrete-fanatic-magnes-kollekcio\/","url":"https:\/\/abconcretedesign.com\/hu\/uzlet\/beton-lakas-dekoracio\/concrete-fanatic-magnes-kollekcio\/","name":"Concrete Fanatic M\u00e1gnes Kollekci\u00f3 &#187; AB Concrete Design","isPartOf":{"@id":"https:\/\/abconcretedesign.com\/hu\/#website"},"primaryImageOfPage":{"@id":"https:\/\/abconcretedesign.com\/hu\/uzlet\/beton-lakas-dekoracio\/concrete-fanatic-magnes-kollekcio\/#primaryimage"},"image":{"@id":"https:\/\/abconcretedesign.com\/hu\/uzlet\/beton-lakas-dekoracio\/concrete-fanatic-magnes-kollekcio\/#primaryimage"},"thumbnailUrl":"https:\/\/abconcretedesign.com\/wp-content\/uploads\/2023\/05\/concrete-fanatic-magnets-1.jpg","datePublished":"2023-05-05T05:21:55+00:00","dateModified":"2023-11-15T06:51:14+00:00","breadcrumb":{"@id":"https:\/\/abconcretedesign.com\/hu\/uzlet\/beton-lakas-dekoracio\/concrete-fanatic-magnes-kollekcio\/#breadcrumb"},"inLanguage":"hu","potentialAction":[{"@type":"ReadAction","target":["https:\/\/abconcretedesign.com\/hu\/uzlet\/beton-lakas-dekoracio\/concrete-fanatic-magnes-kollekcio\/"]}]},{"@type":"ImageObject","inLanguage":"hu","@id":"https:\/\/abconcretedesign.com\/hu\/uzlet\/beton-lakas-dekoracio\/concrete-fanatic-magnes-kollekcio\/#primaryimage","url":"https:\/\/abconcretedesign.com\/wp-content\/uploads\/2023\/05\/concrete-fanatic-magnets-1.jpg","contentUrl":"https:\/\/abconcretedesign.com\/wp-content\/uploads\/2023\/05\/concrete-fanatic-magnets-1.jpg","width":1600,"height":1200},{"@type":"BreadcrumbList","@id":"https:\/\/abconcretedesign.com\/hu\/uzlet\/beton-lakas-dekoracio\/concrete-fanatic-magnes-kollekcio\/#breadcrumb","itemListElement":[{"@type":"ListItem","position":1,"name":"F\u0151oldal","item":"https:\/\/abconcretedesign.com\/hu\/"},{"@type":"ListItem","position":2,"name":"Shop","item":"https:\/\/abconcretedesign.com\/hu\/uzlet\/"},{"@type":"ListItem","position":3,"name":"Concrete Fanatic M\u00e1gnes Kollekci\u00f3"}]},{"@type":"WebSite","@id":"https:\/\/abconcretedesign.com\/hu\/#website","url":"https:\/\/abconcretedesign.com\/hu\/","name":"AB Concrete Design and Business Gifts","description":"Beton Design T\u00e1rgyak, \u00c9kszer \u00e9s \u00dczleti Aj\u00e1nd\u00e9k, Beton Tr\u00f3fe\u00e1k","publisher":{"@id":"https:\/\/abconcretedesign.com\/hu\/#organization"},"potentialAction":[{"@type":"SearchAction","target":{"@type":"EntryPoint","urlTemplate":"https:\/\/abconcretedesign.com\/hu\/?s={search_term_string}"},"query-input":{"@type":"PropertyValueSpecification","valueRequired":true,"valueName":"search_term_string"}}],"inLanguage":"hu"},{"@type":"Organization","@id":"https:\/\/abconcretedesign.com\/hu\/#organization","name":"AB Concrete Design","url":"https:\/\/abconcretedesign.com\/hu\/","logo":{"@type":"ImageObject","inLanguage":"hu","@id":"https:\/\/abconcretedesign.com\/hu\/#\/schema\/logo\/image\/","url":"https:\/\/abconcretedesign.com\/wp-content\/uploads\/2019\/04\/ab-concrete-design-logo.jpg","contentUrl":"https:\/\/abconcretedesign.com\/wp-content\/uploads\/2019\/04\/ab-concrete-design-logo.jpg","width":351,"height":89,"caption":"AB Concrete Design"},"image":{"@id":"https:\/\/abconcretedesign.com\/hu\/#\/schema\/logo\/image\/"}}]}},"_links":{"self":[{"href":"https:\/\/abconcretedesign.com\/hu\/wp-json\/wp\/v2\/product\/28948","targetHints":{"allow":["GET"]}}],"collection":[{"href":"https:\/\/abconcretedesign.com\/hu\/wp-json\/wp\/v2\/product"}],"about":[{"href":"https:\/\/abconcretedesign.com\/hu\/wp-json\/wp\/v2\/types\/product"}],"replies":[{"embeddable":true,"href":"https:\/\/abconcretedesign.com\/hu\/wp-json\/wp\/v2\/comments?post=28948"}],"version-history":[{"count":9,"href":"https:\/\/abconcretedesign.com\/hu\/wp-json\/wp\/v2\/product\/28948\/revisions"}],"predecessor-version":[{"id":30703,"href":"https:\/\/abconcretedesign.com\/hu\/wp-json\/wp\/v2\/product\/28948\/revisions\/30703"}],"wp:featuredmedia":[{"embeddable":true,"href":"https:\/\/abconcretedesign.com\/hu\/wp-json\/wp\/v2\/media\/28933"}],"wp:attachment":[{"href":"https:\/\/abconcretedesign.com\/hu\/wp-json\/wp\/v2\/media?parent=28948"}],"wp:term":[{"taxonomy":"product_brand","embeddable":true,"href":"https:\/\/abconcretedesign.com\/hu\/wp-json\/wp\/v2\/product_brand?post=28948"},{"taxonomy":"product_cat","embeddable":true,"href":"https:\/\/abconcretedesign.com\/hu\/wp-json\/wp\/v2\/product_cat?post=28948"},{"taxonomy":"product_tag","embeddable":true,"href":"https:\/\/abconcretedesign.com\/hu\/wp-json\/wp\/v2\/product_tag?post=28948"}],"curies":[{"name":"wp","href":"https:\/\/api.w.org\/{rel}","templated":true}]}}