{"id":16830,"date":"2020-07-03T11:34:04","date_gmt":"2020-07-03T09:34:04","guid":{"rendered":"https:\/\/abconcretedesign.com\/shop\/nem-kategorizalt\/radius-gyertya-tarto\/"},"modified":"2023-05-05T06:28:55","modified_gmt":"2023-05-05T04:28:55","slug":"radius-gyertya-tarto","status":"publish","type":"product","link":"https:\/\/abconcretedesign.com\/hu\/uzlet\/beton-lakas-dekoracio\/radius-gyertya-tarto\/","title":{"rendered":"RADIUS Beton Gyertyatart\u00f3"},"content":{"rendered":"<h2><b>RADIUS concrete candlestick, tealight and incense holder<\/b><\/h2>\n\t<div id=\"gap-1718449464\" class=\"gap-element clearfix\" style=\"display:block; height:auto;\">\n\t\t\n<style>\n#gap-1718449464 {\n  padding-top: 30px;\n}\n<\/style>\n\t<\/div>\n\t\n<p>The RADIUS design concrete home accessory\u2019s three functions are perfect for many moods. Whether you love classic concrete colors or playful terrazzo versions, it is sure that you will find the perfect piece to bring a new color to your home.<\/p>\n<p>You don\u2019t have to be afraid of your furniture, as the mirror-polished base and the layer of felt glued on it provide maximum security.<\/p>\n\t<div id=\"gap-1643900245\" class=\"gap-element clearfix\" style=\"display:block; height:auto;\">\n\t\t\n<style>\n#gap-1643900245 {\n  padding-top: 30px;\n}\n<\/style>\n\t<\/div>\n\t\n<div class=\"row\"  id=\"row-1384048990\">\n\n\t<div id=\"col-227258725\" class=\"col medium-7 small-12 large-7\"  >\n\t\t\t\t<div class=\"col-inner\"  >\n\t\t\t\n\t\t\t\n<h3><b>Oriental atmosphere with incense<\/b><\/h3>\n<p>&nbsp;<\/p>\n<p>You can members RADIUS as candle or tealight holder, but also for incense thanks to the cork placed in the bottom of the hole. Don&#8217;t worry, neither the concrete nor the acrylic sheet will be damaged by the falling embers, you can easily keep it clean with dry fabric.<\/p>\n\t\t<\/div>\n\t\t\t\t\t<\/div>\n\n\t\n\n\t<div id=\"col-1679731905\" class=\"col medium-5 small-12 large-5\"  >\n\t\t\t\t<div class=\"col-inner\"  >\n\t\t\t\n\t\t\t\n\t<div class=\"img has-hover x md-x lg-x y md-y lg-y\" id=\"image_882971629\">\n\t\t\t\t\t\t\t\t<div class=\"img-inner dark\" >\n\t\t\t<img loading=\"lazy\" decoding=\"async\" width=\"1020\" height=\"765\" src=\"https:\/\/abconcretedesign.com\/wp-content\/uploads\/2020\/06\/concrete-incense-holder-1067x800.jpg\" class=\"attachment-large size-large\" alt=\"\" srcset=\"https:\/\/abconcretedesign.com\/wp-content\/uploads\/2020\/06\/concrete-incense-holder-1067x800.jpg 1067w, https:\/\/abconcretedesign.com\/wp-content\/uploads\/2020\/06\/concrete-incense-holder-510x383.jpg 510w, https:\/\/abconcretedesign.com\/wp-content\/uploads\/2020\/06\/concrete-incense-holder-533x400.jpg 533w, https:\/\/abconcretedesign.com\/wp-content\/uploads\/2020\/06\/concrete-incense-holder-768x576.jpg 768w, https:\/\/abconcretedesign.com\/wp-content\/uploads\/2020\/06\/concrete-incense-holder-600x450.jpg 600w, https:\/\/abconcretedesign.com\/wp-content\/uploads\/2020\/06\/concrete-incense-holder.jpg 1920w\" sizes=\"auto, (max-width: 1020px) 100vw, 1020px\" \/>\t\t\t\t\t\t\n\t\t\t\t\t<\/div>\n\t\t\t\t\t\t\t\t\n<style>\n#image_882971629 {\n  width: 100%;\n}\n<\/style>\n\t<\/div>\n\t\n\t\t<\/div>\n\t\t\t\t\t<\/div>\n\n\t\n<\/div>\n<div class=\"row\"  id=\"row-1908852453\">\n\n\t<div id=\"col-1257179541\" class=\"col medium-5 small-12 large-5\"  >\n\t\t\t\t<div class=\"col-inner\"  >\n\t\t\t\n\t\t\t\n\t<div class=\"img has-hover x md-x lg-x y md-y lg-y\" id=\"image_2124945657\">\n\t\t\t\t\t\t\t\t<div class=\"img-inner dark\" >\n\t\t\t<img loading=\"lazy\" decoding=\"async\" width=\"1020\" height=\"681\" src=\"https:\/\/abconcretedesign.com\/wp-content\/uploads\/2020\/06\/coloured-concrete-design-accessories-1198x800.jpg\" class=\"attachment-large size-large\" alt=\"\" srcset=\"https:\/\/abconcretedesign.com\/wp-content\/uploads\/2020\/06\/coloured-concrete-design-accessories-1198x800.jpg 1198w, https:\/\/abconcretedesign.com\/wp-content\/uploads\/2020\/06\/coloured-concrete-design-accessories-510x341.jpg 510w, https:\/\/abconcretedesign.com\/wp-content\/uploads\/2020\/06\/coloured-concrete-design-accessories-599x400.jpg 599w, https:\/\/abconcretedesign.com\/wp-content\/uploads\/2020\/06\/coloured-concrete-design-accessories-768x513.jpg 768w, https:\/\/abconcretedesign.com\/wp-content\/uploads\/2020\/06\/coloured-concrete-design-accessories-600x401.jpg 600w, https:\/\/abconcretedesign.com\/wp-content\/uploads\/2020\/06\/coloured-concrete-design-accessories.jpg 1920w\" sizes=\"auto, (max-width: 1020px) 100vw, 1020px\" \/>\t\t\t\t\t\t\n\t\t\t\t\t<\/div>\n\t\t\t\t\t\t\t\t\n<style>\n#image_2124945657 {\n  width: 100%;\n}\n<\/style>\n\t<\/div>\n\t\n\t\t<\/div>\n\t\t\t\t\t<\/div>\n\n\t\n\n\t<div id=\"col-787213705\" class=\"col medium-7 small-12 large-7\"  >\n\t\t\t\t<div class=\"col-inner\"  >\n\t\t\t\n\t\t\t\n<h3>Modern and elegant candlestick<\/h3>\n<p>Thanks to the design, you can keep in RADIUS a long, slender candle safe and elegant. With the removable acrylic ring it is easy to remove the spilled wax and keep the object clean.<\/p>\n\t\t<\/div>\n\t\t\t\t\t<\/div>\n\n\t\n<\/div>\n\t<div id=\"gap-961272151\" class=\"gap-element clearfix\" style=\"display:block; height:auto;\">\n\t\t\n<style>\n#gap-961272151 {\n  padding-top: 30px;\n}\n<\/style>\n\t<\/div>\n\t\n<div class=\"row\"  id=\"row-1270534613\">\n\n\t<div id=\"col-38882606\" class=\"col medium-6 small-12 large-6\"  >\n\t\t\t\t<div class=\"col-inner\"  >\n\t\t\t\n\t\t\t\n<h3>Intimate moments by the light of a tealight<\/h3>\n\t<div id=\"gap-727931785\" class=\"gap-element clearfix\" style=\"display:block; height:auto;\">\n\t\t\n<style>\n#gap-727931785 {\n  padding-top: 30px;\n}\n<\/style>\n\t<\/div>\n\t\n<p>The top, largest hole provides place for a tealight, so you can also use your new favorite design concrete object in a third way. Smuggle some intimate, relaxed moments into your rushing everyday and recharge!<\/p>\n\t\t<\/div>\n\t\t\t\t\t<\/div>\n\n\t\n\n\t<div id=\"col-1564523584\" class=\"col medium-6 small-12 large-6\"  >\n\t\t\t\t<div class=\"col-inner\"  >\n\t\t\t\n\t\t\t\n\t<div class=\"img has-hover x md-x lg-x y md-y lg-y\" id=\"image_1407589897\">\n\t\t\t\t\t\t\t\t<div class=\"img-inner dark\" >\n\t\t\t<img loading=\"lazy\" decoding=\"async\" width=\"1020\" height=\"681\" src=\"https:\/\/abconcretedesign.com\/wp-content\/uploads\/2020\/06\/concrete-home-decor-1198x800.jpg\" class=\"attachment-large size-large\" alt=\"\" srcset=\"https:\/\/abconcretedesign.com\/wp-content\/uploads\/2020\/06\/concrete-home-decor-1198x800.jpg 1198w, https:\/\/abconcretedesign.com\/wp-content\/uploads\/2020\/06\/concrete-home-decor-510x340.jpg 510w, https:\/\/abconcretedesign.com\/wp-content\/uploads\/2020\/06\/concrete-home-decor-599x400.jpg 599w, https:\/\/abconcretedesign.com\/wp-content\/uploads\/2020\/06\/concrete-home-decor-768x513.jpg 768w, https:\/\/abconcretedesign.com\/wp-content\/uploads\/2020\/06\/concrete-home-decor-600x401.jpg 600w, https:\/\/abconcretedesign.com\/wp-content\/uploads\/2020\/06\/concrete-home-decor.jpg 1600w\" sizes=\"auto, (max-width: 1020px) 100vw, 1020px\" \/>\t\t\t\t\t\t\n\t\t\t\t\t<\/div>\n\t\t\t\t\t\t\t\t\n<style>\n#image_1407589897 {\n  width: 100%;\n}\n<\/style>\n\t<\/div>\n\t\n\t\t<\/div>\n\t\t\t\t\t<\/div>\n\n\t\n<\/div>\n\t<div id=\"gap-418653357\" class=\"gap-element clearfix\" style=\"display:block; height:auto;\">\n\t\t\n<style>\n#gap-418653357 {\n  padding-top: 30px;\n}\n<\/style>\n\t<\/div>\n\t\n<div class=\"row\"  id=\"row-1402019468\">\n\n\t<div id=\"col-819688293\" class=\"col medium-4 small-12 large-4\"  >\n\t\t\t\t<div class=\"col-inner\"  >\n\t\t\t\n\t\t\t\n\t<div class=\"img has-hover x md-x lg-x y md-y lg-y\" id=\"image_1542882758\">\n\t\t\t\t\t\t\t\t<div class=\"img-inner dark\" >\n\t\t\t<img loading=\"lazy\" decoding=\"async\" width=\"1020\" height=\"765\" src=\"https:\/\/abconcretedesign.com\/wp-content\/uploads\/2020\/10\/colored-concrete-home-decoration-1-1067x800.jpg\" class=\"attachment-large size-large\" alt=\"\" srcset=\"https:\/\/abconcretedesign.com\/wp-content\/uploads\/2020\/10\/colored-concrete-home-decoration-1-1067x800.jpg 1067w, https:\/\/abconcretedesign.com\/wp-content\/uploads\/2020\/10\/colored-concrete-home-decoration-1-510x383.jpg 510w, https:\/\/abconcretedesign.com\/wp-content\/uploads\/2020\/10\/colored-concrete-home-decoration-1-533x400.jpg 533w, https:\/\/abconcretedesign.com\/wp-content\/uploads\/2020\/10\/colored-concrete-home-decoration-1-768x576.jpg 768w, https:\/\/abconcretedesign.com\/wp-content\/uploads\/2020\/10\/colored-concrete-home-decoration-1-600x450.jpg 600w, https:\/\/abconcretedesign.com\/wp-content\/uploads\/2020\/10\/colored-concrete-home-decoration-1.jpg 1600w\" sizes=\"auto, (max-width: 1020px) 100vw, 1020px\" \/>\t\t\t\t\t\t\n\t\t\t\t\t<\/div>\n\t\t\t\t\t\t\t\t\n<style>\n#image_1542882758 {\n  width: 100%;\n}\n<\/style>\n\t<\/div>\n\t\n\t\t<\/div>\n\t\t\t\t\t<\/div>\n\n\t\n\n\t<div id=\"col-17661207\" class=\"col medium-4 small-12 large-4\"  >\n\t\t\t\t<div class=\"col-inner\"  >\n\t\t\t\n\t\t\t\n\t<div class=\"img has-hover x md-x lg-x y md-y lg-y\" id=\"image_1205561594\">\n\t\t\t\t\t\t\t\t<div class=\"img-inner dark\" >\n\t\t\t<img loading=\"lazy\" decoding=\"async\" width=\"1020\" height=\"765\" src=\"https:\/\/abconcretedesign.com\/wp-content\/uploads\/2020\/10\/concrete-designer-product-1-1067x800.jpg\" class=\"attachment-large size-large\" alt=\"\" srcset=\"https:\/\/abconcretedesign.com\/wp-content\/uploads\/2020\/10\/concrete-designer-product-1-1067x800.jpg 1067w, https:\/\/abconcretedesign.com\/wp-content\/uploads\/2020\/10\/concrete-designer-product-1-510x383.jpg 510w, https:\/\/abconcretedesign.com\/wp-content\/uploads\/2020\/10\/concrete-designer-product-1-533x400.jpg 533w, https:\/\/abconcretedesign.com\/wp-content\/uploads\/2020\/10\/concrete-designer-product-1-768x576.jpg 768w, https:\/\/abconcretedesign.com\/wp-content\/uploads\/2020\/10\/concrete-designer-product-1-600x450.jpg 600w, https:\/\/abconcretedesign.com\/wp-content\/uploads\/2020\/10\/concrete-designer-product-1.jpg 1920w\" sizes=\"auto, (max-width: 1020px) 100vw, 1020px\" \/>\t\t\t\t\t\t\n\t\t\t\t\t<\/div>\n\t\t\t\t\t\t\t\t\n<style>\n#image_1205561594 {\n  width: 100%;\n}\n<\/style>\n\t<\/div>\n\t\n\t\t<\/div>\n\t\t\t\t\t<\/div>\n\n\t\n\n\t<div id=\"col-689919942\" class=\"col medium-4 small-12 large-4\"  >\n\t\t\t\t<div class=\"col-inner\"  >\n\t\t\t\n\t\t\t\n\t<div class=\"img has-hover x md-x lg-x y md-y lg-y\" id=\"image_1927550585\">\n\t\t\t\t\t\t\t\t<div class=\"img-inner dark\" >\n\t\t\t<img loading=\"lazy\" decoding=\"async\" width=\"1020\" height=\"765\" src=\"https:\/\/abconcretedesign.com\/wp-content\/uploads\/2020\/10\/powder-pink-concrete-decoration-1-1067x800.jpg\" class=\"attachment-large size-large\" alt=\"\" srcset=\"https:\/\/abconcretedesign.com\/wp-content\/uploads\/2020\/10\/powder-pink-concrete-decoration-1-1067x800.jpg 1067w, https:\/\/abconcretedesign.com\/wp-content\/uploads\/2020\/10\/powder-pink-concrete-decoration-1-510x383.jpg 510w, https:\/\/abconcretedesign.com\/wp-content\/uploads\/2020\/10\/powder-pink-concrete-decoration-1-533x400.jpg 533w, https:\/\/abconcretedesign.com\/wp-content\/uploads\/2020\/10\/powder-pink-concrete-decoration-1-768x576.jpg 768w, https:\/\/abconcretedesign.com\/wp-content\/uploads\/2020\/10\/powder-pink-concrete-decoration-1-600x450.jpg 600w, https:\/\/abconcretedesign.com\/wp-content\/uploads\/2020\/10\/powder-pink-concrete-decoration-1.jpg 1920w\" sizes=\"auto, (max-width: 1020px) 100vw, 1020px\" \/>\t\t\t\t\t\t\n\t\t\t\t\t<\/div>\n\t\t\t\t\t\t\t\t\n<style>\n#image_1927550585 {\n  width: 100%;\n}\n<\/style>\n\t<\/div>\n\t\n\t\t<\/div>\n\t\t\t\t\t<\/div>\n\n\t\n<\/div>\n<h3>When every pieces are different!<\/h3>\n\t<div id=\"gap-1199980920\" class=\"gap-element clearfix\" style=\"display:block; height:auto;\">\n\t\t\n<style>\n#gap-1199980920 {\n  padding-top: 30px;\n}\n<\/style>\n\t<\/div>\n\t\n<p>Thanks to the materials and technology, each piece is unique and unrepeatable.<\/p>\n<p>The uniqueness of RADIUS is given by the playful air bubbles randomly placed on each piece and the natural texture of the material. We are always excited about the end result during production. We love these patterns because they highlight the materiality and beauty of the concrete.<\/p>\n","protected":false},"excerpt":{"rendered":"<p>Egyetlen t\u00e1rgy t\u00f6bbf\u00e9le hangulathoz \u00e9s funkci\u00f3hoz.<\/p>\n","protected":false},"featured_media":15891,"comment_status":"closed","ping_status":"closed","template":"","meta":{"footnotes":""},"product_brand":[],"product_cat":[237],"product_tag":[253,251,252,362],"class_list":{"0":"post-16830","1":"product","2":"type-product","3":"status-publish","4":"has-post-thumbnail","6":"product_cat-beton-lakas-dekoracio","7":"product_tag-indoor-hu","8":"product_tag-decoration-hu","9":"product_tag-hangulatvilagitas","10":"product_tag-minimalista","12":"first","13":"outofstock","14":"taxable","15":"shipping-taxable","16":"purchasable","17":"product-type-variable"},"yoast_head":"<!-- This site is optimized with the Yoast SEO Premium plugin v26.2 (Yoast SEO v27.4) - https:\/\/yoast.com\/product\/yoast-seo-premium-wordpress\/ -->\n<title>RADIUS Beton Gyertyatart\u00f3 &#187; AB Concrete Design<\/title>\n<meta name=\"description\" content=\"RADIUS beton gyertya-, m\u00e9cses- \u00e9s f\u00fcst\u00f6l\u0151tart\u00f3 Designer beton lakberendez\u00e9si t\u00e1rgy h\u00e1rom funkci\u00f3val, t\u00f6bbf\u00e9le hangulathoz.\" \/>\n<meta name=\"robots\" content=\"index, follow, max-snippet:-1, max-image-preview:large, max-video-preview:-1\" \/>\n<link rel=\"canonical\" href=\"https:\/\/abconcretedesign.com\/hu\/uzlet\/beton-lakas-dekoracio\/radius-gyertya-tarto\/\" \/>\n<meta property=\"og:locale\" content=\"hu_HU\" \/>\n<meta property=\"og:type\" content=\"article\" \/>\n<meta property=\"og:title\" content=\"RADIUS Beton Gyertyatart\u00f3\" \/>\n<meta property=\"og:description\" content=\"Egyetlen t\u00e1rgy t\u00f6bbf\u00e9le hangulathoz \u00e9s funkci\u00f3hoz.\" \/>\n<meta property=\"og:url\" content=\"https:\/\/abconcretedesign.com\/hu\/uzlet\/beton-lakas-dekoracio\/radius-gyertya-tarto\/\" \/>\n<meta property=\"og:site_name\" content=\"AB Concrete Design\" \/>\n<meta property=\"article:modified_time\" content=\"2023-05-05T04:28:55+00:00\" \/>\n<meta property=\"og:image\" content=\"https:\/\/abconcretedesign.com\/wp-content\/uploads\/2020\/06\/coloured-concrete-objects.jpg\" \/>\n\t<meta property=\"og:image:width\" content=\"1600\" \/>\n\t<meta property=\"og:image:height\" content=\"1200\" \/>\n\t<meta property=\"og:image:type\" content=\"image\/jpeg\" \/>\n<meta name=\"twitter:card\" content=\"summary_large_image\" \/>\n<script type=\"application\/ld+json\" class=\"yoast-schema-graph\">{\"@context\":\"https:\\\/\\\/schema.org\",\"@graph\":[{\"@type\":\"WebPage\",\"@id\":\"https:\\\/\\\/abconcretedesign.com\\\/hu\\\/uzlet\\\/beton-lakas-dekoracio\\\/radius-gyertya-tarto\\\/\",\"url\":\"https:\\\/\\\/abconcretedesign.com\\\/hu\\\/uzlet\\\/beton-lakas-dekoracio\\\/radius-gyertya-tarto\\\/\",\"name\":\"RADIUS Beton Gyertyatart\u00f3 &#187; AB Concrete Design\",\"isPartOf\":{\"@id\":\"https:\\\/\\\/abconcretedesign.com\\\/hu\\\/#website\"},\"primaryImageOfPage\":{\"@id\":\"https:\\\/\\\/abconcretedesign.com\\\/hu\\\/uzlet\\\/beton-lakas-dekoracio\\\/radius-gyertya-tarto\\\/#primaryimage\"},\"image\":{\"@id\":\"https:\\\/\\\/abconcretedesign.com\\\/hu\\\/uzlet\\\/beton-lakas-dekoracio\\\/radius-gyertya-tarto\\\/#primaryimage\"},\"thumbnailUrl\":\"https:\\\/\\\/abconcretedesign.com\\\/wp-content\\\/uploads\\\/2020\\\/06\\\/coloured-concrete-objects.jpg\",\"datePublished\":\"2020-07-03T09:34:04+00:00\",\"dateModified\":\"2023-05-05T04:28:55+00:00\",\"description\":\"RADIUS beton gyertya-, m\u00e9cses- \u00e9s f\u00fcst\u00f6l\u0151tart\u00f3 Designer beton lakberendez\u00e9si t\u00e1rgy h\u00e1rom funkci\u00f3val, t\u00f6bbf\u00e9le hangulathoz.\",\"breadcrumb\":{\"@id\":\"https:\\\/\\\/abconcretedesign.com\\\/hu\\\/uzlet\\\/beton-lakas-dekoracio\\\/radius-gyertya-tarto\\\/#breadcrumb\"},\"inLanguage\":\"hu\",\"potentialAction\":[{\"@type\":\"ReadAction\",\"target\":[\"https:\\\/\\\/abconcretedesign.com\\\/hu\\\/uzlet\\\/beton-lakas-dekoracio\\\/radius-gyertya-tarto\\\/\"]}]},{\"@type\":\"ImageObject\",\"inLanguage\":\"hu\",\"@id\":\"https:\\\/\\\/abconcretedesign.com\\\/hu\\\/uzlet\\\/beton-lakas-dekoracio\\\/radius-gyertya-tarto\\\/#primaryimage\",\"url\":\"https:\\\/\\\/abconcretedesign.com\\\/wp-content\\\/uploads\\\/2020\\\/06\\\/coloured-concrete-objects.jpg\",\"contentUrl\":\"https:\\\/\\\/abconcretedesign.com\\\/wp-content\\\/uploads\\\/2020\\\/06\\\/coloured-concrete-objects.jpg\",\"width\":1600,\"height\":1200},{\"@type\":\"BreadcrumbList\",\"@id\":\"https:\\\/\\\/abconcretedesign.com\\\/hu\\\/uzlet\\\/beton-lakas-dekoracio\\\/radius-gyertya-tarto\\\/#breadcrumb\",\"itemListElement\":[{\"@type\":\"ListItem\",\"position\":1,\"name\":\"F\u0151oldal\",\"item\":\"https:\\\/\\\/abconcretedesign.com\\\/hu\\\/\"},{\"@type\":\"ListItem\",\"position\":2,\"name\":\"Shop\",\"item\":\"https:\\\/\\\/abconcretedesign.com\\\/hu\\\/uzlet\\\/\"},{\"@type\":\"ListItem\",\"position\":3,\"name\":\"RADIUS Beton Gyertyatart\u00f3\"}]},{\"@type\":\"WebSite\",\"@id\":\"https:\\\/\\\/abconcretedesign.com\\\/hu\\\/#website\",\"url\":\"https:\\\/\\\/abconcretedesign.com\\\/hu\\\/\",\"name\":\"AB Concrete Design and Business Gifts\",\"description\":\"Beton Design T\u00e1rgyak, \u00c9kszer \u00e9s \u00dczleti Aj\u00e1nd\u00e9k, Beton Tr\u00f3fe\u00e1k\",\"publisher\":{\"@id\":\"https:\\\/\\\/abconcretedesign.com\\\/hu\\\/#organization\"},\"potentialAction\":[{\"@type\":\"SearchAction\",\"target\":{\"@type\":\"EntryPoint\",\"urlTemplate\":\"https:\\\/\\\/abconcretedesign.com\\\/hu\\\/?s={search_term_string}\"},\"query-input\":{\"@type\":\"PropertyValueSpecification\",\"valueRequired\":true,\"valueName\":\"search_term_string\"}}],\"inLanguage\":\"hu\"},{\"@type\":\"Organization\",\"@id\":\"https:\\\/\\\/abconcretedesign.com\\\/hu\\\/#organization\",\"name\":\"AB Concrete Design\",\"url\":\"https:\\\/\\\/abconcretedesign.com\\\/hu\\\/\",\"logo\":{\"@type\":\"ImageObject\",\"inLanguage\":\"hu\",\"@id\":\"https:\\\/\\\/abconcretedesign.com\\\/hu\\\/#\\\/schema\\\/logo\\\/image\\\/\",\"url\":\"https:\\\/\\\/abconcretedesign.com\\\/wp-content\\\/uploads\\\/2019\\\/04\\\/ab-concrete-design-logo.jpg\",\"contentUrl\":\"https:\\\/\\\/abconcretedesign.com\\\/wp-content\\\/uploads\\\/2019\\\/04\\\/ab-concrete-design-logo.jpg\",\"width\":351,\"height\":89,\"caption\":\"AB Concrete Design\"},\"image\":{\"@id\":\"https:\\\/\\\/abconcretedesign.com\\\/hu\\\/#\\\/schema\\\/logo\\\/image\\\/\"}}]}<\/script>\n<!-- \/ Yoast SEO Premium plugin. -->","yoast_head_json":{"title":"RADIUS Beton Gyertyatart\u00f3 &#187; AB Concrete Design","description":"RADIUS beton gyertya-, m\u00e9cses- \u00e9s f\u00fcst\u00f6l\u0151tart\u00f3 Designer beton lakberendez\u00e9si t\u00e1rgy h\u00e1rom funkci\u00f3val, t\u00f6bbf\u00e9le hangulathoz.","robots":{"index":"index","follow":"follow","max-snippet":"max-snippet:-1","max-image-preview":"max-image-preview:large","max-video-preview":"max-video-preview:-1"},"canonical":"https:\/\/abconcretedesign.com\/hu\/uzlet\/beton-lakas-dekoracio\/radius-gyertya-tarto\/","og_locale":"hu_HU","og_type":"article","og_title":"RADIUS Beton Gyertyatart\u00f3","og_description":"Egyetlen t\u00e1rgy t\u00f6bbf\u00e9le hangulathoz \u00e9s funkci\u00f3hoz.","og_url":"https:\/\/abconcretedesign.com\/hu\/uzlet\/beton-lakas-dekoracio\/radius-gyertya-tarto\/","og_site_name":"AB Concrete Design","article_modified_time":"2023-05-05T04:28:55+00:00","og_image":[{"width":1600,"height":1200,"url":"https:\/\/abconcretedesign.com\/wp-content\/uploads\/2020\/06\/coloured-concrete-objects.jpg","type":"image\/jpeg"}],"twitter_card":"summary_large_image","schema":{"@context":"https:\/\/schema.org","@graph":[{"@type":"WebPage","@id":"https:\/\/abconcretedesign.com\/hu\/uzlet\/beton-lakas-dekoracio\/radius-gyertya-tarto\/","url":"https:\/\/abconcretedesign.com\/hu\/uzlet\/beton-lakas-dekoracio\/radius-gyertya-tarto\/","name":"RADIUS Beton Gyertyatart\u00f3 &#187; AB Concrete Design","isPartOf":{"@id":"https:\/\/abconcretedesign.com\/hu\/#website"},"primaryImageOfPage":{"@id":"https:\/\/abconcretedesign.com\/hu\/uzlet\/beton-lakas-dekoracio\/radius-gyertya-tarto\/#primaryimage"},"image":{"@id":"https:\/\/abconcretedesign.com\/hu\/uzlet\/beton-lakas-dekoracio\/radius-gyertya-tarto\/#primaryimage"},"thumbnailUrl":"https:\/\/abconcretedesign.com\/wp-content\/uploads\/2020\/06\/coloured-concrete-objects.jpg","datePublished":"2020-07-03T09:34:04+00:00","dateModified":"2023-05-05T04:28:55+00:00","description":"RADIUS beton gyertya-, m\u00e9cses- \u00e9s f\u00fcst\u00f6l\u0151tart\u00f3 Designer beton lakberendez\u00e9si t\u00e1rgy h\u00e1rom funkci\u00f3val, t\u00f6bbf\u00e9le hangulathoz.","breadcrumb":{"@id":"https:\/\/abconcretedesign.com\/hu\/uzlet\/beton-lakas-dekoracio\/radius-gyertya-tarto\/#breadcrumb"},"inLanguage":"hu","potentialAction":[{"@type":"ReadAction","target":["https:\/\/abconcretedesign.com\/hu\/uzlet\/beton-lakas-dekoracio\/radius-gyertya-tarto\/"]}]},{"@type":"ImageObject","inLanguage":"hu","@id":"https:\/\/abconcretedesign.com\/hu\/uzlet\/beton-lakas-dekoracio\/radius-gyertya-tarto\/#primaryimage","url":"https:\/\/abconcretedesign.com\/wp-content\/uploads\/2020\/06\/coloured-concrete-objects.jpg","contentUrl":"https:\/\/abconcretedesign.com\/wp-content\/uploads\/2020\/06\/coloured-concrete-objects.jpg","width":1600,"height":1200},{"@type":"BreadcrumbList","@id":"https:\/\/abconcretedesign.com\/hu\/uzlet\/beton-lakas-dekoracio\/radius-gyertya-tarto\/#breadcrumb","itemListElement":[{"@type":"ListItem","position":1,"name":"F\u0151oldal","item":"https:\/\/abconcretedesign.com\/hu\/"},{"@type":"ListItem","position":2,"name":"Shop","item":"https:\/\/abconcretedesign.com\/hu\/uzlet\/"},{"@type":"ListItem","position":3,"name":"RADIUS Beton Gyertyatart\u00f3"}]},{"@type":"WebSite","@id":"https:\/\/abconcretedesign.com\/hu\/#website","url":"https:\/\/abconcretedesign.com\/hu\/","name":"AB Concrete Design and Business Gifts","description":"Beton Design T\u00e1rgyak, \u00c9kszer \u00e9s \u00dczleti Aj\u00e1nd\u00e9k, Beton Tr\u00f3fe\u00e1k","publisher":{"@id":"https:\/\/abconcretedesign.com\/hu\/#organization"},"potentialAction":[{"@type":"SearchAction","target":{"@type":"EntryPoint","urlTemplate":"https:\/\/abconcretedesign.com\/hu\/?s={search_term_string}"},"query-input":{"@type":"PropertyValueSpecification","valueRequired":true,"valueName":"search_term_string"}}],"inLanguage":"hu"},{"@type":"Organization","@id":"https:\/\/abconcretedesign.com\/hu\/#organization","name":"AB Concrete Design","url":"https:\/\/abconcretedesign.com\/hu\/","logo":{"@type":"ImageObject","inLanguage":"hu","@id":"https:\/\/abconcretedesign.com\/hu\/#\/schema\/logo\/image\/","url":"https:\/\/abconcretedesign.com\/wp-content\/uploads\/2019\/04\/ab-concrete-design-logo.jpg","contentUrl":"https:\/\/abconcretedesign.com\/wp-content\/uploads\/2019\/04\/ab-concrete-design-logo.jpg","width":351,"height":89,"caption":"AB Concrete Design"},"image":{"@id":"https:\/\/abconcretedesign.com\/hu\/#\/schema\/logo\/image\/"}}]}},"_links":{"self":[{"href":"https:\/\/abconcretedesign.com\/hu\/wp-json\/wp\/v2\/product\/16830","targetHints":{"allow":["GET"]}}],"collection":[{"href":"https:\/\/abconcretedesign.com\/hu\/wp-json\/wp\/v2\/product"}],"about":[{"href":"https:\/\/abconcretedesign.com\/hu\/wp-json\/wp\/v2\/types\/product"}],"replies":[{"embeddable":true,"href":"https:\/\/abconcretedesign.com\/hu\/wp-json\/wp\/v2\/comments?post=16830"}],"version-history":[{"count":2,"href":"https:\/\/abconcretedesign.com\/hu\/wp-json\/wp\/v2\/product\/16830\/revisions"}],"predecessor-version":[{"id":28926,"href":"https:\/\/abconcretedesign.com\/hu\/wp-json\/wp\/v2\/product\/16830\/revisions\/28926"}],"wp:featuredmedia":[{"embeddable":true,"href":"https:\/\/abconcretedesign.com\/hu\/wp-json\/wp\/v2\/media\/15891"}],"wp:attachment":[{"href":"https:\/\/abconcretedesign.com\/hu\/wp-json\/wp\/v2\/media?parent=16830"}],"wp:term":[{"taxonomy":"product_brand","embeddable":true,"href":"https:\/\/abconcretedesign.com\/hu\/wp-json\/wp\/v2\/product_brand?post=16830"},{"taxonomy":"product_cat","embeddable":true,"href":"https:\/\/abconcretedesign.com\/hu\/wp-json\/wp\/v2\/product_cat?post=16830"},{"taxonomy":"product_tag","embeddable":true,"href":"https:\/\/abconcretedesign.com\/hu\/wp-json\/wp\/v2\/product_tag?post=16830"}],"curies":[{"name":"wp","href":"https:\/\/api.w.org\/{rel}","templated":true}]}}