{"id":1499,"date":"2019-02-23T13:24:11","date_gmt":"2019-02-23T12:24:11","guid":{"rendered":"https:\/\/tesztdomain.eu\/shop\/nem-kategorizalt\/wedge-beton-design-ekszer-szett\/"},"modified":"2022-03-01T23:07:43","modified_gmt":"2022-03-01T22:07:43","slug":"beton-ekszer-szett-wedge","status":"publish","type":"product","link":"https:\/\/abconcretedesign.com\/hu\/uzlet\/beton-ekszer\/noi\/beton-ekszer-szett-wedge\/","title":{"rendered":"WEDGE Beton Design \u00c9kszer Szett"},"content":{"rendered":"<p>K\u00fcl\u00f6nlegesek, l\u00e1tv\u00e1nyosak, an\u00e9lk\u00fcl hogy kir\u00edv\u00f3ak lenn\u00e9nek. J\u00f3l illenek a legk\u00fcl\u00f6nb\u00f6z\u0151bb outfitekhez is. H\u00e1rom sz\u00ednben gy\u00e1rtjuk \u0151ket, feh\u00e9rben, sz\u00fcrk\u00e9ben \u00e9s antracitban. A WEGDE szettben tal\u00e1lhat\u00f3ak a legkarcs\u00fabb, \u00e9k alak\u00fa \u00e9kszerek, melyekr\u0151l a nev\u00fcket is kapt\u00e1k. A f\u00e9m r\u00e9szek hipoallerg\u00e9nek, orvosi f\u00e9mb\u0151l k\u00e9sz\u00fclnek, \u00edgy nem okoznak irrit\u00e1ci\u00f3t. Aj\u00e1nd\u00e9knak is aj\u00e1nljuk, eleg\u00e1ns d\u00edszdobozban \u00e9rkeznek, melyekben k\u00e9s\u0151bb t\u00e1rolhat\u00f3ak is.     <\/p>\n\t<div id=\"gap-1260914084\" class=\"gap-element clearfix\" style=\"display:block; height:auto;\">\n\t\t\n<style>\n#gap-1260914084 {\n  padding-top: 60px;\n}\n<\/style>\n\t<\/div>\n\t\n<h2>Beton \u00e9kszereink c\u00e9ges aj\u00e1nd\u00e9kk\u00e9nt is t\u00f6k\u00e9letesek!<\/h2>\n\t<div id=\"gap-88059363\" class=\"gap-element clearfix\" style=\"display:block; height:auto;\">\n\t\t\n<style>\n#gap-88059363 {\n  padding-top: 30px;\n}\n<\/style>\n\t<\/div>\n\t\n<p>Folyamatosan k\u00f6vetj\u00fck a c\u00e9ges aj\u00e1nd\u00e9koz\u00e1si kult\u00fara v\u00e1ltoz\u00e1s\u00e1t: az ut\u00f3bbi \u00e9vekben a log\u00f3 m\u00e1r csak a csomagol\u00e1sra ker\u00fcl. Ha egy eml\u00e9kezetes alkalmon tal\u00e1l\u00f3 aj\u00e1nd\u00e9kkal leped meg \u00fcgyfeleid, akkor nincs sz\u00fcks\u00e9g arra, hogy az aj\u00e1nd\u00e9kt\u00e1rgyon legyen a log\u00f3 \u2013 en\u00e9lk\u00fcl is \u00f6r\u00f6k eml\u00e9k marad, amit \u00edgy sz\u00edvesen viselnek is majd. Az \u00e9kszer minden partnered sz\u00e1m\u00e1ra t\u00f6k\u00e9letes v\u00e1laszt\u00e1s. F\u00e9rfiak sz\u00e1m\u00e1ra mandzsettagombot, h\u00f6lgyek sz\u00e1m\u00e1ra nyakl\u00e1ncot, f\u00fclbeval\u00f3t vagy \u00e9kszerszettet aj\u00e1nlunk. <\/p>\n<p>Sz\u00e1mtalan csomagol\u00e1si megold\u00e1sunk: magas min\u0151s\u00e9g\u0171 kartonokkal \u00e9s k\u00fcl\u00f6nb\u00f6z\u0151 technik\u00e1kkal dolgozunk, \u00edgy log\u00f3dat finoman \u00e9s eleg\u00e1nsan tudjuk megjelen\u00edteni egy tart\u00f3s \u00e9s ig\u00e9nyes fel\u00fcleten. \u00cdgy a csomagol\u00e1s sem v\u00e9gzi feleslegesen a szem\u00e9tben. A teljes c\u00e9ges aj\u00e1nd\u00e9kk\u00edn\u00e1latot <a href=\"https:\/\/abconcretedesign.com\/hu\/uzleti-ajandekok\/\">itt tal\u00e1lod<\/a>. Ha aj\u00e1nlatot k\u00e9rn\u00e9l, egyeztess k\u00f6zvetlen\u00fcl a tervez\u0151vel az <a href=\"mailto:anita@abconcretedesign.com\">anita@abconcretedesign.com<\/a> c\u00edmen.<\/p>\n\t<div id=\"gap-1147903629\" class=\"gap-element clearfix\" style=\"display:block; height:auto;\">\n\t\t\n<style>\n#gap-1147903629 {\n  padding-top: 30px;\n}\n<\/style>\n\t<\/div>\n\t\n\n<div class=\"row\"  id=\"row-343035482\">\n\n\n\t<div id=\"col-1950856697\" class=\"col medium-4 small-12 large-4\"  >\n\t\t\t\t<div class=\"col-inner\"  >\n\t\t\t\n\t\t\t\n\n\t<div class=\"img has-hover x md-x lg-x y md-y lg-y\" id=\"image_222830284\">\n\t\t\t\t\t\t\t\t<div class=\"img-inner dark\" >\n\t\t\t<img loading=\"lazy\" decoding=\"async\" width=\"1000\" height=\"800\" src=\"https:\/\/abconcretedesign.com\/wp-content\/uploads\/2019\/08\/business-gift-for-female-1000x800.jpg\" class=\"attachment-large size-large\" alt=\"Business gift for female partners \/ employees\" srcset=\"https:\/\/abconcretedesign.com\/wp-content\/uploads\/2019\/08\/business-gift-for-female-1000x800.jpg 1000w, https:\/\/abconcretedesign.com\/wp-content\/uploads\/2019\/08\/business-gift-for-female-510x408.jpg 510w, https:\/\/abconcretedesign.com\/wp-content\/uploads\/2019\/08\/business-gift-for-female-500x400.jpg 500w, https:\/\/abconcretedesign.com\/wp-content\/uploads\/2019\/08\/business-gift-for-female-768x615.jpg 768w, https:\/\/abconcretedesign.com\/wp-content\/uploads\/2019\/08\/business-gift-for-female-420x336.jpg 420w, https:\/\/abconcretedesign.com\/wp-content\/uploads\/2019\/08\/business-gift-for-female-600x480.jpg 600w, https:\/\/abconcretedesign.com\/wp-content\/uploads\/2019\/08\/business-gift-for-female.jpg 1600w\" sizes=\"auto, (max-width: 1000px) 100vw, 1000px\" \/>\t\t\t\t\t\t\n\t\t\t\t\t<\/div>\n\t\t\t\t\t\t\t\t\n<style>\n#image_222830284 {\n  width: 100%;\n}\n<\/style>\n\t<\/div>\n\t\n\n\n\t\t<\/div>\n\t\t\t\t\t<\/div>\n\n\t\n\n\t<div id=\"col-947973635\" class=\"col medium-4 small-12 large-4\"  >\n\t\t\t\t<div class=\"col-inner\"  >\n\t\t\t\n\t\t\t\n\n\t<div class=\"img has-hover x md-x lg-x y md-y lg-y\" id=\"image_387431971\">\n\t\t\t\t\t\t\t\t<div class=\"img-inner dark\" >\n\t\t\t<img loading=\"lazy\" decoding=\"async\" width=\"1000\" height=\"800\" src=\"https:\/\/abconcretedesign.com\/wp-content\/uploads\/2019\/12\/concrete-jewel-for-business-partners-1000x800.jpg\" class=\"attachment-large size-large\" alt=\"Concrete jewels for business partners with customized packaging\" srcset=\"https:\/\/abconcretedesign.com\/wp-content\/uploads\/2019\/12\/concrete-jewel-for-business-partners-1000x800.jpg 1000w, https:\/\/abconcretedesign.com\/wp-content\/uploads\/2019\/12\/concrete-jewel-for-business-partners-510x408.jpg 510w, https:\/\/abconcretedesign.com\/wp-content\/uploads\/2019\/12\/concrete-jewel-for-business-partners-500x400.jpg 500w, https:\/\/abconcretedesign.com\/wp-content\/uploads\/2019\/12\/concrete-jewel-for-business-partners-768x614.jpg 768w, https:\/\/abconcretedesign.com\/wp-content\/uploads\/2019\/12\/concrete-jewel-for-business-partners-420x336.jpg 420w, https:\/\/abconcretedesign.com\/wp-content\/uploads\/2019\/12\/concrete-jewel-for-business-partners-600x480.jpg 600w\" sizes=\"auto, (max-width: 1000px) 100vw, 1000px\" \/>\t\t\t\t\t\t\n\t\t\t\t\t<\/div>\n\t\t\t\t\t\t\t\t\n<style>\n#image_387431971 {\n  width: 100%;\n}\n<\/style>\n\t<\/div>\n\t\n\n\n\t\t<\/div>\n\t\t\t\t\t<\/div>\n\n\t\n\n\t<div id=\"col-253339807\" class=\"col medium-4 small-12 large-4\"  >\n\t\t\t\t<div class=\"col-inner\"  >\n\t\t\t\n\t\t\t\n\n\t<div class=\"img has-hover x md-x lg-x y md-y lg-y\" id=\"image_1728965806\">\n\t\t\t\t\t\t\t\t<div class=\"img-inner dark\" >\n\t\t\t<img loading=\"lazy\" decoding=\"async\" width=\"1000\" height=\"800\" src=\"https:\/\/abconcretedesign.com\/wp-content\/uploads\/2020\/01\/luxury-business-gift-for-women-1000x800.jpg\" class=\"attachment-large size-large\" alt=\"Luxury business gift for women with elegant giftbox\" srcset=\"https:\/\/abconcretedesign.com\/wp-content\/uploads\/2020\/01\/luxury-business-gift-for-women-1000x800.jpg 1000w, https:\/\/abconcretedesign.com\/wp-content\/uploads\/2020\/01\/luxury-business-gift-for-women-scaled-510x408.jpg 510w, https:\/\/abconcretedesign.com\/wp-content\/uploads\/2020\/01\/luxury-business-gift-for-women-500x400.jpg 500w, https:\/\/abconcretedesign.com\/wp-content\/uploads\/2020\/01\/luxury-business-gift-for-women-768x614.jpg 768w, https:\/\/abconcretedesign.com\/wp-content\/uploads\/2020\/01\/luxury-business-gift-for-women-1536x1229.jpg 1536w, https:\/\/abconcretedesign.com\/wp-content\/uploads\/2020\/01\/luxury-business-gift-for-women-2048x1638.jpg 2048w, https:\/\/abconcretedesign.com\/wp-content\/uploads\/2020\/01\/luxury-business-gift-for-women-420x336.jpg 420w, https:\/\/abconcretedesign.com\/wp-content\/uploads\/2020\/01\/luxury-business-gift-for-women-600x480.jpg 600w\" sizes=\"auto, (max-width: 1000px) 100vw, 1000px\" \/>\t\t\t\t\t\t\n\t\t\t\t\t<\/div>\n\t\t\t\t\t\t\t\t\n<style>\n#image_1728965806 {\n  width: 100%;\n}\n<\/style>\n\t<\/div>\n\t\n\n\n\t\t<\/div>\n\t\t\t\t\t<\/div>\n\n\t\n\n<\/div>\n\t<div id=\"gap-204627236\" class=\"gap-element clearfix\" style=\"display:block; height:auto;\">\n\t\t\n<style>\n#gap-204627236 {\n  padding-top: 30px;\n}\n<\/style>\n\t<\/div>\n\t\n\n<a href=\"https:\/\/abconcretedesign.com\/corporate-gifts\/concrete-jewelry-for-clients\/\" class=\"button primary\"  style=\"border-radius:10px;\">\n\t\t<span>megn\u00e9zem az \u00e9kszereket c\u00e9ges aj\u00e1nd\u00e9kk\u00e9nt!<\/span>\n\t<\/a>\n\n\n<a class=\"button primary\"  style=\"border-radius:10px;\">\n\t\t<span>megn\u00e9zem a mandzsettagombokat c\u00e9ges aj\u00e1nd\u00e9kk\u00e9nt!<\/span>\n\t<\/a>\n\n","protected":false},"excerpt":{"rendered":"<p>Beton f\u00fclbeval\u00f3 \u00e9s nyakl\u00e1nc szett<\/p>\n","protected":false},"featured_media":5851,"comment_status":"open","ping_status":"closed","template":"","meta":{"footnotes":""},"product_brand":[],"product_cat":[160,236],"product_tag":[254,242,246,241,244,256,267,255],"class_list":{"0":"post-1499","1":"product","2":"type-product","3":"status-publish","4":"has-post-thumbnail","6":"product_cat-beton-ekszer","7":"product_cat-noi","8":"product_tag-giftbox-hu","9":"product_tag-divat","10":"product_tag-jewel-hu","11":"product_tag-fulbevalo","12":"product_tag-geometrikus","13":"product_tag-triangle-hu","14":"product_tag-noknek","15":"product_tag-necklace-hu","17":"first","18":"outofstock","19":"taxable","20":"shipping-taxable","21":"purchasable","22":"product-type-variable"},"yoast_head":"<!-- This site is optimized with the Yoast SEO Premium plugin v26.2 (Yoast SEO v27.3) - https:\/\/yoast.com\/product\/yoast-seo-premium-wordpress\/ -->\n<title>WEDGE Beton Design \u00c9kszer Szett &#187; AB Concrete Design<\/title>\n<meta name=\"description\" content=\"A geometrikus design beton f\u00fclbeval\u00f3ink k\u00f6z\u00fcl a GEM a legnagyobb, de m\u00e9g \u00edgy is visszafogott \u00e9s eleg\u00e1ns m\u00e9ret\u0171. Eleg\u00e1ns karton d\u00edszdobozzal sz\u00e1ll\u00edtjuk, hogy aj\u00e1nd\u00e9kk\u00e9nt is meg\u00e1llj\u00e1k a hely\u00fcket.\" \/>\n<meta name=\"robots\" content=\"index, follow, max-snippet:-1, max-image-preview:large, max-video-preview:-1\" \/>\n<link rel=\"canonical\" href=\"https:\/\/abconcretedesign.com\/hu\/uzlet\/beton-ekszer\/noi\/beton-ekszer-szett-wedge\/\" \/>\n<meta property=\"og:locale\" content=\"hu_HU\" \/>\n<meta property=\"og:type\" content=\"article\" \/>\n<meta property=\"og:title\" content=\"WEDGE Beton Design \u00c9kszer Szett\" \/>\n<meta property=\"og:description\" content=\"Beton f\u00fclbeval\u00f3 \u00e9s nyakl\u00e1nc szett\" \/>\n<meta property=\"og:url\" content=\"https:\/\/abconcretedesign.com\/hu\/uzlet\/beton-ekszer\/noi\/beton-ekszer-szett-wedge\/\" \/>\n<meta property=\"og:site_name\" content=\"AB Concrete Design\" \/>\n<meta property=\"article:modified_time\" content=\"2022-03-01T22:07:43+00:00\" \/>\n<meta property=\"og:image\" content=\"https:\/\/abconcretedesign.com\/wp-content\/uploads\/2019\/07\/triangle-jewelry-set-dark-concrete.jpg\" \/>\n\t<meta property=\"og:image:width\" content=\"1920\" \/>\n\t<meta property=\"og:image:height\" content=\"1282\" \/>\n\t<meta property=\"og:image:type\" content=\"image\/jpeg\" \/>\n<meta name=\"twitter:card\" content=\"summary_large_image\" \/>\n<script type=\"application\/ld+json\" class=\"yoast-schema-graph\">{\"@context\":\"https:\\\/\\\/schema.org\",\"@graph\":[{\"@type\":\"WebPage\",\"@id\":\"https:\\\/\\\/abconcretedesign.com\\\/hu\\\/uzlet\\\/beton-ekszer\\\/noi\\\/beton-ekszer-szett-wedge\\\/\",\"url\":\"https:\\\/\\\/abconcretedesign.com\\\/hu\\\/uzlet\\\/beton-ekszer\\\/noi\\\/beton-ekszer-szett-wedge\\\/\",\"name\":\"WEDGE Beton Design \u00c9kszer Szett &#187; AB Concrete Design\",\"isPartOf\":{\"@id\":\"https:\\\/\\\/abconcretedesign.com\\\/hu\\\/#website\"},\"primaryImageOfPage\":{\"@id\":\"https:\\\/\\\/abconcretedesign.com\\\/hu\\\/uzlet\\\/beton-ekszer\\\/noi\\\/beton-ekszer-szett-wedge\\\/#primaryimage\"},\"image\":{\"@id\":\"https:\\\/\\\/abconcretedesign.com\\\/hu\\\/uzlet\\\/beton-ekszer\\\/noi\\\/beton-ekszer-szett-wedge\\\/#primaryimage\"},\"thumbnailUrl\":\"https:\\\/\\\/abconcretedesign.com\\\/wp-content\\\/uploads\\\/2019\\\/07\\\/triangle-jewelry-set-dark-concrete.jpg\",\"datePublished\":\"2019-02-23T12:24:11+00:00\",\"dateModified\":\"2022-03-01T22:07:43+00:00\",\"description\":\"A geometrikus design beton f\u00fclbeval\u00f3ink k\u00f6z\u00fcl a GEM a legnagyobb, de m\u00e9g \u00edgy is visszafogott \u00e9s eleg\u00e1ns m\u00e9ret\u0171. Eleg\u00e1ns karton d\u00edszdobozzal sz\u00e1ll\u00edtjuk, hogy aj\u00e1nd\u00e9kk\u00e9nt is meg\u00e1llj\u00e1k a hely\u00fcket.\",\"breadcrumb\":{\"@id\":\"https:\\\/\\\/abconcretedesign.com\\\/hu\\\/uzlet\\\/beton-ekszer\\\/noi\\\/beton-ekszer-szett-wedge\\\/#breadcrumb\"},\"inLanguage\":\"hu\",\"potentialAction\":[{\"@type\":\"ReadAction\",\"target\":[\"https:\\\/\\\/abconcretedesign.com\\\/hu\\\/uzlet\\\/beton-ekszer\\\/noi\\\/beton-ekszer-szett-wedge\\\/\"]}]},{\"@type\":\"ImageObject\",\"inLanguage\":\"hu\",\"@id\":\"https:\\\/\\\/abconcretedesign.com\\\/hu\\\/uzlet\\\/beton-ekszer\\\/noi\\\/beton-ekszer-szett-wedge\\\/#primaryimage\",\"url\":\"https:\\\/\\\/abconcretedesign.com\\\/wp-content\\\/uploads\\\/2019\\\/07\\\/triangle-jewelry-set-dark-concrete.jpg\",\"contentUrl\":\"https:\\\/\\\/abconcretedesign.com\\\/wp-content\\\/uploads\\\/2019\\\/07\\\/triangle-jewelry-set-dark-concrete.jpg\",\"width\":1920,\"height\":1282,\"caption\":\"H\u00e1romsz\u00f6g alak\u00fa \u00e9kszer szett s\u00f6t\u00e9tsz\u00edn\u0171 betonb\u00f3l\"},{\"@type\":\"BreadcrumbList\",\"@id\":\"https:\\\/\\\/abconcretedesign.com\\\/hu\\\/uzlet\\\/beton-ekszer\\\/noi\\\/beton-ekszer-szett-wedge\\\/#breadcrumb\",\"itemListElement\":[{\"@type\":\"ListItem\",\"position\":1,\"name\":\"F\u0151oldal\",\"item\":\"https:\\\/\\\/abconcretedesign.com\\\/hu\\\/\"},{\"@type\":\"ListItem\",\"position\":2,\"name\":\"Shop\",\"item\":\"https:\\\/\\\/abconcretedesign.com\\\/hu\\\/uzlet\\\/\"},{\"@type\":\"ListItem\",\"position\":3,\"name\":\"WEDGE Beton Design \u00c9kszer Szett\"}]},{\"@type\":\"WebSite\",\"@id\":\"https:\\\/\\\/abconcretedesign.com\\\/hu\\\/#website\",\"url\":\"https:\\\/\\\/abconcretedesign.com\\\/hu\\\/\",\"name\":\"AB Concrete Design and Business Gifts\",\"description\":\"Beton Design T\u00e1rgyak, \u00c9kszer \u00e9s \u00dczleti Aj\u00e1nd\u00e9k, Beton Tr\u00f3fe\u00e1k\",\"publisher\":{\"@id\":\"https:\\\/\\\/abconcretedesign.com\\\/hu\\\/#organization\"},\"potentialAction\":[{\"@type\":\"SearchAction\",\"target\":{\"@type\":\"EntryPoint\",\"urlTemplate\":\"https:\\\/\\\/abconcretedesign.com\\\/hu\\\/?s={search_term_string}\"},\"query-input\":{\"@type\":\"PropertyValueSpecification\",\"valueRequired\":true,\"valueName\":\"search_term_string\"}}],\"inLanguage\":\"hu\"},{\"@type\":\"Organization\",\"@id\":\"https:\\\/\\\/abconcretedesign.com\\\/hu\\\/#organization\",\"name\":\"AB Concrete Design\",\"url\":\"https:\\\/\\\/abconcretedesign.com\\\/hu\\\/\",\"logo\":{\"@type\":\"ImageObject\",\"inLanguage\":\"hu\",\"@id\":\"https:\\\/\\\/abconcretedesign.com\\\/hu\\\/#\\\/schema\\\/logo\\\/image\\\/\",\"url\":\"https:\\\/\\\/abconcretedesign.com\\\/wp-content\\\/uploads\\\/2019\\\/04\\\/ab-concrete-design-logo.jpg\",\"contentUrl\":\"https:\\\/\\\/abconcretedesign.com\\\/wp-content\\\/uploads\\\/2019\\\/04\\\/ab-concrete-design-logo.jpg\",\"width\":351,\"height\":89,\"caption\":\"AB Concrete Design\"},\"image\":{\"@id\":\"https:\\\/\\\/abconcretedesign.com\\\/hu\\\/#\\\/schema\\\/logo\\\/image\\\/\"}}]}<\/script>\n<!-- \/ Yoast SEO Premium plugin. -->","yoast_head_json":{"title":"WEDGE Beton Design \u00c9kszer Szett &#187; AB Concrete Design","description":"A geometrikus design beton f\u00fclbeval\u00f3ink k\u00f6z\u00fcl a GEM a legnagyobb, de m\u00e9g \u00edgy is visszafogott \u00e9s eleg\u00e1ns m\u00e9ret\u0171. Eleg\u00e1ns karton d\u00edszdobozzal sz\u00e1ll\u00edtjuk, hogy aj\u00e1nd\u00e9kk\u00e9nt is meg\u00e1llj\u00e1k a hely\u00fcket.","robots":{"index":"index","follow":"follow","max-snippet":"max-snippet:-1","max-image-preview":"max-image-preview:large","max-video-preview":"max-video-preview:-1"},"canonical":"https:\/\/abconcretedesign.com\/hu\/uzlet\/beton-ekszer\/noi\/beton-ekszer-szett-wedge\/","og_locale":"hu_HU","og_type":"article","og_title":"WEDGE Beton Design \u00c9kszer Szett","og_description":"Beton f\u00fclbeval\u00f3 \u00e9s nyakl\u00e1nc szett","og_url":"https:\/\/abconcretedesign.com\/hu\/uzlet\/beton-ekszer\/noi\/beton-ekszer-szett-wedge\/","og_site_name":"AB Concrete Design","article_modified_time":"2022-03-01T22:07:43+00:00","og_image":[{"width":1920,"height":1282,"url":"https:\/\/abconcretedesign.com\/wp-content\/uploads\/2019\/07\/triangle-jewelry-set-dark-concrete.jpg","type":"image\/jpeg"}],"twitter_card":"summary_large_image","schema":{"@context":"https:\/\/schema.org","@graph":[{"@type":"WebPage","@id":"https:\/\/abconcretedesign.com\/hu\/uzlet\/beton-ekszer\/noi\/beton-ekszer-szett-wedge\/","url":"https:\/\/abconcretedesign.com\/hu\/uzlet\/beton-ekszer\/noi\/beton-ekszer-szett-wedge\/","name":"WEDGE Beton Design \u00c9kszer Szett &#187; AB Concrete Design","isPartOf":{"@id":"https:\/\/abconcretedesign.com\/hu\/#website"},"primaryImageOfPage":{"@id":"https:\/\/abconcretedesign.com\/hu\/uzlet\/beton-ekszer\/noi\/beton-ekszer-szett-wedge\/#primaryimage"},"image":{"@id":"https:\/\/abconcretedesign.com\/hu\/uzlet\/beton-ekszer\/noi\/beton-ekszer-szett-wedge\/#primaryimage"},"thumbnailUrl":"https:\/\/abconcretedesign.com\/wp-content\/uploads\/2019\/07\/triangle-jewelry-set-dark-concrete.jpg","datePublished":"2019-02-23T12:24:11+00:00","dateModified":"2022-03-01T22:07:43+00:00","description":"A geometrikus design beton f\u00fclbeval\u00f3ink k\u00f6z\u00fcl a GEM a legnagyobb, de m\u00e9g \u00edgy is visszafogott \u00e9s eleg\u00e1ns m\u00e9ret\u0171. Eleg\u00e1ns karton d\u00edszdobozzal sz\u00e1ll\u00edtjuk, hogy aj\u00e1nd\u00e9kk\u00e9nt is meg\u00e1llj\u00e1k a hely\u00fcket.","breadcrumb":{"@id":"https:\/\/abconcretedesign.com\/hu\/uzlet\/beton-ekszer\/noi\/beton-ekszer-szett-wedge\/#breadcrumb"},"inLanguage":"hu","potentialAction":[{"@type":"ReadAction","target":["https:\/\/abconcretedesign.com\/hu\/uzlet\/beton-ekszer\/noi\/beton-ekszer-szett-wedge\/"]}]},{"@type":"ImageObject","inLanguage":"hu","@id":"https:\/\/abconcretedesign.com\/hu\/uzlet\/beton-ekszer\/noi\/beton-ekszer-szett-wedge\/#primaryimage","url":"https:\/\/abconcretedesign.com\/wp-content\/uploads\/2019\/07\/triangle-jewelry-set-dark-concrete.jpg","contentUrl":"https:\/\/abconcretedesign.com\/wp-content\/uploads\/2019\/07\/triangle-jewelry-set-dark-concrete.jpg","width":1920,"height":1282,"caption":"H\u00e1romsz\u00f6g alak\u00fa \u00e9kszer szett s\u00f6t\u00e9tsz\u00edn\u0171 betonb\u00f3l"},{"@type":"BreadcrumbList","@id":"https:\/\/abconcretedesign.com\/hu\/uzlet\/beton-ekszer\/noi\/beton-ekszer-szett-wedge\/#breadcrumb","itemListElement":[{"@type":"ListItem","position":1,"name":"F\u0151oldal","item":"https:\/\/abconcretedesign.com\/hu\/"},{"@type":"ListItem","position":2,"name":"Shop","item":"https:\/\/abconcretedesign.com\/hu\/uzlet\/"},{"@type":"ListItem","position":3,"name":"WEDGE Beton Design \u00c9kszer Szett"}]},{"@type":"WebSite","@id":"https:\/\/abconcretedesign.com\/hu\/#website","url":"https:\/\/abconcretedesign.com\/hu\/","name":"AB Concrete Design and Business Gifts","description":"Beton Design T\u00e1rgyak, \u00c9kszer \u00e9s \u00dczleti Aj\u00e1nd\u00e9k, Beton Tr\u00f3fe\u00e1k","publisher":{"@id":"https:\/\/abconcretedesign.com\/hu\/#organization"},"potentialAction":[{"@type":"SearchAction","target":{"@type":"EntryPoint","urlTemplate":"https:\/\/abconcretedesign.com\/hu\/?s={search_term_string}"},"query-input":{"@type":"PropertyValueSpecification","valueRequired":true,"valueName":"search_term_string"}}],"inLanguage":"hu"},{"@type":"Organization","@id":"https:\/\/abconcretedesign.com\/hu\/#organization","name":"AB Concrete Design","url":"https:\/\/abconcretedesign.com\/hu\/","logo":{"@type":"ImageObject","inLanguage":"hu","@id":"https:\/\/abconcretedesign.com\/hu\/#\/schema\/logo\/image\/","url":"https:\/\/abconcretedesign.com\/wp-content\/uploads\/2019\/04\/ab-concrete-design-logo.jpg","contentUrl":"https:\/\/abconcretedesign.com\/wp-content\/uploads\/2019\/04\/ab-concrete-design-logo.jpg","width":351,"height":89,"caption":"AB Concrete Design"},"image":{"@id":"https:\/\/abconcretedesign.com\/hu\/#\/schema\/logo\/image\/"}}]}},"_links":{"self":[{"href":"https:\/\/abconcretedesign.com\/hu\/wp-json\/wp\/v2\/product\/1499","targetHints":{"allow":["GET"]}}],"collection":[{"href":"https:\/\/abconcretedesign.com\/hu\/wp-json\/wp\/v2\/product"}],"about":[{"href":"https:\/\/abconcretedesign.com\/hu\/wp-json\/wp\/v2\/types\/product"}],"replies":[{"embeddable":true,"href":"https:\/\/abconcretedesign.com\/hu\/wp-json\/wp\/v2\/comments?post=1499"}],"version-history":[{"count":0,"href":"https:\/\/abconcretedesign.com\/hu\/wp-json\/wp\/v2\/product\/1499\/revisions"}],"wp:featuredmedia":[{"embeddable":true,"href":"https:\/\/abconcretedesign.com\/hu\/wp-json\/wp\/v2\/media\/5851"}],"wp:attachment":[{"href":"https:\/\/abconcretedesign.com\/hu\/wp-json\/wp\/v2\/media?parent=1499"}],"wp:term":[{"taxonomy":"product_brand","embeddable":true,"href":"https:\/\/abconcretedesign.com\/hu\/wp-json\/wp\/v2\/product_brand?post=1499"},{"taxonomy":"product_cat","embeddable":true,"href":"https:\/\/abconcretedesign.com\/hu\/wp-json\/wp\/v2\/product_cat?post=1499"},{"taxonomy":"product_tag","embeddable":true,"href":"https:\/\/abconcretedesign.com\/hu\/wp-json\/wp\/v2\/product_tag?post=1499"}],"curies":[{"name":"wp","href":"https:\/\/api.w.org\/{rel}","templated":true}]}}