{"id":1494,"date":"2019-02-23T13:26:26","date_gmt":"2019-02-23T12:26:26","guid":{"rendered":"https:\/\/tesztdomain.eu\/shop\/nem-kategorizalt\/gem-beton-design-ekszer-szett\/"},"modified":"2022-03-01T23:07:43","modified_gmt":"2022-03-01T22:07:43","slug":"gem-beton-design-ekszer-szett","status":"publish","type":"product","link":"https:\/\/abconcretedesign.com\/hu\/uzlet\/beton-ekszer\/noi\/gem-beton-design-ekszer-szett\/","title":{"rendered":"GEM Beton Design \u00c9kszer Szett"},"content":{"rendered":"<p>Egy\u00fctt m\u00e9g hat\u00e1sosabb a k\u00e9t \u00e9kszer \u00e9s biztosan magukra vonj\u00e1k a figyelmet. A betonb\u00f3l k\u00e9sz\u00fclt k\u00fcl\u00f6nlegess\u00e9gek sz\u00e9pen mutatnak a legt\u00f6bb st\u00edlus\u00fa ruh\u00e1val. H\u00e1rom sz\u00ednben is megtal\u00e1lhat\u00f3ak webshopunkban, feh\u00e9rben, sz\u00fcrk\u00e9ben \u00e9s antracitban. Mint minden \u00e9kszer\u00fcnk, betonb\u00f3l \u00e9s orvosi f\u00e9mb\u0151l k\u00e9sz\u00fclnek, hogy semmik\u00e9pp se okozzanak irrit\u00e1ci\u00f3t vagy allergi\u00e1t. St\u00edlusban hozz\u00e1ill\u0151 d\u00edszdobozban sz\u00e1ll\u00edtjuk, amiben k\u00f6nny\u0171 aj\u00e1nd\u00e9kozni \u00e9s k\u00e9s\u0151bb t\u00e1rolni az \u00e9kszereket.   <\/p>\n\t<div id=\"gap-1042036918\" class=\"gap-element clearfix\" style=\"display:block; height:auto;\">\n\t\t\n<style>\n#gap-1042036918 {\n  padding-top: 60px;\n}\n<\/style>\n\t<\/div>\n\t\n<h2>Ezek a beton sz\u00e9ps\u00e9gek t\u00f6k\u00e9letes aj\u00e1nd\u00e9kok lehetnek az \u00fczleti partnereid sz\u00e1m\u00e1ra is!<\/h2>\n\t<div id=\"gap-1801128485\" class=\"gap-element clearfix\" style=\"display:block; height:auto;\">\n\t\t\n<style>\n#gap-1801128485 {\n  padding-top: 30px;\n}\n<\/style>\n\t<\/div>\n\t\n<p>Folyamatosan k\u00f6vetj\u00fck a c\u00e9ges aj\u00e1nd\u00e9koz\u00e1si kult\u00fara v\u00e1ltoz\u00e1s\u00e1t: az ut\u00f3bbi \u00e9vekben a log\u00f3 m\u00e1r csak a csomagol\u00e1sra ker\u00fcl. Ha egy eml\u00e9kezetes alkalmon tal\u00e1l\u00f3 aj\u00e1nd\u00e9kkal leped meg \u00fcgyfeleid, akkor nincs sz\u00fcks\u00e9g arra, hogy az aj\u00e1nd\u00e9kt\u00e1rgyon legyen a log\u00f3 \u2013 en\u00e9lk\u00fcl is \u00f6r\u00f6k eml\u00e9k marad, amit \u00edgy sz\u00edvesen viselnek is majd. Az \u00e9kszer minden partnered sz\u00e1m\u00e1ra t\u00f6k\u00e9letes v\u00e1laszt\u00e1s. F\u00e9rfiak sz\u00e1m\u00e1ra mandzsettagombot, h\u00f6lgyek sz\u00e1m\u00e1ra nyakl\u00e1ncot, f\u00fclbeval\u00f3t vagy \u00e9kszerszettet aj\u00e1nlunk. <\/p>\n<p>Sz\u00e1mtalan csomagol\u00e1si megold\u00e1sunk: magas min\u0151s\u00e9g\u0171 kartonokkal \u00e9s k\u00fcl\u00f6nb\u00f6z\u0151 technik\u00e1kkal dolgozunk, \u00edgy log\u00f3dat finoman \u00e9s eleg\u00e1nsan tudjuk megjelen\u00edteni egy tart\u00f3s \u00e9s ig\u00e9nyes fel\u00fcleten. \u00cdgy a csomagol\u00e1s sem v\u00e9gzi feleslegesen a szem\u00e9tben. A teljes c\u00e9ges aj\u00e1nd\u00e9kk\u00edn\u00e1latot <a href=\"https:\/\/abconcretedesign.com\/hu\/uzleti-ajandekok\/\">itt tal\u00e1lod<\/a>. Ha aj\u00e1nlatot k\u00e9rn\u00e9l, egyeztess k\u00f6zvetlen\u00fcl a tervez\u0151vel az <a href=\"mailto:anita@abconcretedesign.com\">anita@abconcretedesign.com<\/a> c\u00edmen.<\/p>\n\t<div id=\"gap-2039296538\" class=\"gap-element clearfix\" style=\"display:block; height:auto;\">\n\t\t\n<style>\n#gap-2039296538 {\n  padding-top: 30px;\n}\n<\/style>\n\t<\/div>\n\t\n\n<div class=\"row\"  id=\"row-196519804\">\n\n\n\t<div id=\"col-484172172\" class=\"col medium-4 small-12 large-4\"  >\n\t\t\t\t<div class=\"col-inner\"  >\n\t\t\t\n\t\t\t\n\n\t<div class=\"img has-hover x md-x lg-x y md-y lg-y\" id=\"image_1391290677\">\n\t\t\t\t\t\t\t\t<div class=\"img-inner dark\" >\n\t\t\t<img loading=\"lazy\" decoding=\"async\" width=\"1000\" height=\"800\" src=\"https:\/\/abconcretedesign.com\/wp-content\/uploads\/2019\/08\/business-gift-for-female-1000x800.jpg\" class=\"attachment-large size-large\" alt=\"Business gift for female partners \/ employees\" srcset=\"https:\/\/abconcretedesign.com\/wp-content\/uploads\/2019\/08\/business-gift-for-female-1000x800.jpg 1000w, https:\/\/abconcretedesign.com\/wp-content\/uploads\/2019\/08\/business-gift-for-female-510x408.jpg 510w, https:\/\/abconcretedesign.com\/wp-content\/uploads\/2019\/08\/business-gift-for-female-500x400.jpg 500w, https:\/\/abconcretedesign.com\/wp-content\/uploads\/2019\/08\/business-gift-for-female-768x615.jpg 768w, https:\/\/abconcretedesign.com\/wp-content\/uploads\/2019\/08\/business-gift-for-female-420x336.jpg 420w, https:\/\/abconcretedesign.com\/wp-content\/uploads\/2019\/08\/business-gift-for-female-600x480.jpg 600w, https:\/\/abconcretedesign.com\/wp-content\/uploads\/2019\/08\/business-gift-for-female.jpg 1600w\" sizes=\"auto, (max-width: 1000px) 100vw, 1000px\" \/>\t\t\t\t\t\t\n\t\t\t\t\t<\/div>\n\t\t\t\t\t\t\t\t\n<style>\n#image_1391290677 {\n  width: 100%;\n}\n<\/style>\n\t<\/div>\n\t\n\n\n\t\t<\/div>\n\t\t\t\t\t<\/div>\n\n\t\n\n\t<div id=\"col-748243549\" class=\"col medium-4 small-12 large-4\"  >\n\t\t\t\t<div class=\"col-inner\"  >\n\t\t\t\n\t\t\t\n\n\t<div class=\"img has-hover x md-x lg-x y md-y lg-y\" id=\"image_14760049\">\n\t\t\t\t\t\t\t\t<div class=\"img-inner dark\" >\n\t\t\t<img loading=\"lazy\" decoding=\"async\" width=\"1000\" height=\"800\" src=\"https:\/\/abconcretedesign.com\/wp-content\/uploads\/2019\/12\/concrete-jewel-for-business-partners-1000x800.jpg\" class=\"attachment-large size-large\" alt=\"Concrete jewels for business partners with customized packaging\" srcset=\"https:\/\/abconcretedesign.com\/wp-content\/uploads\/2019\/12\/concrete-jewel-for-business-partners-1000x800.jpg 1000w, https:\/\/abconcretedesign.com\/wp-content\/uploads\/2019\/12\/concrete-jewel-for-business-partners-510x408.jpg 510w, https:\/\/abconcretedesign.com\/wp-content\/uploads\/2019\/12\/concrete-jewel-for-business-partners-500x400.jpg 500w, https:\/\/abconcretedesign.com\/wp-content\/uploads\/2019\/12\/concrete-jewel-for-business-partners-768x614.jpg 768w, https:\/\/abconcretedesign.com\/wp-content\/uploads\/2019\/12\/concrete-jewel-for-business-partners-420x336.jpg 420w, https:\/\/abconcretedesign.com\/wp-content\/uploads\/2019\/12\/concrete-jewel-for-business-partners-600x480.jpg 600w\" sizes=\"auto, (max-width: 1000px) 100vw, 1000px\" \/>\t\t\t\t\t\t\n\t\t\t\t\t<\/div>\n\t\t\t\t\t\t\t\t\n<style>\n#image_14760049 {\n  width: 100%;\n}\n<\/style>\n\t<\/div>\n\t\n\n\n\t\t<\/div>\n\t\t\t\t\t<\/div>\n\n\t\n\n\t<div id=\"col-1479477792\" class=\"col medium-4 small-12 large-4\"  >\n\t\t\t\t<div class=\"col-inner\"  >\n\t\t\t\n\t\t\t\n\n\t<div class=\"img has-hover x md-x lg-x y md-y lg-y\" id=\"image_191757738\">\n\t\t\t\t\t\t\t\t<div class=\"img-inner dark\" >\n\t\t\t<img loading=\"lazy\" decoding=\"async\" width=\"1000\" height=\"800\" src=\"https:\/\/abconcretedesign.com\/wp-content\/uploads\/2020\/01\/luxury-business-gift-for-women-1000x800.jpg\" class=\"attachment-large size-large\" alt=\"Luxury business gift for women with elegant giftbox\" srcset=\"https:\/\/abconcretedesign.com\/wp-content\/uploads\/2020\/01\/luxury-business-gift-for-women-1000x800.jpg 1000w, https:\/\/abconcretedesign.com\/wp-content\/uploads\/2020\/01\/luxury-business-gift-for-women-scaled-510x408.jpg 510w, https:\/\/abconcretedesign.com\/wp-content\/uploads\/2020\/01\/luxury-business-gift-for-women-500x400.jpg 500w, https:\/\/abconcretedesign.com\/wp-content\/uploads\/2020\/01\/luxury-business-gift-for-women-768x614.jpg 768w, https:\/\/abconcretedesign.com\/wp-content\/uploads\/2020\/01\/luxury-business-gift-for-women-1536x1229.jpg 1536w, https:\/\/abconcretedesign.com\/wp-content\/uploads\/2020\/01\/luxury-business-gift-for-women-2048x1638.jpg 2048w, https:\/\/abconcretedesign.com\/wp-content\/uploads\/2020\/01\/luxury-business-gift-for-women-420x336.jpg 420w, https:\/\/abconcretedesign.com\/wp-content\/uploads\/2020\/01\/luxury-business-gift-for-women-600x480.jpg 600w\" sizes=\"auto, (max-width: 1000px) 100vw, 1000px\" \/>\t\t\t\t\t\t\n\t\t\t\t\t<\/div>\n\t\t\t\t\t\t\t\t\n<style>\n#image_191757738 {\n  width: 100%;\n}\n<\/style>\n\t<\/div>\n\t\n\n\n\t\t<\/div>\n\t\t\t\t\t<\/div>\n\n\t\n\n<\/div>\n\t<div id=\"gap-836065120\" class=\"gap-element clearfix\" style=\"display:block; height:auto;\">\n\t\t\n<style>\n#gap-836065120 {\n  padding-top: 30px;\n}\n<\/style>\n\t<\/div>\n\t\n\n<a href=\"https:\/\/abconcretedesign.com\/corporate-gifts\/concrete-jewelry-for-clients\/\" class=\"button primary\"  style=\"border-radius:10px;\">\n\t\t<span>megn\u00e9zem az \u00e9kszereket c\u00e9ges aj\u00e1nd\u00e9kk\u00e9nt!<\/span>\n\t<\/a>\n\n\n<a class=\"button primary\"  style=\"border-radius:10px;\">\n\t\t<span>megn\u00e9zem a mandzsettagombokat c\u00e9ges aj\u00e1nd\u00e9kk\u00e9nt!<\/span>\n\t<\/a>\n\n","protected":false},"excerpt":{"rendered":"<p>Beton \u00e9kszer kollekci\u00f3 GEM f\u00fclbeval\u00f3val \u00e9s nyakl\u00e1nccal. A GEM \u00e9kszerek nev\u00fcket onnan kapt\u00e1k, hogy hasonl\u00edtanak a dr\u00e1gak\u00f6vek csiszol\u00e1s\u00e1nak form\u00e1j\u00e1ra. <\/p>\n","protected":false},"featured_media":5827,"comment_status":"open","ping_status":"closed","template":"","meta":{"footnotes":""},"product_brand":[],"product_cat":[160,236],"product_tag":[254,242,246,241,244,267,255],"class_list":{"0":"post-1494","1":"product","2":"type-product","3":"status-publish","4":"has-post-thumbnail","6":"product_cat-beton-ekszer","7":"product_cat-noi","8":"product_tag-giftbox-hu","9":"product_tag-divat","10":"product_tag-jewel-hu","11":"product_tag-fulbevalo","12":"product_tag-geometrikus","13":"product_tag-noknek","14":"product_tag-necklace-hu","16":"first","17":"outofstock","18":"featured","19":"taxable","20":"shipping-taxable","21":"purchasable","22":"product-type-variable"},"yoast_head":"<!-- This site is optimized with the Yoast SEO Premium plugin v26.2 (Yoast SEO v27.4) - https:\/\/yoast.com\/product\/yoast-seo-premium-wordpress\/ -->\n<title>GEM Beton Design \u00c9kszer Szett &#187; AB Concrete Design<\/title>\n<meta name=\"description\" content=\"A geometrikus design beton f\u00fclbeval\u00f3ink k\u00f6z\u00fcl a GEM a legnagyobb, de m\u00e9g \u00edgy is visszafogott \u00e9s eleg\u00e1ns m\u00e9ret\u0171. Eleg\u00e1ns karton d\u00edszdobozzal sz\u00e1ll\u00edtjuk, hogy aj\u00e1nd\u00e9kk\u00e9nt is meg\u00e1llj\u00e1k a hely\u00fcket.\" \/>\n<meta name=\"robots\" content=\"index, follow, max-snippet:-1, max-image-preview:large, max-video-preview:-1\" \/>\n<link rel=\"canonical\" href=\"https:\/\/abconcretedesign.com\/hu\/uzlet\/beton-ekszer\/noi\/gem-beton-design-ekszer-szett\/\" \/>\n<meta property=\"og:locale\" content=\"hu_HU\" \/>\n<meta property=\"og:type\" content=\"article\" \/>\n<meta property=\"og:title\" content=\"GEM Beton Design \u00c9kszer Szett\" \/>\n<meta property=\"og:description\" content=\"Beton \u00e9kszer kollekci\u00f3 GEM f\u00fclbeval\u00f3val \u00e9s nyakl\u00e1nccal. A GEM \u00e9kszerek nev\u00fcket onnan kapt\u00e1k, hogy hasonl\u00edtanak a dr\u00e1gak\u00f6vek csiszol\u00e1s\u00e1nak form\u00e1j\u00e1ra.\" \/>\n<meta property=\"og:url\" content=\"https:\/\/abconcretedesign.com\/hu\/uzlet\/beton-ekszer\/noi\/gem-beton-design-ekszer-szett\/\" \/>\n<meta property=\"og:site_name\" content=\"AB Concrete Design\" \/>\n<meta property=\"article:modified_time\" content=\"2022-03-01T22:07:43+00:00\" \/>\n<meta property=\"og:image\" content=\"https:\/\/abconcretedesign.com\/wp-content\/uploads\/2019\/07\/geometric-earring.jpg\" \/>\n\t<meta property=\"og:image:width\" content=\"1600\" \/>\n\t<meta property=\"og:image:height\" content=\"1068\" \/>\n\t<meta property=\"og:image:type\" content=\"image\/jpeg\" \/>\n<meta name=\"twitter:card\" content=\"summary_large_image\" \/>\n<script type=\"application\/ld+json\" class=\"yoast-schema-graph\">{\"@context\":\"https:\\\/\\\/schema.org\",\"@graph\":[{\"@type\":\"WebPage\",\"@id\":\"https:\\\/\\\/abconcretedesign.com\\\/hu\\\/uzlet\\\/beton-ekszer\\\/noi\\\/gem-beton-design-ekszer-szett\\\/\",\"url\":\"https:\\\/\\\/abconcretedesign.com\\\/hu\\\/uzlet\\\/beton-ekszer\\\/noi\\\/gem-beton-design-ekszer-szett\\\/\",\"name\":\"GEM Beton Design \u00c9kszer Szett &#187; AB Concrete Design\",\"isPartOf\":{\"@id\":\"https:\\\/\\\/abconcretedesign.com\\\/hu\\\/#website\"},\"primaryImageOfPage\":{\"@id\":\"https:\\\/\\\/abconcretedesign.com\\\/hu\\\/uzlet\\\/beton-ekszer\\\/noi\\\/gem-beton-design-ekszer-szett\\\/#primaryimage\"},\"image\":{\"@id\":\"https:\\\/\\\/abconcretedesign.com\\\/hu\\\/uzlet\\\/beton-ekszer\\\/noi\\\/gem-beton-design-ekszer-szett\\\/#primaryimage\"},\"thumbnailUrl\":\"https:\\\/\\\/abconcretedesign.com\\\/wp-content\\\/uploads\\\/2019\\\/07\\\/geometric-earring.jpg\",\"datePublished\":\"2019-02-23T12:26:26+00:00\",\"dateModified\":\"2022-03-01T22:07:43+00:00\",\"description\":\"A geometrikus design beton f\u00fclbeval\u00f3ink k\u00f6z\u00fcl a GEM a legnagyobb, de m\u00e9g \u00edgy is visszafogott \u00e9s eleg\u00e1ns m\u00e9ret\u0171. Eleg\u00e1ns karton d\u00edszdobozzal sz\u00e1ll\u00edtjuk, hogy aj\u00e1nd\u00e9kk\u00e9nt is meg\u00e1llj\u00e1k a hely\u00fcket.\",\"breadcrumb\":{\"@id\":\"https:\\\/\\\/abconcretedesign.com\\\/hu\\\/uzlet\\\/beton-ekszer\\\/noi\\\/gem-beton-design-ekszer-szett\\\/#breadcrumb\"},\"inLanguage\":\"hu\",\"potentialAction\":[{\"@type\":\"ReadAction\",\"target\":[\"https:\\\/\\\/abconcretedesign.com\\\/hu\\\/uzlet\\\/beton-ekszer\\\/noi\\\/gem-beton-design-ekszer-szett\\\/\"]}]},{\"@type\":\"ImageObject\",\"inLanguage\":\"hu\",\"@id\":\"https:\\\/\\\/abconcretedesign.com\\\/hu\\\/uzlet\\\/beton-ekszer\\\/noi\\\/gem-beton-design-ekszer-szett\\\/#primaryimage\",\"url\":\"https:\\\/\\\/abconcretedesign.com\\\/wp-content\\\/uploads\\\/2019\\\/07\\\/geometric-earring.jpg\",\"contentUrl\":\"https:\\\/\\\/abconcretedesign.com\\\/wp-content\\\/uploads\\\/2019\\\/07\\\/geometric-earring.jpg\",\"width\":1600,\"height\":1068,\"caption\":\"Geometrikus form\u00e1j\u00fa beton design \u00e9kszer szett\"},{\"@type\":\"BreadcrumbList\",\"@id\":\"https:\\\/\\\/abconcretedesign.com\\\/hu\\\/uzlet\\\/beton-ekszer\\\/noi\\\/gem-beton-design-ekszer-szett\\\/#breadcrumb\",\"itemListElement\":[{\"@type\":\"ListItem\",\"position\":1,\"name\":\"F\u0151oldal\",\"item\":\"https:\\\/\\\/abconcretedesign.com\\\/hu\\\/\"},{\"@type\":\"ListItem\",\"position\":2,\"name\":\"Shop\",\"item\":\"https:\\\/\\\/abconcretedesign.com\\\/hu\\\/uzlet\\\/\"},{\"@type\":\"ListItem\",\"position\":3,\"name\":\"GEM Beton Design \u00c9kszer Szett\"}]},{\"@type\":\"WebSite\",\"@id\":\"https:\\\/\\\/abconcretedesign.com\\\/hu\\\/#website\",\"url\":\"https:\\\/\\\/abconcretedesign.com\\\/hu\\\/\",\"name\":\"AB Concrete Design and Business Gifts\",\"description\":\"Beton Design T\u00e1rgyak, \u00c9kszer \u00e9s \u00dczleti Aj\u00e1nd\u00e9k, Beton Tr\u00f3fe\u00e1k\",\"publisher\":{\"@id\":\"https:\\\/\\\/abconcretedesign.com\\\/hu\\\/#organization\"},\"potentialAction\":[{\"@type\":\"SearchAction\",\"target\":{\"@type\":\"EntryPoint\",\"urlTemplate\":\"https:\\\/\\\/abconcretedesign.com\\\/hu\\\/?s={search_term_string}\"},\"query-input\":{\"@type\":\"PropertyValueSpecification\",\"valueRequired\":true,\"valueName\":\"search_term_string\"}}],\"inLanguage\":\"hu\"},{\"@type\":\"Organization\",\"@id\":\"https:\\\/\\\/abconcretedesign.com\\\/hu\\\/#organization\",\"name\":\"AB Concrete Design\",\"url\":\"https:\\\/\\\/abconcretedesign.com\\\/hu\\\/\",\"logo\":{\"@type\":\"ImageObject\",\"inLanguage\":\"hu\",\"@id\":\"https:\\\/\\\/abconcretedesign.com\\\/hu\\\/#\\\/schema\\\/logo\\\/image\\\/\",\"url\":\"https:\\\/\\\/abconcretedesign.com\\\/wp-content\\\/uploads\\\/2019\\\/04\\\/ab-concrete-design-logo.jpg\",\"contentUrl\":\"https:\\\/\\\/abconcretedesign.com\\\/wp-content\\\/uploads\\\/2019\\\/04\\\/ab-concrete-design-logo.jpg\",\"width\":351,\"height\":89,\"caption\":\"AB Concrete Design\"},\"image\":{\"@id\":\"https:\\\/\\\/abconcretedesign.com\\\/hu\\\/#\\\/schema\\\/logo\\\/image\\\/\"}}]}<\/script>\n<!-- \/ Yoast SEO Premium plugin. -->","yoast_head_json":{"title":"GEM Beton Design \u00c9kszer Szett &#187; AB Concrete Design","description":"A geometrikus design beton f\u00fclbeval\u00f3ink k\u00f6z\u00fcl a GEM a legnagyobb, de m\u00e9g \u00edgy is visszafogott \u00e9s eleg\u00e1ns m\u00e9ret\u0171. Eleg\u00e1ns karton d\u00edszdobozzal sz\u00e1ll\u00edtjuk, hogy aj\u00e1nd\u00e9kk\u00e9nt is meg\u00e1llj\u00e1k a hely\u00fcket.","robots":{"index":"index","follow":"follow","max-snippet":"max-snippet:-1","max-image-preview":"max-image-preview:large","max-video-preview":"max-video-preview:-1"},"canonical":"https:\/\/abconcretedesign.com\/hu\/uzlet\/beton-ekszer\/noi\/gem-beton-design-ekszer-szett\/","og_locale":"hu_HU","og_type":"article","og_title":"GEM Beton Design \u00c9kszer Szett","og_description":"Beton \u00e9kszer kollekci\u00f3 GEM f\u00fclbeval\u00f3val \u00e9s nyakl\u00e1nccal. A GEM \u00e9kszerek nev\u00fcket onnan kapt\u00e1k, hogy hasonl\u00edtanak a dr\u00e1gak\u00f6vek csiszol\u00e1s\u00e1nak form\u00e1j\u00e1ra.","og_url":"https:\/\/abconcretedesign.com\/hu\/uzlet\/beton-ekszer\/noi\/gem-beton-design-ekszer-szett\/","og_site_name":"AB Concrete Design","article_modified_time":"2022-03-01T22:07:43+00:00","og_image":[{"width":1600,"height":1068,"url":"https:\/\/abconcretedesign.com\/wp-content\/uploads\/2019\/07\/geometric-earring.jpg","type":"image\/jpeg"}],"twitter_card":"summary_large_image","schema":{"@context":"https:\/\/schema.org","@graph":[{"@type":"WebPage","@id":"https:\/\/abconcretedesign.com\/hu\/uzlet\/beton-ekszer\/noi\/gem-beton-design-ekszer-szett\/","url":"https:\/\/abconcretedesign.com\/hu\/uzlet\/beton-ekszer\/noi\/gem-beton-design-ekszer-szett\/","name":"GEM Beton Design \u00c9kszer Szett &#187; AB Concrete Design","isPartOf":{"@id":"https:\/\/abconcretedesign.com\/hu\/#website"},"primaryImageOfPage":{"@id":"https:\/\/abconcretedesign.com\/hu\/uzlet\/beton-ekszer\/noi\/gem-beton-design-ekszer-szett\/#primaryimage"},"image":{"@id":"https:\/\/abconcretedesign.com\/hu\/uzlet\/beton-ekszer\/noi\/gem-beton-design-ekszer-szett\/#primaryimage"},"thumbnailUrl":"https:\/\/abconcretedesign.com\/wp-content\/uploads\/2019\/07\/geometric-earring.jpg","datePublished":"2019-02-23T12:26:26+00:00","dateModified":"2022-03-01T22:07:43+00:00","description":"A geometrikus design beton f\u00fclbeval\u00f3ink k\u00f6z\u00fcl a GEM a legnagyobb, de m\u00e9g \u00edgy is visszafogott \u00e9s eleg\u00e1ns m\u00e9ret\u0171. Eleg\u00e1ns karton d\u00edszdobozzal sz\u00e1ll\u00edtjuk, hogy aj\u00e1nd\u00e9kk\u00e9nt is meg\u00e1llj\u00e1k a hely\u00fcket.","breadcrumb":{"@id":"https:\/\/abconcretedesign.com\/hu\/uzlet\/beton-ekszer\/noi\/gem-beton-design-ekszer-szett\/#breadcrumb"},"inLanguage":"hu","potentialAction":[{"@type":"ReadAction","target":["https:\/\/abconcretedesign.com\/hu\/uzlet\/beton-ekszer\/noi\/gem-beton-design-ekszer-szett\/"]}]},{"@type":"ImageObject","inLanguage":"hu","@id":"https:\/\/abconcretedesign.com\/hu\/uzlet\/beton-ekszer\/noi\/gem-beton-design-ekszer-szett\/#primaryimage","url":"https:\/\/abconcretedesign.com\/wp-content\/uploads\/2019\/07\/geometric-earring.jpg","contentUrl":"https:\/\/abconcretedesign.com\/wp-content\/uploads\/2019\/07\/geometric-earring.jpg","width":1600,"height":1068,"caption":"Geometrikus form\u00e1j\u00fa beton design \u00e9kszer szett"},{"@type":"BreadcrumbList","@id":"https:\/\/abconcretedesign.com\/hu\/uzlet\/beton-ekszer\/noi\/gem-beton-design-ekszer-szett\/#breadcrumb","itemListElement":[{"@type":"ListItem","position":1,"name":"F\u0151oldal","item":"https:\/\/abconcretedesign.com\/hu\/"},{"@type":"ListItem","position":2,"name":"Shop","item":"https:\/\/abconcretedesign.com\/hu\/uzlet\/"},{"@type":"ListItem","position":3,"name":"GEM Beton Design \u00c9kszer Szett"}]},{"@type":"WebSite","@id":"https:\/\/abconcretedesign.com\/hu\/#website","url":"https:\/\/abconcretedesign.com\/hu\/","name":"AB Concrete Design and Business Gifts","description":"Beton Design T\u00e1rgyak, \u00c9kszer \u00e9s \u00dczleti Aj\u00e1nd\u00e9k, Beton Tr\u00f3fe\u00e1k","publisher":{"@id":"https:\/\/abconcretedesign.com\/hu\/#organization"},"potentialAction":[{"@type":"SearchAction","target":{"@type":"EntryPoint","urlTemplate":"https:\/\/abconcretedesign.com\/hu\/?s={search_term_string}"},"query-input":{"@type":"PropertyValueSpecification","valueRequired":true,"valueName":"search_term_string"}}],"inLanguage":"hu"},{"@type":"Organization","@id":"https:\/\/abconcretedesign.com\/hu\/#organization","name":"AB Concrete Design","url":"https:\/\/abconcretedesign.com\/hu\/","logo":{"@type":"ImageObject","inLanguage":"hu","@id":"https:\/\/abconcretedesign.com\/hu\/#\/schema\/logo\/image\/","url":"https:\/\/abconcretedesign.com\/wp-content\/uploads\/2019\/04\/ab-concrete-design-logo.jpg","contentUrl":"https:\/\/abconcretedesign.com\/wp-content\/uploads\/2019\/04\/ab-concrete-design-logo.jpg","width":351,"height":89,"caption":"AB Concrete Design"},"image":{"@id":"https:\/\/abconcretedesign.com\/hu\/#\/schema\/logo\/image\/"}}]}},"_links":{"self":[{"href":"https:\/\/abconcretedesign.com\/hu\/wp-json\/wp\/v2\/product\/1494","targetHints":{"allow":["GET"]}}],"collection":[{"href":"https:\/\/abconcretedesign.com\/hu\/wp-json\/wp\/v2\/product"}],"about":[{"href":"https:\/\/abconcretedesign.com\/hu\/wp-json\/wp\/v2\/types\/product"}],"replies":[{"embeddable":true,"href":"https:\/\/abconcretedesign.com\/hu\/wp-json\/wp\/v2\/comments?post=1494"}],"version-history":[{"count":1,"href":"https:\/\/abconcretedesign.com\/hu\/wp-json\/wp\/v2\/product\/1494\/revisions"}],"predecessor-version":[{"id":18352,"href":"https:\/\/abconcretedesign.com\/hu\/wp-json\/wp\/v2\/product\/1494\/revisions\/18352"}],"wp:featuredmedia":[{"embeddable":true,"href":"https:\/\/abconcretedesign.com\/hu\/wp-json\/wp\/v2\/media\/5827"}],"wp:attachment":[{"href":"https:\/\/abconcretedesign.com\/hu\/wp-json\/wp\/v2\/media?parent=1494"}],"wp:term":[{"taxonomy":"product_brand","embeddable":true,"href":"https:\/\/abconcretedesign.com\/hu\/wp-json\/wp\/v2\/product_brand?post=1494"},{"taxonomy":"product_cat","embeddable":true,"href":"https:\/\/abconcretedesign.com\/hu\/wp-json\/wp\/v2\/product_cat?post=1494"},{"taxonomy":"product_tag","embeddable":true,"href":"https:\/\/abconcretedesign.com\/hu\/wp-json\/wp\/v2\/product_tag?post=1494"}],"curies":[{"name":"wp","href":"https:\/\/api.w.org\/{rel}","templated":true}]}}