{"id":9111,"date":"2019-10-25T17:30:56","date_gmt":"2019-10-25T15:30:56","guid":{"rendered":"https:\/\/abconcretedesign.com\/archicon-nevjegy-kartya-tarto\/"},"modified":"2019-11-03T16:49:42","modified_gmt":"2019-11-03T15:49:42","slug":"archicon-nevjegy-kartya-tarto","status":"publish","type":"page","link":"https:\/\/abconcretedesign.com\/hu\/archicon-nevjegy-kartya-tarto\/","title":{"rendered":"Archicon n\u00e9vjegyk\u00e1rtya tart\u00f3"},"content":{"rendered":"  <div id=\"page-header-68304718\" class=\"page-header-wrapper\">\n  <div class=\"page-title light simple-title\">\n\n    \n    <div class=\"page-title-inner container align-top text-center flex-row-col medium-flex-wrap\" >\n              <div class=\"title-wrapper flex-col\">\n          <h1 class=\"entry-title mb-0\">\n            Archicon n\u00e9vjegyk\u00e1rtya tart\u00f3          <\/h1>\n        <\/div>\n                    <div class=\"title-content flex-col\">\n        <ul class=\"nav sm-touch-scroll nav-line nav-uppercase text-center nav-center\"><li class=\"nav-single-page hidden\"><\/li><\/ul>      <\/div>\n    <\/div>\n\n       <\/div>\n    <\/div>\n  \n<div class=\"row\"  id=\"row-1931839463\">\n\n\t<div id=\"col-1725630612\" class=\"col small-12 large-12\"  >\n\t\t\t\t<div class=\"col-inner\"  >\n\t\t\t\n\t\t\t\n\t<div id=\"gap-1953407061\" class=\"gap-element clearfix\" style=\"display:block; height:auto;\">\n\t\t\n<style>\n#gap-1953407061 {\n  padding-top: 30px;\n}\n<\/style>\n\t<\/div>\n\t\n\n  <div class=\"banner has-hover banner-text\" id=\"banner-1463278078\">\n          <div class=\"banner-inner fill\">\n        <div class=\"banner-bg fill\" >\n            <img loading=\"lazy\" decoding=\"async\" width=\"1920\" height=\"1282\" src=\"https:\/\/abconcretedesign.com\/wp-content\/uploads\/2019\/10\/cool-design-business-card-holders-1.jpg\" class=\"bg attachment-original size-original\" alt=\"Cool design - busniess card holders made of concrete\" \/>                                    \n                    <\/div>\n\t\t\n        <div class=\"banner-layers container\">\n            <div class=\"fill banner-link\"><\/div>            \n   <div id=\"text-box-1080472551\" class=\"text-box banner-layer x50 md-x5 lg-x5 y95 md-y15 lg-y15 res-text\">\n                                <div class=\"text-box-content text dark\">\n              \n              <div class=\"text-inner text-center\">\n                  \n<h3 class=\"uppercase\"><strong>Modern \/ Futurista<\/strong><\/h3>\n<p>exkluz\u00edv<\/p>\n              <\/div>\n           <\/div>\n                            \n<style>\n#text-box-1080472551 {\n  width: 96%;\n}\n#text-box-1080472551 .text-box-content {\n  font-size: 100%;\n}\n@media (min-width:550px) {\n  #text-box-1080472551 {\n    width: 38%;\n  }\n}\n<\/style>\n    <\/div>\n \n        <\/div>\n      <\/div>\n\n            \n<style>\n#banner-1463278078 {\n  padding-top: 500px;\n}\n#banner-1463278078 .banner-bg img {\n  object-position: 54% 64%;\n}\n<\/style>\n  <\/div>\n\n\n\t<div id=\"gap-366919780\" class=\"gap-element clearfix\" style=\"display:block; height:auto;\">\n\t\t\n<style>\n#gap-366919780 {\n  padding-top: 20px;\n}\n<\/style>\n\t<\/div>\n\t\n<p><span style=\"font-weight: 400;\">Egyedi \u00e9s hasznos \u00edr\u00f3asztali aj\u00e1nd\u00e9k. Testreszabhat\u00f3 \u00e9s c\u00e9ged arculat\u00e1hoz igaz\u00edthat\u00f3 designer t\u00e1rgy, ami seg\u00edt a n\u00e9vjegyek \u00e9s feljegyz\u00e9sek rendszerez\u00e9s\u00e9ben.<\/span><\/p>\n\t\t<\/div>\n\t\t\t\t\t<\/div>\n\n\t\n<\/div>\n\t<div id=\"gap-477005362\" class=\"gap-element clearfix\" style=\"display:block; height:auto;\">\n\t\t\n<style>\n#gap-477005362 {\n  padding-top: 30px;\n}\n<\/style>\n\t<\/div>\n\t\n<div class=\"row\"  id=\"row-650889270\">\n\n\t<div id=\"col-870567881\" class=\"col medium-5 small-12 large-5\"  >\n\t\t\t\t<div class=\"col-inner\"  >\n\t\t\t\n\t\t\t\n<h2>Egy nem megszokott n\u00e9vjegyk\u00e1rtya tart\u00f3<\/h2>\n<p><span style=\"font-weight: 400;\">Egy metropolisz sziluettj\u00e9t id\u00e9z\u0151 \u00edr\u00f3asztali kieg\u00e9sz\u00edt\u0151, amely t\u00f6k\u00e9letesen illeszkedik ak\u00e1r modern, ak\u00e1r hagyom\u00e1nyos berendez\u00e9s\u0171 irod\u00e1ba. Egyar\u00e1nt szolg\u00e1lhat n\u00e9vjegyk\u00e1rtya- vagy telefontart\u00f3k\u00e9nt, de \u00f6n\u00e1ll\u00f3an is val\u00f3di d\u00edsze lehet a helyis\u00e9gnek.<\/span><\/p>\n\t\t<\/div>\n\t\t\t\t\t<\/div>\n\n\t\n\n\t<div id=\"col-635932303\" class=\"col hide-for-medium medium-1 small-12 large-1\"  >\n\t\t\t\t<div class=\"col-inner\"  >\n\t\t\t\n\t\t\t\n\t\t<\/div>\n\t\t\t\t\t<\/div>\n\n\t\n\n\t<div id=\"col-797809429\" class=\"col medium-6 small-12 large-6\"  >\n\t\t\t\t<div class=\"col-inner\"  >\n\t\t\t\n\t\t\t\n<div class=\"slider-wrapper relative\" id=\"slider-505986631\" >\n    <div class=\"slider slider-nav-circle slider-nav-large slider-nav-light slider-style-normal\"\n        data-flickity-options='{\n            \"cellAlign\": \"center\",\n            \"imagesLoaded\": true,\n            \"lazyLoad\": 1,\n            \"freeScroll\": false,\n            \"wrapAround\": true,\n            \"autoPlay\": 6000,\n            \"pauseAutoPlayOnHover\" : true,\n            \"prevNextButtons\": true,\n            \"contain\" : true,\n            \"adaptiveHeight\" : true,\n            \"dragThreshold\" : 10,\n            \"percentPosition\": true,\n            \"pageDots\": true,\n            \"rightToLeft\": false,\n            \"draggable\": true,\n            \"selectedAttraction\": 0.1,\n            \"parallax\" : 0,\n            \"friction\": 0.6        }'\n        >\n        \n\t<div class=\"img has-hover x md-x lg-x y md-y lg-y\" id=\"image_125164751\">\n\t\t\t\t\t\t\t\t<div class=\"img-inner dark\" >\n\t\t\t<img loading=\"lazy\" decoding=\"async\" width=\"1020\" height=\"681\" src=\"https:\/\/abconcretedesign.com\/wp-content\/uploads\/2017\/03\/concrete-design-partner-gift-collection-business-card-holder-1198x800.jpg\" class=\"attachment-large size-large\" alt=\"concrete design corporate gift collection: business card holder, pen holder, office desk equipment\" srcset=\"https:\/\/abconcretedesign.com\/wp-content\/uploads\/2017\/03\/concrete-design-partner-gift-collection-business-card-holder-1198x800.jpg 1198w, https:\/\/abconcretedesign.com\/wp-content\/uploads\/2017\/03\/concrete-design-partner-gift-collection-business-card-holder-510x340.jpg 510w, https:\/\/abconcretedesign.com\/wp-content\/uploads\/2017\/03\/concrete-design-partner-gift-collection-business-card-holder-599x400.jpg 599w, https:\/\/abconcretedesign.com\/wp-content\/uploads\/2017\/03\/concrete-design-partner-gift-collection-business-card-holder-768x513.jpg 768w, https:\/\/abconcretedesign.com\/wp-content\/uploads\/2017\/03\/concrete-design-partner-gift-collection-business-card-holder-600x401.jpg 600w, https:\/\/abconcretedesign.com\/wp-content\/uploads\/2017\/03\/concrete-design-partner-gift-collection-business-card-holder.jpg 1600w\" sizes=\"auto, (max-width: 1020px) 100vw, 1020px\" \/>\t\t\t\t\t\t\n\t\t\t\t\t<\/div>\n\t\t\t\t\t\t\t\t\n<style>\n#image_125164751 {\n  width: 100%;\n}\n<\/style>\n\t<\/div>\n\t\n\t<div class=\"img has-hover x md-x lg-x y md-y lg-y\" id=\"image_1197261667\">\n\t\t\t\t\t\t\t\t<div class=\"img-inner dark\" >\n\t\t\t<img loading=\"lazy\" decoding=\"async\" width=\"1020\" height=\"660\" src=\"https:\/\/abconcretedesign.com\/wp-content\/uploads\/2019\/10\/brutalist-archtecture-london-hayward-gallery-e1570901107644.jpg\" class=\"attachment-large size-large\" alt=\"Brutalist archtecture London Hayward gallery\" srcset=\"https:\/\/abconcretedesign.com\/wp-content\/uploads\/2019\/10\/brutalist-archtecture-london-hayward-gallery-e1570901107644.jpg 1036w, https:\/\/abconcretedesign.com\/wp-content\/uploads\/2019\/10\/brutalist-archtecture-london-hayward-gallery-e1570901107644-510x330.jpg 510w, https:\/\/abconcretedesign.com\/wp-content\/uploads\/2019\/10\/brutalist-archtecture-london-hayward-gallery-e1570901107644-619x400.jpg 619w, https:\/\/abconcretedesign.com\/wp-content\/uploads\/2019\/10\/brutalist-archtecture-london-hayward-gallery-e1570901107644-768x497.jpg 768w, https:\/\/abconcretedesign.com\/wp-content\/uploads\/2019\/10\/brutalist-archtecture-london-hayward-gallery-e1570901107644-600x388.jpg 600w\" sizes=\"auto, (max-width: 1020px) 100vw, 1020px\" \/>\t\t\t\t\t\t\n\t\t\t\t\t<\/div>\n\t\t\t\t\t\t\t\t\n<style>\n#image_1197261667 {\n  width: 100%;\n}\n<\/style>\n\t<\/div>\n\t\n     <\/div>\n\n     <div class=\"loading-spin dark large centered\"><\/div>\n\n\t<\/div>\n\n\n\t\t<\/div>\n\t\t\t\t\t<\/div>\n\n\t\n<\/div>\n\t<div id=\"gap-712994936\" class=\"gap-element clearfix\" style=\"display:block; height:auto;\">\n\t\t\n<style>\n#gap-712994936 {\n  padding-top: 50px;\n}\n<\/style>\n\t<\/div>\n\t\n<div class=\"row\"  id=\"row-1807380158\">\n\n\t<div id=\"col-396190915\" class=\"col small-12 large-12\"  >\n\t\t\t\t<div class=\"col-inner\"  >\n\t\t\t\n\t\t\t\n<h3>Brutalista design az \u00edr\u00f3asztalon<\/h3>\n<p>Az ARCHICON kollekci\u00f3 formavil\u00e1g\u00e1t a 60-as \u00e9vekben n\u00e9pszer\u0171 brutalista \u00e9p\u00edt\u00e9szeti ir\u00e1nyzat inspir\u00e1lta. A fikt\u00edv \u00e9p\u00fcletek kicsiny\u00edtett modelljei ak\u00e1r \u00f6n\u00e1ll\u00f3an is apr\u00f3, m\u00e9gis leny\u0171g\u00f6z\u0151 d\u00edszei lehetnek egy \u00edr\u00f3asztalnak, egy\u00fcttesen azonban egy miniat\u0171r modern v\u00e1rosmakettet alkotnak.<\/p>\n\t<div id=\"gap-910601088\" class=\"gap-element clearfix\" style=\"display:block; height:auto;\">\n\t\t\n<style>\n#gap-910601088 {\n  padding-top: 50px;\n}\n<\/style>\n\t<\/div>\n\t\n<div class=\"row\"  id=\"row-1069849421\">\n\n\t<div id=\"col-789151135\" class=\"col medium-5 small-12 large-5\"  >\n\t\t\t\t<div class=\"col-inner\"  >\n\t\t\t\n\t\t\t\n\t<div class=\"img has-hover x md-x lg-x y md-y lg-y\" id=\"image_2013996734\">\n\t\t\t\t\t\t\t\t<div class=\"img-inner dark\" >\n\t\t\t<img loading=\"lazy\" decoding=\"async\" width=\"1020\" height=\"765\" src=\"https:\/\/abconcretedesign.com\/wp-content\/uploads\/2019\/10\/abconcretedesign_brutalist_office_beton_partergift-1-4-1067x800.jpg\" class=\"attachment-large size-large\" alt=\"\" srcset=\"https:\/\/abconcretedesign.com\/wp-content\/uploads\/2019\/10\/abconcretedesign_brutalist_office_beton_partergift-1-4-1067x800.jpg 1067w, https:\/\/abconcretedesign.com\/wp-content\/uploads\/2019\/10\/abconcretedesign_brutalist_office_beton_partergift-1-4-510x383.jpg 510w, https:\/\/abconcretedesign.com\/wp-content\/uploads\/2019\/10\/abconcretedesign_brutalist_office_beton_partergift-1-4-533x400.jpg 533w, https:\/\/abconcretedesign.com\/wp-content\/uploads\/2019\/10\/abconcretedesign_brutalist_office_beton_partergift-1-4-768x576.jpg 768w, https:\/\/abconcretedesign.com\/wp-content\/uploads\/2019\/10\/abconcretedesign_brutalist_office_beton_partergift-1-4-600x450.jpg 600w\" sizes=\"auto, (max-width: 1020px) 100vw, 1020px\" \/>\t\t\t\t\t\t\n\t\t\t\t\t<\/div>\n\t\t\t\t\t\t\t\t\n<style>\n#image_2013996734 {\n  width: 100%;\n}\n<\/style>\n\t<\/div>\n\t\n\t\t<\/div>\n\t\t\t\t\t<\/div>\n\n\t\n\n\t<div id=\"col-154534661\" class=\"col medium-1 small-12 large-1\"  >\n\t\t\t\t<div class=\"col-inner\"  >\n\t\t\t\n\t\t\t\n\t\t<\/div>\n\t\t\t\t\t<\/div>\n\n\t\n\n\t<div id=\"col-787699287\" class=\"col medium-6 small-12 large-6\"  >\n\t\t\t\t<div class=\"col-inner\"  >\n\t\t\t\n\t\t\t\n<h3>Testreszabhat\u00f3 \u00e9s hasznos irodai kieg\u00e9sz\u00edt\u0151 \u00fczleti partnereid vagy munkat\u00e1rsaid sz\u00e1m\u00e1ra, sz\u00e1mtalan arculati megold\u00e1ssal<\/h3>\n<p><span style=\"font-weight: 400;\">Ig\u00e9nyeidnek megfelel\u0151en c\u00e9ged log\u00f3ja a betonra vagy a csomagol\u00e1sra is ker\u00fclhet. A csomagol\u00e1s sz\u00edne \u00e9s feliratoz\u00e1sa egyedileg szem\u00e9lyre szabhat\u00f3. Karton dobozk\u00e1ban vagy karton szalaggal \u00e1tk\u00f6tve sz\u00e1ll\u00edtjuk.<\/span><\/p>\n\t<div id=\"gap-336196001\" class=\"gap-element clearfix\" style=\"display:block; height:auto;\">\n\t\t\n<style>\n#gap-336196001 {\n  padding-top: 30px;\n}\n<\/style>\n\t<\/div>\n\t\n<h3>L\u00e1tv\u00e1nytervekkel a t\u00f6k\u00e9letes eredm\u00e9ny\u00e9rt<\/h3>\n<p><span style=\"font-weight: 400;\">Miut\u00e1n a megrendel\u0151 kiv\u00e1lasztotta a term\u00e9ket, a vektoros log\u00f3 birtok\u00e1ban 3-5 javaslatot k\u00e9sz\u00edt\u00fcnk a log\u00f3 elhelyez\u00e9s\u00e9re \u00e9s m\u00e9retez\u00e9s\u00e9re (ez nem jelent t\u00f6bbletk\u00f6lts\u00e9get). Azonban, ha a l\u00e1tv\u00e1nyterv nem kiel\u00e9g\u00edt\u0151, akkor (fel\u00e1r ellen\u00e9ben) megegyez\u00e9s szerint egy vagy t\u00f6bb mintadarabot is k\u00e9sz\u00edt\u00fcnk.<\/span><\/p>\n\t\t<\/div>\n\t\t\t\t\t<\/div>\n\n\t\n<\/div>\n\t<div id=\"gap-1257241622\" class=\"gap-element clearfix\" style=\"display:block; height:auto;\">\n\t\t\n<style>\n#gap-1257241622 {\n  padding-top: 60px;\n}\n<\/style>\n\t<\/div>\n\t\n<div class=\"row\"  id=\"row-834571173\">\n\n\t<div id=\"col-1079589707\" class=\"col medium-7 small-12 large-7\"  >\n\t\t\t\t<div class=\"col-inner\"  >\n\t\t\t\n\t\t\t\n\t<div class=\"img has-hover x md-x lg-x y md-y lg-y\" id=\"image_20257305\">\n\t\t\t\t\t\t\t\t<div class=\"img-inner dark\" >\n\t\t\t<img loading=\"lazy\" decoding=\"async\" width=\"1020\" height=\"518\" src=\"https:\/\/abconcretedesign.com\/wp-content\/uploads\/2019\/10\/archicon-business-card-holder.jpg\" class=\"attachment-large size-large\" alt=\"\" srcset=\"https:\/\/abconcretedesign.com\/wp-content\/uploads\/2019\/10\/archicon-business-card-holder.jpg 1104w, https:\/\/abconcretedesign.com\/wp-content\/uploads\/2019\/10\/archicon-business-card-holder-510x259.jpg 510w, https:\/\/abconcretedesign.com\/wp-content\/uploads\/2019\/10\/archicon-business-card-holder-787x400.jpg 787w, https:\/\/abconcretedesign.com\/wp-content\/uploads\/2019\/10\/archicon-business-card-holder-768x390.jpg 768w, https:\/\/abconcretedesign.com\/wp-content\/uploads\/2019\/10\/archicon-business-card-holder-600x305.jpg 600w\" sizes=\"auto, (max-width: 1020px) 100vw, 1020px\" \/>\t\t\t\t\t\t\n\t\t\t\t\t<\/div>\n\t\t\t\t\t\t\t\t\n<style>\n#image_20257305 {\n  width: 100%;\n}\n<\/style>\n\t<\/div>\n\t\n\t\t<\/div>\n\t\t\t\t\t<\/div>\n\n\t\n\n\t<div id=\"col-1833455435\" class=\"col medium-1 small-12 large-1\"  >\n\t\t\t\t<div class=\"col-inner\"  >\n\t\t\t\n\t\t\t\n\t\t<\/div>\n\t\t\t\t\t<\/div>\n\n\t\n\n\t<div id=\"col-2113624370\" class=\"col medium-4 small-12 large-4\"  >\n\t\t\t\t<div class=\"col-inner\"  >\n\t\t\t\n\t\t\t\n\t<div class=\"img has-hover x md-x lg-x y md-y lg-y\" id=\"image_752319681\">\n\t\t\t\t\t\t\t\t<div class=\"img-inner dark\" >\n\t\t\t<img loading=\"lazy\" decoding=\"async\" width=\"582\" height=\"561\" src=\"https:\/\/abconcretedesign.com\/wp-content\/uploads\/2019\/10\/archicon-business-card-holder-sizes-1.jpg\" class=\"attachment-large size-large\" alt=\"\" srcset=\"https:\/\/abconcretedesign.com\/wp-content\/uploads\/2019\/10\/archicon-business-card-holder-sizes-1.jpg 582w, https:\/\/abconcretedesign.com\/wp-content\/uploads\/2019\/10\/archicon-business-card-holder-sizes-1-510x492.jpg 510w, https:\/\/abconcretedesign.com\/wp-content\/uploads\/2019\/10\/archicon-business-card-holder-sizes-1-415x400.jpg 415w\" sizes=\"auto, (max-width: 582px) 100vw, 582px\" \/>\t\t\t\t\t\t\n\t\t\t\t\t<\/div>\n\t\t\t\t\t\t\t\t\n<style>\n#image_752319681 {\n  width: 100%;\n}\n<\/style>\n\t<\/div>\n\t\n\t\t<\/div>\n\t\t\t\t\t<\/div>\n\n\t\n<\/div>\n\t<div id=\"gap-47062191\" class=\"gap-element clearfix\" style=\"display:block; height:auto;\">\n\t\t\n<style>\n#gap-47062191 {\n  padding-top: 60px;\n}\n<\/style>\n\t<\/div>\n\t\n<div class=\"row\"  id=\"row-1784625864\">\n\n\t<div id=\"col-379431024\" class=\"col small-12 large-12\"  >\n\t\t\t\t<div class=\"col-inner\"  >\n\t\t\t\n\t\t\t\n<h3>Az ARCHICON kollekci\u00f3r\u00f3l<\/h3>\n<p><span style=\"font-weight: 400;\">Az \u00edr\u00f3asztali kieg\u00e9sz\u00edt\u0151kb\u0151l \u00e1ll\u00f3 exkluz\u00edv, pr\u00e9mium partneraj\u00e1nd\u00e9k-kollekci\u00f3 a 2016-os <\/span><a href=\"https:\/\/www.sztnh.gov.hu\/en\/national-awards-grants\/laszlo-moholy-nagy-design-grant\"><span style=\"font-weight: 400;\">Moholy-Nagy L\u00e1szl\u00f3 Formatervez\u00e9si \u00d6szt\u00f6nd\u00edjprogram<\/span><\/a> keretein bel\u00fcl k\u00e9sz\u00fclt.<span style=\"font-weight: 400;\">. A t\u00f6bb \u00e9vtizede m\u0171k\u00f6d\u0151 program c\u00e9lja, hogy seg\u00edtse a fiatal formatervez\u0151k szakmai fejl\u0151d\u00e9s\u00e9t, hozz\u00e1j\u00e1ruljon a magyar t\u00e1rgykult\u00fara \u00e9s k\u00f6rnyezetkult\u00fara fejleszt\u00e9s\u00e9hez, valamint a design innov\u00e1ci\u00f3s integr\u00e1ci\u00f3j\u00e1val tov\u00e1bb n\u00f6velje a hazai gazdas\u00e1g versenyk\u00e9pess\u00e9g\u00e9t. A rangos elismer\u00e9sben minden \u00e9vben hat fiatal tervez\u0151 r\u00e9szes\u00fcl.<\/span><\/p>\n\t\t<\/div>\n\t\t\t\t\t<\/div>\n\n\t\n<\/div>\n\n\t\t<\/div>\n\t\t\t\t\t<\/div>\n\n\t\n<\/div>\n\t<div id=\"gap-1113325980\" class=\"gap-element clearfix\" style=\"display:block; height:auto;\">\n\t\t\n<style>\n#gap-1113325980 {\n  padding-top: 50px;\n}\n<\/style>\n\t<\/div>\n\t\n<div class=\"row row-collapse\"  id=\"row-548396861\">\n\n\n\t<div id=\"col-212079119\" class=\"col medium-6 small-12 large-6\"  >\n\t\t\t\t<div class=\"col-inner text-left\"  >\n\t\t\t\n\t\t\t\n\n<a href=\"\/corporate-gifts\/\" class=\"button primary\"  style=\"border-radius:7px;\">\n\t<i class=\"icon-angle-left\" aria-hidden=\"true\" ><\/i>\t<span>Vissza a list\u00e1hoz<\/span>\n\t<\/a>\n\n\n\t\t<\/div>\n\t\t\t\t\t<\/div>\n\n\t\n\n\t<div id=\"col-1908072416\" class=\"col medium-6 small-12 large-6 small-col-first\"  >\n\t\t\t\t<div class=\"col-inner text-right\"  >\n\t\t\t\n\t\t\t\n\n<a href=\"\/contact\/\" class=\"button success gift-quotation-button\"  style=\"border-radius:7px;\">\n\t\t<span>Info &amp; \u00c1raj\u00e1nlat<\/span>\n\t<i class=\"icon-envelop\" aria-hidden=\"true\" ><\/i><\/a>\n\n\n\t\t<\/div>\n\t\t\t\t\t<\/div>\n\n\t\n\n<\/div>\n\t<div id=\"gap-1187819367\" class=\"gap-element clearfix\" style=\"display:block; height:auto;\">\n\t\t\n<style>\n#gap-1187819367 {\n  padding-top: 60px;\n}\n<\/style>\n\t<\/div>\n\t\n","protected":false},"excerpt":{"rendered":"","protected":false},"author":2,"featured_media":0,"parent":0,"menu_order":0,"comment_status":"closed","ping_status":"closed","template":"","meta":{"footnotes":""},"class_list":["post-9111","page","type-page","status-publish","hentry"],"yoast_head":"<!-- This site is optimized with the Yoast SEO Premium plugin v26.2 (Yoast SEO v27.4) - https:\/\/yoast.com\/product\/yoast-seo-premium-wordpress\/ -->\n<title>Archicon n\u00e9vjegyk\u00e1rtya tart\u00f3 &#187; AB Concrete Design<\/title>\n<meta name=\"robots\" content=\"index, follow, max-snippet:-1, max-image-preview:large, max-video-preview:-1\" \/>\n<link rel=\"canonical\" href=\"https:\/\/abconcretedesign.com\/hu\/archicon-nevjegy-kartya-tarto\/\" \/>\n<meta property=\"og:locale\" content=\"hu_HU\" \/>\n<meta property=\"og:type\" content=\"article\" \/>\n<meta property=\"og:title\" content=\"Archicon n\u00e9vjegyk\u00e1rtya tart\u00f3\" \/>\n<meta property=\"og:url\" content=\"https:\/\/abconcretedesign.com\/hu\/archicon-nevjegy-kartya-tarto\/\" \/>\n<meta property=\"og:site_name\" content=\"AB Concrete Design\" \/>\n<meta property=\"article:modified_time\" content=\"2019-11-03T15:49:42+00:00\" \/>\n<meta property=\"og:image\" content=\"https:\/\/abconcretedesign.com\/wp-content\/uploads\/2019\/10\/business-gift-collection-ab-concrete-design.jpg\" \/>\n\t<meta property=\"og:image:width\" content=\"1600\" \/>\n\t<meta property=\"og:image:height\" content=\"1068\" \/>\n\t<meta property=\"og:image:type\" content=\"image\/jpeg\" \/>\n<meta name=\"twitter:card\" content=\"summary_large_image\" \/>\n<script type=\"application\/ld+json\" class=\"yoast-schema-graph\">{\"@context\":\"https:\\\/\\\/schema.org\",\"@graph\":[{\"@type\":\"WebPage\",\"@id\":\"https:\\\/\\\/abconcretedesign.com\\\/hu\\\/archicon-nevjegy-kartya-tarto\\\/\",\"url\":\"https:\\\/\\\/abconcretedesign.com\\\/hu\\\/archicon-nevjegy-kartya-tarto\\\/\",\"name\":\"Archicon n\u00e9vjegyk\u00e1rtya tart\u00f3 &#187; AB Concrete Design\",\"isPartOf\":{\"@id\":\"https:\\\/\\\/abconcretedesign.com\\\/hu\\\/#website\"},\"datePublished\":\"2019-10-25T15:30:56+00:00\",\"dateModified\":\"2019-11-03T15:49:42+00:00\",\"breadcrumb\":{\"@id\":\"https:\\\/\\\/abconcretedesign.com\\\/hu\\\/archicon-nevjegy-kartya-tarto\\\/#breadcrumb\"},\"inLanguage\":\"hu\",\"potentialAction\":[{\"@type\":\"ReadAction\",\"target\":[\"https:\\\/\\\/abconcretedesign.com\\\/hu\\\/archicon-nevjegy-kartya-tarto\\\/\"]}]},{\"@type\":\"BreadcrumbList\",\"@id\":\"https:\\\/\\\/abconcretedesign.com\\\/hu\\\/archicon-nevjegy-kartya-tarto\\\/#breadcrumb\",\"itemListElement\":[{\"@type\":\"ListItem\",\"position\":1,\"name\":\"F\u0151oldal\",\"item\":\"https:\\\/\\\/abconcretedesign.com\\\/hu\\\/\"},{\"@type\":\"ListItem\",\"position\":2,\"name\":\"Archicon n\u00e9vjegyk\u00e1rtya tart\u00f3\"}]},{\"@type\":\"WebSite\",\"@id\":\"https:\\\/\\\/abconcretedesign.com\\\/hu\\\/#website\",\"url\":\"https:\\\/\\\/abconcretedesign.com\\\/hu\\\/\",\"name\":\"AB Concrete Design and Business Gifts\",\"description\":\"Beton Design T\u00e1rgyak, \u00c9kszer \u00e9s \u00dczleti Aj\u00e1nd\u00e9k, Beton Tr\u00f3fe\u00e1k\",\"publisher\":{\"@id\":\"https:\\\/\\\/abconcretedesign.com\\\/hu\\\/#organization\"},\"potentialAction\":[{\"@type\":\"SearchAction\",\"target\":{\"@type\":\"EntryPoint\",\"urlTemplate\":\"https:\\\/\\\/abconcretedesign.com\\\/hu\\\/?s={search_term_string}\"},\"query-input\":{\"@type\":\"PropertyValueSpecification\",\"valueRequired\":true,\"valueName\":\"search_term_string\"}}],\"inLanguage\":\"hu\"},{\"@type\":\"Organization\",\"@id\":\"https:\\\/\\\/abconcretedesign.com\\\/hu\\\/#organization\",\"name\":\"AB Concrete Design\",\"url\":\"https:\\\/\\\/abconcretedesign.com\\\/hu\\\/\",\"logo\":{\"@type\":\"ImageObject\",\"inLanguage\":\"hu\",\"@id\":\"https:\\\/\\\/abconcretedesign.com\\\/hu\\\/#\\\/schema\\\/logo\\\/image\\\/\",\"url\":\"https:\\\/\\\/abconcretedesign.com\\\/wp-content\\\/uploads\\\/2019\\\/04\\\/ab-concrete-design-logo.jpg\",\"contentUrl\":\"https:\\\/\\\/abconcretedesign.com\\\/wp-content\\\/uploads\\\/2019\\\/04\\\/ab-concrete-design-logo.jpg\",\"width\":351,\"height\":89,\"caption\":\"AB Concrete Design\"},\"image\":{\"@id\":\"https:\\\/\\\/abconcretedesign.com\\\/hu\\\/#\\\/schema\\\/logo\\\/image\\\/\"}}]}<\/script>\n<!-- \/ Yoast SEO Premium plugin. -->","yoast_head_json":{"title":"Archicon n\u00e9vjegyk\u00e1rtya tart\u00f3 &#187; AB Concrete Design","robots":{"index":"index","follow":"follow","max-snippet":"max-snippet:-1","max-image-preview":"max-image-preview:large","max-video-preview":"max-video-preview:-1"},"canonical":"https:\/\/abconcretedesign.com\/hu\/archicon-nevjegy-kartya-tarto\/","og_locale":"hu_HU","og_type":"article","og_title":"Archicon n\u00e9vjegyk\u00e1rtya tart\u00f3","og_url":"https:\/\/abconcretedesign.com\/hu\/archicon-nevjegy-kartya-tarto\/","og_site_name":"AB Concrete Design","article_modified_time":"2019-11-03T15:49:42+00:00","og_image":[{"width":1600,"height":1068,"url":"https:\/\/abconcretedesign.com\/wp-content\/uploads\/2019\/10\/business-gift-collection-ab-concrete-design.jpg","type":"image\/jpeg"}],"twitter_card":"summary_large_image","schema":{"@context":"https:\/\/schema.org","@graph":[{"@type":"WebPage","@id":"https:\/\/abconcretedesign.com\/hu\/archicon-nevjegy-kartya-tarto\/","url":"https:\/\/abconcretedesign.com\/hu\/archicon-nevjegy-kartya-tarto\/","name":"Archicon n\u00e9vjegyk\u00e1rtya tart\u00f3 &#187; AB Concrete Design","isPartOf":{"@id":"https:\/\/abconcretedesign.com\/hu\/#website"},"datePublished":"2019-10-25T15:30:56+00:00","dateModified":"2019-11-03T15:49:42+00:00","breadcrumb":{"@id":"https:\/\/abconcretedesign.com\/hu\/archicon-nevjegy-kartya-tarto\/#breadcrumb"},"inLanguage":"hu","potentialAction":[{"@type":"ReadAction","target":["https:\/\/abconcretedesign.com\/hu\/archicon-nevjegy-kartya-tarto\/"]}]},{"@type":"BreadcrumbList","@id":"https:\/\/abconcretedesign.com\/hu\/archicon-nevjegy-kartya-tarto\/#breadcrumb","itemListElement":[{"@type":"ListItem","position":1,"name":"F\u0151oldal","item":"https:\/\/abconcretedesign.com\/hu\/"},{"@type":"ListItem","position":2,"name":"Archicon n\u00e9vjegyk\u00e1rtya tart\u00f3"}]},{"@type":"WebSite","@id":"https:\/\/abconcretedesign.com\/hu\/#website","url":"https:\/\/abconcretedesign.com\/hu\/","name":"AB Concrete Design and Business Gifts","description":"Beton Design T\u00e1rgyak, \u00c9kszer \u00e9s \u00dczleti Aj\u00e1nd\u00e9k, Beton Tr\u00f3fe\u00e1k","publisher":{"@id":"https:\/\/abconcretedesign.com\/hu\/#organization"},"potentialAction":[{"@type":"SearchAction","target":{"@type":"EntryPoint","urlTemplate":"https:\/\/abconcretedesign.com\/hu\/?s={search_term_string}"},"query-input":{"@type":"PropertyValueSpecification","valueRequired":true,"valueName":"search_term_string"}}],"inLanguage":"hu"},{"@type":"Organization","@id":"https:\/\/abconcretedesign.com\/hu\/#organization","name":"AB Concrete Design","url":"https:\/\/abconcretedesign.com\/hu\/","logo":{"@type":"ImageObject","inLanguage":"hu","@id":"https:\/\/abconcretedesign.com\/hu\/#\/schema\/logo\/image\/","url":"https:\/\/abconcretedesign.com\/wp-content\/uploads\/2019\/04\/ab-concrete-design-logo.jpg","contentUrl":"https:\/\/abconcretedesign.com\/wp-content\/uploads\/2019\/04\/ab-concrete-design-logo.jpg","width":351,"height":89,"caption":"AB Concrete Design"},"image":{"@id":"https:\/\/abconcretedesign.com\/hu\/#\/schema\/logo\/image\/"}}]}},"_links":{"self":[{"href":"https:\/\/abconcretedesign.com\/hu\/wp-json\/wp\/v2\/pages\/9111","targetHints":{"allow":["GET"]}}],"collection":[{"href":"https:\/\/abconcretedesign.com\/hu\/wp-json\/wp\/v2\/pages"}],"about":[{"href":"https:\/\/abconcretedesign.com\/hu\/wp-json\/wp\/v2\/types\/page"}],"author":[{"embeddable":true,"href":"https:\/\/abconcretedesign.com\/hu\/wp-json\/wp\/v2\/users\/2"}],"replies":[{"embeddable":true,"href":"https:\/\/abconcretedesign.com\/hu\/wp-json\/wp\/v2\/comments?post=9111"}],"version-history":[{"count":0,"href":"https:\/\/abconcretedesign.com\/hu\/wp-json\/wp\/v2\/pages\/9111\/revisions"}],"wp:attachment":[{"href":"https:\/\/abconcretedesign.com\/hu\/wp-json\/wp\/v2\/media?parent=9111"}],"curies":[{"name":"wp","href":"https:\/\/api.w.org\/{rel}","templated":true}]}}