{"id":908,"date":"2018-08-11T19:06:15","date_gmt":"2018-08-11T17:06:15","guid":{"rendered":"https:\/\/tesztdomain.eu\/rolunk\/"},"modified":"2025-06-30T19:26:25","modified_gmt":"2025-06-30T17:26:25","slug":"rolunk","status":"publish","type":"page","link":"https:\/\/abconcretedesign.com\/hu\/rolunk\/","title":{"rendered":"R\u00f3lunk"},"content":{"rendered":"\n<div class=\"is-divider divider clearfix\" style=\"max-width:2000px;height:30px;background-color:rgb(255, 255, 255);\"><\/div>\n\n<div class=\"row\"  id=\"row-605066552\">\n\n\n\t<div id=\"col-848377577\" class=\"col medium-7 small-12 large-7\"  >\n\t\t\t\t<div class=\"col-inner\"  >\n\t\t\t\n\t\t\t\n\n<h2><span style=\"font-size: 120%; color: #006181;\">A beton egy csod\u00e1latos \u00e9s v\u00e1ltozatos anyag, v\u00e9gtelen lehet\u0151s\u00e9gekkel.<\/span><\/h2>\n\n\t\t<\/div>\n\t\t\t\t\n<style>\n#col-848377577 > .col-inner {\n  margin: 3px 3px 3px 03px;\n}\n<\/style>\n\t<\/div>\n\n\t\n\n\t<div id=\"col-808278130\" class=\"col medium-1 small-12 large-1\"  >\n\t\t\t\t<div class=\"col-inner\"  >\n\t\t\t\n\t\t\t\n\n\n\t\t<\/div>\n\t\t\t\t\t<\/div>\n\n\t\n\n\t<div id=\"col-845752503\" class=\"col medium-3 small-12 large-3\"  >\n\t\t\t\t<div class=\"col-inner\"  >\n\t\t\t\n\t\t\t\n\n\t<div class=\"img has-hover x md-x lg-x y md-y lg-y\" id=\"image_1365653688\">\n\t\t\t\t\t\t\t\t<div class=\"img-inner dark\" >\n\t\t\t<img loading=\"lazy\" decoding=\"async\" width=\"818\" height=\"493\" src=\"https:\/\/abconcretedesign.com\/wp-content\/uploads\/2019\/04\/branded-pin-concrete-company-identity-logo.jpg\" class=\"attachment-large size-large\" alt=\"Concrete pin with engraved custom made logo for employees\" srcset=\"https:\/\/abconcretedesign.com\/wp-content\/uploads\/2019\/04\/branded-pin-concrete-company-identity-logo.jpg 818w, https:\/\/abconcretedesign.com\/wp-content\/uploads\/2019\/04\/branded-pin-concrete-company-identity-logo-510x307.jpg 510w, https:\/\/abconcretedesign.com\/wp-content\/uploads\/2019\/04\/branded-pin-concrete-company-identity-logo-664x400.jpg 664w, https:\/\/abconcretedesign.com\/wp-content\/uploads\/2019\/04\/branded-pin-concrete-company-identity-logo-768x463.jpg 768w, https:\/\/abconcretedesign.com\/wp-content\/uploads\/2019\/04\/branded-pin-concrete-company-identity-logo-600x362.jpg 600w\" sizes=\"auto, (max-width: 818px) 100vw, 818px\" \/>\t\t\t\t\t\t\n\t\t\t\t\t<\/div>\n\t\t\t\t\t\t\t\t\n<style>\n#image_1365653688 {\n  width: 100%;\n}\n<\/style>\n\t<\/div>\n\t\n\n\n\t\t<\/div>\n\t\t\t\t\t<\/div>\n\n\t\n\n<\/div>\n<div class=\"row\"  id=\"row-744451616\">\n\n\n\t<div id=\"col-1530513979\" class=\"col small-12 large-12\"  >\n\t\t\t\t<div class=\"col-inner\"  >\n\t\t\t\n\t\t\t\n\n<p>Dolgozzunk b\u00e1r <a href=\"https:\/\/abconcretedesign.com\/shop\/\">saj\u00e1t \u00f6tleteinken<\/a>, t\u00e1rgyunkon vagy <a href=\"https:\/\/abconcretedesign.com\/hu\/beton-design-hirek\/\">megrendel\u00e9seken<\/a>, minden a beton k\u00f6r\u00e9 \u00e9p\u00fcl az els\u0151 skiccekt\u0151l a k\u00e9sz term\u00e9kekig. Sosem v\u00e1ltoztatn\u00e1nk meg vagy fedn\u00e9nk el az anyag saj\u00e1toss\u00e1gait, ink\u00e1bb igyeksz\u00fcnk megtartani \u00e9s kiemelni azok sz\u00e9ps\u00e9g\u00e9t. Hossz\u00fa \u00e9vek tapasztalata, k\u00eds\u00e9rletez\u00e9se \u00e9s kutat\u00e1sa \u00e1ll m\u00f6g\u00f6tt\u00fcnk, mely m\u00e9g mindig a mindennapjaink r\u00e9sze. Ez az er\u0151teljes szakmai h\u00e1tt\u00e9r a biztos\u00edt\u00e9k r\u00e1, hogy kifejezetten magas min\u0151s\u00e9g\u0171 design term\u00e9keket gy\u00e1rtunk \u00e9s tervez\u00fcnk.<\/p>\n\n\t\t<\/div>\n\t\t\t\t\t<\/div>\n\n\t\n\n<\/div>\n<div class=\"text-center\"><div class=\"is-divider divider clearfix\" style=\"max-width:1050px;background-color:rgb(0, 97, 129);\"><\/div><\/div>\n\n\n\t<section class=\"section\" id=\"section_1713781875\">\n\t\t<div class=\"section-bg fill\" >\n\t\t\t\t\t\t\t\t\t\n\t\t\t\n\n\t\t<\/div>\n\n\t\t\n\n\t\t<div class=\"section-content relative\">\n\t\t\t\n\n<div class=\"row\"  id=\"row-1872798176\">\n\n\n\t<div id=\"col-1875519202\" class=\"col medium-7 small-12 large-7\"  >\n\t\t\t\t<div class=\"col-inner\"  >\n\t\t\t\n\t\t\t\n\n<h2 style=\"font-weight: 300;\">T\u00d6RT\u00c9NET\u00dcNK &#8211; a l\u00e9gies porcel\u00e1nt\u00f3l a profi design beton term\u00e9kek gy\u00e1rt\u00e1s\u00e1ig<\/h2>\n<p style=\"font-weight: 300;\">Az AB concrete design alap\u00edt\u00f3ja <strong>Boldog Anita<\/strong>, aki a tanulm\u00e1nyait porcel\u00e1ntervez\u0151k\u00e9nt kezdte a Moholy-Nagy M\u0171v\u00e9szeti Egyetemen. Egy workshop alkalm\u00e1val ismerkedett meg a betonnal, mint olyan anyaggal, amelyb\u0151l magas min\u0151s\u00e9g\u0171, hozz\u00e1adott design \u00e9rt\u00e9kkel rendelkez\u0151 term\u00e9keket lehet l\u00e9trehozni. Szerelem volt els\u0151 l\u00e1t\u00e1sra.<\/p>\n<p style=\"font-weight: 300;\">Tan\u00e1rai \u00e9s k\u00f6rnyezete sz\u00e1m\u00e1ra is meglep\u0151 volt, hogy egy 600 kil\u00f3s \u00fasz\u00f3 beton szigetet v\u00e1laszt majd diplomat\u00e1rgy\u00e1nak, melyet egy csapat seg\u00edts\u00e9g\u00e9vel meg is val\u00f3s\u00edtott. A kezdeti meglepetts\u00e9g ellen\u00e9re a szigetek nagy sikert arattak. Anita egy kifejezetten kreat\u00edv, k\u00edv\u00e1ncsi \u00e9s az \u00fajra mindig nyitott designer. A kutat\u00e1s, k\u00eds\u00e9rletez\u00e9s \u00e9s \u00faj technik\u00e1k felt\u00e9rk\u00e9pez\u00e9se a l\u00e9telem\u00e9hez tartozik, a legmagasabb professzionizmussal kieg\u00e9sz\u00fclve.<\/p>\n<p style=\"font-weight: 300;\">Boldog Anita a tervez\u0151 minden AB Concrete Design projekt m\u00f6g\u00f6tt.<\/p>\n<p style=\"font-weight: 300;\">Az alap\u00edt\u00e1s \u00f3ta eltelt t\u00f6bb mint 14 \u00e9v alatt egy olyan, magasan k\u00e9pzett szakemberekb\u0151l \u00e1ll\u00f3 csapatot szervezett, mely a legk\u00fcl\u00f6nf\u00e9l\u00e9bb megrendel\u00e9seket is el tudja l\u00e1tni, ak\u00e1r <a href=\"https:\/\/abconcretedesign.com\/hu\/uzleti-ajandekok\/\">nagy darabsz\u00e1mok<\/a> megrendel\u00e9se eset\u00e9n is.<\/p>\n\n\t\t<\/div>\n\t\t\t\t\t<\/div>\n\n\t\n\n\t<div id=\"col-600164424\" class=\"col medium-5 small-12 large-5\"  >\n\t\t\t\t<div class=\"col-inner\"  >\n\t\t\t\n\t\t\t\n\n\t<div class=\"box has-hover   has-hover box-text-bottom\" >\n\n\t\t<div class=\"box-image\" >\n\t\t\t\t\t\t<div class=\"\" >\n\t\t\t\t<img loading=\"lazy\" decoding=\"async\" width=\"400\" height=\"400\" src=\"https:\/\/abconcretedesign.com\/wp-content\/uploads\/2019\/11\/boldog-anita-concrete-designer-1.jpg\" class=\"attachment-original size-original\" alt=\"Boldog Anita concrete designer - founder of AB Concrete Design\" srcset=\"https:\/\/abconcretedesign.com\/wp-content\/uploads\/2019\/11\/boldog-anita-concrete-designer-1.jpg 400w, https:\/\/abconcretedesign.com\/wp-content\/uploads\/2019\/11\/boldog-anita-concrete-designer-1-100x100.jpg 100w, https:\/\/abconcretedesign.com\/wp-content\/uploads\/2019\/11\/boldog-anita-concrete-designer-1-280x280.jpg 280w\" sizes=\"auto, (max-width: 400px) 100vw, 400px\" \/>\t\t\t\t\t\t\t\t\t\t\t<\/div>\n\t\t\t\t\t<\/div>\n\n\t\t<div class=\"box-text text-center\" >\n\t\t\t<div class=\"box-text-inner\">\n\t\t\t\t\n\n<\/p>\n<h4>Boldog Anita<\/h4>\n<p>az AB Concrete Design alap\u00edt\u00f3ja<\/p>\n\n\t\t\t<\/div>\n\t\t<\/div>\n\t<\/div>\n\t\n\n\t\t<\/div>\n\t\t\t\t\t<\/div>\n\n\t\n\n<\/div>\n\n\t\t<\/div>\n\n\t\t\n<style>\n#section_1713781875 {\n  padding-top: 30px;\n  padding-bottom: 30px;\n}\n<\/style>\n\t<\/section>\n\t\n<div class=\"text-center\"><div class=\"is-divider divider clearfix\" style=\"max-width:1050px;background-color:rgb(0, 97, 129);\"><\/div><\/div>\n\n\t<div id=\"gap-189135131\" class=\"gap-element clearfix\" style=\"display:block; height:auto;\">\n\t\t\n<style>\n#gap-189135131 {\n  padding-top: 30px;\n}\n<\/style>\n\t<\/div>\n\t\n\n<div class=\"row\"  id=\"row-1622746535\">\n\n\n\t<div id=\"col-1745242290\" class=\"col small-12 large-12\"  >\n\t\t\t\t<div class=\"col-inner\"  >\n\t\t\t\n\t\t\t\n\n<p><span style=\"font-size: 150%;\">Az AB Concrete Design csapata<\/span><\/p>\n<p>N\u00e9h\u00e1ny gondolat azokt\u00f3l, akik napr\u00f3l napra hozz\u00e1j\u00e1rulnak a m\u00e1rka elismer\u00e9s\u00e9hez \u00e9s sikereihez<\/p>\n\n\t\t<\/div>\n\t\t\t\t\t<\/div>\n\n\t\n\n<\/div>\n\n\t<section class=\"section\" id=\"section_1920791374\">\n\t\t<div class=\"section-bg fill\" >\n\t\t\t\t\t\t\t\t\t\n\t\t\t\n\n\t\t<\/div>\n\n\t\t\n\n\t\t<div class=\"section-content relative\">\n\t\t\t\n\n<div class=\"row row-collapse align-center\"  id=\"row-656766685\">\n\n\n\t<div id=\"col-1940453453\" class=\"col medium-11 small-12 large-8\"  >\n\t\t\t\t<div class=\"col-inner\"  >\n\t\t\t\n\t\t\t\n\n\t<div id=\"gap-493043498\" class=\"gap-element clearfix\" style=\"display:block; height:auto;\">\n\t\t\n<style>\n#gap-493043498 {\n  padding-top: 30px;\n}\n<\/style>\n\t<\/div>\n\t\n\n<div class=\"row\"  id=\"row-341426529\">\n\n\n\t<div id=\"col-983266876\" class=\"col medium-6 small-12 large-6\"  >\n\t\t\t\t<div class=\"col-inner\"  >\n\t\t\t\n\t\t\t\n\n\t<div class=\"box has-hover   has-hover box-text-bottom\" >\n\n\t\t<div class=\"box-image\" >\n\t\t\t\t\t\t<div class=\"\" >\n\t\t\t\t<img loading=\"lazy\" decoding=\"async\" width=\"400\" height=\"400\" src=\"https:\/\/abconcretedesign.com\/wp-content\/uploads\/2019\/11\/boritas-w-viktor-web-developer-1.jpg\" class=\"attachment-original size-original\" alt=\"Bor\u00edt\u00e1s W Viktor web developer\" srcset=\"https:\/\/abconcretedesign.com\/wp-content\/uploads\/2019\/11\/boritas-w-viktor-web-developer-1.jpg 400w, https:\/\/abconcretedesign.com\/wp-content\/uploads\/2019\/11\/boritas-w-viktor-web-developer-1-100x100.jpg 100w, https:\/\/abconcretedesign.com\/wp-content\/uploads\/2019\/11\/boritas-w-viktor-web-developer-1-280x280.jpg 280w\" sizes=\"auto, (max-width: 400px) 100vw, 400px\" \/>\t\t\t\t\t\t\t\t\t\t\t<\/div>\n\t\t\t\t\t<\/div>\n\n\t\t<div class=\"box-text text-center\" >\n\t\t\t<div class=\"box-text-inner\">\n\t\t\t\t\n\n<\/p>\n<h4>Bor\u00edt\u00e1s W Viktor<\/h4>\n<p>webfejleszt\u0151<\/p>\n<p class=\"team-memb-text\">Az AB Concrete Design el\u0151remutat\u00f3 \u00e9s elhivatott designszeml\u00e9let\u00e9vel h\u00edvta fel mag\u00e1ra a figyelmemet. Anita vil\u00e1ga az izgalmas, r\u00e9szletekig pontos beton. T\u00f6k\u00e9letes p\u00e9lda arra, hogy az \u00e1lland\u00f3 k\u00edv\u00e1ncsis\u00e1g \u00e9s tanulni akar\u00e1s \u2013 kieg\u00e9sz\u00fclve a szakmai \u00e9s technikai tud\u00e1ssal \u2013 mindig \u00faj \u00e9s \u00faj leny\u0171g\u00f6z\u0151 term\u00e9keket h\u00edv \u00e9letre.<\/p>\n\n\t\t\t<\/div>\n\t\t<\/div>\n\t<\/div>\n\t\n\n\t\t<\/div>\n\t\t\t\t\t<\/div>\n\n\t\n\n\t<div id=\"col-25114155\" class=\"col medium-6 small-12 large-6\"  >\n\t\t\t\t<div class=\"col-inner\"  >\n\t\t\t\n\t\t\t\n\n\t<div class=\"box has-hover   has-hover box-text-bottom\" >\n\n\t\t<div class=\"box-image\" >\n\t\t\t\t\t\t<div class=\"\" >\n\t\t\t\t<img loading=\"lazy\" decoding=\"async\" width=\"400\" height=\"400\" src=\"https:\/\/abconcretedesign.com\/wp-content\/uploads\/2019\/11\/muray-eszter-graphic-designer-3.jpg\" class=\"attachment-original size-original\" alt=\"Muray Eszter graphic designer\" srcset=\"https:\/\/abconcretedesign.com\/wp-content\/uploads\/2019\/11\/muray-eszter-graphic-designer-3.jpg 400w, https:\/\/abconcretedesign.com\/wp-content\/uploads\/2019\/11\/muray-eszter-graphic-designer-3-100x100.jpg 100w, https:\/\/abconcretedesign.com\/wp-content\/uploads\/2019\/11\/muray-eszter-graphic-designer-3-280x280.jpg 280w\" sizes=\"auto, (max-width: 400px) 100vw, 400px\" \/>\t\t\t\t\t\t\t\t\t\t\t<\/div>\n\t\t\t\t\t<\/div>\n\n\t\t<div class=\"box-text text-center\" >\n\t\t\t<div class=\"box-text-inner\">\n\t\t\t\t\n\n<\/p>\n<h4>Muray Eszter<\/h4>\n<p>grafikus<\/p>\n<\/p>\n<p class=\"team-memb-text\">Az AB Concrete Designnal val\u00f3 egy\u00fcttm\u0171k\u00f6d\u00e9sem 7 \u00e9v k\u00f6z\u00f6s munka \u00e9s 5 \u00e9v londoni \u00e9s holland grafikai tapasztalat ut\u00e1n m\u00e9g mindig ugyanolyan kiv\u00e1lts\u00e1g, mint a kezdetekkor. Anita professzionalizmusa, technikai tud\u00e1sa, kreativit\u00e1sa \u00e9s a szakma ir\u00e1nti szeretete jellemzi az eg\u00e9sz st\u00fadi\u00f3t, \u00e9s ez teszi minden munk\u00e1jukat ragyog\u00f3v\u00e1, legyen sz\u00f3 ak\u00e1r csomagol\u00e1sr\u00f3l, tervez\u00e9sr\u0151l, vagy a k\u00f6z\u00f6s kollabor\u00e1ci\u00f3nkr\u00f3l. A m\u00e1rka folyamatosan inspir\u00e1l, privil\u00e9gium ennek a beton t\u00f6rt\u00e9netnek a r\u00e9szese lenni.<\/p>\n\n\t\t\t<\/div>\n\t\t<\/div>\n\t<\/div>\n\t\n\n\t\t<\/div>\n\t\t\t\t\t<\/div>\n\n\t\n\n<\/div>\n\n\t\t<\/div>\n\t\t\t\t\t<\/div>\n\n\t\n\n<\/div>\n\n\t\t<\/div>\n\n\t\t\n<style>\n#section_1920791374 {\n  padding-top: 30px;\n  padding-bottom: 30px;\n}\n<\/style>\n\t<\/section>\n\t\n<div class=\"text-center\"><div class=\"is-divider divider clearfix\" style=\"max-width:1050px;background-color:rgb(0, 97, 129);\"><\/div><\/div>\n\n\n\t<section class=\"section\" id=\"section_1439397292\">\n\t\t<div class=\"section-bg fill\" >\n\t\t\t\t\t\t\t\t\t\n\t\t\t\n\n\t\t<\/div>\n\n\t\t\n\n\t\t<div class=\"section-content relative\">\n\t\t\t\n\n<div class=\"row\"  id=\"row-947660351\">\n\n\n\t<div id=\"col-1306697278\" class=\"col medium-8 small-12 large-8\"  >\n\t\t\t\t<div class=\"col-inner\"  >\n\t\t\t\n\t\t\t\n\n\t<div id=\"gap-915020712\" class=\"gap-element clearfix\" style=\"display:block; height:auto;\">\n\t\t\n<style>\n#gap-915020712 {\n  padding-top: 30px;\n}\n<\/style>\n\t<\/div>\n\t\n\n\t<div id=\"gap-1447025146\" class=\"gap-element clearfix\" style=\"display:block; height:auto;\">\n\t\t\n<style>\n#gap-1447025146 {\n  padding-top: 5px;\n}\n<\/style>\n\t<\/div>\n\t\n\n<h2 style=\"font-weight: 300; text-align: left;\">Kiemelt partner\u00fcnk:<\/h2>\n<p style=\"font-weight: 300;\">B\u00fcszk\u00e9k vagyunk r\u00e1, hogy olyan gy\u00e1rt\u00f3val dolgozunk egy\u00fctt, mint az MC-Bauchemie Magyarorsz\u00e1g. A beton alapanyagaink mellett kiv\u00e1l\u00f3 min\u0151s\u00edt\u00e9s\u0171 kever\u00e9keink \u00e9s fel\u00fcletkezel\u0151ink is innen sz\u00e1rmaznak.<\/p>\n\t<div id=\"gap-630904713\" class=\"gap-element clearfix\" style=\"display:block; height:auto;\">\n\t\t\n<style>\n#gap-630904713 {\n  padding-top: 10px;\n}\n<\/style>\n\t<\/div>\n\t\n\n\n\t\t<\/div>\n\t\t\t\t\t<\/div>\n\n\t\n\n\t<div id=\"col-1601707830\" class=\"col medium-4 small-12 large-4\"  >\n\t\t\t\t<div class=\"col-inner\"  >\n\t\t\t\n\t\t\t\n\n\t<div class=\"img has-hover x md-x lg-x y md-y lg-y\" id=\"image_19802923\">\n\t\t\t\t\t\t\t\t<div class=\"img-inner dark\" >\n\t\t\t<img loading=\"lazy\" decoding=\"async\" width=\"646\" height=\"486\" src=\"https:\/\/abconcretedesign.com\/wp-content\/uploads\/2025\/06\/brand-accessory-for-mc-bauchemie-1066x800_.jpg\" class=\"attachment-large size-large\" alt=\"\" srcset=\"https:\/\/abconcretedesign.com\/wp-content\/uploads\/2025\/06\/brand-accessory-for-mc-bauchemie-1066x800_.jpg 646w, https:\/\/abconcretedesign.com\/wp-content\/uploads\/2025\/06\/brand-accessory-for-mc-bauchemie-1066x800_-532x400.jpg 532w, https:\/\/abconcretedesign.com\/wp-content\/uploads\/2025\/06\/brand-accessory-for-mc-bauchemie-1066x800_-510x384.jpg 510w\" sizes=\"auto, (max-width: 646px) 100vw, 646px\" \/>\t\t\t\t\t\t\n\t\t\t\t\t<\/div>\n\t\t\t\t\t\t\t\t\n<style>\n#image_19802923 {\n  width: 100%;\n}\n<\/style>\n\t<\/div>\n\t\n\n\n\t\t<\/div>\n\t\t\t\t\t<\/div>\n\n\t\n\n<\/div>\n\n\t\t<\/div>\n\n\t\t\n<style>\n#section_1439397292 {\n  padding-top: 30px;\n  padding-bottom: 30px;\n}\n<\/style>\n\t<\/section>\n\t\n\n","protected":false},"excerpt":{"rendered":"","protected":false},"author":2,"featured_media":0,"parent":0,"menu_order":0,"comment_status":"closed","ping_status":"closed","template":"page-blank.php","meta":{"footnotes":""},"class_list":["post-908","page","type-page","status-publish","hentry"],"yoast_head":"<!-- This site is optimized with the Yoast SEO Premium plugin v26.2 (Yoast SEO v27.4) - https:\/\/yoast.com\/product\/yoast-seo-premium-wordpress\/ -->\n<title>R\u00f3lunk &#187; AB Concrete Design<\/title>\n<meta name=\"description\" content=\"Sok \u00e9vnyi tapasztalat \u00e9s k\u00eds\u00e9rletez\u00e9s r\u00e9v\u00e9n jutottunk el arra a szintre, hogy ak\u00e1r nagy mennyis\u00e9gben k\u00e9pesek vagyunk megalkotni beton alap\u00fa diz\u00e1jn-term\u00e9keket a technikailag el\u00e9rhet\u0151 legnagyobb r\u00e9szletgazdags\u00e1ggal, kiemelked\u0151 min\u0151s\u00e9gben.\" \/>\n<meta name=\"robots\" content=\"index, follow, max-snippet:-1, max-image-preview:large, max-video-preview:-1\" \/>\n<link rel=\"canonical\" href=\"https:\/\/abconcretedesign.com\/hu\/rolunk\/\" \/>\n<meta property=\"og:locale\" content=\"hu_HU\" \/>\n<meta property=\"og:type\" content=\"article\" \/>\n<meta property=\"og:title\" content=\"R\u00f3lunk\" \/>\n<meta property=\"og:url\" content=\"https:\/\/abconcretedesign.com\/hu\/rolunk\/\" \/>\n<meta property=\"og:site_name\" content=\"AB Concrete Design\" \/>\n<meta property=\"article:modified_time\" content=\"2025-06-30T17:26:25+00:00\" \/>\n<meta property=\"og:image\" content=\"https:\/\/abconcretedesign.com\/wp-content\/uploads\/2019\/10\/business-gift-collection-ab-concrete-design.jpg\" \/>\n\t<meta property=\"og:image:width\" content=\"1600\" \/>\n\t<meta property=\"og:image:height\" content=\"1068\" \/>\n\t<meta property=\"og:image:type\" content=\"image\/jpeg\" \/>\n<meta name=\"twitter:card\" content=\"summary_large_image\" \/>\n<script type=\"application\/ld+json\" class=\"yoast-schema-graph\">{\"@context\":\"https:\\\/\\\/schema.org\",\"@graph\":[{\"@type\":\"WebPage\",\"@id\":\"https:\\\/\\\/abconcretedesign.com\\\/hu\\\/rolunk\\\/\",\"url\":\"https:\\\/\\\/abconcretedesign.com\\\/hu\\\/rolunk\\\/\",\"name\":\"R\u00f3lunk &#187; AB Concrete Design\",\"isPartOf\":{\"@id\":\"https:\\\/\\\/abconcretedesign.com\\\/hu\\\/#website\"},\"datePublished\":\"2018-08-11T17:06:15+00:00\",\"dateModified\":\"2025-06-30T17:26:25+00:00\",\"description\":\"Sok \u00e9vnyi tapasztalat \u00e9s k\u00eds\u00e9rletez\u00e9s r\u00e9v\u00e9n jutottunk el arra a szintre, hogy ak\u00e1r nagy mennyis\u00e9gben k\u00e9pesek vagyunk megalkotni beton alap\u00fa diz\u00e1jn-term\u00e9keket a technikailag el\u00e9rhet\u0151 legnagyobb r\u00e9szletgazdags\u00e1ggal, kiemelked\u0151 min\u0151s\u00e9gben.\",\"breadcrumb\":{\"@id\":\"https:\\\/\\\/abconcretedesign.com\\\/hu\\\/rolunk\\\/#breadcrumb\"},\"inLanguage\":\"hu\",\"potentialAction\":[{\"@type\":\"ReadAction\",\"target\":[\"https:\\\/\\\/abconcretedesign.com\\\/hu\\\/rolunk\\\/\"]}]},{\"@type\":\"BreadcrumbList\",\"@id\":\"https:\\\/\\\/abconcretedesign.com\\\/hu\\\/rolunk\\\/#breadcrumb\",\"itemListElement\":[{\"@type\":\"ListItem\",\"position\":1,\"name\":\"F\u0151oldal\",\"item\":\"https:\\\/\\\/abconcretedesign.com\\\/hu\\\/\"},{\"@type\":\"ListItem\",\"position\":2,\"name\":\"R\u00f3lunk\"}]},{\"@type\":\"WebSite\",\"@id\":\"https:\\\/\\\/abconcretedesign.com\\\/hu\\\/#website\",\"url\":\"https:\\\/\\\/abconcretedesign.com\\\/hu\\\/\",\"name\":\"AB Concrete Design and Business Gifts\",\"description\":\"Beton Design T\u00e1rgyak, \u00c9kszer \u00e9s \u00dczleti Aj\u00e1nd\u00e9k, Beton Tr\u00f3fe\u00e1k\",\"publisher\":{\"@id\":\"https:\\\/\\\/abconcretedesign.com\\\/hu\\\/#organization\"},\"potentialAction\":[{\"@type\":\"SearchAction\",\"target\":{\"@type\":\"EntryPoint\",\"urlTemplate\":\"https:\\\/\\\/abconcretedesign.com\\\/hu\\\/?s={search_term_string}\"},\"query-input\":{\"@type\":\"PropertyValueSpecification\",\"valueRequired\":true,\"valueName\":\"search_term_string\"}}],\"inLanguage\":\"hu\"},{\"@type\":\"Organization\",\"@id\":\"https:\\\/\\\/abconcretedesign.com\\\/hu\\\/#organization\",\"name\":\"AB Concrete Design\",\"url\":\"https:\\\/\\\/abconcretedesign.com\\\/hu\\\/\",\"logo\":{\"@type\":\"ImageObject\",\"inLanguage\":\"hu\",\"@id\":\"https:\\\/\\\/abconcretedesign.com\\\/hu\\\/#\\\/schema\\\/logo\\\/image\\\/\",\"url\":\"https:\\\/\\\/abconcretedesign.com\\\/wp-content\\\/uploads\\\/2019\\\/04\\\/ab-concrete-design-logo.jpg\",\"contentUrl\":\"https:\\\/\\\/abconcretedesign.com\\\/wp-content\\\/uploads\\\/2019\\\/04\\\/ab-concrete-design-logo.jpg\",\"width\":351,\"height\":89,\"caption\":\"AB Concrete Design\"},\"image\":{\"@id\":\"https:\\\/\\\/abconcretedesign.com\\\/hu\\\/#\\\/schema\\\/logo\\\/image\\\/\"}}]}<\/script>\n<!-- \/ Yoast SEO Premium plugin. -->","yoast_head_json":{"title":"R\u00f3lunk &#187; AB Concrete Design","description":"Sok \u00e9vnyi tapasztalat \u00e9s k\u00eds\u00e9rletez\u00e9s r\u00e9v\u00e9n jutottunk el arra a szintre, hogy ak\u00e1r nagy mennyis\u00e9gben k\u00e9pesek vagyunk megalkotni beton alap\u00fa diz\u00e1jn-term\u00e9keket a technikailag el\u00e9rhet\u0151 legnagyobb r\u00e9szletgazdags\u00e1ggal, kiemelked\u0151 min\u0151s\u00e9gben.","robots":{"index":"index","follow":"follow","max-snippet":"max-snippet:-1","max-image-preview":"max-image-preview:large","max-video-preview":"max-video-preview:-1"},"canonical":"https:\/\/abconcretedesign.com\/hu\/rolunk\/","og_locale":"hu_HU","og_type":"article","og_title":"R\u00f3lunk","og_url":"https:\/\/abconcretedesign.com\/hu\/rolunk\/","og_site_name":"AB Concrete Design","article_modified_time":"2025-06-30T17:26:25+00:00","og_image":[{"width":1600,"height":1068,"url":"https:\/\/abconcretedesign.com\/wp-content\/uploads\/2019\/10\/business-gift-collection-ab-concrete-design.jpg","type":"image\/jpeg"}],"twitter_card":"summary_large_image","schema":{"@context":"https:\/\/schema.org","@graph":[{"@type":"WebPage","@id":"https:\/\/abconcretedesign.com\/hu\/rolunk\/","url":"https:\/\/abconcretedesign.com\/hu\/rolunk\/","name":"R\u00f3lunk &#187; AB Concrete Design","isPartOf":{"@id":"https:\/\/abconcretedesign.com\/hu\/#website"},"datePublished":"2018-08-11T17:06:15+00:00","dateModified":"2025-06-30T17:26:25+00:00","description":"Sok \u00e9vnyi tapasztalat \u00e9s k\u00eds\u00e9rletez\u00e9s r\u00e9v\u00e9n jutottunk el arra a szintre, hogy ak\u00e1r nagy mennyis\u00e9gben k\u00e9pesek vagyunk megalkotni beton alap\u00fa diz\u00e1jn-term\u00e9keket a technikailag el\u00e9rhet\u0151 legnagyobb r\u00e9szletgazdags\u00e1ggal, kiemelked\u0151 min\u0151s\u00e9gben.","breadcrumb":{"@id":"https:\/\/abconcretedesign.com\/hu\/rolunk\/#breadcrumb"},"inLanguage":"hu","potentialAction":[{"@type":"ReadAction","target":["https:\/\/abconcretedesign.com\/hu\/rolunk\/"]}]},{"@type":"BreadcrumbList","@id":"https:\/\/abconcretedesign.com\/hu\/rolunk\/#breadcrumb","itemListElement":[{"@type":"ListItem","position":1,"name":"F\u0151oldal","item":"https:\/\/abconcretedesign.com\/hu\/"},{"@type":"ListItem","position":2,"name":"R\u00f3lunk"}]},{"@type":"WebSite","@id":"https:\/\/abconcretedesign.com\/hu\/#website","url":"https:\/\/abconcretedesign.com\/hu\/","name":"AB Concrete Design and Business Gifts","description":"Beton Design T\u00e1rgyak, \u00c9kszer \u00e9s \u00dczleti Aj\u00e1nd\u00e9k, Beton Tr\u00f3fe\u00e1k","publisher":{"@id":"https:\/\/abconcretedesign.com\/hu\/#organization"},"potentialAction":[{"@type":"SearchAction","target":{"@type":"EntryPoint","urlTemplate":"https:\/\/abconcretedesign.com\/hu\/?s={search_term_string}"},"query-input":{"@type":"PropertyValueSpecification","valueRequired":true,"valueName":"search_term_string"}}],"inLanguage":"hu"},{"@type":"Organization","@id":"https:\/\/abconcretedesign.com\/hu\/#organization","name":"AB Concrete Design","url":"https:\/\/abconcretedesign.com\/hu\/","logo":{"@type":"ImageObject","inLanguage":"hu","@id":"https:\/\/abconcretedesign.com\/hu\/#\/schema\/logo\/image\/","url":"https:\/\/abconcretedesign.com\/wp-content\/uploads\/2019\/04\/ab-concrete-design-logo.jpg","contentUrl":"https:\/\/abconcretedesign.com\/wp-content\/uploads\/2019\/04\/ab-concrete-design-logo.jpg","width":351,"height":89,"caption":"AB Concrete Design"},"image":{"@id":"https:\/\/abconcretedesign.com\/hu\/#\/schema\/logo\/image\/"}}]}},"_links":{"self":[{"href":"https:\/\/abconcretedesign.com\/hu\/wp-json\/wp\/v2\/pages\/908","targetHints":{"allow":["GET"]}}],"collection":[{"href":"https:\/\/abconcretedesign.com\/hu\/wp-json\/wp\/v2\/pages"}],"about":[{"href":"https:\/\/abconcretedesign.com\/hu\/wp-json\/wp\/v2\/types\/page"}],"author":[{"embeddable":true,"href":"https:\/\/abconcretedesign.com\/hu\/wp-json\/wp\/v2\/users\/2"}],"replies":[{"embeddable":true,"href":"https:\/\/abconcretedesign.com\/hu\/wp-json\/wp\/v2\/comments?post=908"}],"version-history":[{"count":40,"href":"https:\/\/abconcretedesign.com\/hu\/wp-json\/wp\/v2\/pages\/908\/revisions"}],"predecessor-version":[{"id":41475,"href":"https:\/\/abconcretedesign.com\/hu\/wp-json\/wp\/v2\/pages\/908\/revisions\/41475"}],"wp:attachment":[{"href":"https:\/\/abconcretedesign.com\/hu\/wp-json\/wp\/v2\/media?parent=908"}],"curies":[{"name":"wp","href":"https:\/\/api.w.org\/{rel}","templated":true}]}}