{"id":4977,"date":"2019-04-05T01:56:28","date_gmt":"2019-04-04T23:56:28","guid":{"rendered":"https:\/\/abconcretedesign.com\/szallitas\/"},"modified":"2023-02-14T20:47:55","modified_gmt":"2023-02-14T19:47:55","slug":"szallitas","status":"publish","type":"page","link":"https:\/\/abconcretedesign.com\/hu\/szallitas\/","title":{"rendered":"Sz\u00e1ll\u00edt\u00e1s"},"content":{"rendered":"<h1><b>Sz\u00e1ll\u00edt\u00e1s<\/b><\/h1>\n<p>Jelenleg a k\u00f6vetkez\u0151 \u00e1rak alapj\u00e1n sz\u00e1ll\u00edtunk.<\/p>\n<p><strong>Sz\u00e1ll\u00edt\u00e1si id\u0151 5-7 munkanap. Magyarorsz\u00e1gon ingyenes kisz\u00e1ll\u00edt\u00e1sa 10.000 Forint feletti v\u00e1s\u00e1rl\u00e1s eset\u00e9n.<\/strong><\/p>\n<p>*A sz\u00e1ll\u00edt\u00e1si id\u0151ket att\u00f3l a napt\u00f3l kell sz\u00e1m\u00edtani, amikor a megrendel\u00e9st leadt\u00e1k. Igyeksz\u00fcnk megrendel\u00e9s\u00e9t a fent megadott id\u0151n bel\u00fcl teljes\u00edti, de nem v\u00e1llalhatunk felel\u0151ss\u00e9get az\u00e9rt, ha a sz\u00e1ll\u00edt\u00e1si id\u0151 a megjel\u00f6ltn\u00e9l hosszabb lesz.<\/p>\n<table id=\"shipping-table-ab\" class=\"aligncenter\" style=\"width: 447px;\" cellspacing=\"10px\">\n<tbody>\n<tr>\n<td style=\"text-align: center; width: 76px;\"><span style=\"color: #30459c;\"><strong>orsz\u00e1g<\/strong><\/span><\/td>\n<td style=\"text-align: center; width: 148px;\"><span style=\"color: #30459c;\"><strong>sz\u00e1ll\u00edt\u00e1si d\u00edj<\/strong><\/span><\/td>\n<td style=\"width: 168px; text-align: center;\"><span style=\"color: #30459c;\"><strong>rendel\u00e9si<\/strong> <strong>minimum<\/strong> ingyenes sz\u00e1ll\u00edt\u00e1shoz<\/span><\/td>\n<\/tr>\n<tr>\n<td style=\"text-align: center; width: 76px;\">Ausztr\u00e1lia<\/td>\n<td style=\"text-align: center; width: 148px;\">16 AUD<\/td>\n<td style=\"text-align: center; width: 168px;\">150 AUD<\/td>\n<\/tr>\n<tr>\n<td style=\"text-align: center; width: 76px;\">Egyes\u00fclt \u00c1llamok<\/td>\n<td style=\"text-align: center; width: 148px;\">9.5 USD<\/td>\n<td style=\"text-align: center; width: 168px;\">120 USD<\/td>\n<\/tr>\n<tr>\n<td style=\"text-align: center; width: 76px;\">Egyes\u00fclt Kir\u00e1lys\u00e1g<\/td>\n<td style=\"text-align: center; width: 148px;\">9.9 GBP<\/td>\n<td style=\"text-align: center; width: 168px;\">100 GBP<\/td>\n<\/tr>\n<tr>\n<td style=\"text-align: center; width: 76px;\">Eur\u00f3pai Uni\u00f3<\/td>\n<td style=\"text-align: center; width: 148px;\">8.00 EUR<\/td>\n<td style=\"text-align: center; width: 168px;\">100.00 EUR<\/td>\n<\/tr>\n<tr>\n<td style=\"text-align: center; width: 76px;\">Jap\u00e1n<\/td>\n<td style=\"text-align: center; width: 148px;\">1200 JPY<\/td>\n<td style=\"text-align: center; width: 168px;\">12500 JPY<\/td>\n<\/tr>\n<tr>\n<td style=\"text-align: center; width: 76px;\">Oroszorsz\u00e1g<\/td>\n<td style=\"text-align: center; width: 148px;\">700 RUB<\/td>\n<td style=\"text-align: center; width: 168px;\">7500 RUB<\/td>\n<\/tr>\n<tr>\n<td style=\"text-align: center; width: 76px;\">egy\u00e9b<\/td>\n<td style=\"text-align: center; width: 148px;\">10 USD<\/td>\n<td style=\"text-align: center; width: 168px;\">120 USD<\/td>\n<\/tr>\n<\/tbody>\n<\/table>\n<h2><b>Ingyenes csere<\/b><\/h2>\n<p>Egy alkalommal d\u00edjmentesen cser\u00e9lj\u00fck a megrendelt term\u00e9ket. Ha a term\u00e9k cser\u00e9j\u00e9t k\u00e9ri, \u00e9s visszak\u00fcldi r\u00e9sz\u00fcnkre, a csereterm\u00e9k kik\u00fcld\u00e9s\u00e9nek k\u00f6lts\u00e9g\u00e9t mi \u00e1lljuk. A visszak\u00fcld\u00e9s sz\u00e1ll\u00edt\u00e1si k\u00f6lts\u00e9g\u00e9t viszont \u00d6n viseli. A sz\u00e1ll\u00edt\u00e1si k\u00f6lts\u00e9geket nem \u00e1ll m\u00f3dunkban visszat\u00e9r\u00edteni. Ha visszat\u00e9r\u00edt\u00e9st adunk, a visszasz\u00e1ll\u00edt\u00e1s k\u00f6lts\u00e9g\u00e9t levonjuk a visszat\u00e9r\u00edt\u00e9s \u00f6sszeg\u00e9b\u0151l.<\/p>\n<h2><b>Tov\u00e1bbi inform\u00e1ci\u00f3k<\/b><\/h2>\n<ul>\n<li>Rendel\u00e9sfeldolgoz\u00f3 k\u00f6zpontunk nem ind\u00edt sz\u00e1ll\u00edtm\u00e1nyokat szombaton, vas\u00e1rnap illetve \u00fcnnepnapokon.<\/li>\n<li>Postafi\u00f3kc\u00edmre nem \u00e1ll m\u00f3dunkban sz\u00e1ll\u00edtani.<\/li>\n<li>B\u00e1r minden t\u0151l\u00fcnk elv\u00e1rhat\u00f3t megtesz\u00fcnk, hogy megrendel\u00e9s\u00e9t a megadott id\u0151n bel\u00fcl teljes\u00edts\u00fck, nem v\u00e1llalhatunk felel\u0151ss\u00e9get azok\u00e9rt az esetleges k\u00e9sedelmek\u00e9rt, melyeket rajtunk k\u00edv\u00fcl \u00e1ll\u00f3 t\u00e9nyez\u0151k okoznak. B\u00e1rmely v\u00e1ratlan k\u00e9sedelem eset\u00e9n igyeksz\u00fcnk \u00e9rtes\u00edteni v\u00e1s\u00e1rl\u00f3nkat.<\/li>\n<\/ul>\n<p>Ha probl\u00e9m\u00e1ja van csomagja k\u00f6vet\u00e9s\u00e9vel, l\u00e9pjen kapcsolatba <a href=\"mailto:info@abconcretedesign.com\">e-mailes \u00fcgyf\u00e9lszolg\u00e1latunkkal!<\/a><\/p>\n","protected":false},"excerpt":{"rendered":"<p>Sz\u00e1ll\u00edt\u00e1s Jelenleg a k\u00f6vetkez\u0151 \u00e1rak alapj\u00e1n sz\u00e1ll\u00edtunk. Sz\u00e1ll\u00edt\u00e1si id\u0151 5-7 munkanap. Magyarorsz\u00e1gon ingyenes kisz\u00e1ll\u00edt\u00e1sa 10.000 Forint feletti v\u00e1s\u00e1rl\u00e1s eset\u00e9n. *A sz\u00e1ll\u00edt\u00e1si id\u0151ket att\u00f3l a napt\u00f3l kell sz\u00e1m\u00edtani, amikor a megrendel\u00e9st leadt\u00e1k. Igyeksz\u00fcnk megrendel\u00e9s\u00e9t a fent megadott id\u0151n bel\u00fcl teljes\u00edti, de nem v\u00e1llalhatunk felel\u0151ss\u00e9get az\u00e9rt, ha a sz\u00e1ll\u00edt\u00e1si id\u0151 a megjel\u00f6ltn\u00e9l hosszabb lesz. orsz\u00e1g sz\u00e1ll\u00edt\u00e1si d\u00edj [&#8230;]\n","protected":false},"author":2,"featured_media":0,"parent":0,"menu_order":0,"comment_status":"closed","ping_status":"closed","template":"","meta":{"footnotes":""},"class_list":["post-4977","page","type-page","status-publish","hentry"],"yoast_head":"<!-- This site is optimized with the Yoast SEO Premium plugin v27.5 (Yoast SEO v27.5) - https:\/\/yoast.com\/product\/yoast-seo-premium-wordpress\/ -->\n<title>Sz\u00e1ll\u00edt\u00e1s &#187; AB Concrete Design<\/title>\n<meta name=\"robots\" content=\"index, follow, max-snippet:-1, max-image-preview:large, max-video-preview:-1\" \/>\n<link rel=\"canonical\" href=\"https:\/\/abconcretedesign.com\/hu\/szallitas\/\" \/>\n<meta property=\"og:locale\" content=\"hu_HU\" \/>\n<meta property=\"og:type\" content=\"article\" \/>\n<meta property=\"og:title\" content=\"Sz\u00e1ll\u00edt\u00e1s\" \/>\n<meta property=\"og:description\" content=\"Sz\u00e1ll\u00edt\u00e1s Jelenleg a k\u00f6vetkez\u0151 \u00e1rak alapj\u00e1n sz\u00e1ll\u00edtunk. Sz\u00e1ll\u00edt\u00e1si id\u0151 5-7 munkanap. Magyarorsz\u00e1gon ingyenes kisz\u00e1ll\u00edt\u00e1sa 10.000 Forint feletti v\u00e1s\u00e1rl\u00e1s\" \/>\n<meta property=\"og:url\" content=\"https:\/\/abconcretedesign.com\/hu\/szallitas\/\" \/>\n<meta property=\"og:site_name\" content=\"AB Concrete Design\" \/>\n<meta property=\"article:modified_time\" content=\"2023-02-14T19:47:55+00:00\" \/>\n<meta property=\"og:image\" content=\"https:\/\/abconcretedesign.com\/wp-content\/uploads\/2019\/10\/business-gift-collection-ab-concrete-design.jpg\" \/>\n\t<meta property=\"og:image:width\" content=\"1600\" \/>\n\t<meta property=\"og:image:height\" content=\"1068\" \/>\n\t<meta property=\"og:image:type\" content=\"image\/jpeg\" \/>\n<meta name=\"twitter:card\" content=\"summary_large_image\" \/>\n<script type=\"application\/ld+json\" class=\"yoast-schema-graph\">{\"@context\":\"https:\\\/\\\/schema.org\",\"@graph\":[{\"@type\":\"WebPage\",\"@id\":\"https:\\\/\\\/abconcretedesign.com\\\/hu\\\/szallitas\\\/\",\"url\":\"https:\\\/\\\/abconcretedesign.com\\\/hu\\\/szallitas\\\/\",\"name\":\"Sz\u00e1ll\u00edt\u00e1s &#187; AB Concrete Design\",\"isPartOf\":{\"@id\":\"https:\\\/\\\/abconcretedesign.com\\\/hu\\\/#website\"},\"datePublished\":\"2019-04-04T23:56:28+00:00\",\"dateModified\":\"2023-02-14T19:47:55+00:00\",\"breadcrumb\":{\"@id\":\"https:\\\/\\\/abconcretedesign.com\\\/hu\\\/szallitas\\\/#breadcrumb\"},\"inLanguage\":\"hu\",\"potentialAction\":[{\"@type\":\"ReadAction\",\"target\":[\"https:\\\/\\\/abconcretedesign.com\\\/hu\\\/szallitas\\\/\"]}]},{\"@type\":\"BreadcrumbList\",\"@id\":\"https:\\\/\\\/abconcretedesign.com\\\/hu\\\/szallitas\\\/#breadcrumb\",\"itemListElement\":[{\"@type\":\"ListItem\",\"position\":1,\"name\":\"F\u0151oldal\",\"item\":\"https:\\\/\\\/abconcretedesign.com\\\/hu\\\/\"},{\"@type\":\"ListItem\",\"position\":2,\"name\":\"Sz\u00e1ll\u00edt\u00e1s\"}]},{\"@type\":\"WebSite\",\"@id\":\"https:\\\/\\\/abconcretedesign.com\\\/hu\\\/#website\",\"url\":\"https:\\\/\\\/abconcretedesign.com\\\/hu\\\/\",\"name\":\"AB Concrete Design and Business Gifts\",\"description\":\"Beton Design T\u00e1rgyak, \u00c9kszer \u00e9s \u00dczleti Aj\u00e1nd\u00e9k, Beton Tr\u00f3fe\u00e1k\",\"publisher\":{\"@id\":\"https:\\\/\\\/abconcretedesign.com\\\/hu\\\/#organization\"},\"potentialAction\":[{\"@type\":\"SearchAction\",\"target\":{\"@type\":\"EntryPoint\",\"urlTemplate\":\"https:\\\/\\\/abconcretedesign.com\\\/hu\\\/?s={search_term_string}\"},\"query-input\":{\"@type\":\"PropertyValueSpecification\",\"valueRequired\":true,\"valueName\":\"search_term_string\"}}],\"inLanguage\":\"hu\"},{\"@type\":\"Organization\",\"@id\":\"https:\\\/\\\/abconcretedesign.com\\\/hu\\\/#organization\",\"name\":\"AB Concrete Design\",\"url\":\"https:\\\/\\\/abconcretedesign.com\\\/hu\\\/\",\"logo\":{\"@type\":\"ImageObject\",\"inLanguage\":\"hu\",\"@id\":\"https:\\\/\\\/abconcretedesign.com\\\/hu\\\/#\\\/schema\\\/logo\\\/image\\\/\",\"url\":\"https:\\\/\\\/abconcretedesign.com\\\/wp-content\\\/uploads\\\/2019\\\/04\\\/ab-concrete-design-logo.jpg\",\"contentUrl\":\"https:\\\/\\\/abconcretedesign.com\\\/wp-content\\\/uploads\\\/2019\\\/04\\\/ab-concrete-design-logo.jpg\",\"width\":351,\"height\":89,\"caption\":\"AB Concrete Design\"},\"image\":{\"@id\":\"https:\\\/\\\/abconcretedesign.com\\\/hu\\\/#\\\/schema\\\/logo\\\/image\\\/\"}}]}<\/script>\n<!-- \/ Yoast SEO Premium plugin. -->","yoast_head_json":{"title":"Sz\u00e1ll\u00edt\u00e1s &#187; AB Concrete Design","robots":{"index":"index","follow":"follow","max-snippet":"max-snippet:-1","max-image-preview":"max-image-preview:large","max-video-preview":"max-video-preview:-1"},"canonical":"https:\/\/abconcretedesign.com\/hu\/szallitas\/","og_locale":"hu_HU","og_type":"article","og_title":"Sz\u00e1ll\u00edt\u00e1s","og_description":"Sz\u00e1ll\u00edt\u00e1s Jelenleg a k\u00f6vetkez\u0151 \u00e1rak alapj\u00e1n sz\u00e1ll\u00edtunk. Sz\u00e1ll\u00edt\u00e1si id\u0151 5-7 munkanap. Magyarorsz\u00e1gon ingyenes kisz\u00e1ll\u00edt\u00e1sa 10.000 Forint feletti v\u00e1s\u00e1rl\u00e1s","og_url":"https:\/\/abconcretedesign.com\/hu\/szallitas\/","og_site_name":"AB Concrete Design","article_modified_time":"2023-02-14T19:47:55+00:00","og_image":[{"width":1600,"height":1068,"url":"https:\/\/abconcretedesign.com\/wp-content\/uploads\/2019\/10\/business-gift-collection-ab-concrete-design.jpg","type":"image\/jpeg"}],"twitter_card":"summary_large_image","schema":{"@context":"https:\/\/schema.org","@graph":[{"@type":"WebPage","@id":"https:\/\/abconcretedesign.com\/hu\/szallitas\/","url":"https:\/\/abconcretedesign.com\/hu\/szallitas\/","name":"Sz\u00e1ll\u00edt\u00e1s &#187; AB Concrete Design","isPartOf":{"@id":"https:\/\/abconcretedesign.com\/hu\/#website"},"datePublished":"2019-04-04T23:56:28+00:00","dateModified":"2023-02-14T19:47:55+00:00","breadcrumb":{"@id":"https:\/\/abconcretedesign.com\/hu\/szallitas\/#breadcrumb"},"inLanguage":"hu","potentialAction":[{"@type":"ReadAction","target":["https:\/\/abconcretedesign.com\/hu\/szallitas\/"]}]},{"@type":"BreadcrumbList","@id":"https:\/\/abconcretedesign.com\/hu\/szallitas\/#breadcrumb","itemListElement":[{"@type":"ListItem","position":1,"name":"F\u0151oldal","item":"https:\/\/abconcretedesign.com\/hu\/"},{"@type":"ListItem","position":2,"name":"Sz\u00e1ll\u00edt\u00e1s"}]},{"@type":"WebSite","@id":"https:\/\/abconcretedesign.com\/hu\/#website","url":"https:\/\/abconcretedesign.com\/hu\/","name":"AB Concrete Design and Business Gifts","description":"Beton Design T\u00e1rgyak, \u00c9kszer \u00e9s \u00dczleti Aj\u00e1nd\u00e9k, Beton Tr\u00f3fe\u00e1k","publisher":{"@id":"https:\/\/abconcretedesign.com\/hu\/#organization"},"potentialAction":[{"@type":"SearchAction","target":{"@type":"EntryPoint","urlTemplate":"https:\/\/abconcretedesign.com\/hu\/?s={search_term_string}"},"query-input":{"@type":"PropertyValueSpecification","valueRequired":true,"valueName":"search_term_string"}}],"inLanguage":"hu"},{"@type":"Organization","@id":"https:\/\/abconcretedesign.com\/hu\/#organization","name":"AB Concrete Design","url":"https:\/\/abconcretedesign.com\/hu\/","logo":{"@type":"ImageObject","inLanguage":"hu","@id":"https:\/\/abconcretedesign.com\/hu\/#\/schema\/logo\/image\/","url":"https:\/\/abconcretedesign.com\/wp-content\/uploads\/2019\/04\/ab-concrete-design-logo.jpg","contentUrl":"https:\/\/abconcretedesign.com\/wp-content\/uploads\/2019\/04\/ab-concrete-design-logo.jpg","width":351,"height":89,"caption":"AB Concrete Design"},"image":{"@id":"https:\/\/abconcretedesign.com\/hu\/#\/schema\/logo\/image\/"}}]}},"_links":{"self":[{"href":"https:\/\/abconcretedesign.com\/hu\/wp-json\/wp\/v2\/pages\/4977","targetHints":{"allow":["GET"]}}],"collection":[{"href":"https:\/\/abconcretedesign.com\/hu\/wp-json\/wp\/v2\/pages"}],"about":[{"href":"https:\/\/abconcretedesign.com\/hu\/wp-json\/wp\/v2\/types\/page"}],"author":[{"embeddable":true,"href":"https:\/\/abconcretedesign.com\/hu\/wp-json\/wp\/v2\/users\/2"}],"replies":[{"embeddable":true,"href":"https:\/\/abconcretedesign.com\/hu\/wp-json\/wp\/v2\/comments?post=4977"}],"version-history":[{"count":2,"href":"https:\/\/abconcretedesign.com\/hu\/wp-json\/wp\/v2\/pages\/4977\/revisions"}],"predecessor-version":[{"id":28145,"href":"https:\/\/abconcretedesign.com\/hu\/wp-json\/wp\/v2\/pages\/4977\/revisions\/28145"}],"wp:attachment":[{"href":"https:\/\/abconcretedesign.com\/hu\/wp-json\/wp\/v2\/media?parent=4977"}],"curies":[{"name":"wp","href":"https:\/\/api.w.org\/{rel}","templated":true}]}}