{"id":4098,"date":"2019-02-19T14:34:44","date_gmt":"2019-02-19T13:34:44","guid":{"rendered":"https:\/\/abconcretedesign.com\/adatvedelmi-nyilatkozat\/"},"modified":"2020-10-24T20:03:00","modified_gmt":"2020-10-24T18:03:00","slug":"adatvedelmi-nyilatkozat","status":"publish","type":"page","link":"https:\/\/abconcretedesign.com\/hu\/adatvedelmi-nyilatkozat\/","title":{"rendered":"Adatv\u00e9delmi Nyilatkozat"},"content":{"rendered":"<h3>AB Concrete Design<\/h3>\n<h1>Adatkezel\u00e9si t\u00e1j\u00e9koztat\u00f3<\/h1>\n<p><span style=\"font-weight: 400;\">\u00dcdv\u00f6z\u00f6lj\u00fck weboldalunkon (&#8222;abconcretedesign.com&#8221;). K\u00e9rj\u00fck, olvassa el figyelmesen az Adatv\u00e9delmi Nyilatkozatunkat. A jelen Adatv\u00e9delmi Nyilatkozat vonatkozik arra, amikor \u00d6n megl\u00e1togatja vagy term\u00e9k v\u00e1s\u00e1rl\u00e1sa n\u00e9lk\u00fcl b\u00f6ng\u00e9szi weboldalunkat, regisztr\u00e1l a(z) abconcretedesign.com weboldalon, valamint amikor term\u00e9kek v\u00e1s\u00e1rl\u00e1s\u00e1ra haszn\u00e1lja a szolg\u00e1ltat\u00e1sainkat. A(z) abconcretedesign.com weboldalt AB Concrete Design \u2013 Boldog Anita e.v. kezeli \u00e9s \u00fczemelteti aminek bejegyzett sz\u00e9khelye 2700 Cegl\u00e9d, Malom utca 21., Magyarorsz\u00e1g. Boldog Anita e.v. kontroll\u00e1lja az abconcretedesign.com l\u00e1togat\u00f3ira \/ felhaszn\u00e1l\u00f3ira vonatkoz\u00f3 szem\u00e9lyes adatok kezel\u00e9s\u00e9t.<\/span><\/p>\n<p>&nbsp;<\/p>\n<h2>Nyilatkozatunk<\/h2>\n<p><span style=\"font-weight: 400;\">AB Concrete Design elk\u00f6telezett a v\u00e1s\u00e1rl\u00f3ink szem\u00e9lyes inform\u00e1ci\u00f3inak v\u00e9delme ir\u00e1nt. A jelen nyilatkozat AB Concrete Design \u00e1ltal az abconcretedesign.com weboldalon gy\u0171jt\u00f6tt adatokra vonatkozik. A jelen nyilatkozat m\u00f3dos\u00edt\u00e1sait ezen az URL c\u00edmen fogjuk k\u00f6zz\u00e9tenni, \u00e9s a k\u00f6zz\u00e9t\u00e9tellel l\u00e9pnek hat\u00e1lyba. A weboldalunk haszn\u00e1lat\u00e1val \u00d6n hozz\u00e1j\u00e1rul ezen adatok gy\u0171jt\u00e9s\u00e9hez \u00e9s az \u00e1ltalunk le\u00edrt m\u00f3don t\u00f6rt\u00e9n\u0151 felhaszn\u00e1l\u00e1s\u00e1hoz. A weboldal haszn\u00e1lat\u00e1nak folytat\u00e1sa b\u00e1rmilyen m\u00f3dos\u00edt\u00e1s, kieg\u00e9sz\u00edt\u00e9s vagy v\u00e1ltoztat\u00e1s k\u00f6zz\u00e9t\u00e9tele ut\u00e1n annak elfogad\u00e1s\u00e1t jelenti.<\/span><\/p>\n<p><span style=\"font-weight: 400;\">Mindenkinek joga van a szem\u00e9lyes adatainak v\u00e9delm\u00e9hez. AB Concrete Design tiszteletben tartja a felhaszn\u00e1l\u00f3i t\u00e1j\u00e9koztat\u00e1shoz val\u00f3 jog\u00e1t, a szem\u00e9lyes adataik gy\u0171jt\u00e9s\u00e9t \u00e9s azokat \u00e9rint\u0151 m\u00e1s m\u0171veleteket illet\u0151en. Az olyan adatok felhaszn\u00e1l\u00e1s\u00e1n\u00e1l, amelyek \u00d6nt k\u00f6zvetlen\u00fcl vagy k\u00f6zvetve szem\u00e9lyesen azonos\u00edthatj\u00e1k, a szigor\u00fa sz\u00fcks\u00e9gess\u00e9g elv\u00e9t alkalmazzuk. Nem dolgozzuk fel a szem\u00e9lyes adatait, ha anonim adatok haszn\u00e1lat\u00e1val vagy m\u00e1s olyan m\u00f3don is tudjuk ny\u00fajtani \u00d6nnek a szolg\u00e1ltat\u00e1sokat, amely lehet\u0151v\u00e9 teszi AB Concrete Design sz\u00e1m\u00e1ra az \u00d6n azonos\u00edt\u00e1s\u00e1t. Ez al\u00f3l kiv\u00e9telt k\u00e9pez, ha az illet\u00e9kes hat\u00f3s\u00e1gok vagy a rend\u0151rs\u00e9g k\u00e9r\u00e9s\u00e9re kell adatot szolg\u00e1ltatnunk (p\u00e9ld\u00e1ul az \u00d6n IP c\u00edme).<\/span><\/p>\n<p><span style=\"font-weight: 400;\">AB Concrete Design az al\u00e1bbi t\u00e1j\u00e9koztat\u00e1st adja az Adatv\u00e9delmi Nyilatkozatr\u00f3l, lehet\u0151v\u00e9 t\u00e9ve az online l\u00e1togat\u00f3k sz\u00e1m\u00e1ra a teljes k\u00f6r\u0171 t\u00e1j\u00e9koz\u00f3d\u00e1st. A(z) abconcretedesign.com weboldal megl\u00e1togat\u00e1s\u00e1val \u00d6n a jelen Adatv\u00e9delmi Nyilatkozatban \u00e9s a Felhaszn\u00e1l\u00e1si Felt\u00e9telekben le\u00edrt gyakorlatot elfogadja, \u00e9s ahhoz hozz\u00e1j\u00e1rul\u00e1s\u00e1t adja.<\/span><\/p>\n<p><span style=\"font-weight: 400;\">A jelen Adatv\u00e9delmi Nyilatkozat a linkelt, m\u00e1s szervezetek \u00e1ltal fenntartott weboldalakra nem vonatkozik. A weboldalunkon kereszt\u00fcl \u00d6n \u00e1ltal harmadik feleknek megadott szem\u00e9lyes inform\u00e1ci\u00f3k\u00e9rt AB Concrete Design nem felel\u0151s. K\u00e9rj\u00fck, olvassa el ezen m\u00e1s t\u00e1rsas\u00e1gok vagy szervezetek Adatv\u00e9delmi Nyilatkozat\u00e1t is, miel\u0151tt megadja nekik az adatait.<\/span><\/p>\n<p>&nbsp;<\/p>\n<h2>Milyen szem\u00e9lyes inform\u00e1ci\u00f3kat gy\u0171jt\u00fcnk, \u00e9s hogyan?<\/h2>\n<p><span style=\"font-weight: 400;\">A(z) abconcretedesign.com weboldal felhaszn\u00e1l\u00f3inak szem\u00e9lyes adatait AB Concrete Design kezeli; AB Concrete Design t\u00f6bb m\u00f3don is gy\u0171jt szem\u00e9lyes inform\u00e1ci\u00f3kat, amikor \u00d6n regisztr\u00e1l vagy lead egy megrendel\u00e9st. \u00d6n a regisztr\u00e1ci\u00f3val hozz\u00e1j\u00e1rul a szem\u00e9lyes adatai gy\u0171jt\u00e9s\u00e9hez. Ha \u00d6n lead egy megrendel\u00e9st, a megrendel\u00e9se feldolgoz\u00e1s\u00e1hoz \u00e9s teljes\u00edt\u00e9s\u00e9hez sz\u00fcks\u00e9g van szem\u00e9lyes inform\u00e1ci\u00f3k t\u00e1rol\u00e1sa, bele\u00e9rtve a nev\u00e9t, e-mail c\u00edm\u00e9t, telefonsz\u00e1mait, lakc\u00edm\u00e9t, sz\u00e1ll\u00edt\u00e1si \u00e9s hitelk\u00e1rtya\/bankk\u00e1rtya sz\u00e1ml\u00e1z\u00e1si c\u00edm\u00e9t(eit).<\/span><\/p>\n<p><span style=\"font-weight: 400;\">Az elmentett k\u00e1rtya adatokat nem AB Concrete Design t\u00e1rolja. Ezeket az inform\u00e1ci\u00f3kat a fizet\u00e9sfeldolgoz\u00f3 partnereink t\u00e1rolj\u00e1k. K\u00e9rj\u00fck, olvassa el a p\u00e9nzforgalmi szolg\u00e1ltat\u00f3ink Adatv\u00e9delmi Nyilatkozat\u00e1t is. Az elmentett k\u00e1rtya adatokat soha nem osztjuk meg harmadik felekkel, \u00e9s kiz\u00e1r\u00f3lag az \u00d6n megrendel\u00e9s\u00e9nek feldolgoz\u00e1s\u00e1hoz haszn\u00e1ljuk fel, a fizet\u00e9sfeldolgoz\u00f3 partner\u00fcnk rendszer\u00e9nek haszn\u00e1lat\u00e1val. Ezen fel\u00fcl, inform\u00e1ci\u00f3khoz juthatunk hiteles\u00edt\u00e9s vagy szem\u00e9lyazonoss\u00e1g ellen\u0151rz\u00e9sek eredm\u00e9nyek\u00e9nt is. Esetenk\u00e9nt elk\u00e9rhetj\u00fck az \u00d6n telefonsz\u00e1m\u00e1t. Ezt a sz\u00e1mot megadhatjuk a sz\u00e1ll\u00edt\u00e1st v\u00e9gz\u0151 fut\u00e1rszolg\u00e1latunknak. Ezek az adatok teszik lehet\u0151v\u00e9 az \u00d6n megrendel\u00e9s\u00e9nek feldolgoz\u00e1s\u00e1t, \u00e9s hogy \u00e9rtes\u00edteni tudjuk \u00d6nt a megrendel\u00e9se st\u00e1tusz\u00e1r\u00f3l.<\/span><\/p>\n<p><span style=\"font-weight: 400;\">Az AB Concrete Design sz\u00e1mos m\u00f3don gy\u0171jt \u00d6nr\u0151l szem\u00e9lyesen nem azonos\u00edthat\u00f3 inform\u00e1ci\u00f3t, bele\u00e9rtve a tev\u00e9kenys\u00e9ge nyomon k\u00f6vet\u00e9s\u00e9t az IP c\u00edme alapj\u00e1n, a sz\u00e1m\u00edt\u00f3g\u00e9pe be\u00e1ll\u00edt\u00e1sait vagy a legut\u00f3bb megl\u00e1togatott URL-eket. Az AB Concrete Design k\u00e9rheti \u00d6nt\u0151l bizonyos szem\u00e9lyesen nem azonos\u00edthat\u00f3 inform\u00e1ci\u00f3k, p\u00e9ld\u00e1ul a v\u00e1s\u00e1rl\u00e1si preferenci\u00e1i, stb. megad\u00e1s\u00e1t. Az AB Concrete Design nem gy\u0171jt \u00d6nr\u0151l szem\u00e9lyesen azonos\u00edthat\u00f3 inform\u00e1ci\u00f3t, kiv\u00e9ve, ha \u00d6n \u00f6nk\u00e9nt ad meg nek\u00fcnk ilyen inform\u00e1ci\u00f3kat, p\u00e9ld\u00e1ul egy k\u00e9rd\u0151\u00edv vagy regisztr\u00e1ci\u00f3s \u0171rlap kit\u00f6lt\u00e9s\u00e9vel.<\/span><\/p>\n<p><span style=\"font-weight: 400;\">\u00c1ltal\u00e1noss\u00e1gban az AB Concrete Design kiz\u00e1r\u00f3lag arra a c\u00e9lra haszn\u00e1lja fel az \u00d6n \u00e1ltal megadott inform\u00e1ci\u00f3kat, amelyre \u00d6n az inform\u00e1ci\u00f3kat megadta.<\/span><\/p>\n<p>&nbsp;<\/p>\n<h2>S\u00fctik (cookie-k) haszn\u00e1lata<\/h2>\n<p><span style=\"font-weight: 400;\">A s\u00fctik az \u00d6n b\u00f6ng\u00e9sz\u0151je \u00e1ltal az \u00d6n sz\u00e1m\u00edt\u00f3g\u00e9p\u00e9n t\u00e1rolt inform\u00e1ci\u00f3k. A b\u00f6ng\u00e9sz\u0151k az\u00e9rt haszn\u00e1lnak s\u00fctiket, hogy nyomon k\u00f6vess\u00e9k az \u00d6n weboldalakkal t\u00f6rt\u00e9n\u0151 interakci\u00f3it a jobb online \u00e9lm\u00e9ny biztos\u00edt\u00e1sa \u00e9rdek\u00e9ben. Ezeket az inform\u00e1ci\u00f3kat az \u00d6n merevlemez\u00e9n t\u00e1rolj\u00e1k, nem a mi weboldalunkon. A s\u00fctik nem k\u00e9mkednek \u00d6n ut\u00e1n vagy s\u00e9rtik meg m\u00e1s m\u00f3don az \u00d6n mag\u00e1n\u00e9let\u00e9t, \u00e9s nem tudnak inform\u00e1ci\u00f3kat lopni a merevlemez\u00e9r\u0151l. Az AB Concrete Design az\u00e9rt haszn\u00e1l s\u00fctiket, hogy az \u00d6n \u00e9rdekl\u0151d\u00e9s\u00e9nek megfelel\u0151 tartalmakat biztos\u00edtson, nyomon k\u00f6vesse, milyen gyakran l\u00e1togat a weboldalra, nyomon k\u00f6vesse a kosar\u00e1nak tartalm\u00e1t \u00e9s megakad\u00e1lyozza a regisztr\u00e1ci\u00f3s adatainak ism\u00e9telt magad\u00e1s\u00e1t minden csatlakoz\u00e1s alkalm\u00e1val.<\/span><\/p>\n<p>&nbsp;<\/p>\n<h2>Hogyan \u00e9s milyen c\u00e9lra haszn\u00e1ljuk a szem\u00e9lyes adatait<\/h2>\n<p><span style=\"font-weight: 400;\">AB Concrete Design az \u00d6n szem\u00e9lyes inform\u00e1ci\u00f3it a megrendel\u00e9sek feldolgoz\u00e1s\u00e1hoz, a fizet\u00e9shez, valamint szem\u00e9lyre szabott v\u00e1s\u00e1rl\u00e1si \u00e9lm\u00e9ny biztos\u00edt\u00e1sa \u00e9rdek\u00e9ben haszn\u00e1lhatja fel. Tov\u00e1bb\u00e1 felhaszn\u00e1ljuk az \u00d6n adatait a megrendel\u00e9sei teljes\u00edt\u00e9s\u00e9hez \u00e9s sz\u00e1ll\u00edt\u00e1s\u00e1hoz, \u00e9s a fi\u00f3kja kezel\u00e9s\u00e9hez is. Az \u00d6n \u00e1ltal megadott szem\u00e9lyes inform\u00e1ci\u00f3kat felfedhetj\u00fck hitelreferencia vagy csal\u00e1s megel\u0151z\u0151 \u00fcgyn\u00f6ks\u00e9geknek, amelyek nyilv\u00e1ntarthatj\u00e1k ezeket az inform\u00e1ci\u00f3kat. Az \u00d6n szem\u00e9lyes inform\u00e1ci\u00f3it megoszthatjuk AB Concrete Design bel\u00fcli m\u00e1s kereskedelmi r\u00e9szlegekkel is. Amikor erre t\u00f6rv\u00e9ny k\u00f6telez benn\u00fcnket, az \u00d6n adatait felfedhetj\u00fck b\u00e1rmely illet\u00e9kes szab\u00e1lyoz\u00f3 hat\u00f3s\u00e1gnak.<\/span><\/p>\n<p><span style=\"font-weight: 400;\">Az \u00d6n szem\u00e9lyes inform\u00e1ci\u00f3it felhaszn\u00e1lhatjuk arra is, hogy marketing h\u00edrleveleket k\u00fcldj\u00fcnk, de kiz\u00e1r\u00f3lag a preferenci\u00e1inak megfelel\u0151en. Az \u00d6n adatait nem adjuk el harmadik f\u00e9l marketing c\u00e9geknek.<\/span><\/p>\n<p><span style=\"font-weight: 400;\">A weboldal forgalm\u00e1ra, az elad\u00e1sokra, k\u00edv\u00e1ns\u00e1glist\u00e1kra vonatkoz\u00f3 \u00e9s egy\u00e9b kereskedelmi inform\u00e1ci\u00f3kat \u00f6sszegy\u0171jtj\u00fck, \u00e9s tov\u00e1bbadhatjuk harmadik feleknek, de ezek az inform\u00e1ci\u00f3k nem tartalmaznak olyan adatokat, amelyek \u00d6nt szem\u00e9lyesen azonos\u00edthatj\u00e1k.<\/span><\/p>\n<p><span style=\"font-weight: 400;\">V\u00e9g\u00fcl, az \u00d6n szem\u00e9lyes inform\u00e1ci\u00f3it, a nem-szem\u00e9lyes adatokkal egy\u00fctt, felhaszn\u00e1lhatjuk bels\u0151 marketing \u00e9s demogr\u00e1fiai tanulm\u00e1nyainkhoz is, a v\u00e1s\u00e1rl\u00f3i mint\u00e1k megfigyel\u00e9s\u00e9re, hogy folyamatosan fejleszthess\u00fck a weboldalunkat a l\u00e1togat\u00f3i ig\u00e9nyek jobb kiel\u00e9g\u00edt\u00e9se \u00e9rdek\u00e9ben.<\/span><\/p>\n<p><span style=\"font-weight: 400;\">Esetenk\u00e9nt AB Concrete Design alkalmazhat harmadik feles \u00fczleti partnereket szem\u00e9lyes inform\u00e1ci\u00f3k gy\u0171jt\u00e9s\u00e9re. Ilyen esetekben ezen harmadik feleket titoktart\u00e1si meg\u00e1llapod\u00e1sok k\u00f6tik, \u00e9s AB Concrete Design utas\u00edtja \u0151ket hogy AB Concrete Design \u00e1ltal alkalmazott Adatv\u00e9delmi Nyilatkozatok teljes k\u00f6r\u0171 betart\u00e1s\u00e1ra.<\/span><\/p>\n<p>&nbsp;<\/p>\n<h2>Feliratkoz\u00e1s \u00e9s leiratkoz\u00e1s<\/h2>\n<p><span style=\"font-weight: 400;\">AB Concrete Design csak azut\u00e1n dolgozza fel az \u00d6n szem\u00e9lyes adatait rekl\u00e1manyag \u00e9s direkt marketing vagy egy\u00e9b kereskedelmi kommunik\u00e1ci\u00f3 k\u00fcld\u00e9s\u00e9hez, bele\u00e9rtve az e-mailt, SMS \u00fczenetet vagy hagyom\u00e1nyos postai levelet, ha \u00d6n ehhez hozz\u00e1j\u00e1rult. Minden alkalommal, amikor sz\u00fcks\u00e9g van az \u00d6n hozz\u00e1j\u00e1rul\u00e1s\u00e1ra, el\u0151re t\u00e1j\u00e9koztatni fogjuk \u00d6nt \u00e9s lehet\u0151s\u00e9get adunk arra, hogy a megfelel\u0151 jel\u00f6l\u0151n\u00e9gyzetek bejel\u00f6l\u00e9s\u00e9vel megadja vagy megtagadja a hozz\u00e1j\u00e1rul\u00e1s\u00e1t a szem\u00e9lyes adatainak, a fenti c\u00e9lokra t\u00f6rt\u00e9n\u0151 felhaszn\u00e1l\u00e1s\u00e1hoz.<\/span><\/p>\n<p><span style=\"font-weight: 400;\">T\u00e1j\u00e9koztatni k\u00edv\u00e1njuk, hogy bizonyos t\u00f6rv\u00e9ny \u00e1ltal meghat\u00e1rozott esetekben AB Concrete Design az \u00d6n hozz\u00e1j\u00e1rul\u00e1sa n\u00e9lk\u00fcl is feldolgozhatja az \u00d6n szem\u00e9lyes adatait. Sor ker\u00fclhet erre, AB Concrete Design t\u00f6rv\u00e9nyi k\u00f6telezetts\u00e9geinek teljes\u00edt\u00e9se, illetve a rendel\u00e9sek feldolgoz\u00e1sa sor\u00e1n. (P\u00e9ld\u00e1ul ha \u00d6n term\u00e9keket v\u00e1s\u00e1rolt a(z) abconcretedesign.com weboldalon vagy bizonyos szolg\u00e1ltat\u00e1sok haszn\u00e1lat\u00e1t k\u00e9rte a weboldalunkon kereszt\u00fcl).<\/span><\/p>\n<p><span style=\"font-weight: 400;\">AB Concrete Design garant\u00e1lja a felhaszn\u00e1l\u00f3i sz\u00e1m\u00e1ra, hogy amennyiben k\u00e9rik, b\u00e1rmikor \u00e9s indokl\u00e1s n\u00e9lk\u00fcl lemondhatj\u00e1k AB Concrete Design \u00e1ltal ny\u00fajtott szolg\u00e1ltat\u00e1sokat.<\/span><\/p>\n<p><span style=\"font-weight: 400;\">Mindenkor fel fogjuk k\u00edn\u00e1lni \u00d6nnek a lehet\u0151s\u00e9g\u00e9t a leiratkoz\u00e1sra, b\u00e1rmely olyan szolg\u00e1ltat\u00e1sunkr\u00f3l vagy h\u00edrlevel\u00fcnkr\u0151l &#8211; amelyre kor\u00e1bban feliratkozott -, amennyiben meggondolja mag\u00e1t. Minden \u00d6nnek k\u00fcld\u00f6tt e-mail tartalmazni fog egy egyszer\u0171 automatiz\u00e1lt leiratkoz\u00e1si linket, hogy le tudjon iratkozni az adott c\u00edmlist\u00e1r\u00f3l. A leiratkoz\u00e1ssal kapcsolatban k\u00f6vesse az e-mail utas\u00edt\u00e1sait, illetve lehet\u0151s\u00e9ge van a fi\u00f3kj\u00e1n bel\u00fcl megv\u00e1ltoztatni az e-mail preferenci\u00e1it \u00e9s leiratkozhat minden e-mailr\u0151l.<\/span><\/p>\n<p>&nbsp;<\/p>\n<h2>Az SSL Biztons\u00e1gi Titkos\u00edt\u00e1s haszn\u00e1lata<\/h2>\n<p><span style=\"font-weight: 400;\">Az elv\u00e1rhat\u00f3 gondoss\u00e1ggal j\u00e1runk el az \u00d6n \u00e1ltal megadott adatok biztons\u00e1g\u00e1nak, integrit\u00e1s\u00e1nak \u00e9s v\u00e9delm\u00e9nek megfelel\u0151 fenntart\u00e1sa \u00e9rdek\u00e9ben. Amikor \u00d6n lead egy megrendel\u00e9st vagy hozz\u00e1f\u00e9r a fi\u00f3kja inform\u00e1ci\u00f3ihoz, a Secure Socket Layer (SSL) titkos\u00edt\u00e1st haszn\u00e1ljuk, amely az elk\u00fcld\u00e9s el\u0151tt titkos\u00edtja az inform\u00e1ci\u00f3kat, megv\u00e9dve azokat az illet\u00e9ktelen felhaszn\u00e1l\u00e1st\u00f3l. Emellett megtessz\u00fck az elv\u00e1rhat\u00f3 l\u00e9p\u00e9seket annak biztos\u00edt\u00e1s\u00e1ra, hogy azon harmadik f\u00e9l \u00fczleti partnerek, akiknek b\u00e1rmilyen adatot tov\u00e1bb\u00edtunk, biztos\u00edts\u00e1k a szem\u00e9lyes inform\u00e1ci\u00f3k megfelel\u0151 v\u00e9delm\u00e9t.<\/span><\/p>\n<p>&nbsp;<\/p>\n<h2>Ir\u00e1nyad\u00f3 jog<\/h2>\n<p><span style=\"font-weight: 400;\">A jelen Adatv\u00e9delmi Nyilatkozatra a magyar jog ir\u00e1nyad\u00f3, \u00e9s k\u00fcl\u00f6n\u00f6sen az inform\u00e1ci\u00f3s \u00f6nrendelkez\u00e9si jogr\u00f3l \u00e9s az inform\u00e1ci\u00f3szabads\u00e1gr\u00f3l sz\u00f3l\u00f3 2011. \u00e9vi CXII. magyar t\u00f6rv\u00e9ny, amely a &#8211; k\u00fclf\u00f6ld\u00f6n is t\u00e1rolt &#8211; szem\u00e9lyes adatok Magyarorsz\u00e1gon sz\u00e9khellyel vagy bejegyzett irod\u00e1val rendelkez\u0151 adatfeldolgoz\u00f3 \u00e1ltali feldolgoz\u00e1s\u00e1t is szab\u00e1lyozza. Az inform\u00e1ci\u00f3s \u00f6nrendelkez\u00e9si jogr\u00f3l \u00e9s az inform\u00e1ci\u00f3szabads\u00e1gr\u00f3l sz\u00f3l\u00f3 2011. \u00e9vi CXII. magyar t\u00f6rv\u00e9ny garant\u00e1lja, hogy a szem\u00e9lyes adatok feldolgoz\u00e1sa az alapvet\u0151 jogok \u00e9s a szem\u00e9lyes szabads\u00e1g, valamint m\u00e9lt\u00f3s\u00e1g tiszteletben tart\u00e1s\u00e1val t\u00f6rt\u00e9nik, k\u00fcl\u00f6n\u00f6s tekintettel a titoktart\u00e1shoz, a szem\u00e9lyazonoss\u00e1ghoz \u00e9s a szem\u00e9lyes adatok v\u00e9delm\u00e9hez val\u00f3 jogra.<\/span><\/p>\n<p>&nbsp;<\/p>\n<h2>Az abconcretedesign.com Adatv\u00e9delmi Nyilatkozat\u00e1nak m\u00f3dos\u00edt\u00e1sa \u00e9s friss\u00edt\u00e9se<\/h2>\n<p><span style=\"font-weight: 400;\">Az abconcretedesign.com adatv\u00e9delmi nyilatkozat\u00e1t AB Concrete Design m\u00f3dos\u00edthatja vagy egyszer\u0171en csak friss\u00edtheti r\u00e9szben vagy eg\u00e9szben, bele\u00e9rtve azt is, amikor a m\u00f3dos\u00edt\u00e1sok az adatv\u00e9delmet szab\u00e1lyoz\u00f3 \u00e9s az \u00d6n jogait v\u00e9d\u0151 jogszab\u00e1lyok \u00e9s el\u0151\u00edr\u00e1sok miatt t\u00f6rt\u00e9nnek. Az abconcretedesign.com Adatv\u00e9delmi Nyilatkozat\u00e1nak m\u00f3dos\u00edt\u00e1sair\u00f3l \u00e9s friss\u00edt\u00e9seir\u0151l a felhaszn\u00e1l\u00f3inkat az abconcretedesign.com weboldal\u00e1n \u00e9rtes\u00edtj\u00fck, amint ezen m\u00f3dos\u00edt\u00e1sok vagy friss\u00edt\u00e9sek hat\u00e1lyba l\u00e9pnek, \u00e9s azok k\u00f6telez\u0151 \u00e9rv\u00e9ny\u0171ek, amint a weboldal ezen r\u00e9sz\u00e9n k\u00f6zz\u00e9t\u00e9telre ker\u00fclnek. Ez\u00e9rt k\u00e9rj\u00fck, hogy rendszeresen keresse fel ezt a r\u00e9szt, hogy \u00e9rtes\u00fclj\u00f6n az abconcretedesign.com leg\u00fajabb \u00e9s friss\u00edtett Adatv\u00e9delmi Nyilatkozat\u00e1nak k\u00f6zz\u00e9t\u00e9tel\u00e9r\u0151l.<\/span><\/p>\n","protected":false},"excerpt":{"rendered":"<p>AB Concrete Design Adatkezel\u00e9si t\u00e1j\u00e9koztat\u00f3 \u00dcdv\u00f6z\u00f6lj\u00fck weboldalunkon (&#8222;abconcretedesign.com&#8221;). K\u00e9rj\u00fck, olvassa el figyelmesen az Adatv\u00e9delmi Nyilatkozatunkat. A jelen Adatv\u00e9delmi Nyilatkozat vonatkozik arra, amikor \u00d6n megl\u00e1togatja vagy term\u00e9k v\u00e1s\u00e1rl\u00e1sa n\u00e9lk\u00fcl b\u00f6ng\u00e9szi weboldalunkat, regisztr\u00e1l a(z) abconcretedesign.com weboldalon, valamint amikor term\u00e9kek v\u00e1s\u00e1rl\u00e1s\u00e1ra haszn\u00e1lja a szolg\u00e1ltat\u00e1sainkat. A(z) abconcretedesign.com weboldalt AB Concrete Design \u2013 Boldog Anita e.v. kezeli \u00e9s \u00fczemelteti aminek [&#8230;]\n","protected":false},"author":2,"featured_media":0,"parent":0,"menu_order":0,"comment_status":"closed","ping_status":"closed","template":"","meta":{"footnotes":""},"class_list":["post-4098","page","type-page","status-publish","hentry"],"yoast_head":"<!-- This site is optimized with the Yoast SEO Premium plugin v26.2 (Yoast SEO v27.4) - https:\/\/yoast.com\/product\/yoast-seo-premium-wordpress\/ -->\n<title>Adatv\u00e9delmi Nyilatkozat &#187; AB Concrete Design<\/title>\n<meta name=\"robots\" content=\"index, follow, max-snippet:-1, max-image-preview:large, max-video-preview:-1\" \/>\n<link rel=\"canonical\" href=\"https:\/\/abconcretedesign.com\/hu\/adatvedelmi-nyilatkozat\/\" \/>\n<meta property=\"og:locale\" content=\"hu_HU\" \/>\n<meta property=\"og:type\" content=\"article\" \/>\n<meta property=\"og:title\" content=\"Adatv\u00e9delmi Nyilatkozat\" \/>\n<meta property=\"og:description\" content=\"AB Concrete Design Adatkezel\u00e9si t\u00e1j\u00e9koztat\u00f3 \u00dcdv\u00f6z\u00f6lj\u00fck weboldalunkon (&quot;abconcretedesign.com&quot;). K\u00e9rj\u00fck, olvassa el figyelmesen az Adatv\u00e9delmi\" \/>\n<meta property=\"og:url\" content=\"https:\/\/abconcretedesign.com\/hu\/adatvedelmi-nyilatkozat\/\" \/>\n<meta property=\"og:site_name\" content=\"AB Concrete Design\" \/>\n<meta property=\"article:modified_time\" content=\"2020-10-24T18:03:00+00:00\" \/>\n<meta property=\"og:image\" content=\"https:\/\/abconcretedesign.com\/wp-content\/uploads\/2019\/10\/business-gift-collection-ab-concrete-design.jpg\" \/>\n\t<meta property=\"og:image:width\" content=\"1600\" \/>\n\t<meta property=\"og:image:height\" content=\"1068\" \/>\n\t<meta property=\"og:image:type\" content=\"image\/jpeg\" \/>\n<meta name=\"twitter:card\" content=\"summary_large_image\" \/>\n<script type=\"application\/ld+json\" class=\"yoast-schema-graph\">{\"@context\":\"https:\\\/\\\/schema.org\",\"@graph\":[{\"@type\":\"WebPage\",\"@id\":\"https:\\\/\\\/abconcretedesign.com\\\/hu\\\/adatvedelmi-nyilatkozat\\\/\",\"url\":\"https:\\\/\\\/abconcretedesign.com\\\/hu\\\/adatvedelmi-nyilatkozat\\\/\",\"name\":\"Adatv\u00e9delmi Nyilatkozat &#187; AB Concrete Design\",\"isPartOf\":{\"@id\":\"https:\\\/\\\/abconcretedesign.com\\\/hu\\\/#website\"},\"datePublished\":\"2019-02-19T13:34:44+00:00\",\"dateModified\":\"2020-10-24T18:03:00+00:00\",\"breadcrumb\":{\"@id\":\"https:\\\/\\\/abconcretedesign.com\\\/hu\\\/adatvedelmi-nyilatkozat\\\/#breadcrumb\"},\"inLanguage\":\"hu\",\"potentialAction\":[{\"@type\":\"ReadAction\",\"target\":[\"https:\\\/\\\/abconcretedesign.com\\\/hu\\\/adatvedelmi-nyilatkozat\\\/\"]}]},{\"@type\":\"BreadcrumbList\",\"@id\":\"https:\\\/\\\/abconcretedesign.com\\\/hu\\\/adatvedelmi-nyilatkozat\\\/#breadcrumb\",\"itemListElement\":[{\"@type\":\"ListItem\",\"position\":1,\"name\":\"F\u0151oldal\",\"item\":\"https:\\\/\\\/abconcretedesign.com\\\/hu\\\/\"},{\"@type\":\"ListItem\",\"position\":2,\"name\":\"Adatv\u00e9delmi Nyilatkozat\"}]},{\"@type\":\"WebSite\",\"@id\":\"https:\\\/\\\/abconcretedesign.com\\\/hu\\\/#website\",\"url\":\"https:\\\/\\\/abconcretedesign.com\\\/hu\\\/\",\"name\":\"AB Concrete Design and Business Gifts\",\"description\":\"Beton Design T\u00e1rgyak, \u00c9kszer \u00e9s \u00dczleti Aj\u00e1nd\u00e9k, Beton Tr\u00f3fe\u00e1k\",\"publisher\":{\"@id\":\"https:\\\/\\\/abconcretedesign.com\\\/hu\\\/#organization\"},\"potentialAction\":[{\"@type\":\"SearchAction\",\"target\":{\"@type\":\"EntryPoint\",\"urlTemplate\":\"https:\\\/\\\/abconcretedesign.com\\\/hu\\\/?s={search_term_string}\"},\"query-input\":{\"@type\":\"PropertyValueSpecification\",\"valueRequired\":true,\"valueName\":\"search_term_string\"}}],\"inLanguage\":\"hu\"},{\"@type\":\"Organization\",\"@id\":\"https:\\\/\\\/abconcretedesign.com\\\/hu\\\/#organization\",\"name\":\"AB Concrete Design\",\"url\":\"https:\\\/\\\/abconcretedesign.com\\\/hu\\\/\",\"logo\":{\"@type\":\"ImageObject\",\"inLanguage\":\"hu\",\"@id\":\"https:\\\/\\\/abconcretedesign.com\\\/hu\\\/#\\\/schema\\\/logo\\\/image\\\/\",\"url\":\"https:\\\/\\\/abconcretedesign.com\\\/wp-content\\\/uploads\\\/2019\\\/04\\\/ab-concrete-design-logo.jpg\",\"contentUrl\":\"https:\\\/\\\/abconcretedesign.com\\\/wp-content\\\/uploads\\\/2019\\\/04\\\/ab-concrete-design-logo.jpg\",\"width\":351,\"height\":89,\"caption\":\"AB Concrete Design\"},\"image\":{\"@id\":\"https:\\\/\\\/abconcretedesign.com\\\/hu\\\/#\\\/schema\\\/logo\\\/image\\\/\"}}]}<\/script>\n<!-- \/ Yoast SEO Premium plugin. -->","yoast_head_json":{"title":"Adatv\u00e9delmi Nyilatkozat &#187; AB Concrete Design","robots":{"index":"index","follow":"follow","max-snippet":"max-snippet:-1","max-image-preview":"max-image-preview:large","max-video-preview":"max-video-preview:-1"},"canonical":"https:\/\/abconcretedesign.com\/hu\/adatvedelmi-nyilatkozat\/","og_locale":"hu_HU","og_type":"article","og_title":"Adatv\u00e9delmi Nyilatkozat","og_description":"AB Concrete Design Adatkezel\u00e9si t\u00e1j\u00e9koztat\u00f3 \u00dcdv\u00f6z\u00f6lj\u00fck weboldalunkon (\"abconcretedesign.com\"). K\u00e9rj\u00fck, olvassa el figyelmesen az Adatv\u00e9delmi","og_url":"https:\/\/abconcretedesign.com\/hu\/adatvedelmi-nyilatkozat\/","og_site_name":"AB Concrete Design","article_modified_time":"2020-10-24T18:03:00+00:00","og_image":[{"width":1600,"height":1068,"url":"https:\/\/abconcretedesign.com\/wp-content\/uploads\/2019\/10\/business-gift-collection-ab-concrete-design.jpg","type":"image\/jpeg"}],"twitter_card":"summary_large_image","schema":{"@context":"https:\/\/schema.org","@graph":[{"@type":"WebPage","@id":"https:\/\/abconcretedesign.com\/hu\/adatvedelmi-nyilatkozat\/","url":"https:\/\/abconcretedesign.com\/hu\/adatvedelmi-nyilatkozat\/","name":"Adatv\u00e9delmi Nyilatkozat &#187; AB Concrete Design","isPartOf":{"@id":"https:\/\/abconcretedesign.com\/hu\/#website"},"datePublished":"2019-02-19T13:34:44+00:00","dateModified":"2020-10-24T18:03:00+00:00","breadcrumb":{"@id":"https:\/\/abconcretedesign.com\/hu\/adatvedelmi-nyilatkozat\/#breadcrumb"},"inLanguage":"hu","potentialAction":[{"@type":"ReadAction","target":["https:\/\/abconcretedesign.com\/hu\/adatvedelmi-nyilatkozat\/"]}]},{"@type":"BreadcrumbList","@id":"https:\/\/abconcretedesign.com\/hu\/adatvedelmi-nyilatkozat\/#breadcrumb","itemListElement":[{"@type":"ListItem","position":1,"name":"F\u0151oldal","item":"https:\/\/abconcretedesign.com\/hu\/"},{"@type":"ListItem","position":2,"name":"Adatv\u00e9delmi Nyilatkozat"}]},{"@type":"WebSite","@id":"https:\/\/abconcretedesign.com\/hu\/#website","url":"https:\/\/abconcretedesign.com\/hu\/","name":"AB Concrete Design and Business Gifts","description":"Beton Design T\u00e1rgyak, \u00c9kszer \u00e9s \u00dczleti Aj\u00e1nd\u00e9k, Beton Tr\u00f3fe\u00e1k","publisher":{"@id":"https:\/\/abconcretedesign.com\/hu\/#organization"},"potentialAction":[{"@type":"SearchAction","target":{"@type":"EntryPoint","urlTemplate":"https:\/\/abconcretedesign.com\/hu\/?s={search_term_string}"},"query-input":{"@type":"PropertyValueSpecification","valueRequired":true,"valueName":"search_term_string"}}],"inLanguage":"hu"},{"@type":"Organization","@id":"https:\/\/abconcretedesign.com\/hu\/#organization","name":"AB Concrete Design","url":"https:\/\/abconcretedesign.com\/hu\/","logo":{"@type":"ImageObject","inLanguage":"hu","@id":"https:\/\/abconcretedesign.com\/hu\/#\/schema\/logo\/image\/","url":"https:\/\/abconcretedesign.com\/wp-content\/uploads\/2019\/04\/ab-concrete-design-logo.jpg","contentUrl":"https:\/\/abconcretedesign.com\/wp-content\/uploads\/2019\/04\/ab-concrete-design-logo.jpg","width":351,"height":89,"caption":"AB Concrete Design"},"image":{"@id":"https:\/\/abconcretedesign.com\/hu\/#\/schema\/logo\/image\/"}}]}},"_links":{"self":[{"href":"https:\/\/abconcretedesign.com\/hu\/wp-json\/wp\/v2\/pages\/4098","targetHints":{"allow":["GET"]}}],"collection":[{"href":"https:\/\/abconcretedesign.com\/hu\/wp-json\/wp\/v2\/pages"}],"about":[{"href":"https:\/\/abconcretedesign.com\/hu\/wp-json\/wp\/v2\/types\/page"}],"author":[{"embeddable":true,"href":"https:\/\/abconcretedesign.com\/hu\/wp-json\/wp\/v2\/users\/2"}],"replies":[{"embeddable":true,"href":"https:\/\/abconcretedesign.com\/hu\/wp-json\/wp\/v2\/comments?post=4098"}],"version-history":[{"count":4,"href":"https:\/\/abconcretedesign.com\/hu\/wp-json\/wp\/v2\/pages\/4098\/revisions"}],"predecessor-version":[{"id":17233,"href":"https:\/\/abconcretedesign.com\/hu\/wp-json\/wp\/v2\/pages\/4098\/revisions\/17233"}],"wp:attachment":[{"href":"https:\/\/abconcretedesign.com\/hu\/wp-json\/wp\/v2\/media?parent=4098"}],"curies":[{"name":"wp","href":"https:\/\/api.w.org\/{rel}","templated":true}]}}