{"id":3445,"date":"2019-02-20T13:46:21","date_gmt":"2019-02-20T12:46:21","guid":{"rendered":"https:\/\/abconcretedesign.com\/ab-concrete-frontpage\/"},"modified":"2025-06-30T17:53:59","modified_gmt":"2025-06-30T15:53:59","slug":"ab-concrete-design","status":"publish","type":"page","link":"https:\/\/abconcretedesign.com\/hu\/","title":{"rendered":"AB Concrete Design"},"content":{"rendered":"\n<div class=\"row row-collapse row-full-width\"  id=\"row-311598370\">\n\n\n\t<div id=\"col-1897165785\" class=\"col medium-6 small-12 large-6\"  >\n\t\t\t\t<div class=\"col-inner\"  >\n\t\t\t\n\t\t\t\n\n<div class=\"slider-wrapper relative\" id=\"slider-700386966\" >\n    <div class=\"slider slider-nav-simple slider-nav-normal slider-nav-light slider-style-normal\"\n        data-flickity-options='{\n            \"cellAlign\": \"center\",\n            \"imagesLoaded\": true,\n            \"lazyLoad\": 1,\n            \"freeScroll\": false,\n            \"wrapAround\": true,\n            \"autoPlay\": 6000,\n            \"pauseAutoPlayOnHover\" : true,\n            \"prevNextButtons\": true,\n            \"contain\" : true,\n            \"adaptiveHeight\" : true,\n            \"dragThreshold\" : 10,\n            \"percentPosition\": true,\n            \"pageDots\": false,\n            \"rightToLeft\": false,\n            \"draggable\": true,\n            \"selectedAttraction\": 0.1,\n            \"parallax\" : 0,\n            \"friction\": 0.6        }'\n        >\n        \n\n\t<div class=\"img has-hover x md-x lg-x y md-y lg-y\" id=\"image_1441567988\">\n\t\t<a class=\"\" href=\"https:\/\/abconcretedesign.com\/hu\/termek-kategoria\/beton-ekszer\/noi\/\" >\t\t\t\t\t\t<div class=\"img-inner dark\" >\n\t\t\t<img loading=\"lazy\" decoding=\"async\" width=\"3543\" height=\"2882\" src=\"https:\/\/abconcretedesign.com\/wp-content\/uploads\/2025\/06\/beton-ekszerek.webp\" class=\"attachment-original size-original\" alt=\"\" srcset=\"https:\/\/abconcretedesign.com\/wp-content\/uploads\/2025\/06\/beton-ekszerek.webp 3543w, https:\/\/abconcretedesign.com\/wp-content\/uploads\/2025\/06\/beton-ekszerek-492x400.webp 492w, https:\/\/abconcretedesign.com\/wp-content\/uploads\/2025\/06\/beton-ekszerek-983x800.webp 983w, https:\/\/abconcretedesign.com\/wp-content\/uploads\/2025\/06\/beton-ekszerek-768x625.webp 768w, https:\/\/abconcretedesign.com\/wp-content\/uploads\/2025\/06\/beton-ekszerek-510x415.webp 510w\" sizes=\"auto, (max-width: 3543px) 100vw, 3543px\" \/>\t\t\t\t\t\t\n\t\t\t\t\t<\/div>\n\t\t\t\t\t\t<\/a>\t\t\n<style>\n#image_1441567988 {\n  width: 100%;\n}\n<\/style>\n\t<\/div>\n\t\n\n\t<div class=\"img has-hover x md-x lg-x y md-y lg-y\" id=\"image_207382463\">\n\t\t<a class=\"\" href=\"https:\/\/abconcretedesign.com\/hu\/termek-kategoria\/beton-lakas-dekoracio\/\" >\t\t\t\t\t\t<div class=\"img-inner dark\" >\n\t\t\t<img loading=\"lazy\" decoding=\"async\" width=\"3543\" height=\"2882\" src=\"https:\/\/abconcretedesign.com\/wp-content\/uploads\/2025\/06\/beton-dekoracio.webp\" class=\"attachment-original size-original\" alt=\"\" srcset=\"https:\/\/abconcretedesign.com\/wp-content\/uploads\/2025\/06\/beton-dekoracio.webp 3543w, https:\/\/abconcretedesign.com\/wp-content\/uploads\/2025\/06\/beton-dekoracio-492x400.webp 492w, https:\/\/abconcretedesign.com\/wp-content\/uploads\/2025\/06\/beton-dekoracio-983x800.webp 983w, https:\/\/abconcretedesign.com\/wp-content\/uploads\/2025\/06\/beton-dekoracio-768x625.webp 768w, https:\/\/abconcretedesign.com\/wp-content\/uploads\/2025\/06\/beton-dekoracio-510x415.webp 510w\" sizes=\"auto, (max-width: 3543px) 100vw, 3543px\" \/>\t\t\t\t\t\t\n\t\t\t\t\t<\/div>\n\t\t\t\t\t\t<\/a>\t\t\n<style>\n#image_207382463 {\n  width: 100%;\n}\n<\/style>\n\t<\/div>\n\t\n\n\t<div class=\"img has-hover x md-x lg-x y md-y lg-y\" id=\"image_423737489\">\n\t\t<a class=\"\" href=\"https:\/\/abconcretedesign.com\/hu\/termek-kategoria\/beton-ekszer\/ferfi\/\" >\t\t\t\t\t\t<div class=\"img-inner dark\" >\n\t\t\t<img loading=\"lazy\" decoding=\"async\" width=\"3543\" height=\"2882\" src=\"https:\/\/abconcretedesign.com\/wp-content\/uploads\/2025\/06\/beton-mandzsettagombok.webp\" class=\"attachment-original size-original\" alt=\"\" srcset=\"https:\/\/abconcretedesign.com\/wp-content\/uploads\/2025\/06\/beton-mandzsettagombok.webp 3543w, https:\/\/abconcretedesign.com\/wp-content\/uploads\/2025\/06\/beton-mandzsettagombok-492x400.webp 492w, https:\/\/abconcretedesign.com\/wp-content\/uploads\/2025\/06\/beton-mandzsettagombok-983x800.webp 983w, https:\/\/abconcretedesign.com\/wp-content\/uploads\/2025\/06\/beton-mandzsettagombok-768x625.webp 768w, https:\/\/abconcretedesign.com\/wp-content\/uploads\/2025\/06\/beton-mandzsettagombok-510x415.webp 510w\" sizes=\"auto, (max-width: 3543px) 100vw, 3543px\" \/>\t\t\t\t\t\t\n\t\t\t\t\t<\/div>\n\t\t\t\t\t\t<\/a>\t\t\n<style>\n#image_423737489 {\n  width: 100%;\n}\n<\/style>\n\t<\/div>\n\t\n\n\n     <\/div>\n\n     <div class=\"loading-spin dark large centered\"><\/div>\n\n\t<\/div>\n\n\n\n\t\t<\/div>\n\t\t\t\t\t<\/div>\n\n\t\n\n\t<div id=\"col-2065897770\" class=\"col medium-6 small-12 large-6\"  >\n\t\t\t\t<div class=\"col-inner\"  >\n\t\t\t\n\t\t\t\n\n<div class=\"slider-wrapper relative\" id=\"slider-347711183\" >\n    <div class=\"slider slider-nav-simple slider-nav-normal slider-nav-light slider-style-normal\"\n        data-flickity-options='{\n            \"cellAlign\": \"center\",\n            \"imagesLoaded\": true,\n            \"lazyLoad\": 1,\n            \"freeScroll\": false,\n            \"wrapAround\": true,\n            \"autoPlay\": 6000,\n            \"pauseAutoPlayOnHover\" : true,\n            \"prevNextButtons\": true,\n            \"contain\" : true,\n            \"adaptiveHeight\" : true,\n            \"dragThreshold\" : 10,\n            \"percentPosition\": true,\n            \"pageDots\": false,\n            \"rightToLeft\": false,\n            \"draggable\": true,\n            \"selectedAttraction\": 0.1,\n            \"parallax\" : 0,\n            \"friction\": 0.6        }'\n        >\n        \n\n\t<div class=\"img has-hover x md-x lg-x y md-y lg-y\" id=\"image_1299510588\">\n\t\t<a class=\"\" href=\"https:\/\/abconcretedesign.com\/hu\/beton-dijak-es-trofeak\/\" >\t\t\t\t\t\t<div class=\"img-inner dark\" >\n\t\t\t<img loading=\"lazy\" decoding=\"async\" width=\"3543\" height=\"2882\" src=\"https:\/\/abconcretedesign.com\/wp-content\/uploads\/2025\/06\/egyedi-tervezesu-dijak-trofeak-plakettek.jpg\" class=\"attachment-original size-original\" alt=\"\" srcset=\"https:\/\/abconcretedesign.com\/wp-content\/uploads\/2025\/06\/egyedi-tervezesu-dijak-trofeak-plakettek.jpg 3543w, https:\/\/abconcretedesign.com\/wp-content\/uploads\/2025\/06\/egyedi-tervezesu-dijak-trofeak-plakettek-492x400.jpg 492w, https:\/\/abconcretedesign.com\/wp-content\/uploads\/2025\/06\/egyedi-tervezesu-dijak-trofeak-plakettek-983x800.jpg 983w, https:\/\/abconcretedesign.com\/wp-content\/uploads\/2025\/06\/egyedi-tervezesu-dijak-trofeak-plakettek-768x625.jpg 768w, https:\/\/abconcretedesign.com\/wp-content\/uploads\/2025\/06\/egyedi-tervezesu-dijak-trofeak-plakettek-510x415.jpg 510w\" sizes=\"auto, (max-width: 3543px) 100vw, 3543px\" \/>\t\t\t\t\t\t\n\t\t\t\t\t<\/div>\n\t\t\t\t\t\t<\/a>\t\t\n<style>\n#image_1299510588 {\n  width: 100%;\n}\n<\/style>\n\t<\/div>\n\t\n\n\t<div class=\"img has-hover x md-x lg-x y md-y lg-y\" id=\"image_1073565619\">\n\t\t<a class=\"\" href=\"https:\/\/abconcretedesign.com\/hu\/uzleti-ajandekok\/\" >\t\t\t\t\t\t<div class=\"img-inner dark\" >\n\t\t\t<img loading=\"lazy\" decoding=\"async\" width=\"3543\" height=\"2882\" src=\"https:\/\/abconcretedesign.com\/wp-content\/uploads\/2025\/06\/logozhato-ceges-ajandek-betonbol.jpg\" class=\"attachment-original size-original\" alt=\"\" srcset=\"https:\/\/abconcretedesign.com\/wp-content\/uploads\/2025\/06\/logozhato-ceges-ajandek-betonbol.jpg 3543w, https:\/\/abconcretedesign.com\/wp-content\/uploads\/2025\/06\/logozhato-ceges-ajandek-betonbol-492x400.jpg 492w, https:\/\/abconcretedesign.com\/wp-content\/uploads\/2025\/06\/logozhato-ceges-ajandek-betonbol-983x800.jpg 983w, https:\/\/abconcretedesign.com\/wp-content\/uploads\/2025\/06\/logozhato-ceges-ajandek-betonbol-768x625.jpg 768w, https:\/\/abconcretedesign.com\/wp-content\/uploads\/2025\/06\/logozhato-ceges-ajandek-betonbol-510x415.jpg 510w\" sizes=\"auto, (max-width: 3543px) 100vw, 3543px\" \/>\t\t\t\t\t\t\n\t\t\t\t\t<\/div>\n\t\t\t\t\t\t<\/a>\t\t\n<style>\n#image_1073565619 {\n  width: 100%;\n}\n<\/style>\n\t<\/div>\n\t\n\n\t<div class=\"img has-hover x md-x lg-x y md-y lg-y\" id=\"image_13766211\">\n\t\t<a class=\"\" href=\"https:\/\/abconcretedesign.com\/hu\/uzleti-ajandekok\/egyedi-ceges-kituzok-jelvenyek-betonbol\/\" >\t\t\t\t\t\t<div class=\"img-inner dark\" >\n\t\t\t<img loading=\"lazy\" decoding=\"async\" width=\"983\" height=\"800\" src=\"https:\/\/abconcretedesign.com\/wp-content\/uploads\/2025\/06\/logozott-ceges-kituzok-983x800.jpg\" class=\"attachment-large size-large\" alt=\"\" srcset=\"https:\/\/abconcretedesign.com\/wp-content\/uploads\/2025\/06\/logozott-ceges-kituzok-983x800.jpg 983w, https:\/\/abconcretedesign.com\/wp-content\/uploads\/2025\/06\/logozott-ceges-kituzok-492x400.jpg 492w, https:\/\/abconcretedesign.com\/wp-content\/uploads\/2025\/06\/logozott-ceges-kituzok-768x625.jpg 768w, https:\/\/abconcretedesign.com\/wp-content\/uploads\/2025\/06\/logozott-ceges-kituzok-510x415.jpg 510w\" sizes=\"auto, (max-width: 983px) 100vw, 983px\" \/>\t\t\t\t\t\t\n\t\t\t\t\t<\/div>\n\t\t\t\t\t\t<\/a>\t\t\n<style>\n#image_13766211 {\n  width: 100%;\n}\n<\/style>\n\t<\/div>\n\t\n\n\n     <\/div>\n\n     <div class=\"loading-spin dark large centered\"><\/div>\n\n\t<\/div>\n\n\n\n\t\t<\/div>\n\t\t\t\t\t<\/div>\n\n\t\n\n<\/div>\n\n\t<section class=\"section\" id=\"section_1953891827\">\n\t\t<div class=\"section-bg fill\" >\n\t\t\t\t\t\t\t\t\t\n\t\t\t\n\n\t\t<\/div>\n\n\t\t\n\n\t\t<div class=\"section-content relative\">\n\t\t\t\n\n\n\t<div id=\"gap-478088110\" class=\"gap-element clearfix\" style=\"display:block; height:auto;\">\n\t\t\n<style>\n#gap-478088110 {\n  padding-top: 50px;\n}\n<\/style>\n\t<\/div>\n\t\n\n\n  <div class=\"banner has-hover\" id=\"banner-676128196\">\n          <div class=\"banner-inner fill\">\n        <div class=\"banner-bg fill\" >\n            <img loading=\"lazy\" decoding=\"async\" width=\"1600\" height=\"1600\" src=\"https:\/\/abconcretedesign.com\/wp-content\/uploads\/2019\/06\/blub-wall-by-concrete-design-abconcrete-anita-boldog.jpg\" class=\"bg attachment-original size-original\" alt=\"Concrete Design by AB Concrete Design BLUB wall\" \/>                        <div class=\"overlay\"><\/div>            \n                    <\/div>\n\t\t\n        <div class=\"banner-layers container\">\n            <div class=\"fill banner-link\"><\/div>            \n\n   <div id=\"text-box-506652264\" class=\"text-box banner-layer x50 md-x50 lg-x50 y85 md-y0 lg-y0 res-text\">\n              <div data-parallax=\"2\" data-parallax-fade=\"true\">                  <div class=\"text-box-content text dark\">\n              \n              <div class=\"text-inner text-center\">\n                  \n\n\t<div id=\"gap-488845087\" class=\"gap-element clearfix\" style=\"display:block; height:auto;\">\n\t\t\n<style>\n#gap-488845087 {\n  padding-top: 30px;\n}\n<\/style>\n\t<\/div>\n\t\n\n<h3 class=\"uppercase\"><strong>Iratkozz fel h\u00edrlevel\u00fcnkre<\/strong><\/h3>\n[mc4wp_form id=&#8221;6115&#8243;]\n\n              <\/div>\n           <\/div>\n              <\/div>              \n<style>\n#text-box-506652264 {\n  width: 100%;\n}\n#text-box-506652264 .text-box-content {\n  font-size: 100%;\n}\n@media (min-width:550px) {\n  #text-box-506652264 {\n    width: 60%;\n  }\n}\n<\/style>\n    <\/div>\n \n\n        <\/div>\n      <\/div>\n\n            \n<style>\n#banner-676128196 {\n  padding-top: 200px;\n}\n#banner-676128196 .overlay {\n  background-color: rgba(0, 0, 0, 0.25);\n}\n#banner-676128196 .banner-bg img {\n  object-position: 69% 58%;\n}\n<\/style>\n  <\/div>\n\n\n\n\t\t<\/div>\n\n\t\t\n<style>\n#section_1953891827 {\n  padding-top: 0px;\n  padding-bottom: 0px;\n}\n<\/style>\n\t<\/section>\n\t\n\n","protected":false},"excerpt":{"rendered":"","protected":false},"author":2,"featured_media":0,"parent":0,"menu_order":0,"comment_status":"closed","ping_status":"closed","template":"page-blank.php","meta":{"footnotes":""},"class_list":["post-3445","page","type-page","status-publish","hentry"],"yoast_head":"<!-- This site is optimized with the Yoast SEO Premium plugin v26.2 (Yoast SEO v27.3) - https:\/\/yoast.com\/product\/yoast-seo-premium-wordpress\/ -->\n<title>AB Concrete Design &#187; AB Concrete Design<\/title>\n<meta name=\"description\" content=\"Beton Design \u00e9s C\u00e9ges Aj\u00e1nd\u00e9kok, alap\u00edt\u00f3tervez\u0151: Boldog Anita. Magas min\u0151s\u00e9g\u0171 design beton term\u00e9kek, \u00e9kszerek \u00e9s aj\u00e1nd\u00e9kok Glob\u00e1lis kisz\u00e1ll\u00edt\u00e1s.\" \/>\n<meta name=\"robots\" content=\"index, follow, max-snippet:-1, max-image-preview:large, max-video-preview:-1\" \/>\n<link rel=\"canonical\" href=\"https:\/\/abconcretedesign.com\/hu\/\" \/>\n<meta property=\"og:locale\" content=\"hu_HU\" \/>\n<meta property=\"og:type\" content=\"article\" \/>\n<meta property=\"og:title\" content=\"AB Concrete Design\" \/>\n<meta property=\"og:url\" content=\"https:\/\/abconcretedesign.com\/hu\/\" \/>\n<meta property=\"og:site_name\" content=\"AB Concrete Design\" \/>\n<meta property=\"article:modified_time\" content=\"2025-06-30T15:53:59+00:00\" \/>\n<meta property=\"og:image\" content=\"https:\/\/abconcretedesign.com\/wp-content\/uploads\/2019\/10\/business-gift-collection-ab-concrete-design.jpg\" \/>\n\t<meta property=\"og:image:width\" content=\"1600\" \/>\n\t<meta property=\"og:image:height\" content=\"1068\" \/>\n\t<meta property=\"og:image:type\" content=\"image\/jpeg\" \/>\n<meta name=\"twitter:card\" content=\"summary_large_image\" \/>\n<script type=\"application\/ld+json\" class=\"yoast-schema-graph\">{\"@context\":\"https:\\\/\\\/schema.org\",\"@graph\":[{\"@type\":\"WebPage\",\"@id\":\"https:\\\/\\\/abconcretedesign.com\\\/hu\\\/\",\"url\":\"https:\\\/\\\/abconcretedesign.com\\\/hu\\\/\",\"name\":\"AB Concrete Design &#187; AB Concrete Design\",\"isPartOf\":{\"@id\":\"https:\\\/\\\/abconcretedesign.com\\\/hu\\\/#website\"},\"datePublished\":\"2019-02-20T12:46:21+00:00\",\"dateModified\":\"2025-06-30T15:53:59+00:00\",\"description\":\"Beton Design \u00e9s C\u00e9ges Aj\u00e1nd\u00e9kok, alap\u00edt\u00f3tervez\u0151: Boldog Anita. Magas min\u0151s\u00e9g\u0171 design beton term\u00e9kek, \u00e9kszerek \u00e9s aj\u00e1nd\u00e9kok Glob\u00e1lis kisz\u00e1ll\u00edt\u00e1s.\",\"breadcrumb\":{\"@id\":\"https:\\\/\\\/abconcretedesign.com\\\/hu\\\/#breadcrumb\"},\"inLanguage\":\"hu\",\"potentialAction\":[{\"@type\":\"ReadAction\",\"target\":[\"https:\\\/\\\/abconcretedesign.com\\\/hu\\\/\"]}]},{\"@type\":\"BreadcrumbList\",\"@id\":\"https:\\\/\\\/abconcretedesign.com\\\/hu\\\/#breadcrumb\",\"itemListElement\":[{\"@type\":\"ListItem\",\"position\":1,\"name\":\"F\u0151oldal\",\"item\":\"https:\\\/\\\/abconcretedesign.com\\\/hu\\\/\"},{\"@type\":\"ListItem\",\"position\":2,\"name\":\"AB Concrete Design\"}]},{\"@type\":\"WebSite\",\"@id\":\"https:\\\/\\\/abconcretedesign.com\\\/hu\\\/#website\",\"url\":\"https:\\\/\\\/abconcretedesign.com\\\/hu\\\/\",\"name\":\"AB Concrete Design and Business Gifts\",\"description\":\"Beton Design T\u00e1rgyak, \u00c9kszer \u00e9s \u00dczleti Aj\u00e1nd\u00e9k, Beton Tr\u00f3fe\u00e1k\",\"publisher\":{\"@id\":\"https:\\\/\\\/abconcretedesign.com\\\/hu\\\/#organization\"},\"potentialAction\":[{\"@type\":\"SearchAction\",\"target\":{\"@type\":\"EntryPoint\",\"urlTemplate\":\"https:\\\/\\\/abconcretedesign.com\\\/hu\\\/?s={search_term_string}\"},\"query-input\":{\"@type\":\"PropertyValueSpecification\",\"valueRequired\":true,\"valueName\":\"search_term_string\"}}],\"inLanguage\":\"hu\"},{\"@type\":\"Organization\",\"@id\":\"https:\\\/\\\/abconcretedesign.com\\\/hu\\\/#organization\",\"name\":\"AB Concrete Design\",\"url\":\"https:\\\/\\\/abconcretedesign.com\\\/hu\\\/\",\"logo\":{\"@type\":\"ImageObject\",\"inLanguage\":\"hu\",\"@id\":\"https:\\\/\\\/abconcretedesign.com\\\/hu\\\/#\\\/schema\\\/logo\\\/image\\\/\",\"url\":\"https:\\\/\\\/abconcretedesign.com\\\/wp-content\\\/uploads\\\/2019\\\/04\\\/ab-concrete-design-logo.jpg\",\"contentUrl\":\"https:\\\/\\\/abconcretedesign.com\\\/wp-content\\\/uploads\\\/2019\\\/04\\\/ab-concrete-design-logo.jpg\",\"width\":351,\"height\":89,\"caption\":\"AB Concrete Design\"},\"image\":{\"@id\":\"https:\\\/\\\/abconcretedesign.com\\\/hu\\\/#\\\/schema\\\/logo\\\/image\\\/\"}}]}<\/script>\n<!-- \/ Yoast SEO Premium plugin. -->","yoast_head_json":{"title":"AB Concrete Design &#187; AB Concrete Design","description":"Beton Design \u00e9s C\u00e9ges Aj\u00e1nd\u00e9kok, alap\u00edt\u00f3tervez\u0151: Boldog Anita. Magas min\u0151s\u00e9g\u0171 design beton term\u00e9kek, \u00e9kszerek \u00e9s aj\u00e1nd\u00e9kok Glob\u00e1lis kisz\u00e1ll\u00edt\u00e1s.","robots":{"index":"index","follow":"follow","max-snippet":"max-snippet:-1","max-image-preview":"max-image-preview:large","max-video-preview":"max-video-preview:-1"},"canonical":"https:\/\/abconcretedesign.com\/hu\/","og_locale":"hu_HU","og_type":"article","og_title":"AB Concrete Design","og_url":"https:\/\/abconcretedesign.com\/hu\/","og_site_name":"AB Concrete Design","article_modified_time":"2025-06-30T15:53:59+00:00","og_image":[{"width":1600,"height":1068,"url":"https:\/\/abconcretedesign.com\/wp-content\/uploads\/2019\/10\/business-gift-collection-ab-concrete-design.jpg","type":"image\/jpeg"}],"twitter_card":"summary_large_image","schema":{"@context":"https:\/\/schema.org","@graph":[{"@type":"WebPage","@id":"https:\/\/abconcretedesign.com\/hu\/","url":"https:\/\/abconcretedesign.com\/hu\/","name":"AB Concrete Design &#187; AB Concrete Design","isPartOf":{"@id":"https:\/\/abconcretedesign.com\/hu\/#website"},"datePublished":"2019-02-20T12:46:21+00:00","dateModified":"2025-06-30T15:53:59+00:00","description":"Beton Design \u00e9s C\u00e9ges Aj\u00e1nd\u00e9kok, alap\u00edt\u00f3tervez\u0151: Boldog Anita. Magas min\u0151s\u00e9g\u0171 design beton term\u00e9kek, \u00e9kszerek \u00e9s aj\u00e1nd\u00e9kok Glob\u00e1lis kisz\u00e1ll\u00edt\u00e1s.","breadcrumb":{"@id":"https:\/\/abconcretedesign.com\/hu\/#breadcrumb"},"inLanguage":"hu","potentialAction":[{"@type":"ReadAction","target":["https:\/\/abconcretedesign.com\/hu\/"]}]},{"@type":"BreadcrumbList","@id":"https:\/\/abconcretedesign.com\/hu\/#breadcrumb","itemListElement":[{"@type":"ListItem","position":1,"name":"F\u0151oldal","item":"https:\/\/abconcretedesign.com\/hu\/"},{"@type":"ListItem","position":2,"name":"AB Concrete Design"}]},{"@type":"WebSite","@id":"https:\/\/abconcretedesign.com\/hu\/#website","url":"https:\/\/abconcretedesign.com\/hu\/","name":"AB Concrete Design and Business Gifts","description":"Beton Design T\u00e1rgyak, \u00c9kszer \u00e9s \u00dczleti Aj\u00e1nd\u00e9k, Beton Tr\u00f3fe\u00e1k","publisher":{"@id":"https:\/\/abconcretedesign.com\/hu\/#organization"},"potentialAction":[{"@type":"SearchAction","target":{"@type":"EntryPoint","urlTemplate":"https:\/\/abconcretedesign.com\/hu\/?s={search_term_string}"},"query-input":{"@type":"PropertyValueSpecification","valueRequired":true,"valueName":"search_term_string"}}],"inLanguage":"hu"},{"@type":"Organization","@id":"https:\/\/abconcretedesign.com\/hu\/#organization","name":"AB Concrete Design","url":"https:\/\/abconcretedesign.com\/hu\/","logo":{"@type":"ImageObject","inLanguage":"hu","@id":"https:\/\/abconcretedesign.com\/hu\/#\/schema\/logo\/image\/","url":"https:\/\/abconcretedesign.com\/wp-content\/uploads\/2019\/04\/ab-concrete-design-logo.jpg","contentUrl":"https:\/\/abconcretedesign.com\/wp-content\/uploads\/2019\/04\/ab-concrete-design-logo.jpg","width":351,"height":89,"caption":"AB Concrete Design"},"image":{"@id":"https:\/\/abconcretedesign.com\/hu\/#\/schema\/logo\/image\/"}}]}},"_links":{"self":[{"href":"https:\/\/abconcretedesign.com\/hu\/wp-json\/wp\/v2\/pages\/3445","targetHints":{"allow":["GET"]}}],"collection":[{"href":"https:\/\/abconcretedesign.com\/hu\/wp-json\/wp\/v2\/pages"}],"about":[{"href":"https:\/\/abconcretedesign.com\/hu\/wp-json\/wp\/v2\/types\/page"}],"author":[{"embeddable":true,"href":"https:\/\/abconcretedesign.com\/hu\/wp-json\/wp\/v2\/users\/2"}],"replies":[{"embeddable":true,"href":"https:\/\/abconcretedesign.com\/hu\/wp-json\/wp\/v2\/comments?post=3445"}],"version-history":[{"count":92,"href":"https:\/\/abconcretedesign.com\/hu\/wp-json\/wp\/v2\/pages\/3445\/revisions"}],"predecessor-version":[{"id":41462,"href":"https:\/\/abconcretedesign.com\/hu\/wp-json\/wp\/v2\/pages\/3445\/revisions\/41462"}],"wp:attachment":[{"href":"https:\/\/abconcretedesign.com\/hu\/wp-json\/wp\/v2\/media?parent=3445"}],"curies":[{"name":"wp","href":"https:\/\/api.w.org\/{rel}","templated":true}]}}